{"id":3616,"date":"2023-02-23T00:22:33","date_gmt":"2023-02-23T06:22:33","guid":{"rendered":"https:\/\/tecsecmty.com\/index.php\/producto\/bosch-i_b5512-panel-de-alarma-soporta-hasta-48-puntos-manda-alertas-y-video-a-celular-soporta-camaras-ip\/"},"modified":"2023-03-22T23:21:18","modified_gmt":"2023-03-23T05:21:18","slug":"bosch-i_b5512-panel-de-alarma-soporta-hasta-48-puntos-manda-alertas-y-video-a-celular-soporta-camaras-ip","status":"publish","type":"product","link":"https:\/\/tecsecmty.com\/index.php\/producto\/bosch-i_b5512-panel-de-alarma-soporta-hasta-48-puntos-manda-alertas-y-video-a-celular-soporta-camaras-ip\/","title":{"rendered":"BOSCH I_B5512 &#8211; Panel de alarma \/ Soporta hasta 48 puntos \/ Manda alertas y video a celular \/ Soporta camaras IP"},"content":{"rendered":"<h5 class=\"card-title text-center\">Paneles de control B5512<\/h5>\n<p>Proporciona hasta 48 puntos mediante una combinaci\u00f3n de puntos cableados o inal\u00e1mbricos para una mayor flexibilidad de instalaci\u00f3n y hasta 4 zonas con control perimetral y de interior<\/p>\n<p>Puerto Ethernet en placa para la comunicaci\u00f3n de alarmas IP de Conettix y programaci\u00f3n remota, compatible con las redes IP modernas incluidas IPv6\/IPv4, IP autom\u00e1tica y Plug and Play Universal<\/p>\n<p>Caracter\u00edsticas que facilitan la tarea del instalador a fin de simplificar la instalaci\u00f3n y las comunicaciones, incluidos m\u00f3dulos conectables de comunicaciones mediante RTC y m\u00f3vil.<\/p>\n<p>Aplicaci\u00f3n Remote Security Control que permite a los usuarios controlar sus sistemas de seguridad y ver las c\u00e1maras del sistema remotamente desde dispositivos m\u00f3viles como tel\u00e9fonos y tabletas.<\/p>\n<p>Los m\u00e9todos abreviados de teclado programables, la ayuda en pantalla en funci\u00f3n de la situaci\u00f3n y una interfaz de usuario biling\u00fce hacen que el sistema sea sencillo y f\u00e1cil de utilizar.<\/p>\n<p><img decoding=\"async\" class=\"overview-center-img-web\" src=\"https:\/\/tvc.mx\/media\/188014\/BANNER-INTRUSION.png\" alt=\"\" \/><\/p>\n<div class=\"col-md-5 order-md-2\"><img decoding=\"async\" class=\"d-block m-auto img-thumbnail\" src=\"https:\/\/tvc.mx\/media\/185743\/Sin-t%C3%ADtulo-14.png\" alt=\" \" \/><\/div>\n<div class=\"col-md-7 order-md-1 text-md-left text-center\">\n<h2>Descripci\u00f3n inicial<\/h2>\n<p class=\"text-muted\">\n<p class=\"ql-align-justify\">El Panel de control B5512 integra la protecci\u00f3n frente a intrusi\u00f3n e incendio de uso residencial y proporciona una interfaz de usuario sencilla para ambos sistemas. El B5512 proporciona hasta 48 puntos identificados individualmente que se pueden dividir en 4 zonas. El panel de control puede comunicarse por el puerto Ethernet integrado (no aplicable a los paneles de control \u00abE\u00bb), o a trav\u00e9s de m\u00f3dulos conectables compatibles que pueden enviar los eventos a trav\u00e9s de la red telef\u00f3nica conmutada p\u00fablica (PSTN) o mediante comunicaciones de red m\u00f3vil. Con el B5512, se pueden supervisar las puertas, las ventanas y el movimiento en \u00e1reas como salas de exposiciones o de almacenamiento de inventario. Cada usuario puede disponer de una contrase\u00f1a personalizada, un llavero inal\u00e1mbrico y unas credenciales de acceso para controlar el sistema. Utilice niveles de autoridad programables con privilegios restringidos para proporcionar acceso total o limitado al personal de servicio, seguridad y limpieza. Utilice las tres salidas programables (ampliables hasta 43) para encender las luces o bloquear y desbloquear puertas. Los usuarios pueden: \u2022 Encender el sistema para proteger la sala de almacenamiento de existencias mientras llevan a cabo su actividad diaria. \u2022 Realizar pruebas para asegurarse de que el sistema funciona correctamente. \u2022 Configurar el sistema para emitir una alarma.<\/p>\n<\/div>\n","protected":false},"excerpt":{"rendered":"<p>Paneles de control B5512 Proporciona hasta 48 puntos mediante una combinaci\u00f3n de puntos cableados o inal\u00e1mbricos para una mayor flexibilidad de instalaci\u00f3n y hasta 4 zonas con control perimetral y de interior Puerto Ethernet en placa para la comunicaci\u00f3n de alarmas IP de Conettix y&hellip;<\/p>\n","protected":false},"featured_media":3615,"comment_status":"open","ping_status":"closed","template":"","meta":{"om_disable_all_campaigns":false,"_monsterinsights_skip_tracking":false,"_monsterinsights_sitenote_active":false,"_monsterinsights_sitenote_note":"","_monsterinsights_sitenote_category":0},"product_brand":[],"product_cat":[269],"product_tag":[212,211,151],"class_list":{"0":"post-3616","1":"product","2":"type-product","3":"status-publish","4":"has-post-thumbnail","6":"product_cat-paneles-alarmas-bosch","7":"product_tag-alarmas","8":"product_tag-alarmas-e-intrusion","9":"product_tag-seguridad","11":"first","12":"instock","13":"sale","14":"taxable","15":"shipping-taxable","16":"purchasable","17":"product-type-simple"},"aioseo_notices":[],"_links":{"self":[{"href":"https:\/\/tecsecmty.com\/index.php\/wp-json\/wp\/v2\/product\/3616","targetHints":{"allow":["GET"]}}],"collection":[{"href":"https:\/\/tecsecmty.com\/index.php\/wp-json\/wp\/v2\/product"}],"about":[{"href":"https:\/\/tecsecmty.com\/index.php\/wp-json\/wp\/v2\/types\/product"}],"replies":[{"embeddable":true,"href":"https:\/\/tecsecmty.com\/index.php\/wp-json\/wp\/v2\/comments?post=3616"}],"version-history":[{"count":0,"href":"https:\/\/tecsecmty.com\/index.php\/wp-json\/wp\/v2\/product\/3616\/revisions"}],"wp:featuredmedia":[{"embeddable":true,"href":"https:\/\/tecsecmty.com\/index.php\/wp-json\/wp\/v2\/media\/3615"}],"wp:attachment":[{"href":"https:\/\/tecsecmty.com\/index.php\/wp-json\/wp\/v2\/media?parent=3616"}],"wp:term":[{"taxonomy":"product_brand","embeddable":true,"href":"https:\/\/tecsecmty.com\/index.php\/wp-json\/wp\/v2\/product_brand?post=3616"},{"taxonomy":"product_cat","embeddable":true,"href":"https:\/\/tecsecmty.com\/index.php\/wp-json\/wp\/v2\/product_cat?post=3616"},{"taxonomy":"product_tag","embeddable":true,"href":"https:\/\/tecsecmty.com\/index.php\/wp-json\/wp\/v2\/product_tag?post=3616"}],"curies":[{"name":"wp","href":"https:\/\/api.w.org\/{rel}","templated":true}]}}