{"id":3620,"date":"2023-02-23T00:22:37","date_gmt":"2023-02-23T06:22:37","guid":{"rendered":"https:\/\/tecsecmty.com\/index.php\/producto\/bosch-i_b600-modulo-zonex-compatible-paneles-series-b-y-g\/"},"modified":"2023-03-22T23:21:19","modified_gmt":"2023-03-23T05:21:19","slug":"bosch-i_b600-modulo-zonex-compatible-paneles-series-b-y-g","status":"publish","type":"product","link":"https:\/\/tecsecmty.com\/index.php\/producto\/bosch-i_b600-modulo-zonex-compatible-paneles-series-b-y-g\/","title":{"rendered":"BOSCH I_B600 &#8211; Modulo ZONEX \/ Compatible paneles series b y g"},"content":{"rendered":"<div class=\"row aling-items-center padding-bottom-2x\">\n<div class=\"col-lg-12\">\n<h5 class=\"card-title text-center\">M\u00f3dulo de modernizaci\u00f3n B600 ZONEX<\/h5>\n<p>&nbsp;<\/p>\n<p><img decoding=\"async\" class=\"overview-center-img-web\" src=\"https:\/\/tvc.mx\/media\/92113\/Logoopaginas-oficial-1920x400.png\" alt=\"\" \/><\/div>\n<\/div>\n<div class=\"row align-items-center padding-bottom-2x\">\n<div class=\"col-md-5\"><img decoding=\"async\" class=\"d-block m-auto img-thumbnail\" src=\"https:\/\/tvc.mx\/media\/92117\/B600config5.png\" alt=\" \" \/><\/div>\n<div class=\"col-md-7 text-md-left text-center\">\n<h2>Resumen del sistema<\/h2>\n<p class=\"text-muted\">\n<p class=\"ql-align-justify\">El m\u00f3dulo B600 Retrofit (ZONEX) se comunica con el panel de control a trav\u00e9s de una conexi\u00f3n patentada, y proporciona soporte para dos buses ZONEX. Conectar el m\u00f3dulo B600 al panel de control a trav\u00e9s de un conexi\u00f3n propietaria.<\/p>\n<p class=\"ql-align-justify\">Cada m\u00f3dulo se instala en el gabinete del panel de control o en un recinto adyacente aprobado. Cada autob\u00fas ZONEX admite hasta 15 m\u00f3dulos D8128D y \/ o hasta 8 D8129 M\u00f3dulos de rel\u00e9 octo por bus. D8128D y los m\u00f3dulos D8129 se pueden\u00a0 combinar en un solo ZONEX autob\u00fas. El n\u00famero total de m\u00f3dulos no puede exceder 15 m\u00f3dulos.<\/p>\n<p class=\"ql-align-justify\">Usando su regleta de cables del bloque de terminales existente, actualizar sus dispositivos ZONEX actuales para usar en su nuevo panel de control es f\u00e1cil y sin esfuerzo. Simplemente retire la tira de terminal ZONEX existente de su panel de control actual, e inserte en el B600.<\/p>\n<p>&nbsp;<\/p>\n<\/div>\n<\/div>\n<hr class=\"padding-bottom-2x\" \/>\n<div class=\"row align-items-center padding-bottom-2x\"><\/div>\n","protected":false},"excerpt":{"rendered":"<p>M\u00f3dulo de modernizaci\u00f3n B600 ZONEX &nbsp; Resumen del sistema El m\u00f3dulo B600 Retrofit (ZONEX) se comunica con el panel de control a trav\u00e9s de una conexi\u00f3n patentada, y proporciona soporte para dos buses ZONEX. Conectar el m\u00f3dulo B600 al panel de control a trav\u00e9s de&hellip;<\/p>\n","protected":false},"featured_media":3619,"comment_status":"open","ping_status":"closed","template":"","meta":{"om_disable_all_campaigns":false,"_monsterinsights_skip_tracking":false,"_monsterinsights_sitenote_active":false,"_monsterinsights_sitenote_note":"","_monsterinsights_sitenote_category":0},"product_brand":[],"product_cat":[269],"product_tag":[212,211,151],"class_list":{"0":"post-3620","1":"product","2":"type-product","3":"status-publish","4":"has-post-thumbnail","6":"product_cat-paneles-alarmas-bosch","7":"product_tag-alarmas","8":"product_tag-alarmas-e-intrusion","9":"product_tag-seguridad","11":"first","12":"instock","13":"sale","14":"taxable","15":"shipping-taxable","16":"purchasable","17":"product-type-simple"},"aioseo_notices":[],"_links":{"self":[{"href":"https:\/\/tecsecmty.com\/index.php\/wp-json\/wp\/v2\/product\/3620","targetHints":{"allow":["GET"]}}],"collection":[{"href":"https:\/\/tecsecmty.com\/index.php\/wp-json\/wp\/v2\/product"}],"about":[{"href":"https:\/\/tecsecmty.com\/index.php\/wp-json\/wp\/v2\/types\/product"}],"replies":[{"embeddable":true,"href":"https:\/\/tecsecmty.com\/index.php\/wp-json\/wp\/v2\/comments?post=3620"}],"version-history":[{"count":0,"href":"https:\/\/tecsecmty.com\/index.php\/wp-json\/wp\/v2\/product\/3620\/revisions"}],"wp:featuredmedia":[{"embeddable":true,"href":"https:\/\/tecsecmty.com\/index.php\/wp-json\/wp\/v2\/media\/3619"}],"wp:attachment":[{"href":"https:\/\/tecsecmty.com\/index.php\/wp-json\/wp\/v2\/media?parent=3620"}],"wp:term":[{"taxonomy":"product_brand","embeddable":true,"href":"https:\/\/tecsecmty.com\/index.php\/wp-json\/wp\/v2\/product_brand?post=3620"},{"taxonomy":"product_cat","embeddable":true,"href":"https:\/\/tecsecmty.com\/index.php\/wp-json\/wp\/v2\/product_cat?post=3620"},{"taxonomy":"product_tag","embeddable":true,"href":"https:\/\/tecsecmty.com\/index.php\/wp-json\/wp\/v2\/product_tag?post=3620"}],"curies":[{"name":"wp","href":"https:\/\/api.w.org\/{rel}","templated":true}]}}