{"id":3622,"date":"2023-02-23T00:22:40","date_gmt":"2023-02-23T06:22:40","guid":{"rendered":"https:\/\/tecsecmty.com\/index.php\/producto\/bosch-i_b8512g-panel-de-alarma-hasta-99-puntos-hasta-8-areas-hasta-8-lectoras-de-acceso-hasta-8-camaras-ip\/"},"modified":"2023-03-22T23:21:19","modified_gmt":"2023-03-23T05:21:19","slug":"bosch-i_b8512g-panel-de-alarma-hasta-99-puntos-hasta-8-areas-hasta-8-lectoras-de-acceso-hasta-8-camaras-ip","status":"publish","type":"product","link":"https:\/\/tecsecmty.com\/index.php\/producto\/bosch-i_b8512g-panel-de-alarma-hasta-99-puntos-hasta-8-areas-hasta-8-lectoras-de-acceso-hasta-8-camaras-ip\/","title":{"rendered":"BOSCH I_B8512G &#8211; Panel de alarma hasta 99 puntos \/ Hasta 8 areas \/ Hasta 8 lectoras de acceso \/ Hasta 8 camaras IP"},"content":{"rendered":"<div class=\"row aling-items-center padding-bottom-2x\">\n<div class=\"col-lg-12\">\n<h5 class=\"card-title text-center\">Paneles de control B8512G<\/h5>\n<p>&nbsp;<\/p>\n<p><img decoding=\"async\" class=\"overview-center-img-web\" src=\"https:\/\/tvc.mx\/media\/75018\/Logoopaginas-oficial-1920x400.png\" alt=\"\" \/><\/div>\n<\/div>\n<div class=\"row align-items-center padding-bottom-2x\">\n<div class=\"col-md-5\"><img decoding=\"async\" class=\"d-block m-auto img-thumbnail\" src=\"https:\/\/tvc.mx\/media\/75021\/B8512Gconfig5.png\" alt=\" \" \/><\/div>\n<div class=\"col-md-7 text-md-left text-center\">\n<h2>Resumen del sistema<\/h2>\n<p class=\"text-muted\">\n<p>El Panel de control B9512G y el Panel de control B8512G son los nuevos paneles de control de uso comercial principales de Bosch. Los paneles de control B8512G integran intrusi\u00f3n, incendio y control de accesos mediante una sola interfaz sencilla para todos los sistemas. Con capacidad para adaptarse a grandes y peque\u00f1as aplicaciones, el B8512G proporciona hasta 99 puntos identificados individualmente que se pueden dividir en 8 \u00e1reas. El panel de control puede comunicarse por el puerto Ethernet integrado (no aplicable a los paneles de control \u00abE\u00bb), o a trav\u00e9s de m\u00f3dulos conectables compatibles que pueden enviar los eventos a trav\u00e9s de la red telef\u00f3nica conmutada p\u00fablica (PSTN) o mediante comunicaciones de red m\u00f3vil.<\/p>\n<p>Para los usuarios, los m\u00e9todos abreviados de teclado programables, la ayuda en pantalla en funci\u00f3n de la situaci\u00f3n y una interfaz de usuario biling\u00fce hacen que el sistema sea sencillo y f\u00e1cil de utilizar.<\/p>\n<p><strong>Con el B8512G puede:<\/strong><\/p>\n<ul>\n<li>Monitorizar puntos de alarma para detectar alarmas de intrusi\u00f3n, gas o incendio.<\/li>\n<li>Programar todas las funciones del sistema locales o remotas mediante Remote Programming Software (RPS) o mediante la programaci\u00f3n b\u00e1sica mediante el teclado.<\/li>\n<li>A\u00f1adir hasta 8 puertas con control de accesos mediante el M\u00f3dulo de control de acceso B901 o el M\u00f3dulo de interfaz de control de acceso D9210C opcional.<\/li>\n<li>El B8512G es una sustituci\u00f3n directa de los modelos anteriores de panel de control D7412GV4, D7412GV3, D7412GV2 y D7412G.<\/li>\n<\/ul>\n<p>&nbsp;<\/p>\n<\/div>\n<\/div>\n","protected":false},"excerpt":{"rendered":"<p>Paneles de control B8512G &nbsp; Resumen del sistema El Panel de control B9512G y el Panel de control B8512G son los nuevos paneles de control de uso comercial principales de Bosch. Los paneles de control B8512G integran intrusi\u00f3n, incendio y control de accesos mediante una&hellip;<\/p>\n","protected":false},"featured_media":3621,"comment_status":"open","ping_status":"closed","template":"","meta":{"om_disable_all_campaigns":false,"_monsterinsights_skip_tracking":false,"_monsterinsights_sitenote_active":false,"_monsterinsights_sitenote_note":"","_monsterinsights_sitenote_category":0},"product_brand":[],"product_cat":[269],"product_tag":[212,211,151],"class_list":{"0":"post-3622","1":"product","2":"type-product","3":"status-publish","4":"has-post-thumbnail","6":"product_cat-paneles-alarmas-bosch","7":"product_tag-alarmas","8":"product_tag-alarmas-e-intrusion","9":"product_tag-seguridad","11":"first","12":"instock","13":"sale","14":"taxable","15":"shipping-taxable","16":"purchasable","17":"product-type-simple"},"aioseo_notices":[],"_links":{"self":[{"href":"https:\/\/tecsecmty.com\/index.php\/wp-json\/wp\/v2\/product\/3622","targetHints":{"allow":["GET"]}}],"collection":[{"href":"https:\/\/tecsecmty.com\/index.php\/wp-json\/wp\/v2\/product"}],"about":[{"href":"https:\/\/tecsecmty.com\/index.php\/wp-json\/wp\/v2\/types\/product"}],"replies":[{"embeddable":true,"href":"https:\/\/tecsecmty.com\/index.php\/wp-json\/wp\/v2\/comments?post=3622"}],"version-history":[{"count":0,"href":"https:\/\/tecsecmty.com\/index.php\/wp-json\/wp\/v2\/product\/3622\/revisions"}],"wp:featuredmedia":[{"embeddable":true,"href":"https:\/\/tecsecmty.com\/index.php\/wp-json\/wp\/v2\/media\/3621"}],"wp:attachment":[{"href":"https:\/\/tecsecmty.com\/index.php\/wp-json\/wp\/v2\/media?parent=3622"}],"wp:term":[{"taxonomy":"product_brand","embeddable":true,"href":"https:\/\/tecsecmty.com\/index.php\/wp-json\/wp\/v2\/product_brand?post=3622"},{"taxonomy":"product_cat","embeddable":true,"href":"https:\/\/tecsecmty.com\/index.php\/wp-json\/wp\/v2\/product_cat?post=3622"},{"taxonomy":"product_tag","embeddable":true,"href":"https:\/\/tecsecmty.com\/index.php\/wp-json\/wp\/v2\/product_tag?post=3622"}],"curies":[{"name":"wp","href":"https:\/\/api.w.org\/{rel}","templated":true}]}}