{"id":3624,"date":"2023-02-23T00:22:42","date_gmt":"2023-02-23T06:22:42","guid":{"rendered":"https:\/\/tecsecmty.com\/index.php\/producto\/bosch-i_b942w-tablero-para-panele-de-alarma-bosch-serie-b-pantalla-a-color-tactil-detector-de-presencia\/"},"modified":"2023-03-22T23:21:20","modified_gmt":"2023-03-23T05:21:20","slug":"bosch-i_b942w-tablero-para-panele-de-alarma-bosch-serie-b-pantalla-a-color-tactil-detector-de-presencia","status":"publish","type":"product","link":"https:\/\/tecsecmty.com\/index.php\/producto\/bosch-i_b942w-tablero-para-panele-de-alarma-bosch-serie-b-pantalla-a-color-tactil-detector-de-presencia\/","title":{"rendered":"BOSCH I_B942W &#8211; Tablero para PANELE de alarma BOSCH serie b \/ Pantalla a color \/ Tactil \/ Detector de presencia"},"content":{"rendered":"<div class=\"row aling-items-center padding-bottom-2x\">\n<div class=\"col-lg-12\">\n<h5 class=\"card-title text-center\">B942W Teclado de pantalla t\u00e1ctil, blanco, SDI2<\/h5>\n<p>&nbsp;<\/p>\n<p><img decoding=\"async\" class=\"overview-center-img-web\" src=\"https:\/\/tvc.mx\/media\/92917\/Logoopaginas-oficial-1920x400.png\" alt=\"\" \/><\/div>\n<\/div>\n<div class=\"row align-items-center padding-bottom-2x\">\n<div class=\"col-md-5\"><img decoding=\"async\" class=\"d-block m-auto img-thumbnail\" src=\"https:\/\/tvc.mx\/media\/92921\/B942Wconfig5.png\" alt=\" \" \/><\/div>\n<div class=\"col-md-7 text-md-left text-center\">\n<h2>Resumen del sistema<\/h2>\n<p class=\"text-muted\">\n<p class=\"ql-align-justify\">El teclado es un dispositivo compatible con bus SDI2. El teclado incorpora una pantalla t\u00e1ctil iluminada y una interfaz gr\u00e1fica. El teclado tiene un dise\u00f1o elegante y discreto que se adapta a cualquier decoraci\u00f3n moderna. Todos los teclados tienen opciones ajustables por el usuario, como el brillo y el volumen. Disponen de cuatro entradas y una salida. El teclado muestra mensajes del sistema para todas las \u00e1reas.<\/p>\n<p class=\"ql-align-justify\"><strong>Idiomas de teclado<\/strong><\/p>\n<p class=\"ql-align-justify\">Los idiomas siguientes est\u00e1n disponibles:<\/p>\n<ul>\n<li class=\"ql-align-justify\">Ingl\u00e9s<\/li>\n<li class=\"ql-align-justify\">Chino<\/li>\n<li class=\"ql-align-justify\">Holand\u00e9s<\/li>\n<li class=\"ql-align-justify\">Franc\u00e9s<\/li>\n<li class=\"ql-align-justify\">Alem\u00e1n<\/li>\n<li class=\"ql-align-justify\">Griego<\/li>\n<li class=\"ql-align-justify\">Italiano<\/li>\n<li class=\"ql-align-justify\">H\u00fangaro<\/li>\n<li class=\"ql-align-justify\">Polaco<\/li>\n<li class=\"ql-align-justify\">Portugu\u00e9s<\/li>\n<li class=\"ql-align-justify\">Espa\u00f1ol<\/li>\n<li class=\"ql-align-justify\">Sueco<\/li>\n<\/ul>\n<p>&nbsp;<\/p>\n<\/div>\n<\/div>\n","protected":false},"excerpt":{"rendered":"<p>B942W Teclado de pantalla t\u00e1ctil, blanco, SDI2 &nbsp; Resumen del sistema El teclado es un dispositivo compatible con bus SDI2. El teclado incorpora una pantalla t\u00e1ctil iluminada y una interfaz gr\u00e1fica. El teclado tiene un dise\u00f1o elegante y discreto que se adapta a cualquier decoraci\u00f3n&hellip;<\/p>\n","protected":false},"featured_media":3623,"comment_status":"open","ping_status":"closed","template":"","meta":{"om_disable_all_campaigns":false,"_monsterinsights_skip_tracking":false,"_monsterinsights_sitenote_active":false,"_monsterinsights_sitenote_note":"","_monsterinsights_sitenote_category":0},"product_brand":[],"product_cat":[269],"product_tag":[212,211,151],"class_list":{"0":"post-3624","1":"product","2":"type-product","3":"status-publish","4":"has-post-thumbnail","6":"product_cat-paneles-alarmas-bosch","7":"product_tag-alarmas","8":"product_tag-alarmas-e-intrusion","9":"product_tag-seguridad","11":"first","12":"instock","13":"sale","14":"taxable","15":"shipping-taxable","16":"purchasable","17":"product-type-simple"},"aioseo_notices":[],"_links":{"self":[{"href":"https:\/\/tecsecmty.com\/index.php\/wp-json\/wp\/v2\/product\/3624","targetHints":{"allow":["GET"]}}],"collection":[{"href":"https:\/\/tecsecmty.com\/index.php\/wp-json\/wp\/v2\/product"}],"about":[{"href":"https:\/\/tecsecmty.com\/index.php\/wp-json\/wp\/v2\/types\/product"}],"replies":[{"embeddable":true,"href":"https:\/\/tecsecmty.com\/index.php\/wp-json\/wp\/v2\/comments?post=3624"}],"version-history":[{"count":0,"href":"https:\/\/tecsecmty.com\/index.php\/wp-json\/wp\/v2\/product\/3624\/revisions"}],"wp:featuredmedia":[{"embeddable":true,"href":"https:\/\/tecsecmty.com\/index.php\/wp-json\/wp\/v2\/media\/3623"}],"wp:attachment":[{"href":"https:\/\/tecsecmty.com\/index.php\/wp-json\/wp\/v2\/media?parent=3624"}],"wp:term":[{"taxonomy":"product_brand","embeddable":true,"href":"https:\/\/tecsecmty.com\/index.php\/wp-json\/wp\/v2\/product_brand?post=3624"},{"taxonomy":"product_cat","embeddable":true,"href":"https:\/\/tecsecmty.com\/index.php\/wp-json\/wp\/v2\/product_cat?post=3624"},{"taxonomy":"product_tag","embeddable":true,"href":"https:\/\/tecsecmty.com\/index.php\/wp-json\/wp\/v2\/product_tag?post=3624"}],"curies":[{"name":"wp","href":"https:\/\/api.w.org\/{rel}","templated":true}]}}