{"id":3626,"date":"2023-02-23T00:22:45","date_gmt":"2023-02-23T06:22:45","guid":{"rendered":"https:\/\/tecsecmty.com\/index.php\/producto\/bosch-i_b9512g-panel-de-alarma-hasta-599-puntos-hasta-32-areas-hasta-32-lectoras-de-acceso-hasta-16-camaras-ip\/"},"modified":"2023-03-22T23:21:20","modified_gmt":"2023-03-23T05:21:20","slug":"bosch-i_b9512g-panel-de-alarma-hasta-599-puntos-hasta-32-areas-hasta-32-lectoras-de-acceso-hasta-16-camaras-ip","status":"publish","type":"product","link":"https:\/\/tecsecmty.com\/index.php\/producto\/bosch-i_b9512g-panel-de-alarma-hasta-599-puntos-hasta-32-areas-hasta-32-lectoras-de-acceso-hasta-16-camaras-ip\/","title":{"rendered":"BOSCH I_B9512G &#8211; Panel de alarma hasta 599 puntos \/ Hasta 32 areas \/ Hasta 32 lectoras de acceso \/ Hasta 16 camaras IP"},"content":{"rendered":"<div class=\"row aling-items-center padding-bottom-2x\">\n<div class=\"col-lg-12\">\n<h5 class=\"card-title text-center\">B9512G Panel de control, 32 \u00e1reas, 599 zonas<\/h5>\n<p>&nbsp;<\/p>\n<p><img decoding=\"async\" class=\"overview-center-img-web\" src=\"https:\/\/tvc.mx\/media\/93045\/Logoopaginas-oficial-1920x400.png\" alt=\"\" \/><\/div>\n<\/div>\n<div class=\"row align-items-center padding-bottom-2x\">\n<div class=\"col-md-5\"><img decoding=\"async\" class=\"d-block m-auto img-thumbnail\" src=\"https:\/\/tvc.mx\/media\/93049\/B9512Gconfig5.png\" alt=\" \" \/><\/div>\n<div class=\"col-md-7 text-md-left text-center\">\n<h2>Resumen del sistema<\/h2>\n<p class=\"text-muted\">\n<p class=\"ql-align-justify\">El Panel de control B9512G y el Panel de control B8512G son los nuevos paneles de control de uso comercial principales de Bosch. Los paneles de control B9512G integran intrusi\u00f3n, incendio y control de accesos mediante una sola interfaz sencilla para todos los sistemas. Con capacidad para adaptarse a grandes y peque\u00f1as aplicaciones, el B9512G proporciona hasta 599 puntos identificados individualmente que se pueden dividir en 32 \u00e1reas.<\/p>\n<p class=\"ql-align-justify\">El panel de control puede comunicarse por el puerto Ethernet integrado (no aplicable a los paneles de control \u00abE\u00bb), o a trav\u00e9s de m\u00f3dulos conectables compatibles que pueden enviar los eventos a trav\u00e9s de la red telef\u00f3nica conmutada p\u00fablica (PSTN) o mediante comunicaciones de red m\u00f3vil.<\/p>\n<p class=\"ql-align-justify\">Para los usuarios, los m\u00e9todos abreviados de teclado programables, la ayuda en pantalla en funci\u00f3n de la situaci\u00f3n y una interfaz de usuario biling\u00fce hacen que el sistema sea sencillo y f\u00e1cil de utilizar.<\/p>\n<p class=\"ql-align-justify\">Con el Panel de control B9512G puede:<\/p>\n<ul>\n<li class=\"ql-align-justify\">Monitorizar puntos de alarma para detectar alarmas de intrusi\u00f3n, gas o incendio.<\/li>\n<li class=\"ql-align-justify\">Programe todas las funciones del sistema de forma local o remota mediante Remote Programming Software (RPS) o con la herramienta de programaci\u00f3n Installer Services Portal (disponible en Europa, Oriente Medio, \u00c1frica y China), o utilizando la programaci\u00f3n b\u00e1sica mediante el teclado.<\/li>\n<li class=\"ql-align-justify\">A\u00f1adir hasta 32 puertas con control de accesos mediante el M\u00f3dulo de control de acceso B901 opcional. Opcionalmente, utilizar el M\u00f3dulo de interfaz de control de acceso D9210C para hasta ocho de las 32 puertas.<\/li>\n<\/ul>\n<p class=\"ql-align-justify\">El B9512G es una sustituci\u00f3n directa de los modelos anteriores de panel de control D9412GV4, D9412GV3, D9412GV2 y D9412G.<\/p>\n<\/div>\n<\/div>\n","protected":false},"excerpt":{"rendered":"<p>B9512G Panel de control, 32 \u00e1reas, 599 zonas &nbsp; Resumen del sistema El Panel de control B9512G y el Panel de control B8512G son los nuevos paneles de control de uso comercial principales de Bosch. Los paneles de control B9512G integran intrusi\u00f3n, incendio y control&hellip;<\/p>\n","protected":false},"featured_media":3625,"comment_status":"open","ping_status":"closed","template":"","meta":{"om_disable_all_campaigns":false,"_monsterinsights_skip_tracking":false,"_monsterinsights_sitenote_active":false,"_monsterinsights_sitenote_note":"","_monsterinsights_sitenote_category":0},"product_brand":[],"product_cat":[269],"product_tag":[212,211,151],"class_list":{"0":"post-3626","1":"product","2":"type-product","3":"status-publish","4":"has-post-thumbnail","6":"product_cat-paneles-alarmas-bosch","7":"product_tag-alarmas","8":"product_tag-alarmas-e-intrusion","9":"product_tag-seguridad","11":"first","12":"instock","13":"sale","14":"taxable","15":"shipping-taxable","16":"purchasable","17":"product-type-simple"},"aioseo_notices":[],"_links":{"self":[{"href":"https:\/\/tecsecmty.com\/index.php\/wp-json\/wp\/v2\/product\/3626","targetHints":{"allow":["GET"]}}],"collection":[{"href":"https:\/\/tecsecmty.com\/index.php\/wp-json\/wp\/v2\/product"}],"about":[{"href":"https:\/\/tecsecmty.com\/index.php\/wp-json\/wp\/v2\/types\/product"}],"replies":[{"embeddable":true,"href":"https:\/\/tecsecmty.com\/index.php\/wp-json\/wp\/v2\/comments?post=3626"}],"version-history":[{"count":0,"href":"https:\/\/tecsecmty.com\/index.php\/wp-json\/wp\/v2\/product\/3626\/revisions"}],"wp:featuredmedia":[{"embeddable":true,"href":"https:\/\/tecsecmty.com\/index.php\/wp-json\/wp\/v2\/media\/3625"}],"wp:attachment":[{"href":"https:\/\/tecsecmty.com\/index.php\/wp-json\/wp\/v2\/media?parent=3626"}],"wp:term":[{"taxonomy":"product_brand","embeddable":true,"href":"https:\/\/tecsecmty.com\/index.php\/wp-json\/wp\/v2\/product_brand?post=3626"},{"taxonomy":"product_cat","embeddable":true,"href":"https:\/\/tecsecmty.com\/index.php\/wp-json\/wp\/v2\/product_cat?post=3626"},{"taxonomy":"product_tag","embeddable":true,"href":"https:\/\/tecsecmty.com\/index.php\/wp-json\/wp\/v2\/product_tag?post=3626"}],"curies":[{"name":"wp","href":"https:\/\/api.w.org\/{rel}","templated":true}]}}