{"id":3628,"date":"2023-02-23T00:22:47","date_gmt":"2023-02-23T06:22:47","guid":{"rendered":"https:\/\/tecsecmty.com\/index.php\/producto\/bosch-i_d130-modulo-de-rele-auxiliar\/"},"modified":"2023-03-22T23:21:20","modified_gmt":"2023-03-23T05:21:20","slug":"bosch-i_d130-modulo-de-rele-auxiliar","status":"publish","type":"product","link":"https:\/\/tecsecmty.com\/index.php\/producto\/bosch-i_d130-modulo-de-rele-auxiliar\/","title":{"rendered":"BOSCH I_D130 &#8211; Modulo de rele auxiliar"},"content":{"rendered":"<h5 class=\"card-title text-center\">D130 &#8211; Modulo de rele auxiliar<\/h5>\n<ul>\n<li>Rel\u00e9 de 12\u00a0VCC o 24\u00a0VCC<\/li>\n<li>Permite conmutar la corriente o la tensi\u00f3n<\/li>\n<li>Dos salidas de contacto seco de tipo C sin enclavamiento<\/li>\n<li>Un LED rojo indica que la bobina est\u00e1 activada<\/li>\n<li>Se instala en la caja del panel de control<\/li>\n<\/ul>\n<p><img decoding=\"async\" class=\"overview-center-img-web\" src=\"https:\/\/tvc.mx\/media\/241995\/BANNER-INTRUSION-%282%29-%281%29-%281%29.png\" alt=\"\" \/><\/p>\n<h2>Descripci\u00f3n<\/h2>\n<p class=\"text-muted\">\n<p>El m\u00f3dulo de rel\u00e9 auxiliar D130 es un accesorio que se utiliza con los paneles de control de Bosch Security Systems, Inc. (Para obtener m\u00e1s informaci\u00f3n, consulte la documentaci\u00f3n del panel de control. Este m\u00f3dulo tiene un rel\u00e9 de 12\u00a0V\/24\u00a0V con dos conjuntos de contactos de tipo C sin enclavamiento. El D130 permite al sistema conmutar valores de intensidad mayores o tensiones distintas m\u00e1s all\u00e1\u00a0de los valores nominales de la alimentaci\u00f3n auxiliar del panel de control o los valores nominales de los m\u00f3dulos como el m\u00f3dulo de ocho rel\u00e9s D8129 o el m\u00f3dulo de ocho salidas B308. Utilice el D130 con un m\u00f3dulo iniciador dual de clase B D125B y una fuente de alimentaci\u00f3n de 24\u00a0VCC para interrumpir la alimentaci\u00f3n hacia detectores de humo de 24\u00a0V con la funci\u00f3n de restablecimiento del sensor en un teclado<\/p>\n","protected":false},"excerpt":{"rendered":"<p>D130 &#8211; Modulo de rele auxiliar Rel\u00e9 de 12\u00a0VCC o 24\u00a0VCC Permite conmutar la corriente o la tensi\u00f3n Dos salidas de contacto seco de tipo C sin enclavamiento Un LED rojo indica que la bobina est\u00e1 activada Se instala en la caja del panel de&hellip;<\/p>\n","protected":false},"featured_media":3627,"comment_status":"open","ping_status":"closed","template":"","meta":{"om_disable_all_campaigns":false,"_monsterinsights_skip_tracking":false,"_monsterinsights_sitenote_active":false,"_monsterinsights_sitenote_note":"","_monsterinsights_sitenote_category":0},"product_brand":[],"product_cat":[269],"product_tag":[212,211,151],"class_list":{"0":"post-3628","1":"product","2":"type-product","3":"status-publish","4":"has-post-thumbnail","6":"product_cat-paneles-alarmas-bosch","7":"product_tag-alarmas","8":"product_tag-alarmas-e-intrusion","9":"product_tag-seguridad","11":"first","12":"instock","13":"sale","14":"taxable","15":"shipping-taxable","16":"purchasable","17":"product-type-simple"},"aioseo_notices":[],"_links":{"self":[{"href":"https:\/\/tecsecmty.com\/index.php\/wp-json\/wp\/v2\/product\/3628","targetHints":{"allow":["GET"]}}],"collection":[{"href":"https:\/\/tecsecmty.com\/index.php\/wp-json\/wp\/v2\/product"}],"about":[{"href":"https:\/\/tecsecmty.com\/index.php\/wp-json\/wp\/v2\/types\/product"}],"replies":[{"embeddable":true,"href":"https:\/\/tecsecmty.com\/index.php\/wp-json\/wp\/v2\/comments?post=3628"}],"version-history":[{"count":0,"href":"https:\/\/tecsecmty.com\/index.php\/wp-json\/wp\/v2\/product\/3628\/revisions"}],"wp:featuredmedia":[{"embeddable":true,"href":"https:\/\/tecsecmty.com\/index.php\/wp-json\/wp\/v2\/media\/3627"}],"wp:attachment":[{"href":"https:\/\/tecsecmty.com\/index.php\/wp-json\/wp\/v2\/media?parent=3628"}],"wp:term":[{"taxonomy":"product_brand","embeddable":true,"href":"https:\/\/tecsecmty.com\/index.php\/wp-json\/wp\/v2\/product_brand?post=3628"},{"taxonomy":"product_cat","embeddable":true,"href":"https:\/\/tecsecmty.com\/index.php\/wp-json\/wp\/v2\/product_cat?post=3628"},{"taxonomy":"product_tag","embeddable":true,"href":"https:\/\/tecsecmty.com\/index.php\/wp-json\/wp\/v2\/product_tag?post=3628"}],"curies":[{"name":"wp","href":"https:\/\/api.w.org\/{rel}","templated":true}]}}