{"id":3630,"date":"2023-02-23T00:22:50","date_gmt":"2023-02-23T06:22:50","guid":{"rendered":"https:\/\/tecsecmty.com\/index.php\/producto\/bosch-i_d6100ipv601-2-lineas-pstn-receptora-pasarela-audio-bidireccional-120-vac\/"},"modified":"2023-03-22T23:21:20","modified_gmt":"2023-03-23T05:21:20","slug":"bosch-i_d6100ipv601-2-lineas-pstn-receptora-pasarela-audio-bidireccional-120-vac","status":"publish","type":"product","link":"https:\/\/tecsecmty.com\/index.php\/producto\/bosch-i_d6100ipv601-2-lineas-pstn-receptora-pasarela-audio-bidireccional-120-vac\/","title":{"rendered":"BOSCH I_D6100IPV601 &#8211; 2 Lineas PSTN \/ Receptora \/ Pasarela \/ Audio bidireccional \/ 120 VAC"},"content":{"rendered":"<h5 class=\"card-title text-center\">Descripci\u00f3n inicial<\/h5>\n<p>D6100IPV6-LT Central receptora alarmas, 2 l\u00edneas, IP<\/p>\n<p>La unidad Estaci\u00f3n de recepci\u00f3n central\/pasarela de comunicaciones Conettix D6100IPv6 proporciona comunicaciones de alarmas simult\u00e1neas mediante:<\/p>\n<p>\u2022 Red telef\u00f3nica conmutada p\u00fablica (l\u00edneas PSTN).<\/p>\n<p>\u2022 Redes LAN, WAN o m\u00f3viles mediante el protocolo de datagrama est\u00e1ndar y el protocolo de Internet (UDP\/ IP). El dise\u00f1o compacto y econ\u00f3mico del dispositivo D6100IPv6 hace que sea ideal para aplicaciones como peque\u00f1as estaciones receptoras de alarmas, comunidades controladas, oficinas de seguridad o campus universitarios. El dispositivo D6100IPv6 utiliza el mismo firmware que el Estaci\u00f3n de recepci\u00f3n central\/pasarela de comunicaciones Conettix D6600 y admite los mismos formatos principales de comunicaci\u00f3n que este<\/p>\n<p><img decoding=\"async\" class=\"overview-center-img-web\" src=\"https:\/\/tvc.mx\/media\/187591\/BANNER-INTRUSION.png\" alt=\"\" \/><\/p>\n","protected":false},"excerpt":{"rendered":"<p>Descripci\u00f3n inicial D6100IPV6-LT Central receptora alarmas, 2 l\u00edneas, IP La unidad Estaci\u00f3n de recepci\u00f3n central\/pasarela de comunicaciones Conettix D6100IPv6 proporciona comunicaciones de alarmas simult\u00e1neas mediante: \u2022 Red telef\u00f3nica conmutada p\u00fablica (l\u00edneas PSTN). \u2022 Redes LAN, WAN o m\u00f3viles mediante el protocolo de datagrama est\u00e1ndar y&hellip;<\/p>\n","protected":false},"featured_media":3629,"comment_status":"open","ping_status":"closed","template":"","meta":{"om_disable_all_campaigns":false,"_monsterinsights_skip_tracking":false,"_monsterinsights_sitenote_active":false,"_monsterinsights_sitenote_note":"","_monsterinsights_sitenote_category":0},"product_brand":[],"product_cat":[269],"product_tag":[212,211,151],"class_list":{"0":"post-3630","1":"product","2":"type-product","3":"status-publish","4":"has-post-thumbnail","6":"product_cat-paneles-alarmas-bosch","7":"product_tag-alarmas","8":"product_tag-alarmas-e-intrusion","9":"product_tag-seguridad","11":"first","12":"instock","13":"sale","14":"taxable","15":"shipping-taxable","16":"purchasable","17":"product-type-simple"},"aioseo_notices":[],"_links":{"self":[{"href":"https:\/\/tecsecmty.com\/index.php\/wp-json\/wp\/v2\/product\/3630","targetHints":{"allow":["GET"]}}],"collection":[{"href":"https:\/\/tecsecmty.com\/index.php\/wp-json\/wp\/v2\/product"}],"about":[{"href":"https:\/\/tecsecmty.com\/index.php\/wp-json\/wp\/v2\/types\/product"}],"replies":[{"embeddable":true,"href":"https:\/\/tecsecmty.com\/index.php\/wp-json\/wp\/v2\/comments?post=3630"}],"version-history":[{"count":0,"href":"https:\/\/tecsecmty.com\/index.php\/wp-json\/wp\/v2\/product\/3630\/revisions"}],"wp:featuredmedia":[{"embeddable":true,"href":"https:\/\/tecsecmty.com\/index.php\/wp-json\/wp\/v2\/media\/3629"}],"wp:attachment":[{"href":"https:\/\/tecsecmty.com\/index.php\/wp-json\/wp\/v2\/media?parent=3630"}],"wp:term":[{"taxonomy":"product_brand","embeddable":true,"href":"https:\/\/tecsecmty.com\/index.php\/wp-json\/wp\/v2\/product_brand?post=3630"},{"taxonomy":"product_cat","embeddable":true,"href":"https:\/\/tecsecmty.com\/index.php\/wp-json\/wp\/v2\/product_cat?post=3630"},{"taxonomy":"product_tag","embeddable":true,"href":"https:\/\/tecsecmty.com\/index.php\/wp-json\/wp\/v2\/product_tag?post=3630"}],"curies":[{"name":"wp","href":"https:\/\/api.w.org\/{rel}","templated":true}]}}