{"id":3634,"date":"2023-02-23T00:22:52","date_gmt":"2023-02-23T06:22:52","guid":{"rendered":"https:\/\/tecsecmty.com\/index.php\/producto\/bosch-i_d8128d-modulo-octopopit-expansion-de-8-puntos\/"},"modified":"2023-03-22T23:21:21","modified_gmt":"2023-03-23T05:21:21","slug":"bosch-i_d8128d-modulo-octopopit-expansion-de-8-puntos","status":"publish","type":"product","link":"https:\/\/tecsecmty.com\/index.php\/producto\/bosch-i_d8128d-modulo-octopopit-expansion-de-8-puntos\/","title":{"rendered":"BOSCH I_D8128D &#8211; Modulo OCTOPOPIT \/ Expansion de 8 puntos"},"content":{"rendered":"<div class=\"row aling-items-center padding-bottom-2x\">\n<div class=\"col-lg-12\">\n<h5 class=\"card-title text-center\">M\u00f3dulo de entrada D8128D Octo-POPIT<\/h5>\n<p>&nbsp;<\/p>\n<p><img decoding=\"async\" class=\"overview-center-img-web\" src=\"https:\/\/tvc.mx\/media\/94089\/Logoopaginas-oficial-1920x400.png\" alt=\"\" \/><\/div>\n<\/div>\n<div class=\"row align-items-center padding-bottom-2x\">\n<div class=\"col-md-5\"><img decoding=\"async\" class=\"d-block m-auto img-thumbnail\" src=\"https:\/\/tvc.mx\/media\/94093\/D8128Dconfig5.png\" alt=\" \" \/><\/div>\n<div class=\"col-md-7 text-md-left text-center\">\n<h2>Resumen del sistema<\/h2>\n<p class=\"text-muted\">\n<p class=\"ql-align-justify\">El m\u00f3dulo D8128D OctoPOPIT combina las funciones del m\u00f3dulo POPEX D8125 y el D8127<\/p>\n<p class=\"ql-align-justify\">y m\u00f3dulos POPIT D9127U y D9127T para proporcionar ocho puntos fuera de la clase B (Estilo B) en un solo m\u00f3dulo. El D8128D OctoPOPIT y D8125 POPEX los m\u00f3dulos se pueden cablear en paralelo al bus ZONEX terminales en el mismo panel.<\/p>\n<\/div>\n<\/div>\n","protected":false},"excerpt":{"rendered":"<p>M\u00f3dulo de entrada D8128D Octo-POPIT &nbsp; Resumen del sistema El m\u00f3dulo D8128D OctoPOPIT combina las funciones del m\u00f3dulo POPEX D8125 y el D8127 y m\u00f3dulos POPIT D9127U y D9127T para proporcionar ocho puntos fuera de la clase B (Estilo B) en un solo m\u00f3dulo. El&hellip;<\/p>\n","protected":false},"featured_media":3631,"comment_status":"open","ping_status":"closed","template":"","meta":{"om_disable_all_campaigns":false,"_monsterinsights_skip_tracking":false,"_monsterinsights_sitenote_active":false,"_monsterinsights_sitenote_note":"","_monsterinsights_sitenote_category":0},"product_brand":[],"product_cat":[269],"product_tag":[212,211,151],"class_list":{"0":"post-3634","1":"product","2":"type-product","3":"status-publish","4":"has-post-thumbnail","6":"product_cat-paneles-alarmas-bosch","7":"product_tag-alarmas","8":"product_tag-alarmas-e-intrusion","9":"product_tag-seguridad","11":"first","12":"instock","13":"sale","14":"taxable","15":"shipping-taxable","16":"purchasable","17":"product-type-simple"},"aioseo_notices":[],"_links":{"self":[{"href":"https:\/\/tecsecmty.com\/index.php\/wp-json\/wp\/v2\/product\/3634","targetHints":{"allow":["GET"]}}],"collection":[{"href":"https:\/\/tecsecmty.com\/index.php\/wp-json\/wp\/v2\/product"}],"about":[{"href":"https:\/\/tecsecmty.com\/index.php\/wp-json\/wp\/v2\/types\/product"}],"replies":[{"embeddable":true,"href":"https:\/\/tecsecmty.com\/index.php\/wp-json\/wp\/v2\/comments?post=3634"}],"version-history":[{"count":0,"href":"https:\/\/tecsecmty.com\/index.php\/wp-json\/wp\/v2\/product\/3634\/revisions"}],"wp:featuredmedia":[{"embeddable":true,"href":"https:\/\/tecsecmty.com\/index.php\/wp-json\/wp\/v2\/media\/3631"}],"wp:attachment":[{"href":"https:\/\/tecsecmty.com\/index.php\/wp-json\/wp\/v2\/media?parent=3634"}],"wp:term":[{"taxonomy":"product_brand","embeddable":true,"href":"https:\/\/tecsecmty.com\/index.php\/wp-json\/wp\/v2\/product_brand?post=3634"},{"taxonomy":"product_cat","embeddable":true,"href":"https:\/\/tecsecmty.com\/index.php\/wp-json\/wp\/v2\/product_cat?post=3634"},{"taxonomy":"product_tag","embeddable":true,"href":"https:\/\/tecsecmty.com\/index.php\/wp-json\/wp\/v2\/product_tag?post=3634"}],"curies":[{"name":"wp","href":"https:\/\/api.w.org\/{rel}","templated":true}]}}