{"id":3637,"date":"2023-02-23T00:22:56","date_gmt":"2023-02-23T06:22:56","guid":{"rendered":"https:\/\/tecsecmty.com\/index.php\/producto\/bosch-v_mhwwz4g4hen4-estacion-de-trabajo-z4g4-p4000-gpu\/"},"modified":"2023-03-22T23:21:54","modified_gmt":"2023-03-23T05:21:54","slug":"bosch-v_mhwwz4g4hen4-estacion-de-trabajo-z4g4-p4000-gpu","status":"publish","type":"product","link":"https:\/\/tecsecmty.com\/index.php\/producto\/bosch-v_mhwwz4g4hen4-estacion-de-trabajo-z4g4-p4000-gpu\/","title":{"rendered":"BOSCH V_MHWWZ4G4HEN4- ESTACION DE TRABAJO Z4G4 P4000 GPU"},"content":{"rendered":"<h5 class=\"card-title text-center\">MHW-WZ4G4-HEN4 Estaci\u00f3n de trabajo Z4G4, P4000 GPU<\/h5>\n<p class=\"ql-align-justify\"><strong>La estaci\u00f3n de trabajo<\/strong>\u00a0<strong>HP Z4 G4<\/strong>\u00a0con microarquitectura Intel de \u00faltima generaci\u00f3n ofrece un alto rendimiento y visualizaci\u00f3n m\u00e1s avanzada para las aplicaciones de v\u00eddeo.<\/p>\n<p class=\"ql-align-justify\"><strong>Funcionalidad con un gran n\u00famero de opciones<\/strong><\/p>\n<p class=\"ql-align-justify\">Esta estaci\u00f3n de trabajo de \u00faltima generaci\u00f3n ofrece m\u00e1s funciones de serie que cualquier otra estaci\u00f3n de trabajo HP con un \u00fanico procesador.<\/p>\n<p class=\"ql-align-justify\"><strong>Toda la potencia necesaria, sin ruido<\/strong><\/p>\n<p class=\"ql-align-justify\">Su dise\u00f1o ac\u00fastico de \u00faltima generaci\u00f3n proporciona un rendimiento silencioso. Un procesador de alta frecuencia con varios n\u00facleo capaz de hacer frente a las exigencias del software de cliente de videovigilancia actual de Bosch.<\/p>\n<p class=\"ql-align-justify\"><strong>Las estaciones de trabajo m\u00e1s seguras del mundo<\/strong><\/p>\n<p class=\"ql-align-justify\">Todas las estaciones de trabajo<strong>\u00a0HP Z4 G4<\/strong>\u00a0incluyen de serie avanzadas funciones de seguridad. Tendr\u00e1 la tranquilidad de que su dispositivo, su identidad y sus datos estar\u00e1n completamente seguros con un software de seguridad como\u00a0<strong>HP Client Security Suite3 y HP Sure Start<\/strong>, la primera BIOS recuperaci\u00f3n autom\u00e1tica del sector con detecci\u00f3n de intrusi\u00f3n.<\/p>\n<p><img decoding=\"async\" class=\"overview-center-img-\" src=\"https:\/\/tvc.mx\/media\/4013\/Logoopaginas-oficial.png\" alt=\"\" \/><\/p>\n<div class=\"row aling-items-center padding-bottom-2x\">\n<div class=\"col-lg-12\">\n<p class=\"ql-align-justify\"><strong>Descripci\u00f3n del sistema<\/strong><\/p>\n<p class=\"ql-align-justify\">La\u00a0<strong>HP Z4 G4<\/strong>\u00a0est\u00e1 dise\u00f1ada para minimizar los costes de alimentaci\u00f3n y refrigeraci\u00f3n gracias a las configuraciones con la clasificaci\u00f3n\u00a0<strong>ENERGY STAR<\/strong>, que incluyen fuentes de alimentaci\u00f3n hasta un 90% m\u00e1s eficaces y afrontan mayores retos inform\u00e1ticos con la \u00faltima tecnolog\u00eda\u00a0<strong>Intel vPro<\/strong>\u00a0y un procesador de cuatro n\u00facleos\u00a0<strong>Intel Xeon\u00a0<\/strong>de pr\u00f3xima generaci\u00f3n:<\/p>\n<ul>\n<li class=\"ql-align-justify\"><strong>Intel Xeon<\/strong>\u00a0W-2123 (3,6 GHz, 8,25 MB de cach\u00e9, velocidad de memoria 2666 MHz, 4c CPU).<\/li>\n<li class=\"ql-align-justify\"><strong>Memoria registrada<\/strong>\u00a0DDR4 2666 DIMM ECC de 8 GB (1 x 8 GB).<\/li>\n<\/ul>\n<p class=\"ql-align-justify\"><strong>HP Z4 G4\u00a0<\/strong>es una estaci\u00f3n de trabajo con una soluci\u00f3n basada en el conjunto de chips Intel C422 con tecnolog\u00eda vPro de Intel y en arquitectura de memoria de 8 slots DIMM en 4 canales.<\/p>\n<p class=\"ql-align-justify\"><strong>Con 2 x 3 PCIe x4, 2 x M.2 PCIe 3 x4, 1 x PCIe x8 y 2 x PCIe x16 (las ranuras 2 y 4<\/strong>\u00a0<strong>PCH con conector abierto; ranura 5:<\/strong>\u00a0<strong>CPU con conector abierto)<\/strong>,\u00a0<strong>HP Z4 G4\u00a0<\/strong>ofrece interfaces de ancho de banda de alto rendimiento de futuras ampliaciones:<\/p>\n<ul>\n<li class=\"ql-align-justify\">La arquitectura de esta estaci\u00f3n de trabajo de gesti\u00f3n proporciona un procesamiento de entrada y salida de \u00faltima generaci\u00f3n para conseguir un alto rendimiento y atender los requisitos de visualizaci\u00f3n.<\/li>\n<li class=\"ql-align-justify\">Las\u00a0<strong>tarjetas gr\u00e1ficas\u00a0<\/strong>de gama alta<strong>\u00a0NVIDIA Quadro P4000 (8 GB) y P2000 (5 GB)<\/strong>\u00a0garantiza el mayor rendimiento y la resoluci\u00f3n necesaria para una r\u00e1pida presentaci\u00f3n de los datos de v\u00eddeo.<\/li>\n<\/ul>\n<p class=\"ql-align-justify\"><strong>Z4 G4 Management Workstation\u00a0<\/strong>es el equipo de alto rendimiento apto para ejecutar las aplicaciones de software de sistemas de seguridad que\u00a0<strong>Bosch<\/strong>\u00a0ofrece. Consulte las hojas de datos de las aplicaciones para obtener informaci\u00f3n m\u00e1s detallada.<\/p>\n<\/div>\n<\/div>\n<div class=\"row aling-items-center padding-bottom-2x\">\n<div class=\"col-lg-12\">\n<p class=\"ql-align-justify\"><strong>Notas de configuraci\u00f3n\/instalaci\u00f3n Selecci\u00f3n de idioma<\/strong><\/p>\n<p class=\"ql-align-justify\">Esta estaci\u00f3n de trabajo de gesti\u00f3n viene en una localizaci\u00f3n est\u00e1ndar:<\/p>\n<ul>\n<li class=\"ql-align-justify\"><strong>MHW\u2011WZ4G4\u2011HEN4<\/strong>\u00a0con teclado en ingl\u00e9s americano.<\/li>\n<li class=\"ql-align-justify\"><strong>MHW\u2011WZ4G4\u2011HEN2<\/strong>\u00a0con teclado en ingl\u00e9s americano.<\/li>\n<\/ul>\n<p class=\"ql-align-justify\">Tambi\u00e9n dispone de m\u00e1s teclados opcionales en Informaci\u00f3n para pedidos. Adaptadores Se incluyen dos adaptadores pasivos\u00a0<strong>DisplayPort a DVI<\/strong>. Se puede utilizar un m\u00e1ximo de dos adaptadores pasivos con la tarjeta gr\u00e1fica\u00a0<strong>NVIDIA Quadro P2000<\/strong>\u00a0y un m\u00e1ximo de cuatro adaptadores pasivos con la tarjeta gr\u00e1fica\u00a0<strong>NVIDIA Quadro P4000.<\/strong><\/p>\n<\/div>\n<\/div>\n","protected":false},"excerpt":{"rendered":"<p>MHW-WZ4G4-HEN4 Estaci\u00f3n de trabajo Z4G4, P4000 GPU La estaci\u00f3n de trabajo\u00a0HP Z4 G4\u00a0con microarquitectura Intel de \u00faltima generaci\u00f3n ofrece un alto rendimiento y visualizaci\u00f3n m\u00e1s avanzada para las aplicaciones de v\u00eddeo. Funcionalidad con un gran n\u00famero de opciones Esta estaci\u00f3n de trabajo de \u00faltima generaci\u00f3n&hellip;<\/p>\n","protected":false},"featured_media":3636,"comment_status":"open","ping_status":"closed","template":"","meta":{"om_disable_all_campaigns":false,"_monsterinsights_skip_tracking":false,"_monsterinsights_sitenote_active":false,"_monsterinsights_sitenote_note":"","_monsterinsights_sitenote_category":0},"product_brand":[],"product_cat":[269],"product_tag":[212,211,151],"class_list":{"0":"post-3637","1":"product","2":"type-product","3":"status-publish","4":"has-post-thumbnail","6":"product_cat-paneles-alarmas-bosch","7":"product_tag-alarmas","8":"product_tag-alarmas-e-intrusion","9":"product_tag-seguridad","11":"first","12":"instock","13":"sale","14":"taxable","15":"shipping-taxable","16":"purchasable","17":"product-type-simple"},"aioseo_notices":[],"_links":{"self":[{"href":"https:\/\/tecsecmty.com\/index.php\/wp-json\/wp\/v2\/product\/3637","targetHints":{"allow":["GET"]}}],"collection":[{"href":"https:\/\/tecsecmty.com\/index.php\/wp-json\/wp\/v2\/product"}],"about":[{"href":"https:\/\/tecsecmty.com\/index.php\/wp-json\/wp\/v2\/types\/product"}],"replies":[{"embeddable":true,"href":"https:\/\/tecsecmty.com\/index.php\/wp-json\/wp\/v2\/comments?post=3637"}],"version-history":[{"count":0,"href":"https:\/\/tecsecmty.com\/index.php\/wp-json\/wp\/v2\/product\/3637\/revisions"}],"wp:featuredmedia":[{"embeddable":true,"href":"https:\/\/tecsecmty.com\/index.php\/wp-json\/wp\/v2\/media\/3636"}],"wp:attachment":[{"href":"https:\/\/tecsecmty.com\/index.php\/wp-json\/wp\/v2\/media?parent=3637"}],"wp:term":[{"taxonomy":"product_brand","embeddable":true,"href":"https:\/\/tecsecmty.com\/index.php\/wp-json\/wp\/v2\/product_brand?post=3637"},{"taxonomy":"product_cat","embeddable":true,"href":"https:\/\/tecsecmty.com\/index.php\/wp-json\/wp\/v2\/product_cat?post=3637"},{"taxonomy":"product_tag","embeddable":true,"href":"https:\/\/tecsecmty.com\/index.php\/wp-json\/wp\/v2\/product_tag?post=3637"}],"curies":[{"name":"wp","href":"https:\/\/api.w.org\/{rel}","templated":true}]}}