{"id":3645,"date":"2023-02-23T00:23:04","date_gmt":"2023-02-23T06:23:04","guid":{"rendered":"https:\/\/tecsecmty.com\/index.php\/producto\/dsc-hs2064pcbspa-serie-neo-panel-de-alarma-8-64-zonas-solo-panel\/"},"modified":"2023-03-22T23:23:16","modified_gmt":"2023-03-23T05:23:16","slug":"dsc-hs2064pcbspa-serie-neo-panel-de-alarma-8-64-zonas-solo-panel","status":"publish","type":"product","link":"https:\/\/tecsecmty.com\/index.php\/producto\/dsc-hs2064pcbspa-serie-neo-panel-de-alarma-8-64-zonas-solo-panel\/","title":{"rendered":"DSC HS2064PCBSPA &#8211; SERIE NEO Panel de Alarma 8 \/ 64 Zonas ( Solo Panel )"},"content":{"rendered":"<h5 class=\"card-title text-center\">Informaci\u00f3n general.<\/h5>\n<p>PowerSeries Neo de DSC redefine la seguridad contra intrusi\u00f3n combinando la flexibilidad de un sistema cableado modular con la simplicidad de una amplia gama de dispositivos y perif\u00e9ricos inal\u00e1mbricos, resultando ser el sistema h\u00edbrido m\u00e1s completo disponible en el mercado actual. Esta nueva plataforma excepcionalmente flexible utiliza las insuperables capacidades de PowerG \u2013 la tecnolog\u00eda inal\u00e1mbrica para intrusi\u00f3n l\u00edder en la industria. Las innovadoras soluciones para verificaci\u00f3n de alarma, sumadas a un conjunto de herramientas de software para servicio t\u00e9cnico remoto excepcionalmente amplio, hace que PowerSeries Neo sea la soluci\u00f3n ideal de excelencia para instalaciones residenciales y comerciales escalables.<\/p>\n<p><img decoding=\"async\" class=\"overview-center-img-web\" src=\"https:\/\/tvc.mx\/media\/29167\/banner.png\" alt=\"\" \/><\/p>\n<div class=\"col-md-5\"><img decoding=\"async\" class=\"d-block m-auto img-thumbnail\" src=\"https:\/\/tvc.mx\/media\/29168\/OVL2.png\" alt=\" \" \/><\/div>\n<div class=\"col-md-7 text-md-left text-center\">\n<h2>Caracter\u00edsticas que hacen la diferencia.<\/h2>\n<p class=\"text-muted\">\n<p class=\"ql-indent-1\">\u2022 Configuraciones de panel de 16 a 128 zonas<\/p>\n<p class=\"ql-indent-1\">\u2022 PowerG* tecnolog\u00eda inal\u00e1mbrica l\u00edder para aplicaciones comerciales<\/p>\n<p class=\"ql-indent-1\">\u2022 Instalaci\u00f3n r\u00e1pida e intuitiva<\/p>\n<p class=\"ql-indent-1\">\u2022 Interfaces amigables<\/p>\n<p class=\"ql-indent-1\">\u2022 Verificaci\u00f3n visual de alarma<\/p>\n<p class=\"ql-indent-1\">\u2022 Comunicaci\u00f3n de alarma con audio bidireccional por l\u00ednea telef\u00f3nica<\/p>\n<p class=\"ql-indent-1\">\u2022 Comunicaci\u00f3n alternativa v\u00eda red celular e IP<\/p>\n<p class=\"ql-indent-1\">\u2022 Descarga de informaci\u00f3n local y remota<\/p>\n<p class=\"ql-indent-1\">\u2022 Optimizaci\u00f3n de costos mediante avanzado software del sistema<\/p>\n<p class=\"ql-indent-1\">\u2022 Encriptaci\u00f3n AES de 128 bits (inal\u00e1mbrico, comunicador y BUS)<\/p>\n<p class=\"ql-indent-1\">\u2022 Actualizaci\u00f3n remota de firmware (panel\/teclados\/ transceptor)<\/p>\n<hr class=\"padding-bottom-2x\" \/>\n<div class=\"row align-items-center padding-bottom-2x\">\n<div class=\"col-md-5 order-md-2\"><img decoding=\"async\" class=\"d-block m-auto img-thumbnail\" src=\"https:\/\/tvc.mx\/media\/29169\/OVL1.png\" alt=\" \" \/><\/div>\n<div class=\"col-md-7 order-md-1 text-md-left text-center\">\n<h2>Especificaciones.<\/h2>\n<p class=\"text-muted\">\n<p class=\"ql-indent-1\">Alimentaci\u00f3n el\u00e9ctrica&#8230;&#8230;&#8230;&#8230;16.5 VAC\/40 VA @ 50\/60 Hz<\/p>\n<p class=\"ql-indent-1\">Consumo de corriente (Panel)&#8230;&#8230;&#8230;&#8230;&#8230;&#8230;.85 mA (Nominal)<\/p>\n<p class=\"ql-indent-1\">Salida auxiliar&#8230;&#8230;&#8230;&#8230;&#8230;&#8230;&#8230;&#8230;&#8230;.13.75 +\/- 5% Vdc\/700 mA<\/p>\n<p class=\"ql-indent-1\">Salida de sirena &#8230;&#8230;&#8230;&#8230;&#8230;&#8230;&#8230;&#8230;13.75 +\/- 5% Vdc\/700 mA<\/p>\n<p class=\"ql-indent-1\">Temperatura de operaci\u00f3n&#8230;&#8230;&#8230;. 32\u00b0 a 120\u00b0 F (0\u00b0 a 49\u00b0 C)<\/p>\n<p class=\"ql-indent-1\">Humedad relativa &#8230;&#8230;&#8230;&#8230;&#8230;&#8230;&#8230;&#8230;&#8230;&#8230;&#8230;&#8230;&#8230;&#8230;&#8230;&#8230;&#8230;&#8230;.93%<\/p>\n<\/div>\n<\/div>\n<\/div>\n","protected":false},"excerpt":{"rendered":"<p>Informaci\u00f3n general. PowerSeries Neo de DSC redefine la seguridad contra intrusi\u00f3n combinando la flexibilidad de un sistema cableado modular con la simplicidad de una amplia gama de dispositivos y perif\u00e9ricos inal\u00e1mbricos, resultando ser el sistema h\u00edbrido m\u00e1s completo disponible en el mercado actual. Esta nueva&hellip;<\/p>\n","protected":false},"featured_media":3644,"comment_status":"open","ping_status":"closed","template":"","meta":{"om_disable_all_campaigns":false,"_monsterinsights_skip_tracking":false,"_monsterinsights_sitenote_active":false,"_monsterinsights_sitenote_note":"","_monsterinsights_sitenote_category":0},"product_brand":[],"product_cat":[271],"product_tag":[212,211,151],"class_list":{"0":"post-3645","1":"product","2":"type-product","3":"status-publish","4":"has-post-thumbnail","6":"product_cat-paneles-alarmas-dsc","7":"product_tag-alarmas","8":"product_tag-alarmas-e-intrusion","9":"product_tag-seguridad","11":"first","12":"instock","13":"sale","14":"taxable","15":"shipping-taxable","16":"purchasable","17":"product-type-simple"},"aioseo_notices":[],"_links":{"self":[{"href":"https:\/\/tecsecmty.com\/index.php\/wp-json\/wp\/v2\/product\/3645","targetHints":{"allow":["GET"]}}],"collection":[{"href":"https:\/\/tecsecmty.com\/index.php\/wp-json\/wp\/v2\/product"}],"about":[{"href":"https:\/\/tecsecmty.com\/index.php\/wp-json\/wp\/v2\/types\/product"}],"replies":[{"embeddable":true,"href":"https:\/\/tecsecmty.com\/index.php\/wp-json\/wp\/v2\/comments?post=3645"}],"version-history":[{"count":0,"href":"https:\/\/tecsecmty.com\/index.php\/wp-json\/wp\/v2\/product\/3645\/revisions"}],"wp:featuredmedia":[{"embeddable":true,"href":"https:\/\/tecsecmty.com\/index.php\/wp-json\/wp\/v2\/media\/3644"}],"wp:attachment":[{"href":"https:\/\/tecsecmty.com\/index.php\/wp-json\/wp\/v2\/media?parent=3645"}],"wp:term":[{"taxonomy":"product_brand","embeddable":true,"href":"https:\/\/tecsecmty.com\/index.php\/wp-json\/wp\/v2\/product_brand?post=3645"},{"taxonomy":"product_cat","embeddable":true,"href":"https:\/\/tecsecmty.com\/index.php\/wp-json\/wp\/v2\/product_cat?post=3645"},{"taxonomy":"product_tag","embeddable":true,"href":"https:\/\/tecsecmty.com\/index.php\/wp-json\/wp\/v2\/product_tag?post=3645"}],"curies":[{"name":"wp","href":"https:\/\/api.w.org\/{rel}","templated":true}]}}