{"id":3647,"date":"2023-02-23T00:23:06","date_gmt":"2023-02-23T06:23:06","guid":{"rendered":"https:\/\/tecsecmty.com\/index.php\/producto\/dsc-hs2128pcbspa-serie-neo-panel-de-alarma-8-128-zonas-solo-panel\/"},"modified":"2023-03-22T23:23:16","modified_gmt":"2023-03-23T05:23:16","slug":"dsc-hs2128pcbspa-serie-neo-panel-de-alarma-8-128-zonas-solo-panel","status":"publish","type":"product","link":"https:\/\/tecsecmty.com\/index.php\/producto\/dsc-hs2128pcbspa-serie-neo-panel-de-alarma-8-128-zonas-solo-panel\/","title":{"rendered":"DSC HS2128PCBSPA &#8211; SERIE NEO Panel de Alarma 8 \/ 128 Zonas ( Solo Panel )"},"content":{"rendered":"<h5 class=\"card-title text-center\">Descripci\u00f3n<\/h5>\n<p class=\"ql-align-justify\"><strong>Descripci\u00f3n comercial<\/strong><\/p>\n<p class=\"ql-align-justify\">Panel de alarma de la l\u00ednea powerseries neo, ideal para soluciones h\u00edbridas, la tablilla hs2128pcbspa, integra 8 zonas en placa, total de zonas admitidas hasta 128 con m\u00f3dulos expansores, soporta hasta 999 c\u00f3digos de acceso m\u00e1s 1 c\u00f3digo maestro, m\u00e1ximo 16 teclados cableados o inal\u00e1mbricos, capacidad para soportar 1000 eventos en b\u00fafer<\/p>\n<p class=\"ql-align-justify\"><strong>Descripci\u00f3n t\u00e9cnica<\/strong><\/p>\n<p class=\"ql-align-justify\">Panel de alarma de 128 zonas al\u00e1mbricas o inal\u00e1mbricas, alimentaci\u00f3n 16.5 vca\/40 va @ 50\/60 hz, consumo 85ma, incorpora 8 zonas en placa, salida de sirena soporta 10.4 a 12.5 vcd @ 700 ma, temperatura de operaci\u00f3n 0\u00b0c a 49\u00b0c.<\/p>\n<p class=\"ql-align-justify\"><strong>Beneficios adicionales<\/strong><\/p>\n<ul>\n<li class=\"ql-align-justify\">Tecnolog\u00eda power g<\/li>\n<li class=\"ql-align-justify\">Comunicaci\u00f3n de 2 v\u00edas<\/li>\n<li class=\"ql-align-justify\">Encriptaci\u00f3n de 128 bits aes<\/li>\n<li class=\"ql-align-justify\">Largo alcance de se\u00f1al inal\u00e1mbrica<\/li>\n<li class=\"ql-align-justify\">Actualizaci\u00f3n de firmware gratuito<\/li>\n<li class=\"ql-align-justify\">Comunicaci\u00f3n directa a las centrales surgard<\/li>\n<li class=\"ql-align-justify\">Integra 4 salidas pgm<\/li>\n<li class=\"ql-align-justify\">Soporta hasta 999 c\u00f3digos de usuario m\u00e1s c\u00f3digo maestro<\/li>\n<li class=\"ql-align-justify\">8 particiones<\/li>\n<li class=\"ql-align-justify\">Capacidad de hasta 16 teclados<\/li>\n<li class=\"ql-align-justify\">Integra salida de sirena\n<p class=\"ql-align-justify\"><strong>Para que sirve<\/strong><\/p>\n<p class=\"ql-align-justify\">Los paneles de control para alarmas, permiten integrar dispositivos de detecci\u00f3n y notificaci\u00f3n al sistema, con la finalidad de mandar una alerta a la central de alarmas o notificaciones locales.<\/p>\n<p class=\"ql-align-justify\"><strong>Compatibilidad<\/strong><\/p>\n<p class=\"ql-align-justify\">Teclados de la l\u00ednea powerseries neo hs2icn, hs2lcd, m\u00f3dulo de fuente de alimentaci\u00f3n hsm2300<\/p>\n<p class=\"ql-align-justify\"><strong>Notas adicionales<\/strong><\/p>\n<p class=\"ql-align-justify\">Requiere bater\u00eda y fuente de alimentaci\u00f3n<\/p>\n<p><img decoding=\"async\" class=\"overview-center-img-web\" src=\"https:\/\/tvc.mx\/media\/418027\/HS2128-G.png\" alt=\"\" \/><\/li>\n<\/ul>\n","protected":false},"excerpt":{"rendered":"<p>Descripci\u00f3n Descripci\u00f3n comercial Panel de alarma de la l\u00ednea powerseries neo, ideal para soluciones h\u00edbridas, la tablilla hs2128pcbspa, integra 8 zonas en placa, total de zonas admitidas hasta 128 con m\u00f3dulos expansores, soporta hasta 999 c\u00f3digos de acceso m\u00e1s 1 c\u00f3digo maestro, m\u00e1ximo 16 teclados&hellip;<\/p>\n","protected":false},"featured_media":3646,"comment_status":"open","ping_status":"closed","template":"","meta":{"om_disable_all_campaigns":false,"_monsterinsights_skip_tracking":false,"_monsterinsights_sitenote_active":false,"_monsterinsights_sitenote_note":"","_monsterinsights_sitenote_category":0},"product_brand":[],"product_cat":[271],"product_tag":[212,211,151],"class_list":{"0":"post-3647","1":"product","2":"type-product","3":"status-publish","4":"has-post-thumbnail","6":"product_cat-paneles-alarmas-dsc","7":"product_tag-alarmas","8":"product_tag-alarmas-e-intrusion","9":"product_tag-seguridad","11":"first","12":"instock","13":"sale","14":"taxable","15":"shipping-taxable","16":"purchasable","17":"product-type-simple"},"aioseo_notices":[],"_links":{"self":[{"href":"https:\/\/tecsecmty.com\/index.php\/wp-json\/wp\/v2\/product\/3647","targetHints":{"allow":["GET"]}}],"collection":[{"href":"https:\/\/tecsecmty.com\/index.php\/wp-json\/wp\/v2\/product"}],"about":[{"href":"https:\/\/tecsecmty.com\/index.php\/wp-json\/wp\/v2\/types\/product"}],"replies":[{"embeddable":true,"href":"https:\/\/tecsecmty.com\/index.php\/wp-json\/wp\/v2\/comments?post=3647"}],"version-history":[{"count":0,"href":"https:\/\/tecsecmty.com\/index.php\/wp-json\/wp\/v2\/product\/3647\/revisions"}],"wp:featuredmedia":[{"embeddable":true,"href":"https:\/\/tecsecmty.com\/index.php\/wp-json\/wp\/v2\/media\/3646"}],"wp:attachment":[{"href":"https:\/\/tecsecmty.com\/index.php\/wp-json\/wp\/v2\/media?parent=3647"}],"wp:term":[{"taxonomy":"product_brand","embeddable":true,"href":"https:\/\/tecsecmty.com\/index.php\/wp-json\/wp\/v2\/product_brand?post=3647"},{"taxonomy":"product_cat","embeddable":true,"href":"https:\/\/tecsecmty.com\/index.php\/wp-json\/wp\/v2\/product_cat?post=3647"},{"taxonomy":"product_tag","embeddable":true,"href":"https:\/\/tecsecmty.com\/index.php\/wp-json\/wp\/v2\/product_tag?post=3647"}],"curies":[{"name":"wp","href":"https:\/\/api.w.org\/{rel}","templated":true}]}}