{"id":3649,"date":"2023-02-23T00:23:08","date_gmt":"2023-02-23T06:23:08","guid":{"rendered":"https:\/\/tecsecmty.com\/index.php\/producto\/dsc-hs3032pcb-tarjeta-serie-pro-32-zonas-con-comunicador-ip-integrado\/"},"modified":"2023-03-22T23:23:18","modified_gmt":"2023-03-23T05:23:18","slug":"dsc-hs3032pcb-tarjeta-serie-pro-32-zonas-con-comunicador-ip-integrado","status":"publish","type":"product","link":"https:\/\/tecsecmty.com\/index.php\/producto\/dsc-hs3032pcb-tarjeta-serie-pro-32-zonas-con-comunicador-ip-integrado\/","title":{"rendered":"DSC HS3032PCB &#8211; Tarjeta Serie Pro 32 Zonas Con Comunicador IP Integrado"},"content":{"rendered":"<h5 class=\"card-title text-center\">PowerSeries Pro<\/h5>\n<p>Es un sistema de alarma escalable con un gran n\u00famero de funciones, dise\u00f1ado para uso comercial. Cuenta con comunicadores integrados de l\u00ednea telef\u00f3nica y Ethernet (IP)<\/p>\n<p><img decoding=\"async\" class=\"overview-center-img-web\" src=\"https:\/\/tvc.mx\/media\/469788\/DSC-HS3032PCB-Tarjeta-Serie-Pro-32-Zonas-Con-Comunicador-IP-Integrado-5.png\" alt=\"\" \/><\/p>\n<h5 class=\"card-title text-center\">Beneficios clave<\/h5>\n<ul>\n<li>Protege instalaciones comerciales grandes sin la necesidad de cables en sensores o teclados.<\/li>\n<li>Brinda un desempe\u00f1o confiable gracias a su innovadora tecnolog\u00eda de intrusi\u00f3n inal\u00e1mbrica PowerG.<\/li>\n<li>Ofrece protecci\u00f3n cibern\u00e9tica optimizada con tecnolog\u00eda de encriptaci\u00f3n AES de 128 bits incorporada.<\/li>\n<li>Es ideal para instalaciones comerciales medianas a grandes.<\/li>\n<li>Es sencillo de instalar y cuenta con diferentes interfaces para teclados cableados (pantalla t\u00e1ctil frente a LCD).<\/li>\n<li>Se integra f\u00e1cilmente con Alarm.com y otros productos de terceros, que incluyen software de administraci\u00f3n de edificios y soluciones de acceso de video.<\/li>\n<li>Garantiza oportunidades de crecimiento gracias a su compatibilidad con una lista de productos de seguridad en constante expansi\u00f3n.<\/li>\n<li>Previene las manipulaciones con tecnolog\u00eda de anti enmascaramiento optimizada.<\/li>\n<\/ul>\n<h4><\/h4>\n","protected":false},"excerpt":{"rendered":"<p>PowerSeries Pro Es un sistema de alarma escalable con un gran n\u00famero de funciones, dise\u00f1ado para uso comercial. Cuenta con comunicadores integrados de l\u00ednea telef\u00f3nica y Ethernet (IP) Beneficios clave Protege instalaciones comerciales grandes sin la necesidad de cables en sensores o teclados. Brinda un&hellip;<\/p>\n","protected":false},"featured_media":3648,"comment_status":"open","ping_status":"closed","template":"","meta":{"om_disable_all_campaigns":false,"_monsterinsights_skip_tracking":false,"_monsterinsights_sitenote_active":false,"_monsterinsights_sitenote_note":"","_monsterinsights_sitenote_category":0},"product_brand":[],"product_cat":[271],"product_tag":[212,211,151],"class_list":{"0":"post-3649","1":"product","2":"type-product","3":"status-publish","4":"has-post-thumbnail","6":"product_cat-paneles-alarmas-dsc","7":"product_tag-alarmas","8":"product_tag-alarmas-e-intrusion","9":"product_tag-seguridad","11":"first","12":"instock","13":"sale","14":"taxable","15":"shipping-taxable","16":"purchasable","17":"product-type-simple"},"aioseo_notices":[],"_links":{"self":[{"href":"https:\/\/tecsecmty.com\/index.php\/wp-json\/wp\/v2\/product\/3649","targetHints":{"allow":["GET"]}}],"collection":[{"href":"https:\/\/tecsecmty.com\/index.php\/wp-json\/wp\/v2\/product"}],"about":[{"href":"https:\/\/tecsecmty.com\/index.php\/wp-json\/wp\/v2\/types\/product"}],"replies":[{"embeddable":true,"href":"https:\/\/tecsecmty.com\/index.php\/wp-json\/wp\/v2\/comments?post=3649"}],"version-history":[{"count":0,"href":"https:\/\/tecsecmty.com\/index.php\/wp-json\/wp\/v2\/product\/3649\/revisions"}],"wp:featuredmedia":[{"embeddable":true,"href":"https:\/\/tecsecmty.com\/index.php\/wp-json\/wp\/v2\/media\/3648"}],"wp:attachment":[{"href":"https:\/\/tecsecmty.com\/index.php\/wp-json\/wp\/v2\/media?parent=3649"}],"wp:term":[{"taxonomy":"product_brand","embeddable":true,"href":"https:\/\/tecsecmty.com\/index.php\/wp-json\/wp\/v2\/product_brand?post=3649"},{"taxonomy":"product_cat","embeddable":true,"href":"https:\/\/tecsecmty.com\/index.php\/wp-json\/wp\/v2\/product_cat?post=3649"},{"taxonomy":"product_tag","embeddable":true,"href":"https:\/\/tecsecmty.com\/index.php\/wp-json\/wp\/v2\/product_tag?post=3649"}],"curies":[{"name":"wp","href":"https:\/\/api.w.org\/{rel}","templated":true}]}}