{"id":3653,"date":"2023-02-23T00:23:12","date_gmt":"2023-02-23T06:23:12","guid":{"rendered":"https:\/\/tecsecmty.com\/index.php\/producto\/dsc-pc1832pcbspa-power-series-tarjeta-de-alarma-8-zonas-en-placa-expandible-hasta-32-zonas-losprincipales\/"},"modified":"2023-03-22T23:23:20","modified_gmt":"2023-03-23T05:23:20","slug":"dsc-pc1832pcbspa-power-series-tarjeta-de-alarma-8-zonas-en-placa-expandible-hasta-32-zonas-losprincipales","status":"publish","type":"product","link":"https:\/\/tecsecmty.com\/index.php\/producto\/dsc-pc1832pcbspa-power-series-tarjeta-de-alarma-8-zonas-en-placa-expandible-hasta-32-zonas-losprincipales\/","title":{"rendered":"DSC PC1832PCBSPA &#8211; POWER SERIES Tarjeta de alarma 8 zonas en placa expandible hasta 32 zonas #LosPrincipales"},"content":{"rendered":"<h5 class=\"card-title text-center\">Descripci\u00f3n<\/h5>\n<p class=\"ql-align-justify\">Los paneles de control power series tienen una acreditada reputaci\u00f3n de proporcionar la calidad y fiabilidad que demandan los profesionales de la seguridad. El dise\u00f1o modular de los paneles de control power series proporciona m\u00e1s funciones de valor a\u00f1adido como soporte para detectores de co, una funci\u00f3n de sincronizaci\u00f3n autom\u00e1tica para reducir el tiempo de instalaci\u00f3n y la flexibilidad de diferentes rutas de informes de alarma.<\/p>\n<h3 class=\"ql-align-justify\"><strong>Descripci\u00f3n t\u00e9cnica<\/strong><\/h3>\n<p>Rango de temperatura &#8230;&#8230;&#8230;&#8230;&#8230;0\u00b0 a 49\u00b0 C<\/p>\n<p>Humedad (Max) &#8230;&#8230;&#8230;&#8230;&#8230;&#8230;&#8230;&#8230;.. Humedad relativa del 93%<\/p>\n<p class=\"ql-align-justify\">Alimentaci\u00f3n &#8230;&#8230;&#8230;&#8230;&#8230;&#8230;&#8230;&#8230;&#8230;&#8230;. 16.5 VAC \/ 40 VA 60Hz<\/p>\n<p class=\"ql-align-justify\">Placa&#8230;&#8230;&#8230;&#8230;&#8230;&#8230;&#8230;&#8230;&#8230;&#8230;&#8230;&#8230;&#8230;&#8230;.. 8 zonas<\/p>\n<p class=\"ql-align-justify\">Bufer de eventos &#8230;&#8230;&#8230;&#8230;&#8230;&#8230;&#8230;&#8230;. 500 eventos<\/p>\n<p class=\"ql-align-justify\">Consumo de corriente &#8230;&#8230;&#8230;&#8230;&#8230;.. 700 mA<\/p>\n<h3 class=\"ql-align-justify\"><strong>Beneficios adicionales<\/strong><\/h3>\n<ul>\n<li class=\"ql-align-justify\">Programaci\u00f3n de plantillas<\/li>\n<li class=\"ql-align-justify\">Descarga local y remota<\/li>\n<li class=\"ql-align-justify\">Horario de verano programable<\/li>\n<li class=\"ql-align-justify\">Cid autom\u00e1tica<\/li>\n<li class=\"ql-align-justify\">Audio de 2 v\u00edas<\/li>\n<li class=\"ql-align-justify\">C\u00f3digo de 1 uso<\/li>\n<li class=\"ql-align-justify\">Bloqueo de teclado<\/li>\n<\/ul>\n<p class=\"ql-align-justify\"><strong>Para que sirve:<\/strong><\/p>\n<p class=\"ql-align-justify\">El panel de control powerseries v4.5 ofrece a los clientes la posibilidad de combinar rutas de alarma desde redes telef\u00f3nicas p\u00fablicas conmutadas (pstn), internet o canales gsm\/gprs. Al tener internet con gsm\/gprs como respaldo se ofrece una seguridad completa con la ventaja adicional de mayores ingresos mensuales peri\u00f3dicos (rmr) para los distribuidores.<\/p>\n<p class=\"ql-align-justify\"><strong>Compatibilidad:<\/strong><\/p>\n<p class=\"ql-align-justify\">Compatible con todos los sensores al\u00e1mbricos de 12 vcd y con dispositivos inal\u00e1mbricos con frecuencia 433 mhz.<\/p>\n<p class=\"ql-align-justify\"><strong>Notas adicionales:<\/strong><\/p>\n<p class=\"ql-align-justify\">Cuando los dispositivos al\u00e1mbricos el consumo de alimentaci\u00f3n es mayor de 12 cd contemplar una fuente adicional.<\/p>\n<p class=\"ql-align-justify\"><img decoding=\"async\" class=\"overview-center-img-web\" src=\"https:\/\/tvc.mx\/media\/28834\/principalcomerPC1832PCBSPA-.jpg\" alt=\"\" \/><\/p>\n","protected":false},"excerpt":{"rendered":"<p>Descripci\u00f3n Los paneles de control power series tienen una acreditada reputaci\u00f3n de proporcionar la calidad y fiabilidad que demandan los profesionales de la seguridad. El dise\u00f1o modular de los paneles de control power series proporciona m\u00e1s funciones de valor a\u00f1adido como soporte para detectores de&hellip;<\/p>\n","protected":false},"featured_media":3652,"comment_status":"open","ping_status":"closed","template":"","meta":{"om_disable_all_campaigns":false,"_monsterinsights_skip_tracking":false,"_monsterinsights_sitenote_active":false,"_monsterinsights_sitenote_note":"","_monsterinsights_sitenote_category":0},"product_brand":[],"product_cat":[271],"product_tag":[212,211,151],"class_list":{"0":"post-3653","1":"product","2":"type-product","3":"status-publish","4":"has-post-thumbnail","6":"product_cat-paneles-alarmas-dsc","7":"product_tag-alarmas","8":"product_tag-alarmas-e-intrusion","9":"product_tag-seguridad","11":"first","12":"instock","13":"sale","14":"taxable","15":"shipping-taxable","16":"purchasable","17":"product-type-simple"},"aioseo_notices":[],"_links":{"self":[{"href":"https:\/\/tecsecmty.com\/index.php\/wp-json\/wp\/v2\/product\/3653","targetHints":{"allow":["GET"]}}],"collection":[{"href":"https:\/\/tecsecmty.com\/index.php\/wp-json\/wp\/v2\/product"}],"about":[{"href":"https:\/\/tecsecmty.com\/index.php\/wp-json\/wp\/v2\/types\/product"}],"replies":[{"embeddable":true,"href":"https:\/\/tecsecmty.com\/index.php\/wp-json\/wp\/v2\/comments?post=3653"}],"version-history":[{"count":0,"href":"https:\/\/tecsecmty.com\/index.php\/wp-json\/wp\/v2\/product\/3653\/revisions"}],"wp:featuredmedia":[{"embeddable":true,"href":"https:\/\/tecsecmty.com\/index.php\/wp-json\/wp\/v2\/media\/3652"}],"wp:attachment":[{"href":"https:\/\/tecsecmty.com\/index.php\/wp-json\/wp\/v2\/media?parent=3653"}],"wp:term":[{"taxonomy":"product_brand","embeddable":true,"href":"https:\/\/tecsecmty.com\/index.php\/wp-json\/wp\/v2\/product_brand?post=3653"},{"taxonomy":"product_cat","embeddable":true,"href":"https:\/\/tecsecmty.com\/index.php\/wp-json\/wp\/v2\/product_cat?post=3653"},{"taxonomy":"product_tag","embeddable":true,"href":"https:\/\/tecsecmty.com\/index.php\/wp-json\/wp\/v2\/product_tag?post=3653"}],"curies":[{"name":"wp","href":"https:\/\/api.w.org\/{rel}","templated":true}]}}