{"id":3655,"date":"2023-02-23T00:23:14","date_gmt":"2023-02-23T06:23:14","guid":{"rendered":"https:\/\/tecsecmty.com\/index.php\/producto\/dsc-pc1864pcbspav4-7-power-series-tarjeta-de-alarma-de-8-zonas-expandible-a-64-zonas-version-4-7\/"},"modified":"2023-03-22T23:23:20","modified_gmt":"2023-03-23T05:23:20","slug":"dsc-pc1864pcbspav4-7-power-series-tarjeta-de-alarma-de-8-zonas-expandible-a-64-zonas-version-4-7","status":"publish","type":"product","link":"https:\/\/tecsecmty.com\/index.php\/producto\/dsc-pc1864pcbspav4-7-power-series-tarjeta-de-alarma-de-8-zonas-expandible-a-64-zonas-version-4-7\/","title":{"rendered":"DSC PC1864PCBSPAV4.7 &#8211; POWER SERIES Tarjeta de alarma de 8 zonas expandible a 64 zonas Versi\u00f3n 4.7"},"content":{"rendered":"<h5 class=\"card-title text-center\">Descripci\u00f3n general<\/h5>\n<p>Los paneles de control power series tienen una acreditada reputaci\u00f3n de proporcionar la calidad y fiabilidad que demandan los profesionales de la seguridad.<\/p>\n<p>El dise\u00f1o modular de los paneles de control power series proporciona m\u00e1s funciones de valor a\u00f1adido como soporte para detectores de co, una funci\u00f3n de sincronizaci\u00f3n autom\u00e1tica para reducir el tiempo de instalaci\u00f3n y la flexibilidad de diferentes rutas de informes de alarma.<\/p>\n<h3 class=\"ql-align-justify\"><strong>Caracter\u00edsticas:<\/strong><\/h3>\n<p class=\"ql-align-justify\">Alimentaci\u00f3n de 16.5 Vca\/40va<\/p>\n<p class=\"ql-align-justify\">Consumo de corriente 700 ma,<\/p>\n<p class=\"ql-align-justify\">Temperatura de operaci\u00f3n 0 a 49\u00b0c,<\/p>\n<p class=\"ql-align-justify\">Zonas en placa 8 zonas y 1 b\u00fafer de eventos de 500.<\/p>\n<h3 class=\"ql-align-justify\"><strong>Beneficios adicionales<\/strong><\/h3>\n<ul>\n<li class=\"ql-align-justify\">Programaci\u00f3n de plantillas<\/li>\n<li class=\"ql-align-justify\">Descarga local y remota<\/li>\n<li class=\"ql-align-justify\">Horario de verano programable<\/li>\n<li class=\"ql-align-justify\">Cid autom\u00e1tica<\/li>\n<li class=\"ql-align-justify\">Audio de 2 v\u00edas<\/li>\n<li class=\"ql-align-justify\">C\u00f3digo de 1 uso<\/li>\n<li class=\"ql-align-justify\">Bloqueo de teclado<\/li>\n<\/ul>\n<p class=\"ql-align-justify\"><strong>Para que sirve:<\/strong><\/p>\n<p class=\"ql-align-justify\">Los paneles de control PowerSeries tienen una acreditada reputaci\u00f3n de proporcionar la calidad y fiabilidad que demandan los profesionales de la seguridad. El dise\u00f1o modular de los paneles de control PowerSeries v4.5 proporciona m\u00e1s funciones de valor a\u00f1adido como soporte para detectores de CO, una funci\u00f3n de sincronizaci\u00f3n autom\u00e1tica para reducir el tiempo de instalaci\u00f3n y la flexibilidad de diferentes rutas de informes de alarma.<\/p>\n<p class=\"ql-align-justify\"><strong>Compatibilidad:<\/strong><\/p>\n<p class=\"ql-align-justify\">Compatible con todos los ponle compatible con todos los sensores al\u00e1mbricos de 12 vcd y con dispositivos inal\u00e1mbricos con frecuencia 433 mhz.<\/p>\n<ul>\n<li class=\"ql-align-justify\">Las interfaces de usuario pueden ser LED, LCD con iconos o LCD de mensajes completos<\/li>\n<li class=\"ql-align-justify\">Receptores inal\u00e1mbricos, dispositivos y detectores, incluidos detectores de CO<\/li>\n<li class=\"ql-align-justify\">Verificaci\u00f3n de alarma de audio<\/li>\n<li class=\"ql-align-justify\">Interfaz de tel\u00e9fono\/Control de automatizaci\u00f3n<\/li>\n<li class=\"ql-align-justify\">Expansi\u00f3n de salida de corriente alta y baja<\/li>\n<li class=\"ql-align-justify\">Opciones de comunicaci\u00f3n alternativa<\/li>\n<li class=\"ql-align-justify\">Expansiones y detectores cableados<\/li>\n<li class=\"ql-align-justify\">Expansiones y detectores direccionables<\/li>\n<li class=\"ql-align-justify\">Software de Windows\u2122 para descarga con PC<\/li>\n<li class=\"ql-align-justify\">Integraci\u00f3n de control de acceso<\/li>\n<li>Compatible con receptor RF5132-433<\/li>\n<li>Compatible con transceptor TR5164-433<\/li>\n<li>Compatible con ADCSEM200 comunicador de alarm.com<\/li>\n<\/ul>\n<p class=\"ql-align-justify\"><strong>Notas adicionales:<\/strong><\/p>\n<p class=\"ql-align-justify\">Cuando los dispositivos al\u00e1mbricos el consumo de alimentaci\u00f3n es mayor de 12 cd contemplar una fuente adicional.<\/p>\n<p class=\"ql-align-justify\"><img decoding=\"async\" class=\"overview-center-img-web\" src=\"https:\/\/tvc.mx\/media\/35059\/DSC1170031.jpg\" alt=\"\" \/><\/p>\n","protected":false},"excerpt":{"rendered":"<p>Descripci\u00f3n general Los paneles de control power series tienen una acreditada reputaci\u00f3n de proporcionar la calidad y fiabilidad que demandan los profesionales de la seguridad. El dise\u00f1o modular de los paneles de control power series proporciona m\u00e1s funciones de valor a\u00f1adido como soporte para detectores&hellip;<\/p>\n","protected":false},"featured_media":3654,"comment_status":"open","ping_status":"closed","template":"","meta":{"om_disable_all_campaigns":false,"_monsterinsights_skip_tracking":false,"_monsterinsights_sitenote_active":false,"_monsterinsights_sitenote_note":"","_monsterinsights_sitenote_category":0},"product_brand":[],"product_cat":[271],"product_tag":[212,211,151],"class_list":{"0":"post-3655","1":"product","2":"type-product","3":"status-publish","4":"has-post-thumbnail","6":"product_cat-paneles-alarmas-dsc","7":"product_tag-alarmas","8":"product_tag-alarmas-e-intrusion","9":"product_tag-seguridad","11":"first","12":"instock","13":"sale","14":"taxable","15":"shipping-taxable","16":"purchasable","17":"product-type-simple"},"aioseo_notices":[],"_links":{"self":[{"href":"https:\/\/tecsecmty.com\/index.php\/wp-json\/wp\/v2\/product\/3655","targetHints":{"allow":["GET"]}}],"collection":[{"href":"https:\/\/tecsecmty.com\/index.php\/wp-json\/wp\/v2\/product"}],"about":[{"href":"https:\/\/tecsecmty.com\/index.php\/wp-json\/wp\/v2\/types\/product"}],"replies":[{"embeddable":true,"href":"https:\/\/tecsecmty.com\/index.php\/wp-json\/wp\/v2\/comments?post=3655"}],"version-history":[{"count":0,"href":"https:\/\/tecsecmty.com\/index.php\/wp-json\/wp\/v2\/product\/3655\/revisions"}],"wp:featuredmedia":[{"embeddable":true,"href":"https:\/\/tecsecmty.com\/index.php\/wp-json\/wp\/v2\/media\/3654"}],"wp:attachment":[{"href":"https:\/\/tecsecmty.com\/index.php\/wp-json\/wp\/v2\/media?parent=3655"}],"wp:term":[{"taxonomy":"product_brand","embeddable":true,"href":"https:\/\/tecsecmty.com\/index.php\/wp-json\/wp\/v2\/product_brand?post=3655"},{"taxonomy":"product_cat","embeddable":true,"href":"https:\/\/tecsecmty.com\/index.php\/wp-json\/wp\/v2\/product_cat?post=3655"},{"taxonomy":"product_tag","embeddable":true,"href":"https:\/\/tecsecmty.com\/index.php\/wp-json\/wp\/v2\/product_tag?post=3655"}],"curies":[{"name":"wp","href":"https:\/\/api.w.org\/{rel}","templated":true}]}}