{"id":3657,"date":"2023-02-23T00:23:15","date_gmt":"2023-02-23T06:23:15","guid":{"rendered":"https:\/\/tecsecmty.com\/index.php\/producto\/dsc-pc4020pcb-panel-maxsys-de-16-zonas-expandible-a-128-zonas-para-serie-maxsys\/"},"modified":"2023-03-22T23:23:20","modified_gmt":"2023-03-23T05:23:20","slug":"dsc-pc4020pcb-panel-maxsys-de-16-zonas-expandible-a-128-zonas-para-serie-maxsys","status":"publish","type":"product","link":"https:\/\/tecsecmty.com\/index.php\/producto\/dsc-pc4020pcb-panel-maxsys-de-16-zonas-expandible-a-128-zonas-para-serie-maxsys\/","title":{"rendered":"DSC PC4020PCB &#8211; Panel Maxsys de 16 Zonas expandible a 128 Zonas para Serie MAXSYS"},"content":{"rendered":"<h5 class=\"card-title text-center\">Descripci\u00f3n<\/h5>\n<p>El PC4020 es un panel de 16 zonas que se puede expandir a 128 zonas. Lata de expansi\u00f3n se puede lograr a trav\u00e9s de un Combus de 4 hilos utilizando una variedad de entradas \/ salidas y m\u00f3dulos funcionales El panel base incluye dos bucles direccionales que pueden acomoda hasta 112 dispositivos de entrada direccionables y el sistema tambi\u00e9n puede ser ampliado con un receptor inal\u00e1mbrico de 64 zonas que se conecta al sistema a trav\u00e9s de Combus de 4 hilos. La expansi\u00f3n direccionable, cableada e inal\u00e1mbrica se puede utilizar en cualquier combinaci\u00f3n que se adapta a la aplicaci\u00f3n.<\/p>\n<p>El MAXSYS es un software listo para implementar toda la seguridad, control de acceso, automatizaci\u00f3n y funciones de incendio residencial simplemente agregando convencional o<\/p>\n<p>dispositivos direccionables, m\u00f3dulos de control de acceso y componentes de interfaz de automatizaci\u00f3n.<\/p>\n<p>La tarjeta de fuente de alimentaci\u00f3n DSC PC5204 se utiliza para proporcionar alimentaci\u00f3n adicional a los m\u00f3dulos o detectores del sistema si est\u00e1 utilizando m\u00e1s detectores o m\u00f3dulos con alimentaci\u00f3n de los que el sistema principal puede suministrar alimentaci\u00f3n.<\/p>\n<p>Los nuevos sistemas Power Series que ofrecemos proporcionan hasta 700 mA de corriente auxiliar para m\u00f3dulos y detectores alimentados.\u00a0Si tiene muchos m\u00f3dulos, como varios teclados, un receptor inal\u00e1mbrico y un m\u00f3dulo Escort, as\u00ed como muchos sensores de potencia como detectores de movimiento, humo y rotura de cristales, debe calcular su consumo actual para ver si necesita esta expansi\u00f3n fuente de alimentaci\u00f3n.<\/p>\n<p>Otra raz\u00f3n com\u00fan para necesitar esta fuente de alimentaci\u00f3n de expansi\u00f3n es si necesita m\u00e1s corriente de salida de sirena.\u00a0La salida de sirena \/ campana de la placa del sistema principal est\u00e1 limitada a 2 amperios a corto plazo (durante la alarma) con una bater\u00eda de respaldo.\u00a0Si necesita m\u00e1s para sirenas adicionales, tambi\u00e9n puede usar este m\u00f3dulo para eso.\u00a0El PC5204 extrae 20 mA del sistema principal y proporciona una salida de corriente m\u00e1xima de 1 amperio (1000 mA).\u00a0La placa tambi\u00e9n incluye cuatro PMG (salidas programables).\u00a0Requiere un gabinete 5003c, un transformador PTC1640 y una bater\u00eda de respaldo BD712.<\/p>\n<p><strong>Especificaciones<\/strong>:<\/p>\n<ul>\n<li>Totalmente supervisado por fallas de CA, bater\u00eda baja y falla AUX<\/li>\n<li>La PC5204 agrega 4 salidas de voltaje de alta corriente programables: clasificadas en 1 Amp @ 12 VDC, la salida # 1 se puede usar como una salida de timbre supervisada<\/li>\n<li>Compatible con todos los paneles de control PowerSeries<\/li>\n<li>Conecte un PC5204 y hasta cuatro m\u00f3dulos supervisados \u200b\u200bPC5200 en un sistema<\/li>\n<li>Proporciona hasta 1Amp @ 12VDC<\/li>\n<li>Compatible con los paneles de control PC1616, PC1832 y PC1864<\/li>\n<\/ul>\n<p><strong>Caracter\u00edsticas:<\/strong><\/p>\n<ul>\n<li>Totalmente supervisado para falla de CA, bater\u00eda baja y falla de AUX<\/li>\n<li>PC5204 agrega 4 salidas programables de alto voltaje de corriente: clasificadas a 1 Amp @ 12 VDC, la salida # 1 puede usarse como una salida de campana supervisada<\/li>\n<li>Compatible con todos los paneles de control PowerSeries<\/li>\n<li>Conecte un PC5204 y hasta cuatro m\u00f3dulos supervisados \u200b\u200bPC5200 en un sistema<\/li>\n<li>Proporciona hasta 1Amp @ 12VDC<\/li>\n<li>Compatible con paneles de control PC1616, PC1832 y PC1864<img decoding=\"async\" src=\"https:\/\/tvc.mx\/media\/29471\/DSC1170017.jpg\" \/><\/li>\n<\/ul>\n","protected":false},"excerpt":{"rendered":"<p>Descripci\u00f3n El PC4020 es un panel de 16 zonas que se puede expandir a 128 zonas. Lata de expansi\u00f3n se puede lograr a trav\u00e9s de un Combus de 4 hilos utilizando una variedad de entradas \/ salidas y m\u00f3dulos funcionales El panel base incluye dos&hellip;<\/p>\n","protected":false},"featured_media":3656,"comment_status":"open","ping_status":"closed","template":"","meta":{"om_disable_all_campaigns":false,"_monsterinsights_skip_tracking":false,"_monsterinsights_sitenote_active":false,"_monsterinsights_sitenote_note":"","_monsterinsights_sitenote_category":0},"product_brand":[],"product_cat":[271],"product_tag":[212,211,151],"class_list":{"0":"post-3657","1":"product","2":"type-product","3":"status-publish","4":"has-post-thumbnail","6":"product_cat-paneles-alarmas-dsc","7":"product_tag-alarmas","8":"product_tag-alarmas-e-intrusion","9":"product_tag-seguridad","11":"first","12":"instock","13":"sale","14":"taxable","15":"shipping-taxable","16":"purchasable","17":"product-type-simple"},"aioseo_notices":[],"_links":{"self":[{"href":"https:\/\/tecsecmty.com\/index.php\/wp-json\/wp\/v2\/product\/3657","targetHints":{"allow":["GET"]}}],"collection":[{"href":"https:\/\/tecsecmty.com\/index.php\/wp-json\/wp\/v2\/product"}],"about":[{"href":"https:\/\/tecsecmty.com\/index.php\/wp-json\/wp\/v2\/types\/product"}],"replies":[{"embeddable":true,"href":"https:\/\/tecsecmty.com\/index.php\/wp-json\/wp\/v2\/comments?post=3657"}],"version-history":[{"count":0,"href":"https:\/\/tecsecmty.com\/index.php\/wp-json\/wp\/v2\/product\/3657\/revisions"}],"wp:featuredmedia":[{"embeddable":true,"href":"https:\/\/tecsecmty.com\/index.php\/wp-json\/wp\/v2\/media\/3656"}],"wp:attachment":[{"href":"https:\/\/tecsecmty.com\/index.php\/wp-json\/wp\/v2\/media?parent=3657"}],"wp:term":[{"taxonomy":"product_brand","embeddable":true,"href":"https:\/\/tecsecmty.com\/index.php\/wp-json\/wp\/v2\/product_brand?post=3657"},{"taxonomy":"product_cat","embeddable":true,"href":"https:\/\/tecsecmty.com\/index.php\/wp-json\/wp\/v2\/product_cat?post=3657"},{"taxonomy":"product_tag","embeddable":true,"href":"https:\/\/tecsecmty.com\/index.php\/wp-json\/wp\/v2\/product_tag?post=3657"}],"curies":[{"name":"wp","href":"https:\/\/api.w.org\/{rel}","templated":true}]}}