{"id":3661,"date":"2023-02-23T00:23:19","date_gmt":"2023-02-23T06:23:19","guid":{"rendered":"https:\/\/tecsecmty.com\/index.php\/producto\/dsc-pc1404pcbspa-panel-de-alarma-4-zonas-cableadas-powerseries\/"},"modified":"2023-03-22T23:23:28","modified_gmt":"2023-03-23T05:23:28","slug":"dsc-pc1404pcbspa-panel-de-alarma-4-zonas-cableadas-powerseries","status":"publish","type":"product","link":"https:\/\/tecsecmty.com\/index.php\/producto\/dsc-pc1404pcbspa-panel-de-alarma-4-zonas-cableadas-powerseries\/","title":{"rendered":"DSC-PC1404PCBSPA &#8211; Panel de Alarma 4 Zonas Cableadas PowerSeries"},"content":{"rendered":"<div class=\"row aling-items-center padding-bottom-2x\">\n<div class=\"col-lg-12\">\n<h5 class=\"card-title text-center\">Descripci\u00f3n<\/h5>\n<p>El panel de alarma modelo PC1404PCBSPA\u00a0 es un panel de 4 zonas cableadas en placa. La hiperactividad con los dispositivos ser\u00e1 a trav\u00e9s de una conexi\u00f3n f\u00edsicamente conectada, que sigue los est\u00e1ndares de bus de DSC. Las comunicaciones con la estaci\u00f3n central pueden ser realizadas por una l\u00ednea telef\u00f3nica con cable. El software DLS tambi\u00e9n podr\u00e1 ser conectado remotamente al panel por la linea telef\u00f3nica o localmente conectado por cable por un distribuidor PC-Link.<\/p>\n<p><img decoding=\"async\" class=\"overview-center-img-web\" src=\"https:\/\/tvc.mx\/media\/66327\/PC1404PCBSPA-central.jpg\" alt=\"\" \/><\/div>\n<\/div>\n<div class=\"row align-items-center padding-bottom-2x\">\n<div class=\"col-md-5\"><img decoding=\"async\" class=\"d-block m-auto img-thumbnail\" src=\"https:\/\/tvc.mx\/media\/66330\/panel4zonaslateral-Recuperado.jpg\" alt=\" \" \/><\/div>\n<div class=\"col-md-7 text-md-left text-center\">\n<h2>Especificaciones<\/h2>\n<p class=\"text-muted\">\n<ul>\n<li>4 zonas a bordo<\/li>\n<li>La duplicaci\u00f3n de zonas supervisadas proporciona expansi\u00f3n a 8 zonas<\/li>\n<li>El soporte de zona de teclado proporciona expansi\u00f3n a 8 zonas<\/li>\n<li>Soporte para todos los teclados actuales de PowerSeries PK Collection (v1.2 +)<\/li>\n<li>2 en PGM a bordo, expansi\u00f3n a 14 usando m\u00f3dulos de salida PowerSeries<\/li>\n<li>Soporte NC \/ Single \/ Double EOL<\/li>\n<li>Admite hasta 4 teclados<\/li>\n<li>1 soporte de partici\u00f3n<\/li>\n<li>128 eventos de b\u00fafer<\/li>\n<li>Comunicaciones: a bordo PSTN<\/li>\n<li>4 n\u00fameros telef\u00f3nicos<\/li>\n<li>Detector de humo de 2 y 4 hilos compatible<\/li>\n<li>Soporte de PC-Link para DLS<br \/>\n<hr class=\"padding-bottom-2x\" \/>\n<div class=\"row align-items-center padding-bottom-2x\">\n<div class=\"col-md-5\"><img decoding=\"async\" class=\"d-block m-auto img-thumbnail\" src=\"https:\/\/tvc.mx\/media\/66333\/config-lateral-overview.jpg\" alt=\" \" \/><\/div>\n<div class=\"col-md-7 text-md-left text-center\">\n<h2>Caracter\u00edsticas<\/h2>\n<p class=\"text-muted\">\n<ul>\n<li>Soporta la duplicaci\u00f3n de zonas &#8211; supervisada y diferenciada<\/li>\n<li>Soporte para EOL NC\/ Simple \/Double<\/li>\n<li>Soporta hasta 4 teclados<\/li>\n<li>Soporte para 1 partici\u00f3n<\/li>\n<li>128 eventos<\/li>\n<li>Comunicaciones pstn On-Board<\/li>\n<li>4 n\u00fameros de tel\u00e9fono<\/li>\n<li>Soporte para detector de humo de 2 cables<\/li>\n<li>Soporte para detector de humo de 4 cables<\/li>\n<li>Arme Autom\u00e1tico<\/li>\n<\/ul>\n<\/div>\n<\/div>\n<\/li>\n<\/ul>\n<\/div>\n<\/div>\n","protected":false},"excerpt":{"rendered":"<p>Descripci\u00f3n El panel de alarma modelo PC1404PCBSPA\u00a0 es un panel de 4 zonas cableadas en placa. La hiperactividad con los dispositivos ser\u00e1 a trav\u00e9s de una conexi\u00f3n f\u00edsicamente conectada, que sigue los est\u00e1ndares de bus de DSC. Las comunicaciones con la estaci\u00f3n central pueden ser&hellip;<\/p>\n","protected":false},"featured_media":3660,"comment_status":"open","ping_status":"closed","template":"","meta":{"om_disable_all_campaigns":false,"_monsterinsights_skip_tracking":false,"_monsterinsights_sitenote_active":false,"_monsterinsights_sitenote_note":"","_monsterinsights_sitenote_category":0},"product_brand":[],"product_cat":[271],"product_tag":[212,211,151],"class_list":{"0":"post-3661","1":"product","2":"type-product","3":"status-publish","4":"has-post-thumbnail","6":"product_cat-paneles-alarmas-dsc","7":"product_tag-alarmas","8":"product_tag-alarmas-e-intrusion","9":"product_tag-seguridad","11":"first","12":"instock","13":"sale","14":"taxable","15":"shipping-taxable","16":"purchasable","17":"product-type-simple"},"aioseo_notices":[],"_links":{"self":[{"href":"https:\/\/tecsecmty.com\/index.php\/wp-json\/wp\/v2\/product\/3661","targetHints":{"allow":["GET"]}}],"collection":[{"href":"https:\/\/tecsecmty.com\/index.php\/wp-json\/wp\/v2\/product"}],"about":[{"href":"https:\/\/tecsecmty.com\/index.php\/wp-json\/wp\/v2\/types\/product"}],"replies":[{"embeddable":true,"href":"https:\/\/tecsecmty.com\/index.php\/wp-json\/wp\/v2\/comments?post=3661"}],"version-history":[{"count":0,"href":"https:\/\/tecsecmty.com\/index.php\/wp-json\/wp\/v2\/product\/3661\/revisions"}],"wp:featuredmedia":[{"embeddable":true,"href":"https:\/\/tecsecmty.com\/index.php\/wp-json\/wp\/v2\/media\/3660"}],"wp:attachment":[{"href":"https:\/\/tecsecmty.com\/index.php\/wp-json\/wp\/v2\/media?parent=3661"}],"wp:term":[{"taxonomy":"product_brand","embeddable":true,"href":"https:\/\/tecsecmty.com\/index.php\/wp-json\/wp\/v2\/product_brand?post=3661"},{"taxonomy":"product_cat","embeddable":true,"href":"https:\/\/tecsecmty.com\/index.php\/wp-json\/wp\/v2\/product_cat?post=3661"},{"taxonomy":"product_tag","embeddable":true,"href":"https:\/\/tecsecmty.com\/index.php\/wp-json\/wp\/v2\/product_tag?post=3661"}],"curies":[{"name":"wp","href":"https:\/\/api.w.org\/{rel}","templated":true}]}}