{"id":3663,"date":"2023-02-23T00:23:20","date_gmt":"2023-02-23T06:23:20","guid":{"rendered":"https:\/\/tecsecmty.com\/index.php\/producto\/ihorn-nd1-panel-de-alarma-comunicacion-2g-32-zonas-inalambricas-incluye-fuente-y-2-llaveros-rfid-para-armar-y-desarmar-verificar-tipo-de-comunicacion-en-su-zona\/"},"modified":"2023-03-22T23:23:29","modified_gmt":"2023-03-23T05:23:29","slug":"ihorn-nd1-panel-de-alarma-comunicacion-2g-32-zonas-inalambricas-incluye-fuente-y-2-llaveros-rfid-para-armar-y-desarmar-verificar-tipo-de-comunicacion-en-su-zona","status":"publish","type":"product","link":"https:\/\/tecsecmty.com\/index.php\/producto\/ihorn-nd1-panel-de-alarma-comunicacion-2g-32-zonas-inalambricas-incluye-fuente-y-2-llaveros-rfid-para-armar-y-desarmar-verificar-tipo-de-comunicacion-en-su-zona\/","title":{"rendered":"IHORN ND1 &#8211; Panel De Alarma Comunicaci\u00f3n 2G. 32 Zonas Inal\u00e1mbricas Incluye Fuente y 2 Llaveros RFID Para armar y desarmar (Verificar Tipo De Comunicaci\u00f3n En Su Zona)"},"content":{"rendered":"<h1 class=\"product-name\">IHORN ND1 &#8211; Panel De Alarma Comunicaci\u00f3n 2G. 32 Zonas Inal\u00e1mbricas Incluye Fuente y 2 Llaveros RFID Para armar y desarmar (Verificar Tipo De Comunicaci\u00f3n En Su Zona)<\/h1>\n<div class=\"product-detail\">\n<div>\n<div class=\"front\">\n<div class=\"item cols-9 clearfix\">\n<div class=\"imagen-modelo-centrado\">\n<div class=\"product-gallery\">\n<div class=\"product-image\">\n<div id=\"wrap\"><a id=\"zoom1\" class=\"cloud-zoom 1\" href=\"http:\/\/fasyl.tvc.mx\/media\/76098\/d1.jpg\" rel=\"position:'right',zoomWidth:800,zoomHeight:800,showTitle: false, adjustX:0, adjustY:0\"><img decoding=\"async\" id=\"bigpic\" src=\"http:\/\/fasyl.tvc.mx\/media\/76098\/d1.jpg\" alt=\"IHORN ND1 - Panel De Alarma Comunicaci\u00f3n 2G. 32 Zonas Inal\u00e1mbricas Incluye Fuente y 2 Llaveros RFID Para armar y desarmar (Verificar Tipo De Comunicaci\u00f3n En Su Zona)\" height=\"250\" \/><\/a><\/div>\n<\/div>\n<\/div>\n<\/div>\n<\/div>\n<\/div>\n<\/div>\n<\/div>\n","protected":false},"excerpt":{"rendered":"<p>IHORN ND1 &#8211; Panel De Alarma Comunicaci\u00f3n 2G. 32 Zonas Inal\u00e1mbricas Incluye Fuente y 2 Llaveros RFID Para armar y desarmar (Verificar Tipo De Comunicaci\u00f3n En Su Zona)<\/p>\n","protected":false},"featured_media":3662,"comment_status":"open","ping_status":"closed","template":"","meta":{"om_disable_all_campaigns":false,"_monsterinsights_skip_tracking":false,"_monsterinsights_sitenote_active":false,"_monsterinsights_sitenote_note":"","_monsterinsights_sitenote_category":0},"product_brand":[],"product_cat":[272],"product_tag":[212,211,151],"class_list":{"0":"post-3663","1":"product","2":"type-product","3":"status-publish","4":"has-post-thumbnail","6":"product_cat-paneles-alarmas-horn","7":"product_tag-alarmas","8":"product_tag-alarmas-e-intrusion","9":"product_tag-seguridad","11":"first","12":"instock","13":"sale","14":"taxable","15":"shipping-taxable","16":"purchasable","17":"product-type-simple"},"aioseo_notices":[],"_links":{"self":[{"href":"https:\/\/tecsecmty.com\/index.php\/wp-json\/wp\/v2\/product\/3663","targetHints":{"allow":["GET"]}}],"collection":[{"href":"https:\/\/tecsecmty.com\/index.php\/wp-json\/wp\/v2\/product"}],"about":[{"href":"https:\/\/tecsecmty.com\/index.php\/wp-json\/wp\/v2\/types\/product"}],"replies":[{"embeddable":true,"href":"https:\/\/tecsecmty.com\/index.php\/wp-json\/wp\/v2\/comments?post=3663"}],"version-history":[{"count":0,"href":"https:\/\/tecsecmty.com\/index.php\/wp-json\/wp\/v2\/product\/3663\/revisions"}],"wp:featuredmedia":[{"embeddable":true,"href":"https:\/\/tecsecmty.com\/index.php\/wp-json\/wp\/v2\/media\/3662"}],"wp:attachment":[{"href":"https:\/\/tecsecmty.com\/index.php\/wp-json\/wp\/v2\/media?parent=3663"}],"wp:term":[{"taxonomy":"product_brand","embeddable":true,"href":"https:\/\/tecsecmty.com\/index.php\/wp-json\/wp\/v2\/product_brand?post=3663"},{"taxonomy":"product_cat","embeddable":true,"href":"https:\/\/tecsecmty.com\/index.php\/wp-json\/wp\/v2\/product_cat?post=3663"},{"taxonomy":"product_tag","embeddable":true,"href":"https:\/\/tecsecmty.com\/index.php\/wp-json\/wp\/v2\/product_tag?post=3663"}],"curies":[{"name":"wp","href":"https:\/\/api.w.org\/{rel}","templated":true}]}}