{"id":3665,"date":"2023-02-23T00:23:23","date_gmt":"2023-02-23T06:23:23","guid":{"rendered":"https:\/\/tecsecmty.com\/index.php\/producto\/imou-alarm-station-arc2000e-sw-panel-de-alarma-inalambrico-433-mhz-32-zonas-inalambricas-wifi-o-ethernet-sirena-seguridad\/"},"modified":"2023-03-22T23:23:30","modified_gmt":"2023-03-23T05:23:30","slug":"imou-alarm-station-arc2000e-sw-panel-de-alarma-inalambrico-433-mhz-32-zonas-inalambricas-wifi-o-ethernet-sirena-seguridad","status":"publish","type":"product","link":"https:\/\/tecsecmty.com\/index.php\/producto\/imou-alarm-station-arc2000e-sw-panel-de-alarma-inalambrico-433-mhz-32-zonas-inalambricas-wifi-o-ethernet-sirena-seguridad\/","title":{"rendered":"IMOU ALARM STATION (ARC2000E-SW) &#8211; Panel de Alarma Inalambrico\/ 433 MHz\/ 32 Zonas Inalambricas\/ Wifi o Ethernet\/ Sirena\/ #Seguridad"},"content":{"rendered":"<div class=\"row aling-items-center padding-bottom-2x\">\n<div class=\"col-lg-12\">\n<h5 class=\"card-title text-center\">Informaci\u00f3n general.<\/h5>\n<p>El\u00a0<strong>Alarm Station<\/strong>\u00a0de\u00a0<strong>imou<\/strong>, es un panel de alarma inteligente para protecci\u00f3n de hogares\u00a0<strong>24\/7<\/strong>, con su sistema de alarma en l\u00ednea admite\u00a0<strong>hasta 32 detectores Imou<\/strong>(no incluidos). Cuenta con opci\u00f3n de conexi\u00f3n a la red v\u00eda\u00a0<strong>Wi-Fi 2.4GHz<\/strong>\u00a0o, a trav\u00e9s de su puerto ethernet para recibir\u00a0<strong>notificaciones de alarma<\/strong>\u00a0en cualquier momento que se dispare cualquier evento.<\/p>\n<h6>Nota: el panel de alarmas IMOU solo acepta un administrador. Este dispositivo no se puede compartir con multiples usuarios.<\/h6>\n<p><img decoding=\"async\" class=\"overview-center-img-web\" src=\"https:\/\/tvc.mx\/media\/460359\/panel-de-alamrma-inalambrico-wiffi-o-ethernet-sirena-IMOU-ALARM-STATION.png\" alt=\"\" \/><\/div>\n<\/div>\n<div class=\"row align-items-center padding-bottom-2x\">\n<div class=\"col-md-5 order-md-2\"><img decoding=\"async\" class=\"d-block m-auto img-thumbnail\" src=\"https:\/\/tvc.mx\/media\/460362\/seguridad-inteligente-en-el-hogar-imou.png\" alt=\" \" \/><\/div>\n<div class=\"col-md-7 order-md-1 text-md-left text-center\">\n<h2>Seguridad inteligente para el hogar.<\/h2>\n<p class=\"text-muted\">\n<p>Gracias al\u00a0<strong>enlace inteligente<\/strong>\u00a0(\u00fanicamente con sensores imou), el\u00a0<strong>Alarm Station<\/strong>\u00a0permite enrolar\u00a0<strong>hasta 32 sensore<\/strong>s inteligentes Imou que le permiten tener vigilado su hogar en cada esquina gracias a los diferentes tipos de sensores imou, al detectar un evento, el Alarm Station cuenta con una\u00a0<strong>sirena incorporada de 64db<\/strong>\u00a0o, se puede enrolar una sirena independiente.<\/p>\n<p>&nbsp;<\/p>\n<\/div>\n<\/div>\n","protected":false},"excerpt":{"rendered":"<p>Informaci\u00f3n general. El\u00a0Alarm Station\u00a0de\u00a0imou, es un panel de alarma inteligente para protecci\u00f3n de hogares\u00a024\/7, con su sistema de alarma en l\u00ednea admite\u00a0hasta 32 detectores Imou(no incluidos). Cuenta con opci\u00f3n de conexi\u00f3n a la red v\u00eda\u00a0Wi-Fi 2.4GHz\u00a0o, a trav\u00e9s de su puerto ethernet para recibir\u00a0notificaciones de&hellip;<\/p>\n","protected":false},"featured_media":3664,"comment_status":"open","ping_status":"closed","template":"","meta":{"om_disable_all_campaigns":false,"_monsterinsights_skip_tracking":false,"_monsterinsights_sitenote_active":false,"_monsterinsights_sitenote_note":"","_monsterinsights_sitenote_category":0},"product_brand":[],"product_cat":[270],"product_tag":[212,211,151],"class_list":{"0":"post-3665","1":"product","2":"type-product","3":"status-publish","4":"has-post-thumbnail","6":"product_cat-paneles-alarmas-dahua-alarmas-intrusion","7":"product_tag-alarmas","8":"product_tag-alarmas-e-intrusion","9":"product_tag-seguridad","11":"first","12":"instock","13":"sale","14":"taxable","15":"shipping-taxable","16":"purchasable","17":"product-type-simple"},"aioseo_notices":[],"_links":{"self":[{"href":"https:\/\/tecsecmty.com\/index.php\/wp-json\/wp\/v2\/product\/3665","targetHints":{"allow":["GET"]}}],"collection":[{"href":"https:\/\/tecsecmty.com\/index.php\/wp-json\/wp\/v2\/product"}],"about":[{"href":"https:\/\/tecsecmty.com\/index.php\/wp-json\/wp\/v2\/types\/product"}],"replies":[{"embeddable":true,"href":"https:\/\/tecsecmty.com\/index.php\/wp-json\/wp\/v2\/comments?post=3665"}],"version-history":[{"count":0,"href":"https:\/\/tecsecmty.com\/index.php\/wp-json\/wp\/v2\/product\/3665\/revisions"}],"wp:featuredmedia":[{"embeddable":true,"href":"https:\/\/tecsecmty.com\/index.php\/wp-json\/wp\/v2\/media\/3664"}],"wp:attachment":[{"href":"https:\/\/tecsecmty.com\/index.php\/wp-json\/wp\/v2\/media?parent=3665"}],"wp:term":[{"taxonomy":"product_brand","embeddable":true,"href":"https:\/\/tecsecmty.com\/index.php\/wp-json\/wp\/v2\/product_brand?post=3665"},{"taxonomy":"product_cat","embeddable":true,"href":"https:\/\/tecsecmty.com\/index.php\/wp-json\/wp\/v2\/product_cat?post=3665"},{"taxonomy":"product_tag","embeddable":true,"href":"https:\/\/tecsecmty.com\/index.php\/wp-json\/wp\/v2\/product_tag?post=3665"}],"curies":[{"name":"wp","href":"https:\/\/api.w.org\/{rel}","templated":true}]}}