{"id":3671,"date":"2023-02-23T00:23:29","date_gmt":"2023-02-23T06:23:29","guid":{"rendered":"https:\/\/tecsecmty.com\/index.php\/producto\/qolsys-iqp4006-sistema-de-alarma-iqpanel4-autocontenido-con-pantalla-tactil-de-7-power-g-915-mhz-honeywell-345-mhz-con-4-bocinas-integradas-4w-para-la-plataforma-alarm-com\/"},"modified":"2023-03-22T23:23:46","modified_gmt":"2023-03-23T05:23:46","slug":"qolsys-iqp4006-sistema-de-alarma-iqpanel4-autocontenido-con-pantalla-tactil-de-7-power-g-915-mhz-honeywell-345-mhz-con-4-bocinas-integradas-4w-para-la-plataforma-alarm-com","status":"publish","type":"product","link":"https:\/\/tecsecmty.com\/index.php\/producto\/qolsys-iqp4006-sistema-de-alarma-iqpanel4-autocontenido-con-pantalla-tactil-de-7-power-g-915-mhz-honeywell-345-mhz-con-4-bocinas-integradas-4w-para-la-plataforma-alarm-com\/","title":{"rendered":"QOLSYS IQP4006 &#8211; Sistema de Alarma IQPanel4 Autocontenido , con Pantalla Tactil de 7&#8243;, Power G 915 Mhz + Honeywell 345 Mhz. Con 4 Bocinas integradas (4W). Para la plataforma Alarm.com"},"content":{"rendered":"<div class=\"row aling-items-center padding-bottom-2x\">\n<div class=\"col-lg-12\">\n<h5 class=\"card-title text-center\">Informaci\u00f3n general<\/h5>\n<p>IQ Panel 4 es el modelo m\u00e1s nuevo de Qolsys IQ Panel que mejora el galardonado IQ Panel 2 Plus. El All-In-One Panel 4 ofrece conectividad y confiabilidad l\u00edderes en la industria en LTE, Wi-Fi, Z Wave, Bluetooth, PowerG y sistemas inal\u00e1mbricos de seguridad heredados utilizando su procesador loT integrado y poderoso de Qualcomm.<\/p>\n<p><img decoding=\"async\" class=\"overview-center-img-web\" src=\"https:\/\/tvc.mx\/media\/495378\/IQP4006-2.png\" alt=\"\" \/><\/div>\n<\/div>\n<div class=\"row align-items-center padding-bottom-2x\">\n<div class=\"col-md-5 order-md-2\"><img decoding=\"async\" class=\"d-block m-auto img-thumbnail\" src=\"https:\/\/tvc.mx\/media\/494578\/IQP4006-2.png\" alt=\" \" \/><\/div>\n<div class=\"col-md-7 order-md-1 text-md-left text-center\">\n<h2>Descripci\u00f3n<\/h2>\n<p class=\"text-muted\">\n<p class=\"ql-align-justify\">El IQ Panel 4 incluye un comunicador AT&amp;t LTE y una tarjeta WIFI de doble banda. Por seguridad, se admiten los sensores PowerG de 915 MHz y 345 Mhz de Honeywell. Tiene una elegante pantalla t\u00e1ctil HD All-In-One\u00a0de vidrio capacitivo de 7&#8243; y admite 128 zonas y 242 usuarios.<\/p>\n<p class=\"ql-align-justify\">Tiene una c\u00e1mara de 8 megap\u00edxeles mejorada con Flex-Tilt para ajustar el \u00e1ngulo de visi\u00f3n, toma fotos al desarmar y videos de emergencia. El sistema de instalaci\u00f3n SmartMount brinda opciones f\u00e1ciles de montaje en la pared o en un soporte de mesa. Dual SRF con PowerG proporciona conexi\u00f3n inal\u00e1mbrica cifrada segura de largo alcance con compatibilidad con la tecnolog\u00eda inal\u00e1mbrica de seguridad heredada ya instalada en el hogar o el edificio.<\/p>\n<\/div>\n<\/div>\n","protected":false},"excerpt":{"rendered":"<p>Informaci\u00f3n general IQ Panel 4 es el modelo m\u00e1s nuevo de Qolsys IQ Panel que mejora el galardonado IQ Panel 2 Plus. El All-In-One Panel 4 ofrece conectividad y confiabilidad l\u00edderes en la industria en LTE, Wi-Fi, Z Wave, Bluetooth, PowerG y sistemas inal\u00e1mbricos de&hellip;<\/p>\n","protected":false},"featured_media":3670,"comment_status":"open","ping_status":"closed","template":"","meta":{"om_disable_all_campaigns":false,"_monsterinsights_skip_tracking":false,"_monsterinsights_sitenote_active":false,"_monsterinsights_sitenote_note":"","_monsterinsights_sitenote_category":0},"product_brand":[],"product_cat":[273],"product_tag":[212,211,151],"class_list":{"0":"post-3671","1":"product","2":"type-product","3":"status-publish","4":"has-post-thumbnail","6":"product_cat-paneles-alarmas-qolsys","7":"product_tag-alarmas","8":"product_tag-alarmas-e-intrusion","9":"product_tag-seguridad","11":"first","12":"instock","13":"sale","14":"taxable","15":"shipping-taxable","16":"purchasable","17":"product-type-simple"},"aioseo_notices":[],"_links":{"self":[{"href":"https:\/\/tecsecmty.com\/index.php\/wp-json\/wp\/v2\/product\/3671","targetHints":{"allow":["GET"]}}],"collection":[{"href":"https:\/\/tecsecmty.com\/index.php\/wp-json\/wp\/v2\/product"}],"about":[{"href":"https:\/\/tecsecmty.com\/index.php\/wp-json\/wp\/v2\/types\/product"}],"replies":[{"embeddable":true,"href":"https:\/\/tecsecmty.com\/index.php\/wp-json\/wp\/v2\/comments?post=3671"}],"version-history":[{"count":0,"href":"https:\/\/tecsecmty.com\/index.php\/wp-json\/wp\/v2\/product\/3671\/revisions"}],"wp:featuredmedia":[{"embeddable":true,"href":"https:\/\/tecsecmty.com\/index.php\/wp-json\/wp\/v2\/media\/3670"}],"wp:attachment":[{"href":"https:\/\/tecsecmty.com\/index.php\/wp-json\/wp\/v2\/media?parent=3671"}],"wp:term":[{"taxonomy":"product_brand","embeddable":true,"href":"https:\/\/tecsecmty.com\/index.php\/wp-json\/wp\/v2\/product_brand?post=3671"},{"taxonomy":"product_cat","embeddable":true,"href":"https:\/\/tecsecmty.com\/index.php\/wp-json\/wp\/v2\/product_cat?post=3671"},{"taxonomy":"product_tag","embeddable":true,"href":"https:\/\/tecsecmty.com\/index.php\/wp-json\/wp\/v2\/product_tag?post=3671"}],"curies":[{"name":"wp","href":"https:\/\/api.w.org\/{rel}","templated":true}]}}