{"id":3675,"date":"2023-02-23T00:23:35","date_gmt":"2023-02-23T06:23:35","guid":{"rendered":"https:\/\/tecsecmty.com\/index.php\/producto\/risco-rp432mp0000a-nuevo-lightsys-plus-la-nueva-fusion-entre-lightsys-y-prosys-plus-hasta-512-zonas-tarjeta-encapsulada-aplicacion-incluida-irisco\/"},"modified":"2023-03-22T23:23:48","modified_gmt":"2023-03-23T05:23:48","slug":"risco-rp432mp0000a-nuevo-lightsys-plus-la-nueva-fusion-entre-lightsys-y-prosys-plus-hasta-512-zonas-tarjeta-encapsulada-aplicacion-incluida-irisco","status":"publish","type":"product","link":"https:\/\/tecsecmty.com\/index.php\/producto\/risco-rp432mp0000a-nuevo-lightsys-plus-la-nueva-fusion-entre-lightsys-y-prosys-plus-hasta-512-zonas-tarjeta-encapsulada-aplicacion-incluida-irisco\/","title":{"rendered":"RISCO RP432MP0000A &#8211; Nuevo LightSYS Plus + \u00abLa Nueva Fusi\u00f3n entre LightSYS y ProSYS Plus \u00bb \/ Hasta 512 Zonas \/ Tarjeta Encapsulada \/ Aplicaci\u00f3n Incluida IRISCO"},"content":{"rendered":"<div class=\"row aling-items-center padding-bottom-2x\">\n<div class=\"col-lg-12\">\n<h5 class=\"card-title text-center\">LightSYS+<\/h5>\n<p><strong>FLEXIBLE. INTELIGENTE. POTENTE<\/strong><\/p>\n<p>&nbsp;<\/p>\n<p>La nueva LightSYS+, es el panel de alarma h\u00edbrido insignia de RISCO que combina las caracter\u00edsticas y los beneficios de LightSYS y ProSYS Plus en un sistema de seguridad de alta potencia.<\/p>\n<p>Est\u00e1 dise\u00f1ada\u00a0para proteger cualquier tama\u00f1o o tipo de instalaci\u00f3n, desde instalaciones residenciales y peque\u00f1os a medianos negocios hasta instalaciones comerciales y de alta seguridad, lo que permite hasta 512 zonas en un solo panel.<\/p>\n<p><img decoding=\"async\" class=\"overview-center-img-web\" src=\"https:\/\/tvc.mx\/media\/384619\/RISCO-RP432MP0000A-Nuevo-LightSYS-Plus-La-Nueva-Fusi%C3%B3n-entre-LightSYS-y-ProSYS-Plus-Hasta-512-Zonas-Tarjeta-Encapsulada-Aplicaci%C3%B3n-Incluida-IRISCO.png\" alt=\"\" \/><\/div>\n<\/div>\n<div class=\"row align-items-center padding-bottom-2x\">\n<div class=\"col-md-5\"><img decoding=\"async\" class=\"d-block m-auto img-thumbnail\" src=\"https:\/\/tvc.mx\/media\/385595\/RISCO-RP432MP0000A-Nuevo-LightSYS-Plus-La-Nueva-Fusi%C3%B3n-entre-LightSYS-y-ProSYS-Plus-Hasta-512-Zonas-Tarjeta-Encapsulada-Aplicaci%C3%B3n-Incluida-IRISCO-33.png\" alt=\" \" \/><\/div>\n<div class=\"col-md-7 text-md-left text-center\">\n<h2>Incluye:<\/h2>\n<p class=\"text-muted\">\n<ul>\n<li>Panel\u00a0principal con cubierta de pl\u00e1stico de protectora<\/li>\n<li>Modulo WiFi integrado en placa<\/li>\n<li>Modulo IP integrado en placa<\/li>\n<\/ul>\n<p>*No incluye gabinete policarbonato(RSC109014\u00a0)<\/p>\n<p>*No incluye teclado(RSC109006\u00a0)<\/p>\n<p>*No incluye fuente (RSC109015\u00a0)<\/p>\n<\/div>\n<\/div>\n","protected":false},"excerpt":{"rendered":"<p>LightSYS+ FLEXIBLE. INTELIGENTE. POTENTE &nbsp; La nueva LightSYS+, es el panel de alarma h\u00edbrido insignia de RISCO que combina las caracter\u00edsticas y los beneficios de LightSYS y ProSYS Plus en un sistema de seguridad de alta potencia. Est\u00e1 dise\u00f1ada\u00a0para proteger cualquier tama\u00f1o o tipo de&hellip;<\/p>\n","protected":false},"featured_media":3674,"comment_status":"open","ping_status":"closed","template":"","meta":{"om_disable_all_campaigns":false,"_monsterinsights_skip_tracking":false,"_monsterinsights_sitenote_active":false,"_monsterinsights_sitenote_note":"","_monsterinsights_sitenote_category":0},"product_brand":[],"product_cat":[274],"product_tag":[212,211,151],"class_list":{"0":"post-3675","1":"product","2":"type-product","3":"status-publish","4":"has-post-thumbnail","6":"product_cat-paneles-alarmas-risco","7":"product_tag-alarmas","8":"product_tag-alarmas-e-intrusion","9":"product_tag-seguridad","11":"first","12":"instock","13":"sale","14":"taxable","15":"shipping-taxable","16":"purchasable","17":"product-type-simple"},"aioseo_notices":[],"_links":{"self":[{"href":"https:\/\/tecsecmty.com\/index.php\/wp-json\/wp\/v2\/product\/3675","targetHints":{"allow":["GET"]}}],"collection":[{"href":"https:\/\/tecsecmty.com\/index.php\/wp-json\/wp\/v2\/product"}],"about":[{"href":"https:\/\/tecsecmty.com\/index.php\/wp-json\/wp\/v2\/types\/product"}],"replies":[{"embeddable":true,"href":"https:\/\/tecsecmty.com\/index.php\/wp-json\/wp\/v2\/comments?post=3675"}],"version-history":[{"count":0,"href":"https:\/\/tecsecmty.com\/index.php\/wp-json\/wp\/v2\/product\/3675\/revisions"}],"wp:featuredmedia":[{"embeddable":true,"href":"https:\/\/tecsecmty.com\/index.php\/wp-json\/wp\/v2\/media\/3674"}],"wp:attachment":[{"href":"https:\/\/tecsecmty.com\/index.php\/wp-json\/wp\/v2\/media?parent=3675"}],"wp:term":[{"taxonomy":"product_brand","embeddable":true,"href":"https:\/\/tecsecmty.com\/index.php\/wp-json\/wp\/v2\/product_brand?post=3675"},{"taxonomy":"product_cat","embeddable":true,"href":"https:\/\/tecsecmty.com\/index.php\/wp-json\/wp\/v2\/product_cat?post=3675"},{"taxonomy":"product_tag","embeddable":true,"href":"https:\/\/tecsecmty.com\/index.php\/wp-json\/wp\/v2\/product_tag?post=3675"}],"curies":[{"name":"wp","href":"https:\/\/api.w.org\/{rel}","templated":true}]}}