{"id":3689,"date":"2023-02-23T00:23:51","date_gmt":"2023-02-23T06:23:51","guid":{"rendered":"https:\/\/tecsecmty.com\/index.php\/producto\/dahua-dhi-art-arc3000h-03-w2-kit-de-alarma-inalambrico-con-conexion-wifi-y-ethernet-monitoreo-por-app-incluye-panel-wifi-ethernet-un-sensor-de-movimiento-un-contacto-magnetico-un-control-remo\/"},"modified":"2023-03-22T23:22:30","modified_gmt":"2023-03-23T05:22:30","slug":"dahua-dhi-art-arc3000h-03-w2-kit-de-alarma-inalambrico-con-conexion-wifi-y-ethernet-monitoreo-por-app-incluye-panel-wifi-ethernet-un-sensor-de-movimiento-un-contacto-magnetico-un-control-remo","status":"publish","type":"product","link":"https:\/\/tecsecmty.com\/index.php\/producto\/dahua-dhi-art-arc3000h-03-w2-kit-de-alarma-inalambrico-con-conexion-wifi-y-ethernet-monitoreo-por-app-incluye-panel-wifi-ethernet-un-sensor-de-movimiento-un-contacto-magnetico-un-control-remo\/","title":{"rendered":"DAHUA DHI-ART-ARC3000H-03-W2 &#8211; Kit de Alarma Inal\u00e1mbrico con Conexi\u00f3n Wifi y Ethernet \/ Monitoreo por APP \/ Incluye Panel WiFi Ethernet; Un Sensor de Movimiento; Un Contacto Magn\u00e9tico; Un Control Remoto\/ #AlarmasDahua"},"content":{"rendered":"<h5 class=\"card-title text-center\">Informaci\u00f3n General<\/h5>\n<h2 class=\"ql-align-center\"><strong>Kit de Panel de Alarma de Intrusi\u00f3n Inal\u00e1mbrico (HUB)<\/strong><\/h2>\n<h2 class=\"ql-align-center\">Red por cable Ethernet o WiFi<\/h2>\n<p class=\"ql-align-justify\">Un dise\u00f1o completamente actual y un sistema tecnol\u00f3gico avanzado hacen que la nueva generaci\u00f3n de productos de alarma de intrusi\u00f3n inal\u00e1mbrica por medio de un HUB, sea mucho m\u00e1s f\u00e1cil de instalar, se vea mejor, se comunique de manera m\u00e1s confiable y funcione de manera estable. Desde la comodidad de las aplicaciones m\u00f3viles DMSS (iOS y Android), administre y controle sus dispositivos, reciba notificaciones en tiempo real, realice operaciones remotas y m\u00e1s.<\/p>\n<p>El kit contiene un concentrador de alarma de intrusi\u00f3n (HUB) modelo DHI-ARC3000H-W2 para comunicaciones por cable Ethernet o WiFi, un Sensor de Movimiento modelo DHI-ARD1233-W2, un Contacto Magn\u00e9tico modelo DHI-ARD323-W2 y un Control Remoto DHI-ARA24-W2<\/p>\n<h3>Caracter\u00edsticas Principales<\/h3>\n<ul>\n<li>Conexi\u00f3n del HUB por medio de red Ethernet por cable, o WiFi<\/li>\n<li>Admite 150 perif\u00e9ricos inal\u00e1mbricos (6 sirenas, 64 llaveros inal\u00e1mbricos).<\/li>\n<li>Visualizaci\u00f3n del estado de los perif\u00e9ricos (intensidad de la se\u00f1al, nivel de bater\u00eda, temperatura, versi\u00f3n del programa).<\/li>\n<li>Reposici\u00f3n autom\u00e1tica de red (ANR).<\/li>\n<li>Enlace de video en la aplicaci\u00f3n.<\/li>\n<li>Alarma de emergencia SOS.<\/li>\n<li>La funci\u00f3n de salto de frecuencia y la tecnolog\u00eda de comunicaci\u00f3n bidireccional garantizan la estabilidad de la comunicaci\u00f3n.<\/li>\n<li>Actualizaci\u00f3n en la nube y recuperaci\u00f3n autom\u00e1tica de fallas de actualizaci\u00f3n.<\/li>\n<\/ul>\n<p><img decoding=\"async\" class=\"overview-center-img-web\" src=\"https:\/\/tvc.mx\/media\/497664\/kit-de-alarma-inalambrico-con-conexion-4g-wifi-monitoreo-por-app-ART-ARC3000H-03-W2-Dahua.png\" alt=\"\" \/><\/p>\n<div class=\"col-md-5\"><img decoding=\"async\" class=\"d-block m-auto img-thumbnail aligncenter\" src=\"https:\/\/tvc.mx\/media\/496546\/protecci%C3%B3n-inteligente.png\" alt=\" \" \/><\/div>\n<div class=\"col-md-7 text-md-left text-center\">\n<h2>Protecci\u00f3n inteligente<\/h2>\n<p class=\"text-muted\">\n<p>Con la funci\u00f3n de salto de frecuencia (433,1 MHz\u2013434,6 MHz) y tecnolog\u00eda de comunicaci\u00f3n bidireccional encriptada en AES128, garantiza la estabilidad de la comunicaci\u00f3n. Adem\u00e1s, el dar de alta los dispositivos a trav\u00e9s de la App\u00a0DMSS\u00a0por medio de\u00a0c\u00f3digo\u00a0QR, hace muy sencilla la instalaci\u00f3n del sistema de alarma y sus dispositivos.<\/p>\n<p>La mayor\u00eda de los dispositivos cuentan con Indicador led de status de alarma,\u00a0tamper antisabotaje, medici\u00f3n y alarma de bater\u00eda baja del dispositivo, medici\u00f3n de temperatura ambiente, detecci\u00f3n de intensidad de se\u00f1al, Vinculaci\u00f3n Alarma &#8211; Sirena cuando se activa una alarma, Integraci\u00f3n Alarma &#8211; Video a trav\u00e9s de la App\u00a0DMSS\u00a0cuando se activa una alarma, configuraci\u00f3n remota, actualizaci\u00f3n en la nube y comprobaci\u00f3n del estado a trav\u00e9s de la aplicaci\u00f3n m\u00f3vil.<\/p>\n<div class=\"col-md-5 order-md-2\"><img decoding=\"async\" class=\"d-block m-auto img-thumbnail\" src=\"https:\/\/tvc.mx\/media\/496548\/kit-de-alarma-inalambrico-con-conexion-4g-wifi-monitoreo-por-app-ART-ARC3000H-03-FW2-Dahua-caracteristicas.png\" alt=\" \" \/><\/div>\n<div class=\"col-md-7 order-md-1 text-md-left text-center\">\n<h2>Especificaciones<\/h2>\n<p class=\"text-muted\">\n<ul>\n<li>Dimensiones empaque 219,0 mm \u00d7 187,0 mm \u00d7 91,0 mm (Largo \u00d7 Ancho \u00d7 Alto)<\/li>\n<li>Peso Bruto 1,150 g<\/li>\n<li>Carcasa de policarbonato y pl\u00e1stico ABS color blanco<\/li>\n<li>Funci\u00f3n de salto de frecuencia (433,1 MHz\u2013434,6 MHz) y tecnolog\u00eda de comunicaci\u00f3n bidireccional encriptada en AES128 garantizando la estabilidad de la comunicaci\u00f3n<\/li>\n<li>Actualizaci\u00f3n en la nube y recuperaci\u00f3n autom\u00e1tica de errores de actualizaci\u00f3n<\/li>\n<\/ul>\n<p>(Especificaciones en particular de cada dispositivo en su respectiva p\u00e1gina)<\/p>\n<\/div>\n<\/div>\n<div id=\"product-details-container\" class=\"container-fluid mb-1\">\n<div class=\"tab-content\">\n<div id=\"overviews\" class=\"tab-pane fade show active\" role=\"tabpanel\">\n<div class=\"container-fluid padding-bottom-2x mb-2\">\n<div class=\"row align-items-center padding-bottom-2x\">\n<div class=\"col-md-5\"><img decoding=\"async\" class=\"d-block m-auto img-thumbnail\" src=\"https:\/\/tvc.mx\/media\/496546\/protecci%C3%B3n-inteligente.png\" alt=\" \" \/><\/div>\n<div class=\"col-md-7 text-md-left text-center\">\n<h2>Protecci\u00f3n inteligente<\/h2>\n<p class=\"text-muted\">\n<p>Con la funci\u00f3n de salto de frecuencia (433,1 MHz\u2013434,6 MHz) y tecnolog\u00eda de comunicaci\u00f3n bidireccional encriptada en AES128, garantiza la estabilidad de la comunicaci\u00f3n. Adem\u00e1s, el dar de alta los dispositivos a trav\u00e9s de la App\u00a0DMSS\u00a0por medio de\u00a0c\u00f3digo\u00a0QR, hace muy sencilla la instalaci\u00f3n del sistema de alarma y sus dispositivos.<\/p>\n<p>La mayor\u00eda de los dispositivos cuentan con Indicador led de status de alarma,\u00a0tamper antisabotaje, medici\u00f3n y alarma de bater\u00eda baja del dispositivo, medici\u00f3n de temperatura ambiente, detecci\u00f3n de intensidad de se\u00f1al, Vinculaci\u00f3n Alarma &#8211; Sirena cuando se activa una alarma, Integraci\u00f3n Alarma &#8211; Video a trav\u00e9s de la App\u00a0DMSS\u00a0cuando se activa una alarma, configuraci\u00f3n remota, actualizaci\u00f3n en la nube y comprobaci\u00f3n del estado a trav\u00e9s de la aplicaci\u00f3n m\u00f3vil.<\/p>\n<p>&nbsp;<\/p>\n<\/div>\n<\/div>\n<hr class=\"padding-bottom-2x\" \/>\n<div class=\"row align-items-center padding-bottom-2x\">\n<div class=\"col-md-5 order-md-2\"><img decoding=\"async\" class=\"d-block m-auto img-thumbnail\" src=\"https:\/\/tvc.mx\/media\/496548\/kit-de-alarma-inalambrico-con-conexion-4g-wifi-monitoreo-por-app-ART-ARC3000H-03-FW2-Dahua-caracteristicas.png\" alt=\" \" \/><\/div>\n<div class=\"col-md-7 order-md-1 text-md-left text-center\">\n<h2>Especificaciones<\/h2>\n<p class=\"text-muted\">\n<ul>\n<li>Dimensiones empaque 219,0 mm \u00d7 187,0 mm \u00d7 91,0 mm (Largo \u00d7 Ancho \u00d7 Alto)<\/li>\n<li>Peso Bruto 1,150 g<\/li>\n<li>Carcasa de policarbonato y pl\u00e1stico ABS color blanco<\/li>\n<li>Funci\u00f3n de salto de frecuencia (433,1 MHz\u2013434,6 MHz) y tecnolog\u00eda de comunicaci\u00f3n bidireccional encriptada en AES128 garantizando la estabilidad de la comunicaci\u00f3n<\/li>\n<li>Actualizaci\u00f3n en la nube y recuperaci\u00f3n autom\u00e1tica de errores de actualizaci\u00f3n<\/li>\n<\/ul>\n<p>(Especificaciones en particular de cada dispositivo en su respectiva p\u00e1gina)<\/p>\n<p>&nbsp;<\/p>\n<\/div>\n<\/div>\n<\/div>\n<\/div>\n<\/div>\n<\/div>\n<div class=\"container padding-bottom-3x mb-1\"><\/div>\n","protected":false},"excerpt":{"rendered":"<p>Informaci\u00f3n General Kit de Panel de Alarma de Intrusi\u00f3n Inal\u00e1mbrico (HUB) Red por cable Ethernet o WiFi Un dise\u00f1o completamente actual y un sistema tecnol\u00f3gico avanzado hacen que la nueva generaci\u00f3n de productos de alarma de intrusi\u00f3n inal\u00e1mbrica por medio de un HUB, sea mucho&hellip;<\/p>\n","protected":false},"featured_media":3688,"comment_status":"open","ping_status":"closed","template":"","meta":{"om_disable_all_campaigns":false,"_monsterinsights_skip_tracking":false,"_monsterinsights_sitenote_active":false,"_monsterinsights_sitenote_note":"","_monsterinsights_sitenote_category":0},"product_brand":[],"product_cat":[276],"product_tag":[212,211,151],"class_list":{"0":"post-3689","1":"product","2":"type-product","3":"status-publish","4":"has-post-thumbnail","6":"product_cat-paquetes-de-alarma-alarmas-dahua-alarmas-intrusion","7":"product_tag-alarmas","8":"product_tag-alarmas-e-intrusion","9":"product_tag-seguridad","11":"first","12":"instock","13":"sale","14":"taxable","15":"shipping-taxable","16":"purchasable","17":"product-type-simple"},"aioseo_notices":[],"_links":{"self":[{"href":"https:\/\/tecsecmty.com\/index.php\/wp-json\/wp\/v2\/product\/3689","targetHints":{"allow":["GET"]}}],"collection":[{"href":"https:\/\/tecsecmty.com\/index.php\/wp-json\/wp\/v2\/product"}],"about":[{"href":"https:\/\/tecsecmty.com\/index.php\/wp-json\/wp\/v2\/types\/product"}],"replies":[{"embeddable":true,"href":"https:\/\/tecsecmty.com\/index.php\/wp-json\/wp\/v2\/comments?post=3689"}],"version-history":[{"count":0,"href":"https:\/\/tecsecmty.com\/index.php\/wp-json\/wp\/v2\/product\/3689\/revisions"}],"wp:featuredmedia":[{"embeddable":true,"href":"https:\/\/tecsecmty.com\/index.php\/wp-json\/wp\/v2\/media\/3688"}],"wp:attachment":[{"href":"https:\/\/tecsecmty.com\/index.php\/wp-json\/wp\/v2\/media?parent=3689"}],"wp:term":[{"taxonomy":"product_brand","embeddable":true,"href":"https:\/\/tecsecmty.com\/index.php\/wp-json\/wp\/v2\/product_brand?post=3689"},{"taxonomy":"product_cat","embeddable":true,"href":"https:\/\/tecsecmty.com\/index.php\/wp-json\/wp\/v2\/product_cat?post=3689"},{"taxonomy":"product_tag","embeddable":true,"href":"https:\/\/tecsecmty.com\/index.php\/wp-json\/wp\/v2\/product_tag?post=3689"}],"curies":[{"name":"wp","href":"https:\/\/api.w.org\/{rel}","templated":true}]}}