{"id":3693,"date":"2023-02-23T00:23:57","date_gmt":"2023-02-23T06:23:57","guid":{"rendered":"https:\/\/tecsecmty.com\/index.php\/producto\/dsc-neo-rf-lcd-sb-10-pack-10-paquetes-neo-rf-lcd-sb-neo-con-32-zonas-inalambricas-panel-hs2032-teclado-lcd-alfanumerico-rf-hs2lcdrf9-n-gabinete-contacto-magneticos-inalambricos-pg9303-detector-de\/"},"modified":"2023-03-22T23:23:20","modified_gmt":"2023-03-23T05:23:20","slug":"dsc-neo-rf-lcd-sb-10-pack-10-paquetes-neo-rf-lcd-sb-neo-con-32-zonas-inalambricas-panel-hs2032-teclado-lcd-alfanumerico-rf-hs2lcdrf9-n-gabinete-contacto-magneticos-inalambricos-pg9303-detector-de","status":"publish","type":"product","link":"https:\/\/tecsecmty.com\/index.php\/producto\/dsc-neo-rf-lcd-sb-10-pack-10-paquetes-neo-rf-lcd-sb-neo-con-32-zonas-inalambricas-panel-hs2032-teclado-lcd-alfanumerico-rf-hs2lcdrf9-n-gabinete-contacto-magneticos-inalambricos-pg9303-detector-de\/","title":{"rendered":"DSC NEO-RF-LCD-SB 10 PACK &#8211; 10 Paquetes NEO-RF-LCD-SB NEO con 32 Zonas Inal\u00e1mbricas \/ Panel HS2032\/ Teclado LCD Alfanum\u00e9rico RF HS2LCDRF9 N Gabinete Contacto Magn\u00e9ticos Inal\u00e1mbricos PG9303 Detector de Movimiento PG9914 Transformador #PLANDEBENEFICIOS"},"content":{"rendered":"<h1 class=\"product-name\">DSC NEO-RF-LCD-SB 10 PACK &#8211; 10 Paquetes NEO-RF-LCD-SB NEO con 32 Zonas Inal\u00e1mbricas \/ Panel HS2032\/ Teclado LCD Alfanum\u00e9rico RF HS2LCDRF9 N Gabinete Contacto Magn\u00e9ticos Inal\u00e1mbricos PG9303 Detector de Movimiento PG9914 Transformador #PLANDEBENEFICIOS<\/h1>\n<div class=\"product-detail\">\n<div>\n<div class=\"front\">\n<div class=\"item cols-9 clearfix\">\n<div class=\"imagen-modelo-centrado\">\n<div class=\"product-gallery\">\n<div class=\"product-image\">\n<div id=\"wrap\"><a id=\"zoom1\" class=\"cloud-zoom 1\" href=\"http:\/\/fasyl.tvc.mx\/media\/497554\/10-DSC-NEO-RF-LCD----Paquete-NEO-con-32-Zonas-Inal%C3%A1mbricas-min-%281%29.png\" rel=\"position:'right',zoomWidth:800,zoomHeight:800,showTitle: false, adjustX:0, adjustY:0\"><img decoding=\"async\" id=\"bigpic\" src=\"http:\/\/fasyl.tvc.mx\/media\/497554\/10-DSC-NEO-RF-LCD----Paquete-NEO-con-32-Zonas-Inal%C3%A1mbricas-min-%281%29.png\" alt=\"DSC  NEO-RF-LCD-SB 10 PACK - 10 Paquetes NEO-RF-LCD-SB  NEO con 32 Zonas Inal\u00e1mbricas \/ Panel HS2032\/ Teclado LCD Alfanum\u00e9rico RF HS2LCDRF9 N  Gabinete Contacto Magn\u00e9ticos Inal\u00e1mbricos PG9303 Detector de Movimiento PG9914  Transformador #PLANDEBENEFICIOS\" height=\"250\" \/><\/a><\/div>\n<\/div>\n<\/div>\n<\/div>\n<\/div>\n<\/div>\n<\/div>\n<\/div>\n","protected":false},"excerpt":{"rendered":"<p>DSC NEO-RF-LCD-SB 10 PACK &#8211; 10 Paquetes NEO-RF-LCD-SB NEO con 32 Zonas Inal\u00e1mbricas \/ Panel HS2032\/ Teclado LCD Alfanum\u00e9rico RF HS2LCDRF9 N Gabinete Contacto Magn\u00e9ticos Inal\u00e1mbricos PG9303 Detector de Movimiento PG9914 Transformador #PLANDEBENEFICIOS<\/p>\n","protected":false},"featured_media":3692,"comment_status":"open","ping_status":"closed","template":"","meta":{"om_disable_all_campaigns":false,"_monsterinsights_skip_tracking":false,"_monsterinsights_sitenote_active":false,"_monsterinsights_sitenote_note":"","_monsterinsights_sitenote_category":0},"product_brand":[],"product_cat":[277],"product_tag":[212,211,151],"class_list":{"0":"post-3693","1":"product","2":"type-product","3":"status-publish","4":"has-post-thumbnail","6":"product_cat-paquetes-de-alarma-alarmas-dsc","7":"product_tag-alarmas","8":"product_tag-alarmas-e-intrusion","9":"product_tag-seguridad","11":"first","12":"instock","13":"sale","14":"taxable","15":"shipping-taxable","16":"purchasable","17":"product-type-simple"},"aioseo_notices":[],"_links":{"self":[{"href":"https:\/\/tecsecmty.com\/index.php\/wp-json\/wp\/v2\/product\/3693","targetHints":{"allow":["GET"]}}],"collection":[{"href":"https:\/\/tecsecmty.com\/index.php\/wp-json\/wp\/v2\/product"}],"about":[{"href":"https:\/\/tecsecmty.com\/index.php\/wp-json\/wp\/v2\/types\/product"}],"replies":[{"embeddable":true,"href":"https:\/\/tecsecmty.com\/index.php\/wp-json\/wp\/v2\/comments?post=3693"}],"version-history":[{"count":0,"href":"https:\/\/tecsecmty.com\/index.php\/wp-json\/wp\/v2\/product\/3693\/revisions"}],"wp:featuredmedia":[{"embeddable":true,"href":"https:\/\/tecsecmty.com\/index.php\/wp-json\/wp\/v2\/media\/3692"}],"wp:attachment":[{"href":"https:\/\/tecsecmty.com\/index.php\/wp-json\/wp\/v2\/media?parent=3693"}],"wp:term":[{"taxonomy":"product_brand","embeddable":true,"href":"https:\/\/tecsecmty.com\/index.php\/wp-json\/wp\/v2\/product_brand?post=3693"},{"taxonomy":"product_cat","embeddable":true,"href":"https:\/\/tecsecmty.com\/index.php\/wp-json\/wp\/v2\/product_cat?post=3693"},{"taxonomy":"product_tag","embeddable":true,"href":"https:\/\/tecsecmty.com\/index.php\/wp-json\/wp\/v2\/product_tag?post=3693"}],"curies":[{"name":"wp","href":"https:\/\/api.w.org\/{rel}","templated":true}]}}