{"id":3697,"date":"2023-02-23T00:24:00","date_gmt":"2023-02-23T06:24:00","guid":{"rendered":"https:\/\/tecsecmty.com\/index.php\/producto\/dsc-cer-pro-paquete-de-certificacion-dsc-para-power-series-pro\/"},"modified":"2023-03-22T23:23:16","modified_gmt":"2023-03-23T05:23:16","slug":"dsc-cer-pro-paquete-de-certificacion-dsc-para-power-series-pro","status":"publish","type":"product","link":"https:\/\/tecsecmty.com\/index.php\/producto\/dsc-cer-pro-paquete-de-certificacion-dsc-para-power-series-pro\/","title":{"rendered":"DSC CER-PRO &#8211; Paquete De Certificaci\u00f3n DSC Para POWER SERIES PRO"},"content":{"rendered":"<h5 class=\"card-title text-center\">PowerSeries Pro<\/h5>\n<p>Es un sistema de alarma escalable con un gran n\u00famero de funciones, dise\u00f1ado para uso comercial. Cuenta con comunicadores integrados de l\u00ednea telef\u00f3nica y Ethernet (IP)<\/p>\n<p><img decoding=\"async\" class=\"overview-center-img-web\" src=\"https:\/\/tvc.mx\/media\/483240\/DSC-POWERSeries-Pro-5-%281%29.png\" alt=\"\" \/><\/p>\n","protected":false},"excerpt":{"rendered":"<p>PowerSeries Pro Es un sistema de alarma escalable con un gran n\u00famero de funciones, dise\u00f1ado para uso comercial. Cuenta con comunicadores integrados de l\u00ednea telef\u00f3nica y Ethernet (IP)<\/p>\n","protected":false},"featured_media":3696,"comment_status":"open","ping_status":"closed","template":"","meta":{"om_disable_all_campaigns":false,"_monsterinsights_skip_tracking":false,"_monsterinsights_sitenote_active":false,"_monsterinsights_sitenote_note":"","_monsterinsights_sitenote_category":0},"product_brand":[],"product_cat":[277],"product_tag":[212,211,151],"class_list":{"0":"post-3697","1":"product","2":"type-product","3":"status-publish","4":"has-post-thumbnail","6":"product_cat-paquetes-de-alarma-alarmas-dsc","7":"product_tag-alarmas","8":"product_tag-alarmas-e-intrusion","9":"product_tag-seguridad","11":"first","12":"instock","13":"sale","14":"taxable","15":"shipping-taxable","16":"purchasable","17":"product-type-simple"},"aioseo_notices":[],"_links":{"self":[{"href":"https:\/\/tecsecmty.com\/index.php\/wp-json\/wp\/v2\/product\/3697","targetHints":{"allow":["GET"]}}],"collection":[{"href":"https:\/\/tecsecmty.com\/index.php\/wp-json\/wp\/v2\/product"}],"about":[{"href":"https:\/\/tecsecmty.com\/index.php\/wp-json\/wp\/v2\/types\/product"}],"replies":[{"embeddable":true,"href":"https:\/\/tecsecmty.com\/index.php\/wp-json\/wp\/v2\/comments?post=3697"}],"version-history":[{"count":0,"href":"https:\/\/tecsecmty.com\/index.php\/wp-json\/wp\/v2\/product\/3697\/revisions"}],"wp:featuredmedia":[{"embeddable":true,"href":"https:\/\/tecsecmty.com\/index.php\/wp-json\/wp\/v2\/media\/3696"}],"wp:attachment":[{"href":"https:\/\/tecsecmty.com\/index.php\/wp-json\/wp\/v2\/media?parent=3697"}],"wp:term":[{"taxonomy":"product_brand","embeddable":true,"href":"https:\/\/tecsecmty.com\/index.php\/wp-json\/wp\/v2\/product_brand?post=3697"},{"taxonomy":"product_cat","embeddable":true,"href":"https:\/\/tecsecmty.com\/index.php\/wp-json\/wp\/v2\/product_cat?post=3697"},{"taxonomy":"product_tag","embeddable":true,"href":"https:\/\/tecsecmty.com\/index.php\/wp-json\/wp\/v2\/product_tag?post=3697"}],"curies":[{"name":"wp","href":"https:\/\/api.w.org\/{rel}","templated":true}]}}