{"id":3703,"date":"2023-02-23T00:24:06","date_gmt":"2023-02-23T06:24:06","guid":{"rendered":"https:\/\/tecsecmty.com\/index.php\/producto\/dsc-neo-rf-alfa-kit-neo-32-zonas-inalambricas-panel-hs2032-teclado-alfanumerico-hs2lcdrf9n-fuente-ptc1640u-gabinete-gmx003\/"},"modified":"2023-03-22T23:23:19","modified_gmt":"2023-03-23T05:23:19","slug":"dsc-neo-rf-alfa-kit-neo-32-zonas-inalambricas-panel-hs2032-teclado-alfanumerico-hs2lcdrf9n-fuente-ptc1640u-gabinete-gmx003","status":"publish","type":"product","link":"https:\/\/tecsecmty.com\/index.php\/producto\/dsc-neo-rf-alfa-kit-neo-32-zonas-inalambricas-panel-hs2032-teclado-alfanumerico-hs2lcdrf9n-fuente-ptc1640u-gabinete-gmx003\/","title":{"rendered":"DSC NEO RF ALFA &#8211; Kit Neo 32 Zonas Inal\u00e1mbricas Panel HS2032\/ \/ Teclado Alfanumerico HS2LCDRF9N\/ Fuente PTC1640U \/ Gabinete GMX003"},"content":{"rendered":"<h5 class=\"card-title text-center\">Paquete<\/h5>\n<h4>PAQUETE DE COMPONENTES PRINCIPALES<\/h4>\n<h5><\/h5>\n<h5><strong>PANEL, TECLADO LCD ALFANUM\u00c9RICO CON TRANSCEPTOR, GABINETE y FUENTE.<\/strong><\/h5>\n<p class=\"ql-align-justify\">PowerSeries Neo es un sistema de alarma escalable, con numerosas funciones, dise\u00f1ado para uso residencial y comercial. Y con teclado LCD Alfanum\u00e9rico con transceptor integrado, compatible con dispositivos cableados e inal\u00e1mbricos.<\/p>\n<p class=\"ql-align-justify\">Posibilidad con estos componentes fortalecer tu oferta de negocio e ir brindando las soluciones a los clientes finales.<\/p>\n<p><img decoding=\"async\" class=\"overview-center-img-web\" src=\"https:\/\/tvc.mx\/media\/396911\/DSC2480043.png\" alt=\"\" \/><\/p>\n<div class=\"col-md-5\"><img decoding=\"async\" class=\"d-block m-auto img-thumbnail\" src=\"https:\/\/tvc.mx\/media\/396931\/HS2032PCB.png\" alt=\" \" \/><\/div>\n<div class=\"col-md-7 text-md-left text-center\">\n<h2>HS2032PCB<\/h2>\n<p class=\"text-muted\">\n<h2><strong>Caracter\u00edsticas<\/strong><\/h2>\n<ul data-checked=\"false\">\n<li>Compatible con 32 zonas inal\u00e1mbricas y 8 zonas cableadas disponibles en el controlador.<\/li>\n<li>Compatible con 8 teclados inal\u00e1mbricos o cableados.<\/li>\n<li>Compatible hasta 32 llaves inal\u00e1mbricas o controles colgantes de p\u00e1nico separados.<\/li>\n<li>Compatible hasta 71 tarjetas de proximidad separadas, adem\u00e1s de un c\u00f3digo maestro.<\/li>\n<li>Memoria de hasta 500 eventos de seguridad personal.<\/li>\n<li>2 salidas de programaci\u00f3n (PGM)<\/li>\n<li>4 particiones totalmente independientes, cada una de ellas con su propio c\u00f3digo de cuenta.<\/li>\n<li>Comunicaci\u00f3n en 2 v\u00edas<\/li>\n<li>Salida de sirena integrada<\/li>\n<li>Soporta bater\u00eda de\u00a012VCD\u00a0de \u00e1cido de plomo a tipo Gel.\n<div class=\"col-md-5 order-md-2\"><img decoding=\"async\" class=\"d-block m-auto img-thumbnail\" src=\"https:\/\/tvc.mx\/media\/396935\/HS2LCDRF9N.png\" alt=\" \" \/><\/div>\n<div class=\"col-md-7 order-md-1 text-md-left text-center\">\n<h2>HS2LCDRF9N<\/h2>\n<p class=\"text-muted\">\n<h2><strong>Principales Caracter\u00edsticas<\/strong><\/h2>\n<ul>\n<li>Soporte de 6 idiomas<\/li>\n<li>Transceptor integrado para zonas inal\u00e1mbricas<\/li>\n<li>Frecuencia de 915 MHz<\/li>\n<li>Estado de partici\u00f3n global<\/li>\n<li>Se admiten hasta 128 zonas cableadas o inal\u00e1mbricas<\/li>\n<li>Etiquetas programables completas de 32 caracteres<\/li>\n<li>Programaci\u00f3n de men\u00fa<\/li>\n<li>Teclado horizontal moderno y delgado<\/li>\n<li>Teclas retroiluminadas blancas<\/li>\n<li>Pantalla LCD azul<\/li>\n<li>Muestra la temperatura exterior<\/li>\n<li>5 teclas de funci\u00f3n programables<\/li>\n<li>Programaci\u00f3n intuitiva del reloj<\/li>\n<li>Terminal de entrada \/ salida<\/li>\n<li>Llaves de incendio, m\u00e9dicas y de p\u00e1nico.<\/li>\n<li>Luz de fondo ajustable y teclado zumbador<\/li>\n<li>Sabotaje doble de montaje en pared y tapa frontal<\/li>\n<li>Disponible con teclas de funci\u00f3n en ingl\u00e9s<\/li>\n<li>Tecnolog\u00eda multicanal de amplio espectro con salto de frecuencia &#8211; para evitar el bloqueo de frecuencia e interferencias<\/li>\n<li>Potencia de transmisi\u00f3n adaptativa &#8211; para preservar la vida \u00fatil de la bater\u00eda<\/li>\n<li>Gran alcance de transmisi\u00f3n &#8211; para comunicaci\u00f3n confiable dentro de los 2km\/2187 yardas con l\u00ednea de vista<\/li>\n<li>Tecnolog\u00eda de comunicaci\u00f3n sincr\u00f3nica TDMA &#8211; para prevenir colisiones entre mensajes<\/li>\n<li>Encriptaci\u00f3n AES de 128 bits &#8211; alto nivel de protecci\u00f3n contra m\u00e9todos de an\u00e1lisis y ataques digitales\n<div class=\"row align-items-center padding-bottom-2x\">\n<div class=\"col-md-5\"><img decoding=\"async\" class=\"d-block m-auto img-thumbnail\" src=\"https:\/\/tvc.mx\/media\/397071\/AV-GMX003.png\" alt=\" \" \/><\/div>\n<div class=\"col-md-7 text-md-left text-center\">\n<h2>AV GMX003<\/h2>\n<p class=\"text-muted\">\n<p>Gabinete grande con perforaciones para instalar en superficie, ideal para los paneles de alarma de la serie Power y NEO, capacidad para alojar panel y hasta tres m\u00f3dulos m\u00e1s.<\/p>\n<h2><strong>Principales Caracter\u00edsticas<\/strong><\/h2>\n<h4>DESCRIPCI\u00d3N T\u00c9CNICA<\/h4>\n<p>Material del metal,<\/p>\n<p>Dimensiones 24.8 X 29.8 X 7.6 cm<\/p>\n<h4>BENEFICIOS ADICIONALES<\/h4>\n<p>&#8211; Barrenos para soportes de tarjetas<\/p>\n<p>&#8211; Montaje en pared<\/p>\n<h4>PARA QUE SIRVE<\/h4>\n<p>Los gabinetes albergan los m\u00f3dulos y paneles de alarma, se protegen de agentes externos como agua y polvo.<\/p>\n<p>&nbsp;<\/p>\n<\/div>\n<\/div>\n<hr class=\"padding-bottom-2x\" \/>\n<div class=\"row align-items-center padding-bottom-2x\">\n<div class=\"col-md-5 order-md-2\"><img decoding=\"async\" class=\"d-block m-auto img-thumbnail\" src=\"https:\/\/tvc.mx\/media\/397087\/PTC1640U.png\" alt=\" \" \/><\/div>\n<div class=\"col-md-7 order-md-1 text-md-left text-center\">\n<h2>PTC1640U<\/h2>\n<p class=\"text-muted\">\n<p>El transformador encapsulado PTC1640U permite alimentar sistemas de alarma para toda aplicaci\u00f3n. Cuenta con protecci\u00f3n PTC para evitar que variaciones y descargas de voltaje lleguen al sistema al que est\u00e1 conectado.<\/p>\n<p>&nbsp;<\/p>\n<h2><strong>Especificaciones<\/strong><\/h2>\n<ul>\n<li>Voltaje de alimentaci\u00f3n: 120VCA, 60Hz<\/li>\n<li>Voltaje de salida: 16.5VCA, 40VA<\/li>\n<li>Tipo de conexi\u00f3n: Tornillos<\/li>\n<li>Con LED indicador<\/li>\n<\/ul>\n<\/div>\n<\/div>\n<\/li>\n<\/ul>\n<\/div>\n<\/li>\n<\/ul>\n<\/div>\n","protected":false},"excerpt":{"rendered":"<p>Paquete PAQUETE DE COMPONENTES PRINCIPALES PANEL, TECLADO LCD ALFANUM\u00c9RICO CON TRANSCEPTOR, GABINETE y FUENTE. PowerSeries Neo es un sistema de alarma escalable, con numerosas funciones, dise\u00f1ado para uso residencial y comercial. Y con teclado LCD Alfanum\u00e9rico con transceptor integrado, compatible con dispositivos cableados e inal\u00e1mbricos.&hellip;<\/p>\n","protected":false},"featured_media":3702,"comment_status":"open","ping_status":"closed","template":"","meta":{"om_disable_all_campaigns":false,"_monsterinsights_skip_tracking":false,"_monsterinsights_sitenote_active":false,"_monsterinsights_sitenote_note":"","_monsterinsights_sitenote_category":0},"product_brand":[],"product_cat":[277],"product_tag":[212,211,151],"class_list":{"0":"post-3703","1":"product","2":"type-product","3":"status-publish","4":"has-post-thumbnail","6":"product_cat-paquetes-de-alarma-alarmas-dsc","7":"product_tag-alarmas","8":"product_tag-alarmas-e-intrusion","9":"product_tag-seguridad","11":"first","12":"instock","13":"sale","14":"taxable","15":"shipping-taxable","16":"purchasable","17":"product-type-simple"},"aioseo_notices":[],"_links":{"self":[{"href":"https:\/\/tecsecmty.com\/index.php\/wp-json\/wp\/v2\/product\/3703","targetHints":{"allow":["GET"]}}],"collection":[{"href":"https:\/\/tecsecmty.com\/index.php\/wp-json\/wp\/v2\/product"}],"about":[{"href":"https:\/\/tecsecmty.com\/index.php\/wp-json\/wp\/v2\/types\/product"}],"replies":[{"embeddable":true,"href":"https:\/\/tecsecmty.com\/index.php\/wp-json\/wp\/v2\/comments?post=3703"}],"version-history":[{"count":0,"href":"https:\/\/tecsecmty.com\/index.php\/wp-json\/wp\/v2\/product\/3703\/revisions"}],"wp:featuredmedia":[{"embeddable":true,"href":"https:\/\/tecsecmty.com\/index.php\/wp-json\/wp\/v2\/media\/3702"}],"wp:attachment":[{"href":"https:\/\/tecsecmty.com\/index.php\/wp-json\/wp\/v2\/media?parent=3703"}],"wp:term":[{"taxonomy":"product_brand","embeddable":true,"href":"https:\/\/tecsecmty.com\/index.php\/wp-json\/wp\/v2\/product_brand?post=3703"},{"taxonomy":"product_cat","embeddable":true,"href":"https:\/\/tecsecmty.com\/index.php\/wp-json\/wp\/v2\/product_cat?post=3703"},{"taxonomy":"product_tag","embeddable":true,"href":"https:\/\/tecsecmty.com\/index.php\/wp-json\/wp\/v2\/product_tag?post=3703"}],"curies":[{"name":"wp","href":"https:\/\/api.w.org\/{rel}","templated":true}]}}