{"id":3705,"date":"2023-02-23T00:24:07","date_gmt":"2023-02-23T06:24:07","guid":{"rendered":"https:\/\/tecsecmty.com\/index.php\/producto\/dsc-neo-starter-essentials-2-paquete-para-certificacion-tecnica-dsc-starter-essentials-solo-aplica-para-presencial-en-sucursal\/"},"modified":"2023-03-22T23:23:19","modified_gmt":"2023-03-23T05:23:19","slug":"dsc-neo-starter-essentials-2-paquete-para-certificacion-tecnica-dsc-starter-essentials-solo-aplica-para-presencial-en-sucursal","status":"publish","type":"product","link":"https:\/\/tecsecmty.com\/index.php\/producto\/dsc-neo-starter-essentials-2-paquete-para-certificacion-tecnica-dsc-starter-essentials-solo-aplica-para-presencial-en-sucursal\/","title":{"rendered":"DSC NEO STARTER ESSENTIALS 2- Paquete Para Certificaci\u00f3n T\u00e9cnica DSC (Starter-Essentials) Solo Aplica para presencial en Sucursal"},"content":{"rendered":"<h5 class=\"card-title text-center\">Incluye<\/h5>\n<ul>\n<li><strong>DSC HS2032PCBSPA<\/strong>\u00a0&#8211; SERIE NEO Panel de Alarma 8 \/ 32 Zonas<\/li>\n<li><strong>AV GMX003<\/strong>\u00a0&#8211; Gabinete Met\u00e1lico Grande PC1832 \/ HS2032 \/ HS2128 (PC5003C)<\/li>\n<li><strong>DSC HS2LCDRF9N<\/strong>\u00a0&#8211; Teclado Cableado LCD Alfanum\u00e9rico con Transceptor integrado de 32 caracteres admite 128 zonas compatible con NEO<\/li>\n<li><strong>DSC PTC1640U<\/strong>\u00a0&#8211; Transformador 16VCA \/ 40VA Fusible Interno para paneles y m\u00f3dulos de NEO, Power Series y Maxsys<\/li>\n<li><strong>SAXXON CBAT45AH<\/strong>&#8211; Bater\u00eda de respaldo de 12 volts libre de mantenimiento y f\u00e1cil instalaci\u00f3n \/ 4.5 AH\/ Compatible DSC\/ CCTV\/ Acceso<\/li>\n<li><strong>DSC TL280E<\/strong>\u00a0&#8211; NEO Comunicador de Alarma v\u00eda Internet para Panel HS2032, HS2064, HS2128, Con aplicaci\u00f3n \u00abConnectAlarm\u00bb<\/li>\n<li><strong>DSC HSM2108<\/strong>\u00a0&#8211; M\u00f3dulo Expansor de 8 Zonas Cableadas compatible con panel NEO, PRO<\/li>\n<li><strong>DSC PG9939<\/strong>\u00a0&#8211; Llavero de 4 botones programables Inal\u00e1mbrico PowerG con una quinta funci\u00f3n compatibles con NEO, PRO, Qolsys e IoTega<\/li>\n<li><strong>DSC LC100PI<\/strong>\u00a0&#8211; Detector de Movimiento infrarrojo cableado Antimascotas hasta 25 kg Normalmente Cerrado 15 m<\/li>\n<li><strong>Luz Estrobosc\u00f3pica Al\u00e1mbrica<\/strong>, 12VDC, Roja Compatible IHORN \/ RISCO \/ DSC \/ BOSCH<\/li>\n<li><strong>YLI PCB502<\/strong>\u00a0&#8211; Modulo de relevador externo \/ Para control de acceso \/ Conexiones NO \/ NC \/ COM a 12 VDC\/<\/li>\n<li><strong>DSC PG9914<\/strong>\u00a0&#8211; Detector de Movimiento Inal\u00e1mbrico con tecnolog\u00eda PowerG compatible con NEO, PRO, Qolsys e IoTega<\/li>\n<li><strong>DSC PG9935<\/strong>\u00a0&#8211; Detector de Impacto Inal\u00e1mbrico con tecnolog\u00eda PowerG compatible con NEO, PRO, Qolsys e IoTega<\/li>\n<li><strong>DSC PG9938<\/strong>\u00a0&#8211; Bot\u00f3n de P\u00e1nico Inal\u00e1mbrico con tecnolog\u00eda PowerG compatible con NEO, PRO, Qolsys e IoTega<\/li>\n<li><strong>Seco-Larm SM433TQB<\/strong>\u00a0&#8211; Contacto magn\u00e9tico CAFE de sobreponer 1-1\/4&#8243; (31mm) Gap Compatible paneles DSC \/ RISCO \/ BOSCH<\/li>\n<\/ul>\n<p><img decoding=\"async\" class=\"overview-center-img-web\" src=\"https:\/\/tvc.mx\/media\/444271\/KIT-G.png\" alt=\"\" \/><\/p>\n","protected":false},"excerpt":{"rendered":"<p>Incluye DSC HS2032PCBSPA\u00a0&#8211; SERIE NEO Panel de Alarma 8 \/ 32 Zonas AV GMX003\u00a0&#8211; Gabinete Met\u00e1lico Grande PC1832 \/ HS2032 \/ HS2128 (PC5003C) DSC HS2LCDRF9N\u00a0&#8211; Teclado Cableado LCD Alfanum\u00e9rico con Transceptor integrado de 32 caracteres admite 128 zonas compatible con NEO DSC PTC1640U\u00a0&#8211; Transformador 16VCA&hellip;<\/p>\n","protected":false},"featured_media":3704,"comment_status":"open","ping_status":"closed","template":"","meta":{"om_disable_all_campaigns":false,"_monsterinsights_skip_tracking":false,"_monsterinsights_sitenote_active":false,"_monsterinsights_sitenote_note":"","_monsterinsights_sitenote_category":0},"product_brand":[],"product_cat":[277],"product_tag":[212,211,151],"class_list":{"0":"post-3705","1":"product","2":"type-product","3":"status-publish","4":"has-post-thumbnail","6":"product_cat-paquetes-de-alarma-alarmas-dsc","7":"product_tag-alarmas","8":"product_tag-alarmas-e-intrusion","9":"product_tag-seguridad","11":"first","12":"instock","13":"sale","14":"taxable","15":"shipping-taxable","16":"purchasable","17":"product-type-simple"},"aioseo_notices":[],"_links":{"self":[{"href":"https:\/\/tecsecmty.com\/index.php\/wp-json\/wp\/v2\/product\/3705","targetHints":{"allow":["GET"]}}],"collection":[{"href":"https:\/\/tecsecmty.com\/index.php\/wp-json\/wp\/v2\/product"}],"about":[{"href":"https:\/\/tecsecmty.com\/index.php\/wp-json\/wp\/v2\/types\/product"}],"replies":[{"embeddable":true,"href":"https:\/\/tecsecmty.com\/index.php\/wp-json\/wp\/v2\/comments?post=3705"}],"version-history":[{"count":0,"href":"https:\/\/tecsecmty.com\/index.php\/wp-json\/wp\/v2\/product\/3705\/revisions"}],"wp:featuredmedia":[{"embeddable":true,"href":"https:\/\/tecsecmty.com\/index.php\/wp-json\/wp\/v2\/media\/3704"}],"wp:attachment":[{"href":"https:\/\/tecsecmty.com\/index.php\/wp-json\/wp\/v2\/media?parent=3705"}],"wp:term":[{"taxonomy":"product_brand","embeddable":true,"href":"https:\/\/tecsecmty.com\/index.php\/wp-json\/wp\/v2\/product_brand?post=3705"},{"taxonomy":"product_cat","embeddable":true,"href":"https:\/\/tecsecmty.com\/index.php\/wp-json\/wp\/v2\/product_cat?post=3705"},{"taxonomy":"product_tag","embeddable":true,"href":"https:\/\/tecsecmty.com\/index.php\/wp-json\/wp\/v2\/product_tag?post=3705"}],"curies":[{"name":"wp","href":"https:\/\/api.w.org\/{rel}","templated":true}]}}