{"id":3707,"date":"2023-02-23T00:24:09","date_gmt":"2023-02-23T06:24:09","guid":{"rendered":"https:\/\/tecsecmty.com\/index.php\/producto\/dsc-neo-icon-sb-paquete-serie-neo-con-panel-hs2032-de-8-zonas-cableadas-expandible-a-32-teclado-de-iconos-hs2icn-sensor-pir-lc-100-pi-cableado-2-contactos-blancos-cableados-transformador-gabinete\/"},"modified":"2023-03-22T23:23:19","modified_gmt":"2023-03-23T05:23:19","slug":"dsc-neo-icon-sb-paquete-serie-neo-con-panel-hs2032-de-8-zonas-cableadas-expandible-a-32-teclado-de-iconos-hs2icn-sensor-pir-lc-100-pi-cableado-2-contactos-blancos-cableados-transformador-gabinete","status":"publish","type":"product","link":"https:\/\/tecsecmty.com\/index.php\/producto\/dsc-neo-icon-sb-paquete-serie-neo-con-panel-hs2032-de-8-zonas-cableadas-expandible-a-32-teclado-de-iconos-hs2icn-sensor-pir-lc-100-pi-cableado-2-contactos-blancos-cableados-transformador-gabinete\/","title":{"rendered":"DSC NEO-ICON-SB &#8211; Paquete SERIE NEO con panel HS2032 de 8 zonas cableadas expandible a 32\/Teclado de Iconos HS2ICN \/Sensor PIR LC-100- PI Cableado\/2 contactos blancos cableados\/Transformador\/Gabinete GTVCMX003\/Sin Bater\u00eda\/#LosPrincipales"},"content":{"rendered":"<h5 class=\"card-title text-center\">Descripci\u00f3n<\/h5>\n<p>PowerSeries Neo es un sistema de alarma escalable, con numerosas funciones, dise\u00f1ado para uso residencial y comercial. El panel de alarma es compatible con dispositivos cableados e inal\u00e1mbricos.<\/p>\n<p>El panel DSC HS2032 es compatible con ocho zonas programables en placa, totalmente supervisadas. Tiene una fuente de alimentaci\u00f3n integrada y un comunicador de alarma digital supervisada e incluye la energ\u00eda auxiliar para accionar los dispositivos de detecci\u00f3n de seguridad. Una salida auxiliar de interruptor programable se utiliza para detectores de humo de 2 y 4 hilos. El controlador admite dos salidas programables, que pueden programarse como salidas de prop\u00f3sito general.<\/p>\n<p><img decoding=\"async\" class=\"overview-center-img-web\" src=\"https:\/\/tvc.mx\/media\/397435\/DSC2480035.png\" alt=\"\" \/><\/p>\n<div class=\"col-md-5\"><img decoding=\"async\" class=\"d-block m-auto img-thumbnail\" src=\"https:\/\/tvc.mx\/media\/397475\/HS2032PCB.png\" alt=\" \" \/><\/div>\n<div class=\"col-md-7 text-md-left text-center\">\n<h2>HS2032PCB<\/h2>\n<p><strong>Caracter\u00edsticas<\/strong><\/p>\n<ul>\n<li>Compatible con 32 zonas inal\u00e1mbricas y 8 zonas cableadas disponibles en el controlador.<\/li>\n<li>Compatible con 8 teclados inal\u00e1mbricos o cableados.<\/li>\n<li>Compatible hasta 32 llaves inal\u00e1mbricas o controles colgantes de p\u00e1nico separados.<\/li>\n<li>Compatible hasta 71 tarjetas de proximidad separadas, adem\u00e1s de un c\u00f3digo maestro.<\/li>\n<li>Memoria de hasta 500 eventos de seguridad personal.<\/li>\n<li>2 salidas de programaci\u00f3n (PGM)<\/li>\n<li>4 particiones totalmente independientes, cada una de ellas con su propio c\u00f3digo de cuenta.<\/li>\n<li>Comunicaci\u00f3n en 2 v\u00edas<\/li>\n<li>Salida de sirena integrada<\/li>\n<li>Soporta bater\u00eda de\u00a012VCD\u00a0de \u00e1cido de plomo a tipo Gel.<br \/>\n<hr class=\"padding-bottom-2x\" \/>\n<div class=\"row align-items-center padding-bottom-2x\">\n<div class=\"col-md-5 order-md-2\"><img decoding=\"async\" class=\"d-block m-auto img-thumbnail\" src=\"https:\/\/tvc.mx\/media\/397483\/HS2ICN.png\" alt=\" \" \/><\/div>\n<div class=\"col-md-7 order-md-1 text-md-left text-center\">\n<h2>HS2ICN<\/h2>\n<p><strong>Caracter\u00edsticas<\/strong><\/p>\n<p>\u2022 Pantalla azul en las versiones LCD e ICON<\/p>\n<p>\u2022 Botones grandes y blancos con teclado retroiluminado<\/p>\n<p>\u2022 E \/ S para zona o salida programable<\/p>\n<p>\u2022 5 teclas de funci\u00f3n programables<\/p>\n<p>\u2022 3 teclas de p\u00e1nico separadas<\/p>\n<p>\u2022 Luz de fondo ajustable y zumbador de teclado<\/p>\n<p>\u2022 M\u00faltiples campanas de puerta por zona<\/p>\n<p>\u2022 8 soporte de partici\u00f3n<\/p>\n<p>\u2022 Sabotaje de montaje delantero y trasero<\/p>\n<p>\u2022 canal de alambre<\/p>\n<p>\u2022 Bisagra de montaje f\u00e1cil de instalar.<\/p>\n<p>\u2022 Montaje en caja de superficie o de una unidad<\/p>\n<p>\u2022 Firmware remoto actualizable<\/p>\n<div class=\"col-md-5\"><\/div>\n<div class=\"col-md-7 text-md-left text-center\">\n<p class=\"ql-align-justify\">\n<hr class=\"padding-bottom-2x\" \/>\n<div class=\"row align-items-center padding-bottom-2x\">\n<div class=\"col-md-5 order-md-2\"><\/div>\n<div class=\"col-md-7 order-md-1 text-md-left text-center\">\n<p>&nbsp;<\/p>\n<\/div>\n<\/div>\n<\/div>\n<\/div>\n<\/div>\n<\/li>\n<\/ul>\n<\/div>\n","protected":false},"excerpt":{"rendered":"<p>Descripci\u00f3n PowerSeries Neo es un sistema de alarma escalable, con numerosas funciones, dise\u00f1ado para uso residencial y comercial. El panel de alarma es compatible con dispositivos cableados e inal\u00e1mbricos. El panel DSC HS2032 es compatible con ocho zonas programables en placa, totalmente supervisadas. Tiene una&hellip;<\/p>\n","protected":false},"featured_media":3706,"comment_status":"open","ping_status":"closed","template":"","meta":{"om_disable_all_campaigns":false,"_monsterinsights_skip_tracking":false,"_monsterinsights_sitenote_active":false,"_monsterinsights_sitenote_note":"","_monsterinsights_sitenote_category":0},"product_brand":[],"product_cat":[277],"product_tag":[212,211,151],"class_list":{"0":"post-3707","1":"product","2":"type-product","3":"status-publish","4":"has-post-thumbnail","6":"product_cat-paquetes-de-alarma-alarmas-dsc","7":"product_tag-alarmas","8":"product_tag-alarmas-e-intrusion","9":"product_tag-seguridad","11":"first","12":"instock","13":"sale","14":"taxable","15":"shipping-taxable","16":"purchasable","17":"product-type-simple"},"aioseo_notices":[],"_links":{"self":[{"href":"https:\/\/tecsecmty.com\/index.php\/wp-json\/wp\/v2\/product\/3707","targetHints":{"allow":["GET"]}}],"collection":[{"href":"https:\/\/tecsecmty.com\/index.php\/wp-json\/wp\/v2\/product"}],"about":[{"href":"https:\/\/tecsecmty.com\/index.php\/wp-json\/wp\/v2\/types\/product"}],"replies":[{"embeddable":true,"href":"https:\/\/tecsecmty.com\/index.php\/wp-json\/wp\/v2\/comments?post=3707"}],"version-history":[{"count":0,"href":"https:\/\/tecsecmty.com\/index.php\/wp-json\/wp\/v2\/product\/3707\/revisions"}],"wp:featuredmedia":[{"embeddable":true,"href":"https:\/\/tecsecmty.com\/index.php\/wp-json\/wp\/v2\/media\/3706"}],"wp:attachment":[{"href":"https:\/\/tecsecmty.com\/index.php\/wp-json\/wp\/v2\/media?parent=3707"}],"wp:term":[{"taxonomy":"product_brand","embeddable":true,"href":"https:\/\/tecsecmty.com\/index.php\/wp-json\/wp\/v2\/product_brand?post=3707"},{"taxonomy":"product_cat","embeddable":true,"href":"https:\/\/tecsecmty.com\/index.php\/wp-json\/wp\/v2\/product_cat?post=3707"},{"taxonomy":"product_tag","embeddable":true,"href":"https:\/\/tecsecmty.com\/index.php\/wp-json\/wp\/v2\/product_tag?post=3707"}],"curies":[{"name":"wp","href":"https:\/\/api.w.org\/{rel}","templated":true}]}}