{"id":3715,"date":"2023-02-23T00:24:19","date_gmt":"2023-02-23T06:24:19","guid":{"rendered":"https:\/\/tecsecmty.com\/index.php\/producto\/dsc-neo-rf-lcd-ip-sb-paquete-neo-32-zonas-inalambricas-panel-hs2032-comunicador-tl280e-teclado-alfanumerico-con-transceptor-hs2lcdrf9n-2-contactos-pg9303-sensor-inalambrico-pg9914-fuente-ptc1640u-gabi\/"},"modified":"2023-03-22T23:23:19","modified_gmt":"2023-03-23T05:23:19","slug":"dsc-neo-rf-lcd-ip-sb-paquete-neo-32-zonas-inalambricas-panel-hs2032-comunicador-tl280e-teclado-alfanumerico-con-transceptor-hs2lcdrf9n-2-contactos-pg9303-sensor-inalambrico-pg9914-fuente-ptc1640u-gabi","status":"publish","type":"product","link":"https:\/\/tecsecmty.com\/index.php\/producto\/dsc-neo-rf-lcd-ip-sb-paquete-neo-32-zonas-inalambricas-panel-hs2032-comunicador-tl280e-teclado-alfanumerico-con-transceptor-hs2lcdrf9n-2-contactos-pg9303-sensor-inalambrico-pg9914-fuente-ptc1640u-gabi\/","title":{"rendered":"DSC NEO-RF-LCD-IP-SB Paquete NEO 32 Zonas Inal\u00e1mbricas\/Panel HS2032\/Comunicador TL280E\/Teclado ALFANUM\u00c9RICO con TRANSCEPTOR HS2LCDRF9N\/2 Contactos PG9303\/Sensor Inal\u00e1mbrico PG9914\/Fuente PTC1640U\/Gabinete \/Sin Bater\u00eda\/#LosPrincipales"},"content":{"rendered":"<h5 class=\"card-title text-center\">DSC2480044<\/h5>\n<h4 class=\"ql-align-center\">KIT POWER SERIES NEO<\/h4>\n<p class=\"ql-align-justify\">PowerSeries Neo es un sistema de alarma escalable, con numerosas funciones, dise\u00f1ado para uso residencial y comercial. Y con teclado LCD Alfanum\u00e9rico con transceptor integrado, compatible con dispositivos cableados e inal\u00e1mbricos.<\/p>\n<p class=\"ql-align-justify\">Posibilidad con estos componentes fortalecer tu oferta de negocio e ir brindando las soluciones a los clientes finales.<\/p>\n<h4 class=\"ql-align-justify\">COMPONENTES:<\/h4>\n<ul>\n<li class=\"ql-align-justify\"><strong>1.- Panel HS2032PCB<\/strong><\/li>\n<li class=\"ql-align-justify\"><strong>1.- Teclado con transceptor integrado HS2LCDRF9N<\/strong><\/li>\n<li class=\"ql-align-justify\"><strong>1.- Comunicador IP TL280E<\/strong><\/li>\n<li class=\"ql-align-justify\"><strong>2.- Contactos magn\u00e9ticos PG9303<\/strong><\/li>\n<li class=\"ql-align-justify\"><strong>1.- Sensor de movimiento PG9914<\/strong><\/li>\n<li class=\"ql-align-justify\"><strong>1.- Transformador para panel de alarma PTC1640U<\/strong><\/li>\n<li class=\"ql-align-justify\"><strong>1.- Gabinete met\u00e1lico para panel de alarma<\/strong><\/li>\n<li class=\"ql-align-justify\"><strong>NO cuenta con bater\u00eda<\/strong><\/li>\n<\/ul>\n<h3>HS2032PCB\u00a0<img decoding=\"async\" src=\"https:\/\/tvc.mx\/media\/28724\/DSC-HS2032.jpg\" alt=\"Caracter\u00edsticas\" \/><\/h3>\n<h2>Caracter\u00edsticas<\/h2>\n<ul data-checked=\"false\">\n<li>Compatible con 32 zonas inal\u00e1mbricas y 8 zonas cableadas disponibles en el controlador.<\/li>\n<li>Compatible con 8 teclados inal\u00e1mbricos o cableados.<\/li>\n<li>Compatible hasta 32 llaves inal\u00e1mbricas o controles colgantes de p\u00e1nico separados.<\/li>\n<li>Compatible hasta 71 tarjetas de proximidad separadas, ademas de un c\u00f3digo maestro.<\/li>\n<li>Memoria de hasta 500 eventos de seguridad personal.<\/li>\n<li>2 salidas de programaci\u00f3n (PGM)<\/li>\n<li>4 Particiones totalmente independientes, cada una de ellas con su propio c\u00f3digo de cuenta.<\/li>\n<li>Comunicaci\u00f3n en 2 v\u00edas<\/li>\n<li>Salida de sirena integrada<\/li>\n<li>Soporta bater\u00eda de\u00a012VCD\u00a0de \u00e1cido de plomo a tipo Gel.<\/li>\n<\/ul>\n<h2>Funciones Adicionales<\/h2>\n<ul data-checked=\"false\">\n<li>Compatible con dispositivo inal\u00e1mbrico bidireccional<\/li>\n<li>Verificaci\u00f3n visual (imagenes + audio)*<\/li>\n<li>Compatible con tarjeta de proximidad<\/li>\n<li>Programaci\u00f3n de PGM<\/li>\n<li>Armado r\u00e1pido<\/li>\n<li>Etiquetas de usuario, partici\u00f3n, m\u00f3dulo, zona y sistema<\/li>\n<li>Respuesta de bucle de sistema programable<\/li>\n<li>Versiones de teclado y del software del panel directamente visibles mediante el teclado<\/li>\n<li>Tipo de zona de sirena de puerta<\/li>\n<li>Baja bater\u00eda tipo PGM<\/li>\n<li>Alimetaci\u00f3n 16.5 VCA\/40 VA<\/li>\n<li>Consumo m\u00e1x. de corriente 85 MA<\/li>\n<li>Temperatura de operaci\u00f3n 0 a 49\u00b0C<\/li>\n<li>Salida auxiliar: 13.75 VDC\/700 MA<\/li>\n<li>Zonas en placa 8, zonas soportadas 32<\/li>\n<li>Salidas PGM en tarjeta: 2<\/li>\n<li>Buffer de eventos: 500<\/li>\n<\/ul>\n<h3 class=\"ql-align-center\">HS2LCDRF9N<img decoding=\"async\" src=\"https:\/\/tvc.mx\/media\/28796\/Principales-Caracteristicas.jpg\" alt=\"Principales Caracteristicas\" \/><\/h3>\n<h2>Principales Caracter\u00edsticas<\/h2>\n<ul>\n<li>Soporte de 6 idiomas<\/li>\n<li>Transceptor integrado para zonas inal\u00e1mbricas<\/li>\n<li>Frecuencia de 915 Mhz<\/li>\n<li>Estado de partici\u00f3n global<\/li>\n<li>Se admiten hasta 128 zonas cableadas o inal\u00e1mbricas<\/li>\n<li>Etiquetas programables completas de 32 caracteres<\/li>\n<li>Programaci\u00f3n de men\u00fa<\/li>\n<li>Teclado horizontal moderno y delgado<\/li>\n<li>Teclas retroiluminadas blancas<\/li>\n<li>Pantalla LCD azul<\/li>\n<li>Muestra la temperatura exterior<\/li>\n<li>5 teclas de funci\u00f3n programables<\/li>\n<li>Programaci\u00f3n intuitiva del reloj<\/li>\n<li>Terminal de entrada \/ salida<\/li>\n<li>Llaves de incendio, m\u00e9dicas y de p\u00e1nico.<\/li>\n<li>Luz de fondo ajustable y teclado zumbador<\/li>\n<li>Sabotaje doble de montaje en pared y tapa frontal<\/li>\n<li>Disponible con teclas de funci\u00f3n en ingl\u00e9s<\/li>\n<li>Tecnolog\u00eda multicanal de amplio espectro con salto de frecuencia &#8211; para evitar el bloqueo de frecuencia e interferencias<\/li>\n<li>Potencia de transmisi\u00f3n adaptativa &#8211; para preservar la vida \u00fatil de la bater\u00eda<\/li>\n<li>Gran alcance de transmisi\u00f3n &#8211; para comunicaci\u00f3n confiable dentro de los 2km\/2187 yardas con l\u00ednea de vista<\/li>\n<li>Tecnolog\u00eda de comunicaci\u00f3n sincr\u00f3nica TDMA &#8211; para prevenir colisiones entre mensajes<\/li>\n<li>Encriptaci\u00f3n AES de 128 bits &#8211; alto nivel de protecci\u00f3n contra m\u00e9todos de an\u00e1lisis y ataques digitales<\/li>\n<\/ul>\n<h3>ESPECIFICACIONES:<\/h3>\n<ul>\n<li>Dimensiones: (Alto x Ancho x Prof.): 168 x 122 x 20 mm (6 1\/16\u201d x 4 7\/16\u201d x 13\/16\u201d)<\/li>\n<li>\u00c1rea visible del LCD: 99 mm x 24 mm (3 9\/10\u201d x 15\/16\u201d)<\/li>\n<li>Consumo de corriente: 125 mA (M\u00e1x.)<\/li>\n<li>HS2LCDRF\/HS2LCDRFP\/HS2ICNRF\/ HS2ICNRFP: 60 mA<\/li>\n<li>Tensi\u00f3n: 12 VDC Nominal Temperatura de operaci\u00f3n: -10\u00b0C a 55\u00b0C; (14\u00b0F a 131\u00b0F)<\/li>\n<li>Humedad relativa: 5 a 93%<br \/>\n<h3 class=\"ql-align-right\">L280 E<\/h3>\n<p class=\"ql-indent-1\">El TL280 ofrece reporte completo de datos y gesti\u00f3n remota para los instaladores, ahorr\u00e1ndo tiempo y reduciendo costos. Con el uso del Software de descarga DLS 5 de DSC, usted puede programar y configurar remotamente el panel de control, cambiar informaci\u00f3n del usuario, descargar registros de historial, generar reportes de estado y de detalles de mantenimiento desde una PC a trav\u00e9s de la conexi\u00f3n de Internet.<\/p>\n<p class=\"ql-indent-1\">Reducci\u00f3n de falsas alarmas, PowerSeries Neo utiliza innovadoras soluciones de verificaci\u00f3n de alarma que cumplen con normas regionales como verificaci\u00f3n visual y detecci\u00f3n secuencial. PowerSeries Neo ofrece el Comunicador de alarma inal\u00e1mbrico v\u00eda Internet TL280 como una herramienta fundamental de verificaci\u00f3n visual que ayuda a reducir los altos costos ocasionados por falsas alarmas y las innecesarias visitas al sitio, permitiendo a la vez un ingreso adicional recurrente al profesional de seguridad.<\/p>\n<h3>Especificaciones<\/h3>\n<ul>\n<li>Dimensiones &#8230;&#8230;&#8230;&#8230;&#8230;&#8230;&#8230;.. 5.875\u201d (Ancho) \u00d7 4.5\u201d (Alto) (150mm \u00d7 115mm)<\/li>\n<li>Peso&#8230;&#8230;&#8230;&#8230;&#8230;&#8230;&#8230;&#8230;&#8230;&#8230;&#8230;&#8230;..0.683 libras (310 g) (con soporte de montaje)<\/li>\n<li>Consumo de corriente &#8230;&#8230;&#8230; 100 mA<\/li>\n<li>Temperatura de operaci\u00f3n&#8230;. 5\u00b0 a 40\u00b0 C (40\u00b0 a 104\u00b0 F)<\/li>\n<\/ul>\n<p><img decoding=\"async\" class=\"overview-center-img-web\" src=\"https:\/\/tvc.mx\/media\/167506\/1920x400.jpg\" alt=\"\" \/><\/li>\n<\/ul>\n","protected":false},"excerpt":{"rendered":"<p>DSC2480044 KIT POWER SERIES NEO PowerSeries Neo es un sistema de alarma escalable, con numerosas funciones, dise\u00f1ado para uso residencial y comercial. Y con teclado LCD Alfanum\u00e9rico con transceptor integrado, compatible con dispositivos cableados e inal\u00e1mbricos. Posibilidad con estos componentes fortalecer tu oferta de negocio&hellip;<\/p>\n","protected":false},"featured_media":3714,"comment_status":"open","ping_status":"closed","template":"","meta":{"om_disable_all_campaigns":false,"_monsterinsights_skip_tracking":false,"_monsterinsights_sitenote_active":false,"_monsterinsights_sitenote_note":"","_monsterinsights_sitenote_category":0},"product_brand":[],"product_cat":[277],"product_tag":[212,211,151],"class_list":{"0":"post-3715","1":"product","2":"type-product","3":"status-publish","4":"has-post-thumbnail","6":"product_cat-paquetes-de-alarma-alarmas-dsc","7":"product_tag-alarmas","8":"product_tag-alarmas-e-intrusion","9":"product_tag-seguridad","11":"first","12":"instock","13":"sale","14":"taxable","15":"shipping-taxable","16":"purchasable","17":"product-type-simple"},"aioseo_notices":[],"_links":{"self":[{"href":"https:\/\/tecsecmty.com\/index.php\/wp-json\/wp\/v2\/product\/3715","targetHints":{"allow":["GET"]}}],"collection":[{"href":"https:\/\/tecsecmty.com\/index.php\/wp-json\/wp\/v2\/product"}],"about":[{"href":"https:\/\/tecsecmty.com\/index.php\/wp-json\/wp\/v2\/types\/product"}],"replies":[{"embeddable":true,"href":"https:\/\/tecsecmty.com\/index.php\/wp-json\/wp\/v2\/comments?post=3715"}],"version-history":[{"count":0,"href":"https:\/\/tecsecmty.com\/index.php\/wp-json\/wp\/v2\/product\/3715\/revisions"}],"wp:featuredmedia":[{"embeddable":true,"href":"https:\/\/tecsecmty.com\/index.php\/wp-json\/wp\/v2\/media\/3714"}],"wp:attachment":[{"href":"https:\/\/tecsecmty.com\/index.php\/wp-json\/wp\/v2\/media?parent=3715"}],"wp:term":[{"taxonomy":"product_brand","embeddable":true,"href":"https:\/\/tecsecmty.com\/index.php\/wp-json\/wp\/v2\/product_brand?post=3715"},{"taxonomy":"product_cat","embeddable":true,"href":"https:\/\/tecsecmty.com\/index.php\/wp-json\/wp\/v2\/product_cat?post=3715"},{"taxonomy":"product_tag","embeddable":true,"href":"https:\/\/tecsecmty.com\/index.php\/wp-json\/wp\/v2\/product_tag?post=3715"}],"curies":[{"name":"wp","href":"https:\/\/api.w.org\/{rel}","templated":true}]}}