{"id":3719,"date":"2023-02-23T00:24:23","date_gmt":"2023-02-23T06:24:23","guid":{"rendered":"https:\/\/tecsecmty.com\/index.php\/producto\/dsc-pc1832clc14spa-kit-que-contiene-panel-de-alarma-powerseries-pc1832-y-teclado-de-iconos-powerseries-pk5501-losprincipales\/"},"modified":"2023-03-22T23:23:20","modified_gmt":"2023-03-23T05:23:20","slug":"dsc-pc1832clc14spa-kit-que-contiene-panel-de-alarma-powerseries-pc1832-y-teclado-de-iconos-powerseries-pk5501-losprincipales","status":"publish","type":"product","link":"https:\/\/tecsecmty.com\/index.php\/producto\/dsc-pc1832clc14spa-kit-que-contiene-panel-de-alarma-powerseries-pc1832-y-teclado-de-iconos-powerseries-pk5501-losprincipales\/","title":{"rendered":"DSC PC1832CLC14SPA &#8211; Kit que contiene Panel de Alarma PowerSeries PC1832 Y Teclado de Iconos PowerSeries PK5501 #LosPrincipales"},"content":{"rendered":"<div class=\"row aling-items-center padding-bottom-2x\">\n<div class=\"col-lg-12\">\n<h5 class=\"card-title text-center\">PC1832CLC14SPA<\/h5>\n<p>Los paneles de control Power series tienen una acreditada reputaci\u00f3n de proporcionar la calidad y fiabilidad que demandan los profesionales de la seguridad. El dise\u00f1o modular de los paneles de control Power series proporciona m\u00e1s funciones de valor a\u00f1adido como soporte para detectores de Mon\u00f3xido de carbono CO, una funci\u00f3n de sincronizaci\u00f3n autom\u00e1tica para reducir el tiempo de instalaci\u00f3n y la flexibilidad de diferentes rutas de informes de alarma.<\/p>\n<p><img decoding=\"async\" class=\"overview-center-img-web\" src=\"https:\/\/tvc.mx\/media\/381579\/PC1832PCBSPA.png\" alt=\"\" \/><\/div>\n<\/div>\n<div class=\"row align-items-center padding-bottom-2x\">\n<div class=\"col-md-5\"><img decoding=\"async\" class=\"d-block m-auto img-thumbnail\" src=\"https:\/\/tvc.mx\/media\/381727\/Tablilla-PC1832-.png\" alt=\" \" \/><\/div>\n<div class=\"col-md-7 text-md-left text-center\">\n<h2>Descripci\u00f3n t\u00e9cnica<\/h2>\n<p class=\"text-muted\">\n<p>Rango de temperatura &#8230;&#8230;&#8230;&#8230;&#8230;0\u00b0 a 49\u00b0 C<\/p>\n<p>Humedad (Max) &#8230;&#8230;&#8230;&#8230;&#8230;&#8230;&#8230;&#8230;.. Humedad relativa del 93%<\/p>\n<p>Alimentaci\u00f3n &#8230;&#8230;&#8230;&#8230;&#8230;&#8230;&#8230;&#8230;&#8230;&#8230;. 16.5 VAC \/ 40 VA 60Hz<\/p>\n<p>Placa&#8230;&#8230;&#8230;&#8230;&#8230;&#8230;&#8230;&#8230;&#8230;&#8230;&#8230;&#8230;&#8230;&#8230;.. 8 zonas<\/p>\n<p>Bufer de eventos &#8230;&#8230;&#8230;&#8230;&#8230;&#8230;&#8230;&#8230;. 500 eventos<\/p>\n<p>Consumo de corriente &#8230;&#8230;&#8230;&#8230;&#8230;.. 700 mA<\/p>\n<div class=\"col-md-5 order-md-2\"><img decoding=\"async\" class=\"d-block m-auto img-thumbnail\" src=\"https:\/\/tvc.mx\/media\/381731\/Teclado-PK5501.png\" alt=\" \" \/><\/div>\n<div class=\"col-md-7 order-md-1 text-md-left text-center\">\n<h2>Especificaciones<\/h2>\n<p class=\"text-muted\">\n<p>Dimensiones&#8230;&#8230;&#8230;&#8230;&#8230;&#8230;&#8230;&#8230;&#8230;.. 6 1\/16\u201d x 4 7\/16\u201d x 13\/16\u201d (154 mm x 113 mm x 20,5 mm)<\/p>\n<p>\u00c1rea visible del LCD&#8230;&#8230;&#8230;&#8230;&#8230;&#8230;&#8230;&#8230;&#8230;&#8230;&#8230;.3 9\/10\u201d x 15\/16\u201d (99 mm x 24 mm)<\/p>\n<p>Consumo de corriente&#8230;&#8230;&#8230;&#8230;&#8230;&#8230;&#8230;&#8230;&#8230;&#8230;&#8230;125 mA (M\u00e1x.)<\/p>\n<p>Tensi\u00f3n&#8230;&#8230;&#8230;&#8230;&#8230;&#8230;&#8230;&#8230;&#8230;&#8230;&#8230;&#8230;&#8230;&#8230;&#8230;&#8230;&#8230;..12 VDC Nominal<\/p>\n<p>Temperatura de operaci\u00f3n&#8230;&#8230;&#8230;&#8230;&#8230;&#8230;&#8230;&#8230;&#8230;&#8230;32\u00b0 a 120\u00b0 F (0\u00b0 a 49\u00b0 C)<\/p>\n<p>Humedad relativa &#8230;&#8230;&#8230;&#8230;&#8230;&#8230;&#8230;&#8230;&#8230;&#8230;&#8230;&#8230;&#8230;&#8230;&#8230;&#8230;. 5 a 93%<\/p>\n<\/div>\n<\/div>\n<\/div>\n","protected":false},"excerpt":{"rendered":"<p>PC1832CLC14SPA Los paneles de control Power series tienen una acreditada reputaci\u00f3n de proporcionar la calidad y fiabilidad que demandan los profesionales de la seguridad. El dise\u00f1o modular de los paneles de control Power series proporciona m\u00e1s funciones de valor a\u00f1adido como soporte para detectores de&hellip;<\/p>\n","protected":false},"featured_media":3718,"comment_status":"open","ping_status":"closed","template":"","meta":{"om_disable_all_campaigns":false,"_monsterinsights_skip_tracking":false,"_monsterinsights_sitenote_active":false,"_monsterinsights_sitenote_note":"","_monsterinsights_sitenote_category":0},"product_brand":[],"product_cat":[277],"product_tag":[212,211,151],"class_list":{"0":"post-3719","1":"product","2":"type-product","3":"status-publish","4":"has-post-thumbnail","6":"product_cat-paquetes-de-alarma-alarmas-dsc","7":"product_tag-alarmas","8":"product_tag-alarmas-e-intrusion","9":"product_tag-seguridad","11":"first","12":"instock","13":"sale","14":"taxable","15":"shipping-taxable","16":"purchasable","17":"product-type-simple"},"aioseo_notices":[],"_links":{"self":[{"href":"https:\/\/tecsecmty.com\/index.php\/wp-json\/wp\/v2\/product\/3719","targetHints":{"allow":["GET"]}}],"collection":[{"href":"https:\/\/tecsecmty.com\/index.php\/wp-json\/wp\/v2\/product"}],"about":[{"href":"https:\/\/tecsecmty.com\/index.php\/wp-json\/wp\/v2\/types\/product"}],"replies":[{"embeddable":true,"href":"https:\/\/tecsecmty.com\/index.php\/wp-json\/wp\/v2\/comments?post=3719"}],"version-history":[{"count":0,"href":"https:\/\/tecsecmty.com\/index.php\/wp-json\/wp\/v2\/product\/3719\/revisions"}],"wp:featuredmedia":[{"embeddable":true,"href":"https:\/\/tecsecmty.com\/index.php\/wp-json\/wp\/v2\/media\/3718"}],"wp:attachment":[{"href":"https:\/\/tecsecmty.com\/index.php\/wp-json\/wp\/v2\/media?parent=3719"}],"wp:term":[{"taxonomy":"product_brand","embeddable":true,"href":"https:\/\/tecsecmty.com\/index.php\/wp-json\/wp\/v2\/product_brand?post=3719"},{"taxonomy":"product_cat","embeddable":true,"href":"https:\/\/tecsecmty.com\/index.php\/wp-json\/wp\/v2\/product_cat?post=3719"},{"taxonomy":"product_tag","embeddable":true,"href":"https:\/\/tecsecmty.com\/index.php\/wp-json\/wp\/v2\/product_tag?post=3719"}],"curies":[{"name":"wp","href":"https:\/\/api.w.org\/{rel}","templated":true}]}}