{"id":3723,"date":"2023-02-23T00:24:27","date_gmt":"2023-02-23T06:24:27","guid":{"rendered":"https:\/\/tecsecmty.com\/index.php\/producto\/dsc-power-led-sb-paquete-power-con-panel-pc1832pcbspa-8-zonas-cableadas-gabinete-metalico-gtvcmx007-teclado-de-8-zonas-led-pc1404-detector-de-movimiento-cableado-lc100pi-fuente-de-poder-ptc16\/"},"modified":"2023-03-22T23:23:23","modified_gmt":"2023-03-23T05:23:23","slug":"dsc-power-led-sb-paquete-power-con-panel-pc1832pcbspa-8-zonas-cableadas-gabinete-metalico-gtvcmx007-teclado-de-8-zonas-led-pc1404-detector-de-movimiento-cableado-lc100pi-fuente-de-poder-ptc16","status":"publish","type":"product","link":"https:\/\/tecsecmty.com\/index.php\/producto\/dsc-power-led-sb-paquete-power-con-panel-pc1832pcbspa-8-zonas-cableadas-gabinete-metalico-gtvcmx007-teclado-de-8-zonas-led-pc1404-detector-de-movimiento-cableado-lc100pi-fuente-de-poder-ptc16\/","title":{"rendered":"DSC POWER-LED-SB &#8211; Paquete Power con \/ Panel PC1832PCBSPA 8 zonas cableadas\/ Gabinete Met\u00e1lico GTVCMX007\/ Teclado de 8 Zonas LED PC1404\/ Detector de Movimiento Cableado LC100PI \/ Fuente de Poder PTC1640U\/ Sin Bateria \/ #PLANDEBENEFICIOS"},"content":{"rendered":"<h5 class=\"card-title text-center\">DSC2480030<\/h5>\n<h4>PAQUETE DE ALARMA POWER SERIES<\/h4>\n<p>Los paneles de control power series tienen una acreditada reputaci\u00f3n de proporcionar la calidad y fiabilidad que demandan los profesionales de la seguridad. El dise\u00f1o modular de los paneles de control power series proporciona m\u00e1s funciones de valor a\u00f1adido como soporte para detectores de co, una funci\u00f3n de sincronizaci\u00f3n autom\u00e1tica para reducir el tiempo de instalaci\u00f3n y la flexibilidad de diferentes rutas de informes de alarma.<\/p>\n<h5>COMPONENTES:<\/h5>\n<ul>\n<li>1 Tarjeta power 32 zonas\u00a0PC1832PCBSPA<\/li>\n<li>1\u00a0Teclado de LED PC1404RKZWH<\/li>\n<li>1 Transformador 16VCA\u00a0PTC1640U<\/li>\n<li>1 Gabinete Met\u00e1lico\u00a0GTVCMX007<\/li>\n<li>1 Sensor de movimiento infrarrojo PC100PI<\/li>\n<li>No incluye bater\u00eda<\/li>\n<\/ul>\n<h4>POWER Tarjeta de alarma 8 \/ 32 Zonas<\/h4>\n<p>Los paneles de control power series tienen una acreditada reputaci\u00f3n de proporcionar la calidad y fiabilidad que demandan los profesionales de la seguridad. El dise\u00f1o modular de los paneles de control power series proporciona m\u00e1s funciones de valor a\u00f1adido como soporte para detectores de contacto, una funci\u00f3n de sincronizaci\u00f3n autom\u00e1tica para reducir el tiempo de instalaci\u00f3n y la flexibilidad de diferentes rutas de informes de alarma.<\/p>\n<h5>DESCRIPCI\u00d3N<\/h5>\n<p>Alimentaci\u00f3n de 16.5 V CA \/40VA, consumo de corriente 700 ma, temperatura de operaci\u00f3n 0 a 49\u00b0c, zonas en placa 8 zonas y 1 b\u00fafer de eventos de 500.<\/p>\n<h5>BENEFICIOS<\/h5>\n<ul>\n<li class=\"ql-align-justify\">Programaci\u00f3n de plantillas<\/li>\n<li class=\"ql-align-justify\">Descarga local y remota<\/li>\n<li class=\"ql-align-justify\">Horario de verano programable<\/li>\n<li class=\"ql-align-justify\">Cid autom\u00e1tica<\/li>\n<li class=\"ql-align-justify\">C\u00f3digo de 1 uso<\/li>\n<li class=\"ql-align-justify\">Bloqueo de teclado<\/li>\n<\/ul>\n<p class=\"ql-align-center\"><img decoding=\"async\" src=\"https:\/\/tvc.mx\/media\/30501\/DSC1170001.jpg\" alt=\"POWER Tarjeta de alarma 8 \/ 32 Zonas Cableadas PowerSeries PC1832PCBSPA\" \/><\/p>\n<h5>TECLADO DE LED<\/h5>\n<p>Presentamos el nuevo teclado PowerSeries PC1404RKZ de DSC de 8 zonas \u2013 la \u00faltima incorporaci\u00f3n a la familia de teclados PowerSeries. Ideal para instalaciones de bajo costo o como teclado adicional, esta valiosa serie de teclados cableados logra el equilibrio entre est\u00e9tica y funcionalidad con la calidad que usted espera de DSC.<\/p>\n<p>Estos teclados de alta calidad y dise\u00f1o de bajo perfil se instalan r\u00e1pidamente gracias al canal para pasaje de cables incorporado para aplicaciones de montaje en superficie, tienen cuatro teclas de funci\u00f3n programables y teclas FAP duales (Fuego, Auxilio y P\u00e1nico).<\/p>\n<h5>CARACTERISTICAS<\/h5>\n<ul>\n<li>Teclado moderno y delgado para retratos<\/li>\n<li>Grandes botones retroiluminados en el teclado para una visualizaci\u00f3n y activaci\u00f3n sin problemas<\/li>\n<li>4 teclas de funci\u00f3n programables<\/li>\n<li>Teclas FAP duales<\/li>\n<li>Soporte de sabotaje de pared<\/li>\n<li>Entrada de zona<\/li>\n<li>Montaje en caja de superficie o de una unidad<\/li>\n<li>Canal de alambre<\/li>\n<li>Timbre y control de bot\u00f3n retroiluminado<\/li>\n<li>Luz de noche blanca opcional<\/li>\n<li>ICONO de estado de CA<\/li>\n<\/ul>\n<p>Compatible solo con el panel de control PC1404<\/p>\n<h5>ESPECIFICACIONES<\/h5>\n<p>\u00bfPoco espacio para instalar el teclado? El compacto teclado PowerSeries PC1404RKZ presenta el menor tama\u00f1o de todos los teclados PowerSeries. El dise\u00f1o de su carcasa incluye adem\u00e1s un canal para pasaje de cables facilitando su instalaci\u00f3n.<\/p>\n<ul>\n<li>Dimensiones: 12.7 cm x 7.8 cm x 1.8 cm<\/li>\n<li>Consumo de corriente:125 mA (M\u00e1x.)<\/li>\n<li>Tensi\u00f3n: 12 VDC Nominal<\/li>\n<li>Temperatura de operaci\u00f3n: 0\u00b0 a 49\u00b0 C (32\u00b0 a 120\u00b0 F)<\/li>\n<li>Humedad relativa: 5 a 93%<\/li>\n<\/ul>\n<p class=\"ql-align-center\"><img decoding=\"async\" src=\"https:\/\/tvc.mx\/media\/28875\/300x400-g.jpg\" alt=\"Especificaciones\" \/><\/p>\n<h4>GABINETE MET\u00c1LICO<\/h4>\n<p>Gabinete grande con perforaciones para instalar en superficie, ideal para los paneles de alarma de la serie power y neo, capacidad para alojar panel y hasta tres m\u00f3dulos m\u00e1s.<\/p>\n<ul>\n<li>Material de metal<\/li>\n<li>Dimensiones 28.4 x 29.4 x 7.7 (Largo x Altura x Ancho)<\/li>\n<li>Barrenos de varias medidas para montaje de tarjetas o m\u00f3dulos<\/li>\n<li>Barrenos traseros para montaje en pared<\/li>\n<li>Gabinete de puerta removible<\/li>\n<\/ul>\n<p>COMPATIBILIDAD<\/p>\n<ul>\n<li>Panel de alarma PowerSeries (PC1616, PC1832, PC1864)<\/li>\n<li>Paneles de alarma PowerSeries Neo (HS2032, HS2064, HS2128)<br \/>\n<h5>TRANSFORMADOR DE PANEL DE ALARMA<\/h5>\n<p>El transformador encapsulado PTC1640U permite alimentar sistemas de alarma para toda aplicaci\u00f3n. Cuenta con protecci\u00f3n PTC para evitar que variaciones y descargas de voltaje lleguen al sistema al que est\u00e1 conectado.<\/p>\n<p>DESCRIPCI\u00d3N<\/p>\n<p>Transformador reductor de 120V CA entrada y salida de 16.5 V CA 40VA.<\/p>\n<p>ESPECIFICACIONES<\/p>\n<ul>\n<li>Voltaje de alimentaci\u00f3n: 120VCA, 60Hz.<\/li>\n<li>Voltaje de salida: 16.5VCA, 40VA.<\/li>\n<li>Tipo de conexi\u00f3n: Tornillos<\/li>\n<li>Con LED indicador<\/li>\n<\/ul>\n<h5>SENSOR DE MOVIMIENTO INFRARROJO CABLEADO<\/h5>\n<p>CARACTERISTICAS<\/p>\n<ul>\n<li class=\"ql-align-justify\">El modelo LC-100-PI tiene como caracter\u00edstica el an\u00e1lisis inteligente de se\u00f1ales para asegurar una detecci\u00f3n confiable, adem\u00e1s de cser apto para mascotas de hasta 25 kg(55 libras) y un dise\u00f1o esbelto que combina muy bien con cualquier decorado.<\/li>\n<li class=\"ql-align-justify\">Apto para mascotas de hasta 25 kg (55 libras)<\/li>\n<li class=\"ql-align-justify\">La tecnolog\u00eda Quad de imagen lineal brinda un an\u00e1lisis preciso de las dimensiones corporales y diferenciaci\u00f3n de fondos y animales dom\u00e9sticos<\/li>\n<li class=\"ql-align-justify\">Dise\u00f1o compacto para instalaciones residenciales<\/li>\n<li class=\"ql-align-justify\">Conteo de pulso variable ajustable<\/li>\n<li class=\"ql-align-justify\">Ajuste de sensibilidad del PIR<\/li>\n<li class=\"ql-align-justify\">No requiere de calibraci\u00f3n de altura para la instalaci\u00f3n<\/li>\n<li class=\"ql-align-justify\">Lente tipo pasillo disponible separadamente<\/li>\n<li class=\"ql-align-justify\">Normalmente Cerrado<\/li>\n<li class=\"ql-align-justify\">Soporte opcional\u00a0LC-L1ST\u00a0disponible<\/li>\n<\/ul>\n<p>Lente para intercambio para sensor de cortina:<\/p>\n<p>Modelo: LC-100-PI-6PK<\/p>\n<p>ESPECIFICACIONES<\/p>\n<p>Dimensiones &#8230;&#8230;&#8230;&#8230;&#8230;&#8230;&#8230;&#8230;&#8230;&#8230;&#8230;&#8230;&#8230;&#8230;..(92 mm x 62.5 mm x 40 mm) 3.62&#8243; x 2.46&#8243; x 1.57&#8243;<\/p>\n<p>Peso&#8230;&#8230;&#8230;&#8230;&#8230;&#8230;&#8230;&#8230;&#8230;&#8230;&#8230;&#8230;&#8230;&#8230;&#8230;&#8230;&#8230;&#8230;&#8230;&#8230;&#8230;58 g (2.04 oz)<\/p>\n<p>M\u00e9todo de detecci\u00f3n &#8230;&#8230;&#8230;&#8230;&#8230;&#8230;&#8230;&#8230;&#8230;.PIR Quad (Cuatro elementos)<\/p>\n<p>Entrada de alimentaci\u00f3n&#8230;&#8230;&#8230;&#8230;&#8230;&#8230;&#8230;&#8230;&#8230;&#8230;&#8230; 9.6 a 16 VCC<\/p>\n<p>Consumo de corriente (en reposo) &#8230;&#8230;&#8230;&#8230;&#8230;&#8230;.8 mA (\u00b1 5%)<\/p>\n<p>Consumo de corriente (activo) &#8230;&#8230;&#8230;&#8230;&#8230;&#8230;&#8230;..12 mA (\u00b1 5%)<\/p>\n<p>Interruptor antisabotaje: Valores nominales de contactos &#8230;&#8230;&#8230;0.1 Amper @ 28 VCC<\/p>\n<p>Protecci\u00f3n RFI&#8230;&#8230;10 V\/m m\u00e1s 80% AM de 80 a 2000 MHz<\/p>\n<p class=\"ql-align-center\"><img decoding=\"async\" src=\"https:\/\/tvc.mx\/media\/30504\/GABINETE.jpg\" alt=\"Gabinete Metalico Grande Beige GTVCMX003\" \/><img decoding=\"async\" src=\"https:\/\/tvc.mx\/media\/30503\/FUENTE-AC-AC.png\" alt=\"Transformador 16VCA \/ 40VA  PTC1640U\" \/><img decoding=\"async\" src=\"https:\/\/tvc.mx\/media\/174796\/1920x400---LED.jpg\" \/><\/p>\n<\/li>\n<\/ul>\n","protected":false},"excerpt":{"rendered":"<p>DSC2480030 PAQUETE DE ALARMA POWER SERIES Los paneles de control power series tienen una acreditada reputaci\u00f3n de proporcionar la calidad y fiabilidad que demandan los profesionales de la seguridad. El dise\u00f1o modular de los paneles de control power series proporciona m\u00e1s funciones de valor a\u00f1adido&hellip;<\/p>\n","protected":false},"featured_media":3722,"comment_status":"open","ping_status":"closed","template":"","meta":{"om_disable_all_campaigns":false,"_monsterinsights_skip_tracking":false,"_monsterinsights_sitenote_active":false,"_monsterinsights_sitenote_note":"","_monsterinsights_sitenote_category":0},"product_brand":[],"product_cat":[277],"product_tag":[212,211,151],"class_list":{"0":"post-3723","1":"product","2":"type-product","3":"status-publish","4":"has-post-thumbnail","6":"product_cat-paquetes-de-alarma-alarmas-dsc","7":"product_tag-alarmas","8":"product_tag-alarmas-e-intrusion","9":"product_tag-seguridad","11":"first","12":"instock","13":"sale","14":"taxable","15":"shipping-taxable","16":"purchasable","17":"product-type-simple"},"aioseo_notices":[],"_links":{"self":[{"href":"https:\/\/tecsecmty.com\/index.php\/wp-json\/wp\/v2\/product\/3723","targetHints":{"allow":["GET"]}}],"collection":[{"href":"https:\/\/tecsecmty.com\/index.php\/wp-json\/wp\/v2\/product"}],"about":[{"href":"https:\/\/tecsecmty.com\/index.php\/wp-json\/wp\/v2\/types\/product"}],"replies":[{"embeddable":true,"href":"https:\/\/tecsecmty.com\/index.php\/wp-json\/wp\/v2\/comments?post=3723"}],"version-history":[{"count":0,"href":"https:\/\/tecsecmty.com\/index.php\/wp-json\/wp\/v2\/product\/3723\/revisions"}],"wp:featuredmedia":[{"embeddable":true,"href":"https:\/\/tecsecmty.com\/index.php\/wp-json\/wp\/v2\/media\/3722"}],"wp:attachment":[{"href":"https:\/\/tecsecmty.com\/index.php\/wp-json\/wp\/v2\/media?parent=3723"}],"wp:term":[{"taxonomy":"product_brand","embeddable":true,"href":"https:\/\/tecsecmty.com\/index.php\/wp-json\/wp\/v2\/product_brand?post=3723"},{"taxonomy":"product_cat","embeddable":true,"href":"https:\/\/tecsecmty.com\/index.php\/wp-json\/wp\/v2\/product_cat?post=3723"},{"taxonomy":"product_tag","embeddable":true,"href":"https:\/\/tecsecmty.com\/index.php\/wp-json\/wp\/v2\/product_tag?post=3723"}],"curies":[{"name":"wp","href":"https:\/\/api.w.org\/{rel}","templated":true}]}}