{"id":3725,"date":"2023-02-23T00:24:29","date_gmt":"2023-02-23T06:24:29","guid":{"rendered":"https:\/\/tecsecmty.com\/index.php\/producto\/dsc-pro-rf-ip-paquete-pro-32-zonas-con-comunicador-ip-integrado-panel-hs3032-teclado-con-transceptor-hs2lcdrfpro-fuente-hs65wpsna-sensor-movimiento-pg9914-2-sensores-magneticos-pg9303-y-gabi\/"},"modified":"2023-03-22T23:23:23","modified_gmt":"2023-03-23T05:23:23","slug":"dsc-pro-rf-ip-paquete-pro-32-zonas-con-comunicador-ip-integrado-panel-hs3032-teclado-con-transceptor-hs2lcdrfpro-fuente-hs65wpsna-sensor-movimiento-pg9914-2-sensores-magneticos-pg9303-y-gabi","status":"publish","type":"product","link":"https:\/\/tecsecmty.com\/index.php\/producto\/dsc-pro-rf-ip-paquete-pro-32-zonas-con-comunicador-ip-integrado-panel-hs3032-teclado-con-transceptor-hs2lcdrfpro-fuente-hs65wpsna-sensor-movimiento-pg9914-2-sensores-magneticos-pg9303-y-gabi\/","title":{"rendered":"DSC PRO-RF-IP &#8211; Paquete Pro 32 zonas con comunicador IP integrado\/ Panel HS3032\/ Teclado con transceptor HS2LCDRFPRO \/ Fuente HS65WPSNA \/ Sensor Movimiento PG9914 \/ 2 Sensores Magn\u00e9ticos PG9303 y Gabinete"},"content":{"rendered":"<h5 class=\"card-title text-center\">PowerSeries Pro<\/h5>\n<h5>\u2713 Una sola soluci\u00f3n para todos los clientes comerciales<\/h5>\n<h5>\u2713 Gran capacidad de corriente para el suministro a instalaciones de grandes dimensiones<\/h5>\n<h5>\u2713 Compatibilidad con EN Grado 3<\/h5>\n<h5>\u2713 Conexi\u00f3n por cable o h\u00edbrida<\/h5>\n<h5>\u2713 Comunicaciones ciberseguras<\/h5>\n<h5>\u2713 Tecnolog\u00eda PowerG<\/h5>\n<h5>\u2713 Ethernet, WiFi y aplicaci\u00f3n de instalaci\u00f3n que permiten instalaciones y puesta en servicio r\u00e1pidas<\/h5>\n<p><img decoding=\"async\" class=\"overview-center-img-web\" src=\"https:\/\/tvc.mx\/media\/414527\/DSC-PRO-RF-IP-Paquete-Pro-32-zonas-con-comunicador-IP-integrado-Panel-HS3032-Teclado-con-transceptor-HS2LCDRFPRO-Fuente-HS65WPSNA-Sensor-Movimiento-PG9914-2-Sensores-Magn%C3%A9ticos-PG9303-Gabin-15-%281%29.png\" alt=\"\" \/><\/p>\n","protected":false},"excerpt":{"rendered":"<p>PowerSeries Pro \u2713 Una sola soluci\u00f3n para todos los clientes comerciales \u2713 Gran capacidad de corriente para el suministro a instalaciones de grandes dimensiones \u2713 Compatibilidad con EN Grado 3 \u2713 Conexi\u00f3n por cable o h\u00edbrida \u2713 Comunicaciones ciberseguras \u2713 Tecnolog\u00eda PowerG \u2713 Ethernet, WiFi&hellip;<\/p>\n","protected":false},"featured_media":3724,"comment_status":"open","ping_status":"closed","template":"","meta":{"om_disable_all_campaigns":false,"_monsterinsights_skip_tracking":false,"_monsterinsights_sitenote_active":false,"_monsterinsights_sitenote_note":"","_monsterinsights_sitenote_category":0},"product_brand":[],"product_cat":[277],"product_tag":[212,211,151],"class_list":{"0":"post-3725","1":"product","2":"type-product","3":"status-publish","4":"has-post-thumbnail","6":"product_cat-paquetes-de-alarma-alarmas-dsc","7":"product_tag-alarmas","8":"product_tag-alarmas-e-intrusion","9":"product_tag-seguridad","11":"first","12":"instock","13":"sale","14":"taxable","15":"shipping-taxable","16":"purchasable","17":"product-type-simple"},"aioseo_notices":[],"_links":{"self":[{"href":"https:\/\/tecsecmty.com\/index.php\/wp-json\/wp\/v2\/product\/3725","targetHints":{"allow":["GET"]}}],"collection":[{"href":"https:\/\/tecsecmty.com\/index.php\/wp-json\/wp\/v2\/product"}],"about":[{"href":"https:\/\/tecsecmty.com\/index.php\/wp-json\/wp\/v2\/types\/product"}],"replies":[{"embeddable":true,"href":"https:\/\/tecsecmty.com\/index.php\/wp-json\/wp\/v2\/comments?post=3725"}],"version-history":[{"count":0,"href":"https:\/\/tecsecmty.com\/index.php\/wp-json\/wp\/v2\/product\/3725\/revisions"}],"wp:featuredmedia":[{"embeddable":true,"href":"https:\/\/tecsecmty.com\/index.php\/wp-json\/wp\/v2\/media\/3724"}],"wp:attachment":[{"href":"https:\/\/tecsecmty.com\/index.php\/wp-json\/wp\/v2\/media?parent=3725"}],"wp:term":[{"taxonomy":"product_brand","embeddable":true,"href":"https:\/\/tecsecmty.com\/index.php\/wp-json\/wp\/v2\/product_brand?post=3725"},{"taxonomy":"product_cat","embeddable":true,"href":"https:\/\/tecsecmty.com\/index.php\/wp-json\/wp\/v2\/product_cat?post=3725"},{"taxonomy":"product_tag","embeddable":true,"href":"https:\/\/tecsecmty.com\/index.php\/wp-json\/wp\/v2\/product_tag?post=3725"}],"curies":[{"name":"wp","href":"https:\/\/api.w.org\/{rel}","templated":true}]}}