{"id":3729,"date":"2023-02-23T00:24:33","date_gmt":"2023-02-23T06:24:33","guid":{"rendered":"https:\/\/tecsecmty.com\/index.php\/producto\/dsc-seedpack-paquete-para-desarrollo-instaladores-de-alarmas-serie-neo-con-32-zonas-inalambricas-panel-hs2032-teclado-lcd-alfa-hs2lcdrf9n-gabinete-1-contacto-magnetico-inalambrico-pg9303-1-p\/"},"modified":"2023-03-22T23:23:24","modified_gmt":"2023-03-23T05:23:24","slug":"dsc-seedpack-paquete-para-desarrollo-instaladores-de-alarmas-serie-neo-con-32-zonas-inalambricas-panel-hs2032-teclado-lcd-alfa-hs2lcdrf9n-gabinete-1-contacto-magnetico-inalambrico-pg9303-1-p","status":"publish","type":"product","link":"https:\/\/tecsecmty.com\/index.php\/producto\/dsc-seedpack-paquete-para-desarrollo-instaladores-de-alarmas-serie-neo-con-32-zonas-inalambricas-panel-hs2032-teclado-lcd-alfa-hs2lcdrf9n-gabinete-1-contacto-magnetico-inalambrico-pg9303-1-p\/","title":{"rendered":"DSC SEEDPACK- Paquete para desarrollo instaladores de alarmas serie NEO con 32 Zonas Inal\u00e1mbricas \/ Panel HS2032 \/ Teclado LCD Alfa HS2LCDRF9N\/ Gabinete \/ 1 Contacto Magn\u00e9tico Inal\u00e1mbrico PG9303 \/ 1 PIR LC100 \/ Transformador \/ 1 Estrobo \/con Bater\u00eda"},"content":{"rendered":"<h5 class=\"card-title text-center\">Paquete para desarrollo instaladores de alarmas serie NEO<\/h5>\n<p><strong>INCLUYE LO SIGUIENTE:<\/strong><\/p>\n<p>1 &#8211; DSC HS2032PCBSPA &#8211; NEO Paneles de Control Power Series Neo HS2032<\/p>\n<p>1 &#8211; DSC HS2LCDRF9 &#8211; NEO Teclado Cableado Alfanum\u00e9rico con \u00a0Transceptor Power G integrado<\/p>\n<p>1 &#8211; AV GMX003 &#8211; Gabinete Met\u00e1lico Grande Beige PC1832 \/ HS2032 \/ HS2128 (PC5003C)<\/p>\n<p>1 &#8211; Contacto Magn\u00e9tico Inal\u00e1mbrico PG9303<\/p>\n<p>1.- LC100PI &#8211; Sensor de movimiento infrarrojo cableado<\/p>\n<p>1 &#8211; DSC PTC1640U &#8211; Transformador 16VCA \/ 40VA Fusible Interno DSC<\/p>\n<p>1 &#8211; Bater\u00eda de respaldo recargable de 12VDC 4.5 AH<\/p>\n<p>1 &#8211; SL-126Q\/R- Estrobo color rojo<\/p>\n<p><strong>POWER SERIES NEO<\/strong><\/p>\n<p>Power Series Neo es un sistema de alarma escalable, con numerosas funciones, dise\u00f1ado para uso residencial y comercial. Y con teclado LCD Alfanum\u00e9rico con transceptor integrado, compatible con dispositivos cableados e inal\u00e1mbricos con tecnolog\u00eda Power G<\/p>\n<p><img decoding=\"async\" class=\"overview-center-img-web\" src=\"https:\/\/tvc.mx\/media\/385019\/paquete-para-desarrollo-de-instaladores-NEO.png\" alt=\"\" \/><\/p>\n<h5 class=\"card-title text-center\">DSC HS2032PCBSPA &#8211; Neo paneles de control Power Series neo HS2032<\/h5>\n<p>El panel DSC HS2032 es compatible con ocho zonas programables en placa, totalmente supervisadas. Tiene una fuente de alimentaci\u00f3n integrada y un comunicador de alarma digital supervisada e incluye la energ\u00eda auxiliar para accionar los dispositivos de detecci\u00f3n de seguridad. Una salida auxiliar de interruptor programable se utiliza para detectores de humo de 2 y 4 hilos. El controlador admite dos salidas programables, que pueden programarse como salidas de prop\u00f3sito general.<\/p>\n<p><strong>Caracter\u00edsticas:<\/strong><\/p>\n<p>Compatible con 32 zonas inal\u00e1mbricas y 8 zonas cableadas disponibles en el controlador.<\/p>\n<p>Compatible con 8 teclados inal\u00e1mbricos o cableados.<\/p>\n<p>Compatible hasta 32 llaves inal\u00e1mbricas o controles colgantes de p\u00e1nico separados.<\/p>\n<p>Compatible hasta 71 tarjetas de proximidad separadas, adem\u00e1s de un c\u00f3digo maestro.<\/p>\n<p>Memoria de hasta 500 eventos de seguridad personal.<\/p>\n<p>2 salidas de programaci\u00f3n (PGM)<\/p>\n<p>4 particiones totalmente independientes, cada una de ellas con su propio c\u00f3digo de cuenta.<\/p>\n<p>Comunicaci\u00f3n en 2 v\u00edas<\/p>\n<p>Salida de sirena integrada<\/p>\n<p>Soporta bater\u00eda de 12VCD de \u00e1cido de plomo a tipo Gel.<\/p>\n<p><strong>Funciones de supervisi\u00f3n del sistema<\/strong><\/p>\n<p>PowerSeries Neo monitorea continuamente una cantidad de condiciones posibles de aver\u00eda y proporciona indicaci\u00f3n audible y visual en el teclado. Las condiciones de aver\u00eda incluyen:<\/p>\n<p>Falla de alimentaci\u00f3n de CA<\/p>\n<p>Aver\u00eda de la zona<\/p>\n<p>Problema de Fuego<\/p>\n<p>Aver\u00eda de l\u00ednea telef\u00f3nica<\/p>\n<p>Aver\u00eda de comunicador<\/p>\n<p>Condici\u00f3n de baja bater\u00eda<\/p>\n<p>Interferencia de RF<\/p>\n<p>Falla de fuente de alimentaci\u00f3n AUX<\/p>\n<p>Falla de comunicaci\u00f3n<\/p>\n<p>Falla de m\u00f3dulo (de supervisi\u00f3n o sabotaje)<\/p>\n<p><img decoding=\"async\" class=\"overview-center-img-web\" src=\"https:\/\/tvc.mx\/media\/385051\/teclado-HS2RF9.png\" alt=\"\" \/><\/p>\n<h5 class=\"card-title text-center\">DSC HS2LCDRF9 &#8211; Neo teclado cableado alfanum\u00e9rico con transceptor POWER G integrado<\/h5>\n<p>&nbsp;<\/p>\n<p>Teclado de \u00edconos de la serie Power Neo, con un dise\u00f1o delgado y moderno, pantalla de LCD azul, con luz de fondo y zumbador ajustable.<\/p>\n<p>Cuenta con receptor integrado y lector de proximidad.<\/p>\n<p>&nbsp;<\/p>\n<p><strong>Caracter\u00edsticas<\/strong><\/p>\n<ul>\n<li>Se admiten hasta 128 zonas cableadas o inal\u00e1mbricas<\/li>\n<li>Teclado horizontal moderno y delgado<\/li>\n<li>Teclas retroiluminadas blancas<\/li>\n<li>Pantalla LCD azul<\/li>\n<li>5 teclas de funci\u00f3n programables<\/li>\n<li>Terminal de entrada \/ salida<\/li>\n<li>Llaves de incendio, m\u00e9dicas y de p\u00e1nico.<\/li>\n<li>Luz de fondo ajustable y teclado zumbador<\/li>\n<li>Disponible con teclas de funci\u00f3n en ingl\u00e9s<\/li>\n<li>Proximidad con etiquetas MPT mini prox<\/li>\n<li>Certificado con el listado de robo comercial inal\u00e1mbrico ULC bajo el est\u00e1ndar ULC-S304-16<\/li>\n<li>Disponible en tres opciones de visualizaci\u00f3n: mensaje completo LCD de 2&#215;16 caracteres, ICON<\/li>\n<li>Pantalla azul en las versiones LCD e ICON<\/li>\n<li>Botones grandes y blancos con teclado retroiluminado<\/li>\n<li>E \/ S para zona o salida programable<\/li>\n<li>5 teclas de funci\u00f3n programables<\/li>\n<li>3 teclas de p\u00e1nico separadas<\/li>\n<li>Luz de fondo ajustable y zumbador de teclado<\/li>\n<li>M\u00faltiples campanas de puerta por zona<\/li>\n<li>8 soporte de partici\u00f3n<\/li>\n<li>Sabotaje de montaje delantero y trasero<\/li>\n<li>Prox. Etiqueta (opcional)<\/li>\n<li>Con transceptor PowerG incorporado (opcional)<\/li>\n<li>canal de alambre<\/li>\n<li>Bisagra de montaje f\u00e1cil de instalar.<\/li>\n<li>Montaje en caja de superficie o de una unidad<\/li>\n<li>Firmware remoto actualizable<\/li>\n<li>Compatible con los sistemas PowerSeries Neo<strong>Especificaciones<\/strong>\n<ul>\n<li>Dimensiones:\u00a0(L x A x D): 168 mm x 122 mm x 20 mm<\/li>\n<li>\u00c1rea visible del LCD:\u00a099 mm x 24 mm<\/li>\n<li>Consumo de corriente:125 mA (M\u00e1x.)<\/li>\n<li>\u00a0HS2LCDRF9:105 mA<\/li>\n<li>Voltaje:12 VDC nominal<\/li>\n<li>Entorno operativo: -10 \u00b0 C a 55 \u00b0 C<\/li>\n<\/ul>\n<p><img decoding=\"async\" class=\"overview-center-img-web\" src=\"https:\/\/tvc.mx\/media\/385055\/paquete-para-desarrollo-de-instaladores-NEO.png\" alt=\"\" \/><\/li>\n<\/ul>\n","protected":false},"excerpt":{"rendered":"<p>Paquete para desarrollo instaladores de alarmas serie NEO INCLUYE LO SIGUIENTE: 1 &#8211; DSC HS2032PCBSPA &#8211; NEO Paneles de Control Power Series Neo HS2032 1 &#8211; DSC HS2LCDRF9 &#8211; NEO Teclado Cableado Alfanum\u00e9rico con \u00a0Transceptor Power G integrado 1 &#8211; AV GMX003 &#8211; Gabinete Met\u00e1lico&hellip;<\/p>\n","protected":false},"featured_media":3728,"comment_status":"open","ping_status":"closed","template":"","meta":{"om_disable_all_campaigns":false,"_monsterinsights_skip_tracking":false,"_monsterinsights_sitenote_active":false,"_monsterinsights_sitenote_note":"","_monsterinsights_sitenote_category":0},"product_brand":[],"product_cat":[277],"product_tag":[212,211,151],"class_list":{"0":"post-3729","1":"product","2":"type-product","3":"status-publish","4":"has-post-thumbnail","6":"product_cat-paquetes-de-alarma-alarmas-dsc","7":"product_tag-alarmas","8":"product_tag-alarmas-e-intrusion","9":"product_tag-seguridad","11":"first","12":"instock","13":"sale","14":"taxable","15":"shipping-taxable","16":"purchasable","17":"product-type-simple"},"aioseo_notices":[],"_links":{"self":[{"href":"https:\/\/tecsecmty.com\/index.php\/wp-json\/wp\/v2\/product\/3729","targetHints":{"allow":["GET"]}}],"collection":[{"href":"https:\/\/tecsecmty.com\/index.php\/wp-json\/wp\/v2\/product"}],"about":[{"href":"https:\/\/tecsecmty.com\/index.php\/wp-json\/wp\/v2\/types\/product"}],"replies":[{"embeddable":true,"href":"https:\/\/tecsecmty.com\/index.php\/wp-json\/wp\/v2\/comments?post=3729"}],"version-history":[{"count":0,"href":"https:\/\/tecsecmty.com\/index.php\/wp-json\/wp\/v2\/product\/3729\/revisions"}],"wp:featuredmedia":[{"embeddable":true,"href":"https:\/\/tecsecmty.com\/index.php\/wp-json\/wp\/v2\/media\/3728"}],"wp:attachment":[{"href":"https:\/\/tecsecmty.com\/index.php\/wp-json\/wp\/v2\/media?parent=3729"}],"wp:term":[{"taxonomy":"product_brand","embeddable":true,"href":"https:\/\/tecsecmty.com\/index.php\/wp-json\/wp\/v2\/product_brand?post=3729"},{"taxonomy":"product_cat","embeddable":true,"href":"https:\/\/tecsecmty.com\/index.php\/wp-json\/wp\/v2\/product_cat?post=3729"},{"taxonomy":"product_tag","embeddable":true,"href":"https:\/\/tecsecmty.com\/index.php\/wp-json\/wp\/v2\/product_tag?post=3729"}],"curies":[{"name":"wp","href":"https:\/\/api.w.org\/{rel}","templated":true}]}}