{"id":3731,"date":"2023-02-23T00:24:34","date_gmt":"2023-02-23T06:24:34","guid":{"rendered":"https:\/\/tecsecmty.com\/index.php\/producto\/ihorn-nd1-123-paquete-de-alarma-que-incluye-un-panel-de-alarma-nd1-con-comunicacion-2g-32-zonas-inalambricas-dos-sensores-de-movimiento-lh990f-y-tres-contactos-magneticos-ho09af-incluye-fuente-y-2\/"},"modified":"2023-03-22T23:23:29","modified_gmt":"2023-03-23T05:23:29","slug":"ihorn-nd1-123-paquete-de-alarma-que-incluye-un-panel-de-alarma-nd1-con-comunicacion-2g-32-zonas-inalambricas-dos-sensores-de-movimiento-lh990f-y-tres-contactos-magneticos-ho09af-incluye-fuente-y-2","status":"publish","type":"product","link":"https:\/\/tecsecmty.com\/index.php\/producto\/ihorn-nd1-123-paquete-de-alarma-que-incluye-un-panel-de-alarma-nd1-con-comunicacion-2g-32-zonas-inalambricas-dos-sensores-de-movimiento-lh990f-y-tres-contactos-magneticos-ho09af-incluye-fuente-y-2\/","title":{"rendered":"IHORN ND1 123 -Paquete de Alarma que incluye Un Panel De Alarma ND1 con Comunicaci\u00f3n 2G. 32 Zonas Inal\u00e1mbricas. Dos Sensores de Movimiento LH990F y Tres Contactos Magn\u00e9ticos HO09AF. Incluye Fuente y 2 Llaveros RFID."},"content":{"rendered":"<h5 class=\"card-title text-center\">Informaci\u00f3n general<\/h5>\n<p>El panel de alarma autocontenido\u00a0<strong>ND1\u00a0<\/strong>de iHORN, es un modelo de panel\u00a0<strong>GSM\u00a0<\/strong>ideal para instalaciones peque\u00f1as y medianas que requieran una soluci\u00f3n confiable e inal\u00e1mbrica de seguridad. El panel de alarma cuenta con micr\u00f3fono, bocinas y sirena incluidas para efectuar la funci\u00f3n de alarmado, llamadas de audio y asistente de voz de operaci\u00f3n del panel.<\/p>\n<p><img decoding=\"async\" class=\"overview-center-img-web\" src=\"https:\/\/tvc.mx\/media\/582551\/KIT-IHORN-ND1.png\" alt=\"\" \/><\/p>\n<div class=\"row aling-items-center padding-bottom-2x\">\n<div class=\"col-lg-12\"><\/div>\n<\/div>\n<div class=\"row align-items-center padding-bottom-2x\">\n<div class=\"col-md-5\"><img decoding=\"async\" class=\"d-block m-auto img-thumbnail aligncenter\" src=\"https:\/\/tvc.mx\/media\/582599\/IHORN-ND1.png\" alt=\" \" \/><\/div>\n<div class=\"col-md-7 text-md-left text-center\">\n<h2>Descripci\u00f3n<\/h2>\n<p class=\"text-muted\">\n<ul>\n<li>Control desde la App<\/li>\n<li>Soporta llamadas telef\u00f3nica<\/li>\n<li>Armado y desarmado v\u00eda telef\u00f3nica<\/li>\n<li>Tama\u00f1o compacto<\/li>\n<li>Dise\u00f1o est\u00e9tico y amigable<\/li>\n<li>Programaci\u00f3n sencilla<\/li>\n<li>Bater\u00eda de respaldo de alta duraci\u00f3n<\/li>\n<li>Auto supervisado<\/li>\n<li>Avisador de puertas\/ventanas abierta<br \/>\n<h2>Especificaciones<\/h2>\n<p class=\"text-muted\">\n<ul>\n<li class=\"ql-indent-1\"><strong>Tags RFID:\u00a0<\/strong>16<\/li>\n<li class=\"ql-indent-1\"><strong>C\u00f3digos de usuario:<\/strong>\u00a03<\/li>\n<li class=\"ql-indent-1\"><strong>C\u00f3digo maestro:<\/strong>\u00a01<\/li>\n<li class=\"ql-indent-1\"><strong>C\u00f3digo de instalador:\u00a0<\/strong>1<\/li>\n<li class=\"ql-indent-1\"><strong>Zonas inal\u00e1mbricas:<\/strong>\u00a032<\/li>\n<li class=\"ql-indent-1\"><strong>Controles remoto:<\/strong>\u00a08<\/li>\n<li class=\"ql-indent-1\"><strong>Sirenas inal\u00e1mbricas:\u00a0<\/strong>1<\/li>\n<li class=\"ql-indent-1\"><strong>Zonas cableadas:<\/strong>\u00a02<\/li>\n<li class=\"ql-indent-1\"><strong>Alcance de se\u00f1al:<\/strong>\u00a0100 m (sin obst\u00e1culos)<\/li>\n<li class=\"ql-indent-1\"><strong>Frecuencia inal\u00e1mbrica:\u00a0<\/strong>433 MHz \/ 868 MHz<\/li>\n<li class=\"ql-indent-1\"><strong>Alimentaci\u00f3n del panel:<\/strong>\u00a012 VCC a 1A<\/li>\n<li class=\"ql-indent-1\"><strong>Capacidad de la bater\u00eda:<\/strong>\u00a02 x 3.7V 950mA<\/li>\n<li class=\"ql-indent-1\"><strong>Capacidad de la bater\u00eda:<\/strong>\u00a012 VCC<\/li>\n<li class=\"ql-indent-1\"><strong>Corriente de operaci\u00f3n:<\/strong>\u00a0800 mA<\/li>\n<li class=\"ql-indent-1\"><strong>Corriente en Salida AUX:\u00a0<\/strong>100 mA<\/li>\n<li class=\"ql-indent-1\"><strong>Carga m\u00e1xima en salida PGM:<\/strong>\u00a024 VCC a 1A<\/li>\n<li class=\"ql-indent-1\"><strong>Decibeles de bocina:\u00a0<\/strong>85 dB<\/li>\n<li class=\"ql-indent-1\"><strong>Temperatura de Operaci\u00f3n:\u00a0<\/strong>-10\u00b0C~+55\u00b0C<\/li>\n<li class=\"ql-indent-1\"><strong>App para el panel:\u00a0<\/strong>iOS y Android\n<div class=\"col-md-5\"><img decoding=\"async\" class=\"d-block m-auto img-thumbnail\" src=\"https:\/\/tvc.mx\/media\/582647\/IHORN-ND1-1.png\" alt=\" \" \/><\/div>\n<div class=\"col-md-7 text-md-left text-center\">\n<h2>Incluye<\/h2>\n<p class=\"text-muted\">\n<ul>\n<li>Panel ND1 con comunicaci\u00f3n 2G<\/li>\n<li>2 Sensores de movimiento LH990H<\/li>\n<li>3 Contactos magn\u00e9ticos H009AF<\/li>\n<li>2 Tags<\/li>\n<\/ul>\n<\/div>\n<\/li>\n<\/ul>\n<\/li>\n<\/ul>\n<\/div>\n<\/div>\n","protected":false},"excerpt":{"rendered":"<p>Informaci\u00f3n general El panel de alarma autocontenido\u00a0ND1\u00a0de iHORN, es un modelo de panel\u00a0GSM\u00a0ideal para instalaciones peque\u00f1as y medianas que requieran una soluci\u00f3n confiable e inal\u00e1mbrica de seguridad. El panel de alarma cuenta con micr\u00f3fono, bocinas y sirena incluidas para efectuar la funci\u00f3n de alarmado, llamadas&hellip;<\/p>\n","protected":false},"featured_media":3730,"comment_status":"open","ping_status":"closed","template":"","meta":{"om_disable_all_campaigns":false,"_monsterinsights_skip_tracking":false,"_monsterinsights_sitenote_active":false,"_monsterinsights_sitenote_note":"","_monsterinsights_sitenote_category":0},"product_brand":[],"product_cat":[278],"product_tag":[212,211,151],"class_list":{"0":"post-3731","1":"product","2":"type-product","3":"status-publish","4":"has-post-thumbnail","6":"product_cat-paquetes-de-alarma-alarmas-horn","7":"product_tag-alarmas","8":"product_tag-alarmas-e-intrusion","9":"product_tag-seguridad","11":"first","12":"instock","13":"sale","14":"taxable","15":"shipping-taxable","16":"purchasable","17":"product-type-simple"},"aioseo_notices":[],"_links":{"self":[{"href":"https:\/\/tecsecmty.com\/index.php\/wp-json\/wp\/v2\/product\/3731","targetHints":{"allow":["GET"]}}],"collection":[{"href":"https:\/\/tecsecmty.com\/index.php\/wp-json\/wp\/v2\/product"}],"about":[{"href":"https:\/\/tecsecmty.com\/index.php\/wp-json\/wp\/v2\/types\/product"}],"replies":[{"embeddable":true,"href":"https:\/\/tecsecmty.com\/index.php\/wp-json\/wp\/v2\/comments?post=3731"}],"version-history":[{"count":0,"href":"https:\/\/tecsecmty.com\/index.php\/wp-json\/wp\/v2\/product\/3731\/revisions"}],"wp:featuredmedia":[{"embeddable":true,"href":"https:\/\/tecsecmty.com\/index.php\/wp-json\/wp\/v2\/media\/3730"}],"wp:attachment":[{"href":"https:\/\/tecsecmty.com\/index.php\/wp-json\/wp\/v2\/media?parent=3731"}],"wp:term":[{"taxonomy":"product_brand","embeddable":true,"href":"https:\/\/tecsecmty.com\/index.php\/wp-json\/wp\/v2\/product_brand?post=3731"},{"taxonomy":"product_cat","embeddable":true,"href":"https:\/\/tecsecmty.com\/index.php\/wp-json\/wp\/v2\/product_cat?post=3731"},{"taxonomy":"product_tag","embeddable":true,"href":"https:\/\/tecsecmty.com\/index.php\/wp-json\/wp\/v2\/product_tag?post=3731"}],"curies":[{"name":"wp","href":"https:\/\/api.w.org\/{rel}","templated":true}]}}