{"id":3735,"date":"2023-02-23T00:24:40","date_gmt":"2023-02-23T06:24:40","guid":{"rendered":"https:\/\/tecsecmty.com\/index.php\/producto\/imou-alarmkit1-paquete-de-alarma-con-ranger-iq-camara-de-2mp-con-inteligencia-artificial-y-conexion-inteligente-de-detectores-de-alarma-sirena-inalambrica-pir-inalambrico-contacto-magnetico-inal\/"},"modified":"2023-03-22T23:23:30","modified_gmt":"2023-03-23T05:23:30","slug":"imou-alarmkit1-paquete-de-alarma-con-ranger-iq-camara-de-2mp-con-inteligencia-artificial-y-conexion-inteligente-de-detectores-de-alarma-sirena-inalambrica-pir-inalambrico-contacto-magnetico-inal","status":"publish","type":"product","link":"https:\/\/tecsecmty.com\/index.php\/producto\/imou-alarmkit1-paquete-de-alarma-con-ranger-iq-camara-de-2mp-con-inteligencia-artificial-y-conexion-inteligente-de-detectores-de-alarma-sirena-inalambrica-pir-inalambrico-contacto-magnetico-inal\/","title":{"rendered":"IMOU ALARMKIT1 &#8211; Paquete de Alarma con Ranger IQ\/ Camara de 2MP con Inteligencia Artificial y Conexi\u00f3n Inteligente de Detectores de Alarma\/ Sirena Inalambrica\/ PIR Inalambrico\/ Contacto Magnetico Inalambrico y Control Remoto Inalambrico"},"content":{"rendered":"<div class=\"row aling-items-center padding-bottom-2x\">\n<div class=\"col-lg-12\">\n<h5 class=\"card-title text-center\">Informaci\u00f3n General<\/h5>\n<p>Paquete de alarma IMOU el paquete cuenta con todo lo necesario para proteger tu hogar adem\u00e1s de ser de f\u00e1cil instalaci\u00f3n.<\/p>\n<p><img decoding=\"async\" class=\"overview-center-img-web\" src=\"https:\/\/tvc.mx\/media\/415651\/paquete-de-alarma-con-ranger-iq-sirena-pir-inalambrico-contacto-magnetico-y-control-remoto-IMOU-PAKALARM-IQ.png\" alt=\"\" \/><\/div>\n<\/div>\n<div class=\"row align-items-center padding-bottom-2x\">\n<div class=\"col-md-5\"><img decoding=\"async\" class=\"d-block m-auto img-thumbnail\" src=\"https:\/\/tvc.mx\/media\/415655\/imou-ranger-pro-camara-ip-domo-motorizado-audio-bidireccional-caracteristicas.png\" alt=\" \" \/><\/div>\n<div class=\"col-md-7 text-md-left text-center\">\n<h2>IMOU RANGER IQ<\/h2>\n<p class=\"text-muted\">\n<p>Con monitoreo en vivo 1080P Full HD y funciones de 0 ~ 355 \u00b0 panor\u00e1micas y 0 ~ 90 \u00b0 de inclinaci\u00f3n, la c\u00e1mara\u00a0Ranger IQ\u00a0garantiza que\u00a0cada rinc\u00f3n de su hogar est\u00e9 completamente cubierto. Las funciones de audio bidireccionales le permiten mantenerse en contacto con su familia, as\u00ed como la detecci\u00f3n de movimiento en tiempo real y las alertas instant\u00e1neas lo mantienen al tanto de lo que sucede en casa en cualquier momento y desde cualquier lugar.<\/p>\n<div class=\"row align-items-center padding-bottom-2x\">\n<div class=\"col-md-5 order-md-2\"><img decoding=\"async\" class=\"d-block m-auto img-thumbnail\" src=\"https:\/\/tvc.mx\/media\/415659\/imou-siren-inalambrica-con-estrobo-integrado-caracteristicas.png\" alt=\" \" \/><\/div>\n<div class=\"col-md-7 order-md-1 text-md-left text-center\">\n<h2>IMOU SIREN<\/h2>\n<p class=\"text-muted\">\n<p>La<strong>\u00a0IMOU SIREN\u00a0<\/strong>se puede usar como un sistema de seguridad para el hogar con los detectores Imou. Tambi\u00e9n se puede vincular a la c\u00e1mara Wi-Fi habilitada con Airfly para protecci\u00f3n de seguridad. Cuando el sensor Imou detecta una intrusi\u00f3n, la sirena sonar\u00e1 y el volumen puede alcanzar hasta 85dB.<\/p>\n<p>&nbsp;<\/p>\n<\/div>\n<\/div>\n<hr class=\"padding-bottom-2x\" \/>\n<div class=\"row align-items-center padding-bottom-2x\">\n<div class=\"col-md-5\"><img decoding=\"async\" class=\"d-block m-auto img-thumbnail\" src=\"https:\/\/tvc.mx\/media\/415663\/imou-motion-detetctor-sensor-de-movimiento-inalambrico-caracterisricas.png\" alt=\" \" \/><\/div>\n<div class=\"col-md-7 text-md-left text-center\">\n<h2>IMOU MOTION DETECTOR<\/h2>\n<p class=\"text-muted\">\n<p>El<strong>\u00a0Imou Motion Detector<\/strong>, es un sensor de movimiento para interior que permite mantener seguro su hogar con los beneficios de una instalaci\u00f3n totalmente inal\u00e1mbrica\u00a0(requiere enrolarse con el\u00a0Alarm Station\u00a0de Imou). La detecci\u00f3n PIR detecta con precisi\u00f3n la intrusi\u00f3n humana y\u00a0evita falsas alarmas\u00a0de mascotas de menos de 18 kg. Cuenta con un \u00e1ngulo de cobertura de\u00a090\u00b0\u00a0y un rango de hasta\u00a012m.<\/p>\n<\/div>\n<div class=\"row align-items-center padding-bottom-2x\">\n<div class=\"col-md-5 order-md-2\"><img decoding=\"async\" class=\"d-block m-auto img-thumbnail\" src=\"https:\/\/tvc.mx\/media\/415667\/imou-door-contact-contacto-magnetico-inalambrico.png\" alt=\" \" \/><\/div>\n<div class=\"col-md-7 order-md-1 text-md-left text-center\">\n<h2>IMOU DOOR CONTACT<\/h2>\n<p class=\"text-muted\">\n<p>Al colocar<strong>\u00a0Imou Door Contact\u00a0<\/strong>en su puerta o ventana para protecci\u00f3n contra la entrada no autorizada. Recibir\u00e1 un mensaje de alerta en la aplicaci\u00f3n Imou cuando alguien abra su puerta o ventana. Funciona con pilas y puedes instalarlo f\u00e1cilmente con adhesivo de doble cara.<\/p>\n<p>&nbsp;<\/p>\n<\/div>\n<\/div>\n<hr class=\"padding-bottom-2x\" \/>\n<div class=\"row align-items-center padding-bottom-2x\">\n<div class=\"col-md-5\"><img decoding=\"async\" class=\"d-block m-auto img-thumbnail\" src=\"https:\/\/tvc.mx\/media\/415671\/imou-remote-control-control-remoto-inalambrico.png\" alt=\" \" \/><\/div>\n<div class=\"col-md-7 text-md-left text-center\">\n<h2>IMOU REMOTE CONTROL<\/h2>\n<p class=\"text-muted\">\n<p><strong>Imou Remote Control<\/strong>\u00a0es un control remoto liviano y port\u00e1til que le permite elegir entre m\u00faltiples modos. Junto con la estaci\u00f3n de alarma Imou, puede elegir el modo Ausente, el modo de inicio, el modo de desarmado y el bot\u00f3n de emergencia.<\/p>\n<p><img decoding=\"async\" src=\"https:\/\/tvc.mx\/media\/415695\/logo-imou.png\" alt=\" \" \/><\/p>\n<h2>Caracter\u00edsticas<\/h2>\n<p class=\"text-muted\">\n<p><strong>IMOU RANGER IQ<\/strong><\/p>\n<ul>\n<li>Visi\u00f3n nocturna<\/li>\n<li>Funci\u00f3n de intercomunicaci\u00f3n<\/li>\n<li>Detecci\u00f3n de personas (IA)<\/li>\n<li>Alarma, zoom y programaci\u00f3n configurables<\/li>\n<li>Detecci\u00f3n de sonido<\/li>\n<li>Seguimiento inteligente<\/li>\n<li>Notificaciones en el m\u00f3vil<\/li>\n<li>Sirena incorporada<\/li>\n<li>Modos de privacidad<\/li>\n<li class=\"ql-align-justify\">Aplicaci\u00f3n Imou Life: iOS, Android<\/li>\n<\/ul>\n<p><strong>IMOU SIREN<\/strong><\/p>\n<ul>\n<li>Intensidad de sonido: 85dB (1m)<\/li>\n<li>Frecuencias Inal\u00e1mbricas: 433MHz<\/li>\n<li>Potencia de transmisi\u00f3n: 10dBm<\/li>\n<li>Distancia de transmisi\u00f3n: \u00e1rea abierta de 250m<\/li>\n<li>Sabotaje: protecci\u00f3n de la cubierta delantera y trasera<\/li>\n<li>Potencia: 4 pilas CR123A, 1,5 a\u00f1os de duraci\u00f3n de la bater\u00eda (incluidas)<\/li>\n<\/ul>\n<p><strong>IMOU MOTION DETECTOR<\/strong><\/p>\n<ul>\n<li>Detecci\u00f3n: infrarrojo pasivo Rango de detecci\u00f3n: 12 m \/ 90 \u00b0 No hay detecci\u00f3n de mascotas: \u2264 18 kg Pantalla LED.<\/li>\n<li>Alertas m\u00f3viles a trav\u00e9s de una central de alarmas disponible por separado<\/li>\n<li>Frecuencias de radio: 433 MHz<\/li>\n<li>Potencia de transmisi\u00f3n: 10dBm<\/li>\n<li>Distancia de transmisi\u00f3n: 200 m en zona abierta<\/li>\n<\/ul>\n<p><strong>IMOU DOOR CONTACT<\/strong><\/p>\n<ul>\n<li>Sensor de puerta \/ ventana, distancia de movimiento de 25-40 m<\/li>\n<li>Comunicaci\u00f3n bidireccional<\/li>\n<li>Aviso de alarma Notificaci\u00f3n LED luz<\/li>\n<li>Distancia de transmisi\u00f3n de hasta 150 m (espacio abierto \/ no interferencia)<\/li>\n<li>Frecuencia inal\u00e1mbrica 433MHz<\/li>\n<li>Potencia de transmisi\u00f3n 10dBm<\/li>\n<li>Energ\u00eda 1xCR123A bater\u00eda<\/li>\n<li>Interruptor antisabotaje equipado<\/li>\n<\/ul>\n<p><strong>IMOU REMOTE CONTROL<\/strong><\/p>\n<ul>\n<li>Energ\u00eda: 1x bater\u00eda CR2450<\/li>\n<li>Entorno de trabajo: -10 \u2103 ~ + 55 \u2103 (14 \u2109 ~ 131 \u2109), menos del 95% de HR Dimensi\u00f3n: 62 \u00d7 30 \u00d7 14 mm (2,4 \u00d7 1,2 \u00d7 0,5 nch)<\/li>\n<li>Peso: 20 g (0,04 libras)<\/li>\n<li>Frecuencias inal\u00e1mbricas: 433 MHz<\/li>\n<li>Potencia de transmisi\u00f3n: 10dBm<\/li>\n<li>Distancia de transmisi\u00f3n: 80 m (262,5 pies) de \u00e1rea abierta<\/li>\n<\/ul>\n<\/div>\n<\/div>\n<\/div>\n<\/div>\n<\/div>\n","protected":false},"excerpt":{"rendered":"<p>Informaci\u00f3n General Paquete de alarma IMOU el paquete cuenta con todo lo necesario para proteger tu hogar adem\u00e1s de ser de f\u00e1cil instalaci\u00f3n. IMOU RANGER IQ Con monitoreo en vivo 1080P Full HD y funciones de 0 ~ 355 \u00b0 panor\u00e1micas y 0 ~ 90&hellip;<\/p>\n","protected":false},"featured_media":3734,"comment_status":"open","ping_status":"closed","template":"","meta":{"om_disable_all_campaigns":false,"_monsterinsights_skip_tracking":false,"_monsterinsights_sitenote_active":false,"_monsterinsights_sitenote_note":"","_monsterinsights_sitenote_category":0},"product_brand":[],"product_cat":[276],"product_tag":[212,211,151],"class_list":{"0":"post-3735","1":"product","2":"type-product","3":"status-publish","4":"has-post-thumbnail","6":"product_cat-paquetes-de-alarma-alarmas-dahua-alarmas-intrusion","7":"product_tag-alarmas","8":"product_tag-alarmas-e-intrusion","9":"product_tag-seguridad","11":"first","12":"instock","13":"sale","14":"taxable","15":"shipping-taxable","16":"purchasable","17":"product-type-simple"},"aioseo_notices":[],"_links":{"self":[{"href":"https:\/\/tecsecmty.com\/index.php\/wp-json\/wp\/v2\/product\/3735","targetHints":{"allow":["GET"]}}],"collection":[{"href":"https:\/\/tecsecmty.com\/index.php\/wp-json\/wp\/v2\/product"}],"about":[{"href":"https:\/\/tecsecmty.com\/index.php\/wp-json\/wp\/v2\/types\/product"}],"replies":[{"embeddable":true,"href":"https:\/\/tecsecmty.com\/index.php\/wp-json\/wp\/v2\/comments?post=3735"}],"version-history":[{"count":0,"href":"https:\/\/tecsecmty.com\/index.php\/wp-json\/wp\/v2\/product\/3735\/revisions"}],"wp:featuredmedia":[{"embeddable":true,"href":"https:\/\/tecsecmty.com\/index.php\/wp-json\/wp\/v2\/media\/3734"}],"wp:attachment":[{"href":"https:\/\/tecsecmty.com\/index.php\/wp-json\/wp\/v2\/media?parent=3735"}],"wp:term":[{"taxonomy":"product_brand","embeddable":true,"href":"https:\/\/tecsecmty.com\/index.php\/wp-json\/wp\/v2\/product_brand?post=3735"},{"taxonomy":"product_cat","embeddable":true,"href":"https:\/\/tecsecmty.com\/index.php\/wp-json\/wp\/v2\/product_cat?post=3735"},{"taxonomy":"product_tag","embeddable":true,"href":"https:\/\/tecsecmty.com\/index.php\/wp-json\/wp\/v2\/product_tag?post=3735"}],"curies":[{"name":"wp","href":"https:\/\/api.w.org\/{rel}","templated":true}]}}