{"id":3745,"date":"2023-02-23T00:24:50","date_gmt":"2023-02-23T06:24:50","guid":{"rendered":"https:\/\/tecsecmty.com\/index.php\/producto\/risco-wicomm-fuego-pack-paquete-que-incluye-panel-autocontenido-inalambrico-wicomm-con-sensor-de-movimiento-contacto-magnetico-llavero-y-sensor-de-humo-y-calor-inalambrico-2-vias-parejaideal\/"},"modified":"2023-03-22T23:23:48","modified_gmt":"2023-03-23T05:23:48","slug":"risco-wicomm-fuego-pack-paquete-que-incluye-panel-autocontenido-inalambrico-wicomm-con-sensor-de-movimiento-contacto-magnetico-llavero-y-sensor-de-humo-y-calor-inalambrico-2-vias-parejaideal","status":"publish","type":"product","link":"https:\/\/tecsecmty.com\/index.php\/producto\/risco-wicomm-fuego-pack-paquete-que-incluye-panel-autocontenido-inalambrico-wicomm-con-sensor-de-movimiento-contacto-magnetico-llavero-y-sensor-de-humo-y-calor-inalambrico-2-vias-parejaideal\/","title":{"rendered":"Risco Wicomm Fuego Pack &#8211; Paquete Que incluye Panel Autocontenido Inal\u00e1mbrico Wicomm con Sensor de Movimiento , Contacto Magn\u00e9tico, Llavero y Sensor de Humo y Calor Inal\u00e1mbrico 2 V\u00edas. #PAREJAIDEAL"},"content":{"rendered":"<div class=\"row aling-items-center padding-bottom-2x\">\n<div class=\"col-lg-12\">\n<h5 class=\"card-title text-center\">WiComm: seguridad inal\u00e1mbrica inteligente<\/h5>\n<p>Con el sistema de seguridad WiComm de RISCO Group, ahora puede reducir los costos de instalaci\u00f3n y expandir su base de clientes al ofrecerles directamente una combinaci\u00f3n irresistible de soluciones de seguridad profesionales de alta gama con una instalaci\u00f3n f\u00e1cil y una configuraci\u00f3n f\u00e1cil de usar.\u00a0Disfruta de nuevas oportunidades de ingresos, mientras que sus clientes disfrutan de la mejor propuesta de valor a un menor costo total.<\/p>\n<p><img decoding=\"async\" class=\"overview-center-img-web\" src=\"https:\/\/tvc.mx\/media\/654522\/RISCO-PROSYS-PLUS-Panel-grado-3-64-512-zonas-32-Particiones-256-Zonas-inalambricas-Hasta-500-usuarios-15.png\" alt=\"\" \/><\/p>\n<\/div>\n<\/div>\n<div class=\"row align-items-center padding-bottom-2x\">\n<div class=\"col-md-5\"><img decoding=\"async\" class=\"d-block m-auto img-thumbnail\" src=\"https:\/\/tvc.mx\/media\/654527\/RISCO-WICOMM-Panel-Autocontenido-Inal%C3%A1mbrico-Sensor-Movimiento-Contacto-Magn%C3%A9tico-Llavero-Apto-Para-Proteger-Departamentos-Casas-Peque%C3%B1as-Aplicaci%C3%B3n-Incluida-IRISCO-%282%29.png\" alt=\" \" \/><\/div>\n<div class=\"col-md-7 text-md-left text-center\">\n<h2>WiComm: la elecci\u00f3n de los instaladores para sistemas de seguridad de autoinstalaci\u00f3n<\/h2>\n<p>Su familia y su hogar est\u00e1n completamente protegidos con el sistema inal\u00e1mbrico. El sistema es compatible con todos los detectores inal\u00e1mbricos de \u00faltima generaci\u00f3n para que incluso las \u00e1reas de dif\u00edcil acceso de su hogar puedan protegerse con un m\u00ednimo de desorden y tiempo de instalaci\u00f3n.\u00a0A medida que avanza su d\u00eda, nuestra aplicaci\u00f3n para tel\u00e9fonos inteligentes le permite controlar su sistema de seguridad desde cualquier ubicaci\u00f3n y recibir notificaciones sobre cualquier actualizaci\u00f3n de estado.\u00a0Proteja a su familia y su hogar las 24 horas del d\u00eda, los 7 d\u00edas de la semana.<\/p>\n<div class=\"col-md-5 order-md-2\"><img decoding=\"async\" class=\"d-block m-auto img-thumbnail\" src=\"https:\/\/tvc.mx\/media\/654532\/RISCO-WICOMM-Panel-Autocontenido-Inal%C3%A1mbrico-Sensor-Movimiento-Contacto-Magn%C3%A9tico-Llavero-Apto-Para-Proteger-Departamentos-Casas-Peque%C3%B1as-Aplicaci%C3%B3n-Incluida-IRISCO-%283%29.png\" alt=\" \" \/><\/div>\n<div class=\"col-md-7 order-md-1 text-md-left text-center\">\n<h2>Controle su sistema de forma remota con la aplicaci\u00f3n iRISCO<\/h2>\n<p>Disfrute del control total de sus funciones de seguridad, protecci\u00f3n y Smart Home directamente desde una \u00fanica aplicaci\u00f3n intuitiva, desde cualquier lugar a medida que avanza el d\u00eda.\u00a0La aplicaci\u00f3n para tel\u00e9fono inteligente iRISCO le brinda un control conveniente sobre la marcha para una gesti\u00f3n total de la vida.<\/p>\n<div class=\"row align-items-center padding-bottom-2x\">\n<div class=\"col-md-5\"><img decoding=\"async\" class=\"d-block m-auto img-thumbnail\" src=\"https:\/\/tvc.mx\/media\/654537\/RISCO-WICOMM-Panel-Autocontenido-Inal%C3%A1mbrico-Sensor-Movimiento-Contacto-Magn%C3%A9tico-Llavero-Apto-Para-Proteger-Departamentos-Casas-Peque%C3%B1as-Aplicaci%C3%B3n-Incluida-IRISCO-%285%29.png\" alt=\" \" \/><\/div>\n<div class=\"col-md-7 text-md-left text-center\">\n<h2>Amplia gama de accesorios inal\u00e1mbricos<\/h2>\n<p>La amplia gama de elegantes accesorios inal\u00e1mbricos de RISCO ofrece una instalaci\u00f3n r\u00e1pida y sencilla.\u00a0Nuestra gama completa de accesorios para seguridad, protecci\u00f3n y protecci\u00f3n perimetral se basa en tecnolog\u00edas \u00fanicas que ofrecen la m\u00e1xima confiabilidad, tanto para uso en interiores como en exteriores.<\/p>\n<p>&nbsp;<\/p>\n<\/div>\n<\/div>\n<hr class=\"padding-bottom-2x\" \/>\n<div class=\"row aling-items-center padding-bottom-2x\">\n<div class=\"col-lg-12\">\n<h5 class=\"card-title text-center\">Minimice los gastos, maximice los ingresos recurrentes<\/h5>\n<p>Una plataforma de servicios interactiva e integrada y un asistente de configuraci\u00f3n en l\u00ednea brindan una conveniencia y una rentabilidad superiores.\u00a0Lo que significa que ahora puede ganar clientes sobre la competencia con bajos costos y un servicio superior, mientras aumenta los ingresos recurrentes y generales.<\/p>\n<p><img decoding=\"async\" class=\"overview-center-img-web\" src=\"https:\/\/tvc.mx\/media\/654542\/1Risco-cloud-V5-%282%29.png\" alt=\"\" \/><\/p>\n<div class=\"col-md-7 order-md-1 text-md-left text-center\">\n<div class=\"col-md-7 text-md-left text-center\">\n<p>&nbsp;<\/p>\n<\/div>\n<\/div>\n<\/div>\n<\/div>\n<\/div>\n<\/div>\n<\/div>\n","protected":false},"excerpt":{"rendered":"<p>WiComm: seguridad inal\u00e1mbrica inteligente Con el sistema de seguridad WiComm de RISCO Group, ahora puede reducir los costos de instalaci\u00f3n y expandir su base de clientes al ofrecerles directamente una combinaci\u00f3n irresistible de soluciones de seguridad profesionales de alta gama con una instalaci\u00f3n f\u00e1cil y&hellip;<\/p>\n","protected":false},"featured_media":3744,"comment_status":"open","ping_status":"closed","template":"","meta":{"om_disable_all_campaigns":false,"_monsterinsights_skip_tracking":false,"_monsterinsights_sitenote_active":false,"_monsterinsights_sitenote_note":"","_monsterinsights_sitenote_category":0},"product_brand":[],"product_cat":[279],"product_tag":[212,211,151],"class_list":{"0":"post-3745","1":"product","2":"type-product","3":"status-publish","4":"has-post-thumbnail","6":"product_cat-paquetes-de-alarma-alarmas-risco","7":"product_tag-alarmas","8":"product_tag-alarmas-e-intrusion","9":"product_tag-seguridad","11":"first","12":"instock","13":"sale","14":"taxable","15":"shipping-taxable","16":"purchasable","17":"product-type-simple"},"aioseo_notices":[],"_links":{"self":[{"href":"https:\/\/tecsecmty.com\/index.php\/wp-json\/wp\/v2\/product\/3745","targetHints":{"allow":["GET"]}}],"collection":[{"href":"https:\/\/tecsecmty.com\/index.php\/wp-json\/wp\/v2\/product"}],"about":[{"href":"https:\/\/tecsecmty.com\/index.php\/wp-json\/wp\/v2\/types\/product"}],"replies":[{"embeddable":true,"href":"https:\/\/tecsecmty.com\/index.php\/wp-json\/wp\/v2\/comments?post=3745"}],"version-history":[{"count":0,"href":"https:\/\/tecsecmty.com\/index.php\/wp-json\/wp\/v2\/product\/3745\/revisions"}],"wp:featuredmedia":[{"embeddable":true,"href":"https:\/\/tecsecmty.com\/index.php\/wp-json\/wp\/v2\/media\/3744"}],"wp:attachment":[{"href":"https:\/\/tecsecmty.com\/index.php\/wp-json\/wp\/v2\/media?parent=3745"}],"wp:term":[{"taxonomy":"product_brand","embeddable":true,"href":"https:\/\/tecsecmty.com\/index.php\/wp-json\/wp\/v2\/product_brand?post=3745"},{"taxonomy":"product_cat","embeddable":true,"href":"https:\/\/tecsecmty.com\/index.php\/wp-json\/wp\/v2\/product_cat?post=3745"},{"taxonomy":"product_tag","embeddable":true,"href":"https:\/\/tecsecmty.com\/index.php\/wp-json\/wp\/v2\/product_tag?post=3745"}],"curies":[{"name":"wp","href":"https:\/\/api.w.org\/{rel}","templated":true}]}}