{"id":3753,"date":"2023-02-23T00:24:57","date_gmt":"2023-02-23T06:24:57","guid":{"rendered":"https:\/\/tecsecmty.com\/index.php\/producto\/ajax-doorprotectplus-w-detector-de-apertura-vibracion-e-inclinacion-inalambrico-color-blanco\/"},"modified":"2023-03-22T23:20:49","modified_gmt":"2023-03-23T05:20:49","slug":"ajax-doorprotectplus-w-detector-de-apertura-vibracion-e-inclinacion-inalambrico-color-blanco","status":"publish","type":"product","link":"https:\/\/tecsecmty.com\/index.php\/producto\/ajax-doorprotectplus-w-detector-de-apertura-vibracion-e-inclinacion-inalambrico-color-blanco\/","title":{"rendered":"AJAX DoorProtectPlus W &#8211; Detector de apertura, vibracion e inclinacion inal\u00e1mbrico. Color Blanco"},"content":{"rendered":"<h5 class=\"card-title text-center\">Descripci\u00f3n<\/h5>\n<h3><strong>Detector de apertura, vibraci\u00f3n e inclinaci\u00f3n inal\u00e1mbrico. Color blanco.<\/strong><\/h3>\n<p><strong>DoorProtect Plus<\/strong>\u00a0es un dispositivo inal\u00e1mbrico de seguridad que detecta aperturas, impactos e inclinaciones. Utilizado en espacios interiores. Tiene una entrada para conectar un detector externo.<\/p>\n<p>Funciona como parte del sistema de seguridad\u00a0<strong>Ajax\u00a0<\/strong>y se conecta a trav\u00e9s del\u00a0<strong>protocolo de seguridad Jeweller al\u00a0hub. El dispositivo se configura a trav\u00e9s de una\u00a0aplicaci\u00f3n m\u00f3vil para smartphones<\/strong>\u00a0disponible para iOS y Android. Se notifica al usuario de todos los eventos a trav\u00e9s de notificaciones push, mensajes SMS y llamadas (si est\u00e1n activadas).<\/p>\n<p><img decoding=\"async\" class=\"overview-center-img-web\" src=\"https:\/\/tvc.mx\/media\/430087\/AJAX-DoorProtectPlus-W---Detector-de-apertura%2C-vibracion-e-inclinacion-inal%C3%A1mbrico.-Color-Blanco.png\" alt=\"\" \/><\/p>\n<div class=\"col-md-5\"><img decoding=\"async\" class=\"d-block m-auto img-thumbnail\" src=\"https:\/\/tvc.mx\/media\/430091\/AJAX-DoorProtectPlus-W---Detector-de-apertura%2C-vibracion-e-inclinacion-inal%C3%A1mbrico.-Color-Blanco-iman-peque%C3%B1o.png\" alt=\" \" \/><\/div>\n<div class=\"col-md-7 text-md-left text-center\">\n<h2>Caracter\u00edsticas<\/h2>\n<p class=\"text-muted\">\n<p>DoorProtect Plus\u00a0se compone de dos partes: el detector en s\u00ed, con un rel\u00e9 reed de contacto sellado que procesa m\u00e1s de 2 millones de aperturas\u00a0y un im\u00e1n permanente. El detector est\u00e1 equipado con dos imanes: uno peque\u00f1o y otro grande, con rangos de funcionamiento de 1 y 2 cm respectivamente.<\/p>\n<p>Cuando instale el detector en planos perpendiculares (dentro del marco), utilice el im\u00e1n peque\u00f1o. La distancia entre el im\u00e1n y el detector no deber\u00eda ser mayor a 1 cm.<\/p>\n<p>Cuando coloque las partes de DoorProtectPlus al mismo nivel, use el im\u00e1n grande. Su umbral de actuaci\u00f3n es de 2 cm.<\/p>\n<\/div>\n","protected":false},"excerpt":{"rendered":"<p>Descripci\u00f3n Detector de apertura, vibraci\u00f3n e inclinaci\u00f3n inal\u00e1mbrico. Color blanco. DoorProtect Plus\u00a0es un dispositivo inal\u00e1mbrico de seguridad que detecta aperturas, impactos e inclinaciones. Utilizado en espacios interiores. Tiene una entrada para conectar un detector externo. Funciona como parte del sistema de seguridad\u00a0Ajax\u00a0y se conecta a&hellip;<\/p>\n","protected":false},"featured_media":3752,"comment_status":"open","ping_status":"closed","template":"","meta":{"om_disable_all_campaigns":false,"_monsterinsights_skip_tracking":false,"_monsterinsights_sitenote_active":false,"_monsterinsights_sitenote_note":"","_monsterinsights_sitenote_category":0},"product_brand":[],"product_cat":[280],"product_tag":[212,211,151],"class_list":{"0":"post-3753","1":"product","2":"type-product","3":"status-publish","4":"has-post-thumbnail","6":"product_cat-sensores-de-alarma","7":"product_tag-alarmas","8":"product_tag-alarmas-e-intrusion","9":"product_tag-seguridad","11":"first","12":"instock","13":"sale","14":"taxable","15":"shipping-taxable","16":"purchasable","17":"product-type-simple"},"aioseo_notices":[],"_links":{"self":[{"href":"https:\/\/tecsecmty.com\/index.php\/wp-json\/wp\/v2\/product\/3753","targetHints":{"allow":["GET"]}}],"collection":[{"href":"https:\/\/tecsecmty.com\/index.php\/wp-json\/wp\/v2\/product"}],"about":[{"href":"https:\/\/tecsecmty.com\/index.php\/wp-json\/wp\/v2\/types\/product"}],"replies":[{"embeddable":true,"href":"https:\/\/tecsecmty.com\/index.php\/wp-json\/wp\/v2\/comments?post=3753"}],"version-history":[{"count":0,"href":"https:\/\/tecsecmty.com\/index.php\/wp-json\/wp\/v2\/product\/3753\/revisions"}],"wp:featuredmedia":[{"embeddable":true,"href":"https:\/\/tecsecmty.com\/index.php\/wp-json\/wp\/v2\/media\/3752"}],"wp:attachment":[{"href":"https:\/\/tecsecmty.com\/index.php\/wp-json\/wp\/v2\/media?parent=3753"}],"wp:term":[{"taxonomy":"product_brand","embeddable":true,"href":"https:\/\/tecsecmty.com\/index.php\/wp-json\/wp\/v2\/product_brand?post=3753"},{"taxonomy":"product_cat","embeddable":true,"href":"https:\/\/tecsecmty.com\/index.php\/wp-json\/wp\/v2\/product_cat?post=3753"},{"taxonomy":"product_tag","embeddable":true,"href":"https:\/\/tecsecmty.com\/index.php\/wp-json\/wp\/v2\/product_tag?post=3753"}],"curies":[{"name":"wp","href":"https:\/\/api.w.org\/{rel}","templated":true}]}}