{"id":3757,"date":"2023-02-23T00:25:03","date_gmt":"2023-02-23T06:25:03","guid":{"rendered":"https:\/\/tecsecmty.com\/index.php\/producto\/ajax-combiprotect-w-detector-inalambrico-combinado-de-rotura-de-cristal-y-movimiento-color-blanco\/"},"modified":"2023-03-22T23:20:49","modified_gmt":"2023-03-23T05:20:49","slug":"ajax-combiprotect-w-detector-inalambrico-combinado-de-rotura-de-cristal-y-movimiento-color-blanco","status":"publish","type":"product","link":"https:\/\/tecsecmty.com\/index.php\/producto\/ajax-combiprotect-w-detector-inalambrico-combinado-de-rotura-de-cristal-y-movimiento-color-blanco\/","title":{"rendered":"AJAX CombiProtect W &#8211; Detector inal\u00e1mbrico combinado de rotura de cristal y movimiento. Color Blanco"},"content":{"rendered":"<h5 class=\"card-title text-center\">Descripci\u00f3n<\/h5>\n<h3 class=\"ql-align-center\"><strong>Detector de movimiento y ruptura de cristal inal\u00e1mbrico color blanco.<\/strong><\/h3>\n<p><strong>CombiProtect\u00a0<\/strong>combina dos tipos de dispositivos de seguridad: detector de movimiento y detector de rotura de cristal. Es un detector de movimiento inal\u00e1mbrico\u00a0<strong>con un \u00e1ngulo de visi\u00f3n de 88. 5\u00ba<\/strong>\u00a0y una distancia de detecci\u00f3n de\u00a0<strong>hasta 12 metros<\/strong>, adem\u00e1s un\u00a0<strong>detector de rotura de cristal<\/strong>\u00a0hasta una\u00a0<strong>distancia de 9 metros.<\/strong><\/p>\n<p><strong>El micr\u00f3fono electret es sensible a la rotura de cristal.<\/strong>\u00a0El sistema inteligente de registro de eventos requiere una secuencia de sonidos de una naturaleza espec\u00edfica: primero un golpe sordo, y luego el sonido de los fragmentos cayendo, esto previene una activaci\u00f3n accidental.<\/p>\n<p>Funciona como parte del sistema de seguridad\u00a0<strong>Ajax\u00a0<\/strong>y se conecta a trav\u00e9s del\u00a0<strong>protocolo de seguridad Jeweller al\u00a0hub.<\/strong><strong>El dispositivo se configura a trav\u00e9s de una\u00a0aplicaci\u00f3n m\u00f3vil para smartphones<\/strong>\u00a0disponible para iOS y Android.\u00a0<strong>Se notifica al usuario de todos los eventos<\/strong>\u00a0a trav\u00e9s de notificaciones push, mensajes SMS y llamadas (si est\u00e1n activadas).<\/p>\n<p><img decoding=\"async\" class=\"overview-center-img-web\" src=\"https:\/\/tvc.mx\/media\/426983\/28267.06.WH3.png\" alt=\"\" \/><\/p>\n<h5 class=\"card-title text-center\">Recomendaciones de instalaci\u00f3n<\/h5>\n<p>El detector CombiProtect debe fijarse en una superficie vertical o en una esquina.<\/p>\n<p>Se recomienda instalar el detector a una altura de 2.4 metros.<\/p>\n<p>Fije el panel SmartBracket a la superficie usando los tornillos de f\u00e1brica, use al menos dos puntos de sujeci\u00f3n (uno de ellos encima del interruptor antisabotaje).<\/p>\n<p>La direcci\u00f3n de la lente del detector sea perpendicular a la posible v\u00eda de irrupci\u00f3n a la habitaci\u00f3n. El micr\u00f3fono del detector se debe posicionar a un \u00e1ngulo inferior a 90 grados con respecto a la ventana.<\/p>\n<p><img decoding=\"async\" class=\"overview-center-img-web\" src=\"https:\/\/tvc.mx\/media\/426987\/28267.06.WH30.png\" alt=\"\" \/><\/p>\n","protected":false},"excerpt":{"rendered":"<p>Descripci\u00f3n Detector de movimiento y ruptura de cristal inal\u00e1mbrico color blanco. CombiProtect\u00a0combina dos tipos de dispositivos de seguridad: detector de movimiento y detector de rotura de cristal. Es un detector de movimiento inal\u00e1mbrico\u00a0con un \u00e1ngulo de visi\u00f3n de 88. 5\u00ba\u00a0y una distancia de detecci\u00f3n de\u00a0hasta&hellip;<\/p>\n","protected":false},"featured_media":3756,"comment_status":"open","ping_status":"closed","template":"","meta":{"om_disable_all_campaigns":false,"_monsterinsights_skip_tracking":false,"_monsterinsights_sitenote_active":false,"_monsterinsights_sitenote_note":"","_monsterinsights_sitenote_category":0},"product_brand":[],"product_cat":[280],"product_tag":[212,211,151],"class_list":{"0":"post-3757","1":"product","2":"type-product","3":"status-publish","4":"has-post-thumbnail","6":"product_cat-sensores-de-alarma","7":"product_tag-alarmas","8":"product_tag-alarmas-e-intrusion","9":"product_tag-seguridad","11":"first","12":"instock","13":"sale","14":"taxable","15":"shipping-taxable","16":"purchasable","17":"product-type-simple"},"aioseo_notices":[],"_links":{"self":[{"href":"https:\/\/tecsecmty.com\/index.php\/wp-json\/wp\/v2\/product\/3757","targetHints":{"allow":["GET"]}}],"collection":[{"href":"https:\/\/tecsecmty.com\/index.php\/wp-json\/wp\/v2\/product"}],"about":[{"href":"https:\/\/tecsecmty.com\/index.php\/wp-json\/wp\/v2\/types\/product"}],"replies":[{"embeddable":true,"href":"https:\/\/tecsecmty.com\/index.php\/wp-json\/wp\/v2\/comments?post=3757"}],"version-history":[{"count":0,"href":"https:\/\/tecsecmty.com\/index.php\/wp-json\/wp\/v2\/product\/3757\/revisions"}],"wp:featuredmedia":[{"embeddable":true,"href":"https:\/\/tecsecmty.com\/index.php\/wp-json\/wp\/v2\/media\/3756"}],"wp:attachment":[{"href":"https:\/\/tecsecmty.com\/index.php\/wp-json\/wp\/v2\/media?parent=3757"}],"wp:term":[{"taxonomy":"product_brand","embeddable":true,"href":"https:\/\/tecsecmty.com\/index.php\/wp-json\/wp\/v2\/product_brand?post=3757"},{"taxonomy":"product_cat","embeddable":true,"href":"https:\/\/tecsecmty.com\/index.php\/wp-json\/wp\/v2\/product_cat?post=3757"},{"taxonomy":"product_tag","embeddable":true,"href":"https:\/\/tecsecmty.com\/index.php\/wp-json\/wp\/v2\/product_tag?post=3757"}],"curies":[{"name":"wp","href":"https:\/\/api.w.org\/{rel}","templated":true}]}}