{"id":3763,"date":"2023-02-23T00:25:08","date_gmt":"2023-02-23T06:25:08","guid":{"rendered":"https:\/\/tecsecmty.com\/index.php\/producto\/ajax-leaksprotect-b-detector-de-inundaciones-inalambrico-color-negro\/"},"modified":"2023-03-22T23:20:50","modified_gmt":"2023-03-23T05:20:50","slug":"ajax-leaksprotect-b-detector-de-inundaciones-inalambrico-color-negro","status":"publish","type":"product","link":"https:\/\/tecsecmty.com\/index.php\/producto\/ajax-leaksprotect-b-detector-de-inundaciones-inalambrico-color-negro\/","title":{"rendered":"AJAX LeaksProtect B &#8211; Detector de inundaciones Inal\u00e1mbrico. Color Negro"},"content":{"rendered":"<h5 class=\"card-title text-center\">Descripci\u00f3n<\/h5>\n<p><strong>Detector de inundaci\u00f3n inal\u00e1mbrico color negro<\/strong><\/p>\n<p><strong>LeaksProtect<\/strong>\u00a0es un peque\u00f1o detector inal\u00e1mbrico que detecta la m\u00e1s m\u00ednima fuga de agua, permitiendo responder a tiempo y eliminar el problema. Utilizado en espacios interiores.<\/p>\n<p>Funciona como parte del sistema de seguridad\u00a0<strong>Ajax\u00a0<\/strong>y se conecta a trav\u00e9s del\u00a0<strong>protocolo de seguridad Jeweller\u00a0<\/strong>al\u00a0<strong>hub<\/strong>.\u00a0<strong>El dispositivo se configura a trav\u00e9s de una\u00a0aplicaci\u00f3n m\u00f3vil para smartphones\u00a0<\/strong>disponible para iOS y Android. Se notifica al usuario de todos los eventos a trav\u00e9s de notificaciones push, mensajes SMS y llamadas (si est\u00e1n activadas).<\/p>\n<p><img decoding=\"async\" class=\"overview-center-img-web\" src=\"https:\/\/tvc.mx\/media\/456708\/AJAX-LeaksProtect-B---Detector-de-inundaciones-Inal%C3%A1mbrico.-Color-Negro---.png\" alt=\"\" \/><\/p>\n<div class=\"col-md-5 order-md-2\"><img decoding=\"async\" class=\"d-block m-auto img-thumbnail\" src=\"https:\/\/tvc.mx\/media\/456714\/AJAX-LeaksProtect-B---Detector-de-inundaciones-Inal%C3%A1mbrico.-Color-Negro-contactos-.png\" alt=\" \" \/><\/div>\n<div class=\"col-md-7 order-md-1 text-md-left text-center\">\n<h2>Caracter\u00edsticas<\/h2>\n<p class=\"text-muted\">\n<p class=\"ql-align-justify\">Los detectores de inundaci\u00f3n son f\u00e1ciles de colocar en cualquier lugar donde existe la probabilidad de las fugas de agua. El tama\u00f1o del dispositivo es de tan solo 14\u00a0mm.<\/p>\n<p class=\"ql-align-justify\">Sin importar de qu\u00e9 lado llegue el agua al detector, inmediatamente provoca una alarma.\u00a0<strong>Los cuatro lados del detector de inundaci\u00f3n tienen pares de contacto<\/strong>. Si al menos uno de ellos entra en contacto con el agua, el detector informa de una fuga. Cuando los contactos se secan y se abren, le notifica que la fuga se ha detenido.<\/p>\n<p class=\"ql-align-justify\">Los detectores de inundaci\u00f3n pueden proteger peque\u00f1os apartamentos, as\u00ed como centros comerciales y edificios industriales contra inundaciones.<\/p>\n<\/div>\n","protected":false},"excerpt":{"rendered":"<p>Descripci\u00f3n Detector de inundaci\u00f3n inal\u00e1mbrico color negro LeaksProtect\u00a0es un peque\u00f1o detector inal\u00e1mbrico que detecta la m\u00e1s m\u00ednima fuga de agua, permitiendo responder a tiempo y eliminar el problema. Utilizado en espacios interiores. Funciona como parte del sistema de seguridad\u00a0Ajax\u00a0y se conecta a trav\u00e9s del\u00a0protocolo de&hellip;<\/p>\n","protected":false},"featured_media":3762,"comment_status":"open","ping_status":"closed","template":"","meta":{"om_disable_all_campaigns":false,"_monsterinsights_skip_tracking":false,"_monsterinsights_sitenote_active":false,"_monsterinsights_sitenote_note":"","_monsterinsights_sitenote_category":0},"product_brand":[],"product_cat":[280],"product_tag":[212,211,151],"class_list":{"0":"post-3763","1":"product","2":"type-product","3":"status-publish","4":"has-post-thumbnail","6":"product_cat-sensores-de-alarma","7":"product_tag-alarmas","8":"product_tag-alarmas-e-intrusion","9":"product_tag-seguridad","11":"first","12":"instock","13":"sale","14":"taxable","15":"shipping-taxable","16":"purchasable","17":"product-type-simple"},"aioseo_notices":[],"_links":{"self":[{"href":"https:\/\/tecsecmty.com\/index.php\/wp-json\/wp\/v2\/product\/3763","targetHints":{"allow":["GET"]}}],"collection":[{"href":"https:\/\/tecsecmty.com\/index.php\/wp-json\/wp\/v2\/product"}],"about":[{"href":"https:\/\/tecsecmty.com\/index.php\/wp-json\/wp\/v2\/types\/product"}],"replies":[{"embeddable":true,"href":"https:\/\/tecsecmty.com\/index.php\/wp-json\/wp\/v2\/comments?post=3763"}],"version-history":[{"count":0,"href":"https:\/\/tecsecmty.com\/index.php\/wp-json\/wp\/v2\/product\/3763\/revisions"}],"wp:featuredmedia":[{"embeddable":true,"href":"https:\/\/tecsecmty.com\/index.php\/wp-json\/wp\/v2\/media\/3762"}],"wp:attachment":[{"href":"https:\/\/tecsecmty.com\/index.php\/wp-json\/wp\/v2\/media?parent=3763"}],"wp:term":[{"taxonomy":"product_brand","embeddable":true,"href":"https:\/\/tecsecmty.com\/index.php\/wp-json\/wp\/v2\/product_brand?post=3763"},{"taxonomy":"product_cat","embeddable":true,"href":"https:\/\/tecsecmty.com\/index.php\/wp-json\/wp\/v2\/product_cat?post=3763"},{"taxonomy":"product_tag","embeddable":true,"href":"https:\/\/tecsecmty.com\/index.php\/wp-json\/wp\/v2\/product_tag?post=3763"}],"curies":[{"name":"wp","href":"https:\/\/api.w.org\/{rel}","templated":true}]}}