{"id":3765,"date":"2023-02-23T00:25:09","date_gmt":"2023-02-23T06:25:09","guid":{"rendered":"https:\/\/tecsecmty.com\/index.php\/producto\/ajax-leaksprotect-w-detector-de-inundaciones-inalambrico-color-blanco\/"},"modified":"2023-03-22T23:20:50","modified_gmt":"2023-03-23T05:20:50","slug":"ajax-leaksprotect-w-detector-de-inundaciones-inalambrico-color-blanco","status":"publish","type":"product","link":"https:\/\/tecsecmty.com\/index.php\/producto\/ajax-leaksprotect-w-detector-de-inundaciones-inalambrico-color-blanco\/","title":{"rendered":"AJAX LeaksProtect W &#8211; Detector de inundaciones Inal\u00e1mbrico. Color Blanco"},"content":{"rendered":"<h5 class=\"card-title text-center\">Descripci\u00f3n<\/h5>\n<p><strong>Detector de inundaci\u00f3n inal\u00e1mbrico color blanco<\/strong><\/p>\n<p><strong>LeaksProtect<\/strong>\u00a0es un peque\u00f1o detector inal\u00e1mbrico que detecta la m\u00e1s m\u00ednima fuga de agua, permitiendo responder a tiempo y eliminar el problema. Utilizado en espacios interiores.<\/p>\n<p>Funciona como parte del sistema de seguridad\u00a0<strong>Ajax\u00a0<\/strong>y se conecta a trav\u00e9s del\u00a0<strong>protocolo de seguridad Jeweller\u00a0<\/strong>al\u00a0<strong>hub<\/strong>.\u00a0<strong>El dispositivo se configura a trav\u00e9s de una\u00a0aplicaci\u00f3n m\u00f3vil para smartphones\u00a0<\/strong>disponible para iOS y Android. Se notifica al usuario de todos los eventos a trav\u00e9s de notificaciones push, mensajes SMS y llamadas (si est\u00e1n activadas).<\/p>\n<p><img decoding=\"async\" class=\"overview-center-img-web\" src=\"https:\/\/tvc.mx\/media\/460092\/AJAX-LeaksProtect-W---Detector-de-inundaciones-Inal%C3%A1mbrico.-Color-Blanco.png\" alt=\"\" \/><\/p>\n<div class=\"col-md-5\"><img decoding=\"async\" class=\"d-block m-auto img-thumbnail\" src=\"https:\/\/tvc.mx\/media\/460095\/jeweller.png\" alt=\" \" \/><\/div>\n<div class=\"col-md-7 text-md-left text-center\">\n<h2>Protocolo v\u00eda radio AJAX<\/h2>\n<p><strong>Jeweller<\/strong>\u00a0es un protocolo de radio\u00a0<strong>desarrollado por Ajax System<\/strong>. Garantiza una interacci\u00f3n ininterrumpida entre el hub y los dispositivos del sistema de seguridad. permite crear sistemas de seguridad de cualquier escala conectando hasta 200 dispositivos a un solo panel de control.<\/p>\n<div class=\"col-md-5 order-md-2\"><img decoding=\"async\" class=\"d-block m-auto img-thumbnail\" src=\"https:\/\/tvc.mx\/media\/460098\/AJAX-LeaksProtect-W---Detector-de-inundaciones-Inal%C3%A1mbrico.-Color-Blanco-contactos.png\" alt=\" \" \/><\/div>\n<div class=\"col-md-7 order-md-1 text-md-left text-center\">\n<h2>Caracter\u00edsticas<\/h2>\n<p class=\"ql-align-justify\">\u00b7\u00a0Los detectores de inundaci\u00f3n son f\u00e1ciles de colocar en cualquier lugar donde existe la probabilidad de las fugas de agua. El tama\u00f1o del dispositivo es de tan solo 14\u00a0mm.<\/p>\n<p class=\"ql-align-justify\">\u00b7Sin importar de qu\u00e9 lado llegue el agua al detector, inmediatamente provoca una alarma. Los cuatro lados del detector de inundaci\u00f3n tienen pares de contacto. Si al menos uno de ellos entra en contacto con el agua, el detector informa de una fuga. Cuando los contactos se secan y se abren, le notifica que la fuga se ha detenido.<\/p>\n<p class=\"ql-align-justify\">\u00b7Los detectores de inundaci\u00f3n pueden proteger peque\u00f1os apartamentos, as\u00ed como centros comerciales y edificios industriales contra inundaciones.<\/p>\n<div class=\"col-md-5\"><img decoding=\"async\" class=\"d-block m-auto img-thumbnail\" src=\"https:\/\/tvc.mx\/media\/460101\/AJAX-LeaksProtect-W---Detector-de-inundaciones-Inal%C3%A1mbrico.-Color-Blanco-elementos-funcionales.png\" alt=\" \" \/><\/div>\n<div class=\"col-md-7 text-md-left text-center\">\n<h2>Elementos funcionales:<\/h2>\n<p>1.\u00a0\u00a0\u00a0Indicador luminoso<\/p>\n<p>2.\u00a0\u00a0\u00a0Contactos del sensor de humedad<\/p>\n<p>3.\u00a0\u00a0\u00a0C\u00f3digo QR con clave de registro de dispositivo<\/p>\n<p>4.\u00a0\u00a0\u00a0Bot\u00f3n de encendido\/apagado<\/p>\n<div class=\"col-md-7 order-md-1 text-md-left text-center\">\n<p>&nbsp;<\/p>\n<\/div>\n<\/div>\n<\/div>\n<\/div>\n","protected":false},"excerpt":{"rendered":"<p>Descripci\u00f3n Detector de inundaci\u00f3n inal\u00e1mbrico color blanco LeaksProtect\u00a0es un peque\u00f1o detector inal\u00e1mbrico que detecta la m\u00e1s m\u00ednima fuga de agua, permitiendo responder a tiempo y eliminar el problema. Utilizado en espacios interiores. Funciona como parte del sistema de seguridad\u00a0Ajax\u00a0y se conecta a trav\u00e9s del\u00a0protocolo de&hellip;<\/p>\n","protected":false},"featured_media":3764,"comment_status":"open","ping_status":"closed","template":"","meta":{"om_disable_all_campaigns":false,"_monsterinsights_skip_tracking":false,"_monsterinsights_sitenote_active":false,"_monsterinsights_sitenote_note":"","_monsterinsights_sitenote_category":0},"product_brand":[],"product_cat":[280],"product_tag":[212,211,151],"class_list":{"0":"post-3765","1":"product","2":"type-product","3":"status-publish","4":"has-post-thumbnail","6":"product_cat-sensores-de-alarma","7":"product_tag-alarmas","8":"product_tag-alarmas-e-intrusion","9":"product_tag-seguridad","11":"first","12":"instock","13":"sale","14":"taxable","15":"shipping-taxable","16":"purchasable","17":"product-type-simple"},"aioseo_notices":[],"_links":{"self":[{"href":"https:\/\/tecsecmty.com\/index.php\/wp-json\/wp\/v2\/product\/3765","targetHints":{"allow":["GET"]}}],"collection":[{"href":"https:\/\/tecsecmty.com\/index.php\/wp-json\/wp\/v2\/product"}],"about":[{"href":"https:\/\/tecsecmty.com\/index.php\/wp-json\/wp\/v2\/types\/product"}],"replies":[{"embeddable":true,"href":"https:\/\/tecsecmty.com\/index.php\/wp-json\/wp\/v2\/comments?post=3765"}],"version-history":[{"count":0,"href":"https:\/\/tecsecmty.com\/index.php\/wp-json\/wp\/v2\/product\/3765\/revisions"}],"wp:featuredmedia":[{"embeddable":true,"href":"https:\/\/tecsecmty.com\/index.php\/wp-json\/wp\/v2\/media\/3764"}],"wp:attachment":[{"href":"https:\/\/tecsecmty.com\/index.php\/wp-json\/wp\/v2\/media?parent=3765"}],"wp:term":[{"taxonomy":"product_brand","embeddable":true,"href":"https:\/\/tecsecmty.com\/index.php\/wp-json\/wp\/v2\/product_brand?post=3765"},{"taxonomy":"product_cat","embeddable":true,"href":"https:\/\/tecsecmty.com\/index.php\/wp-json\/wp\/v2\/product_cat?post=3765"},{"taxonomy":"product_tag","embeddable":true,"href":"https:\/\/tecsecmty.com\/index.php\/wp-json\/wp\/v2\/product_tag?post=3765"}],"curies":[{"name":"wp","href":"https:\/\/api.w.org\/{rel}","templated":true}]}}