{"id":3767,"date":"2023-02-23T00:25:11","date_gmt":"2023-02-23T06:25:11","guid":{"rendered":"https:\/\/tecsecmty.com\/index.php\/producto\/ajax-motioncam-b-detector-de-movimiento-con-verificacion-fotografica-color-negro\/"},"modified":"2023-03-22T23:20:50","modified_gmt":"2023-03-23T05:20:50","slug":"ajax-motioncam-b-detector-de-movimiento-con-verificacion-fotografica-color-negro","status":"publish","type":"product","link":"https:\/\/tecsecmty.com\/index.php\/producto\/ajax-motioncam-b-detector-de-movimiento-con-verificacion-fotografica-color-negro\/","title":{"rendered":"AJAX MotionCam B &#8211; Detector de movimiento con Verificaci\u00f3n fotogr\u00e1fica. Color Negro"},"content":{"rendered":"<h5 class=\"card-title text-center\">Descripci\u00f3n<\/h5>\n<p><strong>MotionCam<\/strong>\u00a0es un detector inal\u00e1mbrico de movimiento con verificaci\u00f3n visual de alarmas para uso en interiores.\u00a0detecta el movimiento a una distancia de hasta 12 metros, ignora a los animales, pero reconoce el movimiento humano al instante. Una serie animada de fotos sigue a la alarma de detecci\u00f3n de movimiento instant\u00e1nea para una evaluaci\u00f3n precisa de la situaci\u00f3n.<\/p>\n<p>Funciona como parte del sistema de seguridad\u00a0<strong>Ajax\u00a0<\/strong>y se conecta a trav\u00e9s del\u00a0<strong>protocolo de seguridad Jeweller\u00a0<\/strong>al\u00a0<strong>hub<\/strong>.\u00a0<strong>El dispositivo se configura a trav\u00e9s de una\u00a0aplicaci\u00f3n m\u00f3vil para smartphones\u00a0<\/strong>disponible para iOS y Android. Se notifica al usuario de todos los eventos a trav\u00e9s de notificaciones push, mensajes SMS y llamadas (si est\u00e1n activadas).<\/p>\n<p><img decoding=\"async\" class=\"overview-center-img-web\" src=\"https:\/\/tvc.mx\/media\/461960\/AJAX-MotionCam-B---Detector-de-movimiento-con-Verificaci%C3%B3n-fotogr%C3%A1fica.-Color-Negro.png\" alt=\"\" \/><\/p>\n<div class=\"col-md-5\"><img decoding=\"async\" class=\"d-block m-auto img-thumbnail\" src=\"https:\/\/tvc.mx\/media\/461962\/jeweller-y-wings.png\" alt=\" \" \/><\/div>\n<div class=\"col-md-7 text-md-left text-center\">\n<h2>Protocolo v\u00eda radio AJAX<\/h2>\n<p class=\"text-muted\">\n<p><strong>MotionCam\u00a0<\/strong>utiliza simult\u00e1neamente dos protocolos de radio especializados:\u00a0<strong>Jeweller\u00a0<\/strong>para el env\u00edo de alarmas instant\u00e1neas y\u00a0<strong>Wings\u00a0<\/strong>para una recepci\u00f3n r\u00e1pida de im\u00e1genes. Recibir\u00e1 una imagen desde el lugar del evento en menos de 9 segundos despu\u00e9s de detectar el movimiento, y la alarma llegar\u00e1 en una fracci\u00f3n de segundo como antes.<\/p>\n<div class=\"col-md-5 order-md-2\"><img decoding=\"async\" class=\"d-block m-auto img-thumbnail\" src=\"https:\/\/tvc.mx\/media\/461966\/AJAX-MotionCam-B---Detector-de-movimiento-con-Verificaci%C3%B3n-fotogr%C3%A1fica.-Color-Negro-frente.png\" alt=\" \" \/><\/div>\n<div class=\"col-md-7 order-md-1 text-md-left text-center\">\n<h2>Caracter\u00edsticas<\/h2>\n<p class=\"text-muted\">\n<p class=\"ql-align-justify\">Transmite una fotograf\u00eda en menos de 9 segundos<\/p>\n<p class=\"ql-align-justify\">Visi\u00f3n nocturna<\/p>\n<p class=\"ql-align-justify\">Captura fotos solo cuando se activa la alarma<\/p>\n<p class=\"ql-align-justify\">Todas las im\u00e1genes est\u00e1n encriptadas<\/p>\n<p class=\"ql-align-justify\">Ignora a las mascotas (hasta 50 cm de altura) utilizando el algoritmo SmartDetect. Pero si un animal de compa\u00f1\u00eda especialmente curioso logra hacer sonar la alarma, el siguiente reportaje fotogr\u00e1fico confirmar\u00e1 que la casa no corre peligro<\/p>\n<\/div>\n<\/div>\n","protected":false},"excerpt":{"rendered":"<p>Descripci\u00f3n MotionCam\u00a0es un detector inal\u00e1mbrico de movimiento con verificaci\u00f3n visual de alarmas para uso en interiores.\u00a0detecta el movimiento a una distancia de hasta 12 metros, ignora a los animales, pero reconoce el movimiento humano al instante. Una serie animada de fotos sigue a la alarma&hellip;<\/p>\n","protected":false},"featured_media":3766,"comment_status":"open","ping_status":"closed","template":"","meta":{"om_disable_all_campaigns":false,"_monsterinsights_skip_tracking":false,"_monsterinsights_sitenote_active":false,"_monsterinsights_sitenote_note":"","_monsterinsights_sitenote_category":0},"product_brand":[],"product_cat":[280],"product_tag":[212,211,151],"class_list":{"0":"post-3767","1":"product","2":"type-product","3":"status-publish","4":"has-post-thumbnail","6":"product_cat-sensores-de-alarma","7":"product_tag-alarmas","8":"product_tag-alarmas-e-intrusion","9":"product_tag-seguridad","11":"first","12":"instock","13":"sale","14":"taxable","15":"shipping-taxable","16":"purchasable","17":"product-type-simple"},"aioseo_notices":[],"_links":{"self":[{"href":"https:\/\/tecsecmty.com\/index.php\/wp-json\/wp\/v2\/product\/3767","targetHints":{"allow":["GET"]}}],"collection":[{"href":"https:\/\/tecsecmty.com\/index.php\/wp-json\/wp\/v2\/product"}],"about":[{"href":"https:\/\/tecsecmty.com\/index.php\/wp-json\/wp\/v2\/types\/product"}],"replies":[{"embeddable":true,"href":"https:\/\/tecsecmty.com\/index.php\/wp-json\/wp\/v2\/comments?post=3767"}],"version-history":[{"count":0,"href":"https:\/\/tecsecmty.com\/index.php\/wp-json\/wp\/v2\/product\/3767\/revisions"}],"wp:featuredmedia":[{"embeddable":true,"href":"https:\/\/tecsecmty.com\/index.php\/wp-json\/wp\/v2\/media\/3766"}],"wp:attachment":[{"href":"https:\/\/tecsecmty.com\/index.php\/wp-json\/wp\/v2\/media?parent=3767"}],"wp:term":[{"taxonomy":"product_brand","embeddable":true,"href":"https:\/\/tecsecmty.com\/index.php\/wp-json\/wp\/v2\/product_brand?post=3767"},{"taxonomy":"product_cat","embeddable":true,"href":"https:\/\/tecsecmty.com\/index.php\/wp-json\/wp\/v2\/product_cat?post=3767"},{"taxonomy":"product_tag","embeddable":true,"href":"https:\/\/tecsecmty.com\/index.php\/wp-json\/wp\/v2\/product_tag?post=3767"}],"curies":[{"name":"wp","href":"https:\/\/api.w.org\/{rel}","templated":true}]}}