{"id":3785,"date":"2023-02-23T00:25:31","date_gmt":"2023-02-23T06:25:31","guid":{"rendered":"https:\/\/tecsecmty.com\/index.php\/producto\/bosch-a_iscfpb1w120qf-barrera-fotoelectrica-hasta-120-metros-en-exterior-y-240-metros-en-interior-de-haz-cuadruple\/"},"modified":"2023-03-22T23:21:01","modified_gmt":"2023-03-23T05:21:01","slug":"bosch-a_iscfpb1w120qf-barrera-fotoelectrica-hasta-120-metros-en-exterior-y-240-metros-en-interior-de-haz-cuadruple","status":"publish","type":"product","link":"https:\/\/tecsecmty.com\/index.php\/producto\/bosch-a_iscfpb1w120qf-barrera-fotoelectrica-hasta-120-metros-en-exterior-y-240-metros-en-interior-de-haz-cuadruple\/","title":{"rendered":"BOSCH A_ISCFPB1W120QF- Barrera Foto\u00e9lectrica hasta 120 metros en exterior y 240 metros en interior de haz cu\u00e1druple"},"content":{"rendered":"<div class=\"row aling-items-center padding-bottom-2x\">\n<div class=\"col-lg-12\">\n<h5 class=\"card-title text-center\">ISCFPB1W120QF- Barrera Foto\u00e9lectrica hasta 120 metros en exterior y 240 metros en interior de haz cu\u00e1druple<\/h5>\n<p><strong>ISC-FPB1-W120QF<\/strong><\/p>\n<p>Barrera de infrarrojos de haz quad de cuatro canales dise\u00f1ada para aplicaciones interiores y exteriores.<\/p>\n<p>Consiste en un transmisor y un receptor separados entre s\u00ed. Alcance m\u00e1ximo en exteriores de 120 m (293 pies) y alcance m\u00e1ximo en interiores de 240 m (787pies).<\/p>\n<p><img decoding=\"async\" class=\"overview-center-img-web\" src=\"https:\/\/tvc.mx\/media\/644457\/encabezado-1920x400.png\" alt=\"\" \/><\/div>\n<\/div>\n<div class=\"row align-items-center padding-bottom-2x\">\n<div class=\"col-md-5\"><img decoding=\"async\" class=\"d-block m-auto img-thumbnail\" src=\"https:\/\/tvc.mx\/media\/644467\/400x300-logo.png\" alt=\" \" \/><\/div>\n<div class=\"col-md-7 text-md-left text-center\">\n<h2>Caracter\u00edsticas<\/h2>\n<p class=\"text-muted\">\n<ul>\n<li>Detecci\u00f3n por haz quad<\/li>\n<li>Circuito de discriminaci\u00f3n ambiental<\/li>\n<li>Control de la potencia de los haces para reducir las interferencias\n<div class=\"col-md-5 order-md-2\"><img decoding=\"async\" class=\"d-block m-auto img-thumbnail\" src=\"https:\/\/tvc.mx\/media\/644477\/400x300-calefactor.png\" alt=\" \" \/><\/div>\n<div class=\"col-md-7 order-md-1 text-md-left text-center\">\n<h2>Calefactor<\/h2>\n<p class=\"text-muted\">\n<p><strong>(opcional)<\/strong><\/p>\n<p>El calefactor BH12T es un dispositivo de calentamiento que evita la acumulaci\u00f3n de escarcha sobre las cubiertas de los detectores de haz fotoel\u00e9ctrico, facilitando as\u00ed un rendimiento estable.<\/p>\n<ul>\n<li>El control autom\u00e1tico de temperatura la mantiene en un valor constante<\/li>\n<li>Dispositivo fabricado en cer\u00e1mica de larga duraci\u00f3n para soportar las inclemencias del tiempo<\/li>\n<\/ul>\n<p><strong>Calefactor de barrera fotoel\u00e9ctrica BH12T<\/strong><\/p>\n<p>Disminuye los efectos de heladas, niebla intensa, fr\u00edo y ambientes de gran humedad sobre los detectores de haz fotoel\u00e9ctrico. Suministrado en paquetes de dos.<\/p>\n<p>N\u00famero de pedido\u00a0<strong>BH12T<\/strong><\/p>\n<h5 class=\"card-title text-center\">Especificaciones clave<\/h5>\n<p><strong>Calificaci\u00f3n IP:\u00a0<\/strong>IP66<\/p>\n<p><strong>Dimensiones (Alto x Ancho x Fondo) (mm):<\/strong>\u00a0103 x 398 x 99 mm<\/p>\n<p><strong>Temperatura de funcionamiento (\u00b0C):<\/strong>\u00a0-25 \u2013 60 \u00b0C<\/p>\n<p><strong>Tipo de montaje:<\/strong>\u00a0Montaje en superficie<\/p>\n<p><strong>Uso:\u00a0<\/strong>Interiores; Exteriores<\/p>\n<p><img decoding=\"async\" class=\"overview-center-img-web\" src=\"https:\/\/tvc.mx\/media\/644482\/encabezado-1920x400.png\" alt=\"\" \/><\/p>\n<\/div>\n<\/li>\n<\/ul>\n<\/div>\n<\/div>\n","protected":false},"excerpt":{"rendered":"<p>ISCFPB1W120QF- Barrera Foto\u00e9lectrica hasta 120 metros en exterior y 240 metros en interior de haz cu\u00e1druple ISC-FPB1-W120QF Barrera de infrarrojos de haz quad de cuatro canales dise\u00f1ada para aplicaciones interiores y exteriores. Consiste en un transmisor y un receptor separados entre s\u00ed. Alcance m\u00e1ximo en&hellip;<\/p>\n","protected":false},"featured_media":3784,"comment_status":"open","ping_status":"closed","template":"","meta":{"om_disable_all_campaigns":false,"_monsterinsights_skip_tracking":false,"_monsterinsights_sitenote_active":false,"_monsterinsights_sitenote_note":"","_monsterinsights_sitenote_category":0},"product_brand":[],"product_cat":[281],"product_tag":[212,211,151],"class_list":{"0":"post-3785","1":"product","2":"type-product","3":"status-publish","4":"has-post-thumbnail","6":"product_cat-sensores-de-alarma-alarmas-bosch","7":"product_tag-alarmas","8":"product_tag-alarmas-e-intrusion","9":"product_tag-seguridad","11":"first","12":"instock","13":"sale","14":"taxable","15":"shipping-taxable","16":"purchasable","17":"product-type-simple"},"aioseo_notices":[],"_links":{"self":[{"href":"https:\/\/tecsecmty.com\/index.php\/wp-json\/wp\/v2\/product\/3785","targetHints":{"allow":["GET"]}}],"collection":[{"href":"https:\/\/tecsecmty.com\/index.php\/wp-json\/wp\/v2\/product"}],"about":[{"href":"https:\/\/tecsecmty.com\/index.php\/wp-json\/wp\/v2\/types\/product"}],"replies":[{"embeddable":true,"href":"https:\/\/tecsecmty.com\/index.php\/wp-json\/wp\/v2\/comments?post=3785"}],"version-history":[{"count":0,"href":"https:\/\/tecsecmty.com\/index.php\/wp-json\/wp\/v2\/product\/3785\/revisions"}],"wp:featuredmedia":[{"embeddable":true,"href":"https:\/\/tecsecmty.com\/index.php\/wp-json\/wp\/v2\/media\/3784"}],"wp:attachment":[{"href":"https:\/\/tecsecmty.com\/index.php\/wp-json\/wp\/v2\/media?parent=3785"}],"wp:term":[{"taxonomy":"product_brand","embeddable":true,"href":"https:\/\/tecsecmty.com\/index.php\/wp-json\/wp\/v2\/product_brand?post=3785"},{"taxonomy":"product_cat","embeddable":true,"href":"https:\/\/tecsecmty.com\/index.php\/wp-json\/wp\/v2\/product_cat?post=3785"},{"taxonomy":"product_tag","embeddable":true,"href":"https:\/\/tecsecmty.com\/index.php\/wp-json\/wp\/v2\/product_tag?post=3785"}],"curies":[{"name":"wp","href":"https:\/\/api.w.org\/{rel}","templated":true}]}}