{"id":3789,"date":"2023-02-23T00:25:35","date_gmt":"2023-02-23T06:25:35","guid":{"rendered":"https:\/\/tecsecmty.com\/index.php\/producto\/bosch-i_-ds9370-detector-pir-tritech-panoramico-procesamiento-fsp\/"},"modified":"2023-03-22T23:21:17","modified_gmt":"2023-03-23T05:21:17","slug":"bosch-i_-ds9370-detector-pir-tritech-panoramico-procesamiento-fsp","status":"publish","type":"product","link":"https:\/\/tecsecmty.com\/index.php\/producto\/bosch-i_-ds9370-detector-pir-tritech-panoramico-procesamiento-fsp\/","title":{"rendered":"BOSCH I_ DS9370- DETECTOR PIR TRITECH PANORAMICO\/ PROCESAMIENTO FSP"},"content":{"rendered":"<div class=\"row aling-items-center padding-bottom-2x\">\n<div class=\"col-lg-12\">\n<h5 class=\"card-title text-center\">Detector movimiento 360\u00b0 techo DS9370<\/h5>\n<p><img decoding=\"async\" class=\"overview-center-img-web\" src=\"https:\/\/tvc.mx\/media\/38073\/Logoopaginas-oficial-1920x400.png\" alt=\"\" \/><\/p>\n<\/div>\n<\/div>\n<div class=\"row align-items-center padding-bottom-2x\">\n<div class=\"col-md-5\"><img decoding=\"async\" class=\"d-block m-auto img-thumbnail\" src=\"https:\/\/tvc.mx\/media\/79944\/DS9370config6.png\" alt=\" \" \/><\/div>\n<div class=\"col-md-7 text-md-left text-center\">\n<h2>Resumen del sistema<\/h2>\n<p><strong>Los modelos de detectores PIR\/microondas TriTech serie DS9370 son panor\u00e1micos y utilizan distintas t\u00e9cnicas de procesamiento patentadas para proporcionar un excelente nivel de detecci\u00f3n sin falsas alarmas.\u00a0<\/strong>Todos los modelos se pueden montar en techos a una altura de hasta 7.6 m (25 pies). Con tres secciones de PIR diferentes que son totalmente regulables, la serie DS9370 ofrece una integridad de cobertura en cualquier altura de montaje, m\u00e1s la capacidad de personalizar la cobertura en zonas espec\u00edficas.<\/p>\n<h2>Funciones b\u00e1sicas<\/h2>\n<p class=\"ql-align-justify\"><strong>Procesamiento de se\u00f1ales<\/strong><\/p>\n<p class=\"ql-align-justify\">Utiliza tecnolog\u00edas por infrarrojos pasivos y microondas para proporcionar una condici\u00f3n de alarma cuando se activan ambos campos de protecci\u00f3n simult\u00e1neamente. Las se\u00f1ales de alarma deben cumplir con los requisitos de se\u00f1alizaci\u00f3n de ambas tecnolog\u00edas para disparar una alarma.\u00a0<strong>Procesamiento First Step<\/strong><\/p>\n<p class=\"ql-align-justify\">FSP proporciona una respuesta pr\u00e1cticamente instant\u00e1nea ante blancos humanos sin sacrificar la inmunidad contra falsas alarmas de otras fuentes. El ajuste de su sensibilidad est\u00e1 basado en la amplitud, polaridad, pendiente y frecuencia de la se\u00f1al, por lo que el procesamiento FSP elimina la necesidad de que un instalador seleccione el nivel de sensibilidad en cada aplicaci\u00f3n. Cada sensor se procesa individualmente y ambos tienen que estar de acuerdo en que haya una alarma antes de que se active el rel\u00e9 de la alarma.<\/p>\n<p class=\"ql-align-justify\"><strong>Procesamiento de se\u00f1ales de microondas<\/strong><\/p>\n<p class=\"ql-align-justify\">El procesamiento adaptable se ajusta a los incidentes de fondo. Esto ayuda a reducir falsas alarmas mientras mantiene el nivel de detecci\u00f3n.<\/p>\n<p class=\"ql-align-justify\"><strong>Supervisi\u00f3n de microondas<\/strong><\/p>\n<p class=\"ql-align-justify\">El circuito de supervisi\u00f3n total patentado que act\u00faa sobre el detector microondas garantiza el funcionamiento de una sola tecnolog\u00eda en el caso eventual en que el subsistema de microondas falle.<\/p>\n<p class=\"ql-align-justify\">Caracter\u00edsticas de prueba<\/p>\n<ul>\n<li class=\"ql-align-justify\">Un LED y un sistema de tubos luminosos de alta eficacia proporcionan una se\u00f1alizaci\u00f3n durante la prueba de paseo que se ve f\u00e1cilmente desde cualquier \u00e1ngulo y altura de montaje.<\/li>\n<li class=\"ql-align-justify\">La funci\u00f3n de memoria de alarma hace que el LED de alarma quede encendido, permitiendo una mejor respuesta.<\/li>\n<li class=\"ql-align-justify\">El control de prueba de paseo de LED remoto permite activar y desactivar el LED a trav\u00e9s de una entrada de conmutaci\u00f3n, sin necesidad de acceder al detector.\n<div class=\"row align-items-center padding-bottom-2x\">\n<div class=\"col-md-7 text-md-left text-center\">\n<h2>Notas de configuraci\u00f3n\/instalaci\u00f3n<\/h2>\n<p class=\"ql-align-justify\"><strong>Vista lateral<\/strong><\/p>\n<p class=\"ql-align-justify\"><strong>Consideraciones para el montaje<\/strong><\/p>\n<p class=\"ql-align-justify\">El rango de altura de montaje es de 2.4 m a 7.6 m (de 8 pies a 25 pies). La altura de montaje recomendada es de 3.7 m a 7.6 m (de 12 pies a 25 pies). La zona de cobertura se puede ajustar entre 9.1 m y 21.3 m (entre 30 pies y 70 pies). Si se realiza el montaje a 2.4 m (8 pies) de altura, se puede ajustar la zona de cobertura entre 6.1 m y 12.2 m (20 pies y 40 pies). Si se realiza el montaje a 3 m (10 pies) de altura, se puede ajustar la zona de cobertura entre 6.1 m y 15.2 m (20 pies y 50 pies). Estos detectores se pueden montar directamente en el techo o sobre una caja el\u00e9ctrica rectangular est\u00e1ndar de 9 cm (3.5 pulg.). El alcance m\u00e1ximo del detector depende de la altura de montaje y del ajuste vertical del patr\u00f3n de cobertura PIR. Si hay zonas con partes en las que se necesita una cobertura espec\u00edfica, se pueden ajustar los m\u00f3dulos \u00f3pticos para que proporcionen esa cobertura. Se incluye un kit de enmascaramiento con dos m\u00e1scaras de 120\u00b0 y otras dos de 90\u00b0 para enmascarar zonas no deseadas. Aplicaci\u00f3n de las m\u00e1scaras al exterior del detector. Con las m\u00e1scaras suministradas puede enmascarar \u00e1ngulos de 90\u00b0, 120\u00b0, 180\u00b0, 210\u00b0, 240\u00b0 o 330\u00b0.<\/p>\n<p class=\"ql-align-justify\"><strong>Informaci\u00f3n sobre la cobertura<\/strong><\/p>\n<p class=\"ql-align-justify\">Proporciona una cobertura de 360\u00b0 x 21 m (70 pies) de di\u00e1metro al montar el detector a una altura de 3.7 m a 7.6 m (12 pies a 25 pies). Proporciona una cobertura de 360\u00b0 x 15 m (50 pies) de di\u00e1metro al montar el detector a 3 m (10 pies). 12 m (40 pies) al montarlo a una altura de 2.4 m (8 pies). La proyecci\u00f3n consiste en 69 zonas distribuidas en 21 barreras. Cada barrera tiene 11 m (35 pies) de largo y 1.5 m (5 pies) de ancho a una distancia de 11 m (35 pies). Las barreras est\u00e1n agrupadas en tres grupos de siete barreras cada uno. Cada uno de estos grupos posee ajustes verticales para personalizar la cobertura de detecci\u00f3n.<\/p>\n<p class=\"ql-align-justify\"><strong>Copyright<\/strong><\/p>\n<p class=\"ql-align-justify\">Este documento es propiedad intelectual de Bosch Security Systems, Inc. y est\u00e1 protegido mediante copyright. Reservados todos los derechos.<\/p>\n<hr class=\"padding-bottom-2x\" \/>\n<div class=\"row align-items-center padding-bottom-2x\">\n<div class=\"col-md-5 order-md-2\"><img decoding=\"async\" class=\"d-block m-auto img-thumbnail\" src=\"https:\/\/tvc.mx\/media\/79956\/DS9370config9.png\" alt=\" \" \/><\/div>\n<div class=\"col-md-7 order-md-1 text-md-left text-center\"><\/div>\n<\/div>\n<\/div>\n<\/div>\n<\/li>\n<\/ul>\n<\/div>\n<\/div>\n","protected":false},"excerpt":{"rendered":"<p>Detector movimiento 360\u00b0 techo DS9370 Resumen del sistema Los modelos de detectores PIR\/microondas TriTech serie DS9370 son panor\u00e1micos y utilizan distintas t\u00e9cnicas de procesamiento patentadas para proporcionar un excelente nivel de detecci\u00f3n sin falsas alarmas.\u00a0Todos los modelos se pueden montar en techos a una altura&hellip;<\/p>\n","protected":false},"featured_media":3788,"comment_status":"open","ping_status":"closed","template":"","meta":{"om_disable_all_campaigns":false,"_monsterinsights_skip_tracking":false,"_monsterinsights_sitenote_active":false,"_monsterinsights_sitenote_note":"","_monsterinsights_sitenote_category":0},"product_brand":[],"product_cat":[281],"product_tag":[212,211,151],"class_list":{"0":"post-3789","1":"product","2":"type-product","3":"status-publish","4":"has-post-thumbnail","6":"product_cat-sensores-de-alarma-alarmas-bosch","7":"product_tag-alarmas","8":"product_tag-alarmas-e-intrusion","9":"product_tag-seguridad","11":"first","12":"instock","13":"sale","14":"taxable","15":"shipping-taxable","16":"purchasable","17":"product-type-simple"},"aioseo_notices":[],"_links":{"self":[{"href":"https:\/\/tecsecmty.com\/index.php\/wp-json\/wp\/v2\/product\/3789","targetHints":{"allow":["GET"]}}],"collection":[{"href":"https:\/\/tecsecmty.com\/index.php\/wp-json\/wp\/v2\/product"}],"about":[{"href":"https:\/\/tecsecmty.com\/index.php\/wp-json\/wp\/v2\/types\/product"}],"replies":[{"embeddable":true,"href":"https:\/\/tecsecmty.com\/index.php\/wp-json\/wp\/v2\/comments?post=3789"}],"version-history":[{"count":0,"href":"https:\/\/tecsecmty.com\/index.php\/wp-json\/wp\/v2\/product\/3789\/revisions"}],"wp:featuredmedia":[{"embeddable":true,"href":"https:\/\/tecsecmty.com\/index.php\/wp-json\/wp\/v2\/media\/3788"}],"wp:attachment":[{"href":"https:\/\/tecsecmty.com\/index.php\/wp-json\/wp\/v2\/media?parent=3789"}],"wp:term":[{"taxonomy":"product_brand","embeddable":true,"href":"https:\/\/tecsecmty.com\/index.php\/wp-json\/wp\/v2\/product_brand?post=3789"},{"taxonomy":"product_cat","embeddable":true,"href":"https:\/\/tecsecmty.com\/index.php\/wp-json\/wp\/v2\/product_cat?post=3789"},{"taxonomy":"product_tag","embeddable":true,"href":"https:\/\/tecsecmty.com\/index.php\/wp-json\/wp\/v2\/product_tag?post=3789"}],"curies":[{"name":"wp","href":"https:\/\/api.w.org\/{rel}","templated":true}]}}