{"id":3797,"date":"2023-02-23T00:25:46","date_gmt":"2023-02-23T06:25:46","guid":{"rendered":"https:\/\/tecsecmty.com\/index.php\/producto\/bosch-i_ds1110i-dispositivo-de-pruebas-de-roturas-de-cristal-ds1110i\/"},"modified":"2023-03-22T23:21:21","modified_gmt":"2023-03-23T05:21:21","slug":"bosch-i_ds1110i-dispositivo-de-pruebas-de-roturas-de-cristal-ds1110i","status":"publish","type":"product","link":"https:\/\/tecsecmty.com\/index.php\/producto\/bosch-i_ds1110i-dispositivo-de-pruebas-de-roturas-de-cristal-ds1110i\/","title":{"rendered":"BOSCH I_DS1110i- DISPOSITIVO DE PRUEBAS DE ROTURAS DE CRISTAL DS1110I"},"content":{"rendered":"<h5 class=\"card-title text-center\">Probador DS1110i Glassbreak<\/h5>\n<p class=\"ql-align-justify\"><strong>El DS1110i Glassbreak Tester se utiliza para probar DS1101i, DS1102i, DS1103i y DS1108i Rotura de cristal Detectores.\u00a0<\/strong>Est\u00e1 alimentado por una bater\u00eda alcalina de 9 V (suministrado).<\/p>\n<p class=\"ql-align-justify\"><strong>Certificaciones y aprobaciones<\/strong><\/p>\n<p class=\"ql-align-justify\"><strong>Certificaci\u00f3n de regi\u00f3n<\/strong><\/p>\n<ul>\n<li class=\"ql-align-justify\">Europa CE DS1110i<\/li>\n<li class=\"ql-align-justify\">USA UL ANSR: Unidades de detecci\u00f3n de intrusiones (UL639) DS1110i<\/li>\n<\/ul>\n<p class=\"ql-align-justify\"><strong>Partes incluidas<\/strong><\/p>\n<ul>\n<li class=\"ql-align-justify\">1 probador<\/li>\n<li class=\"ql-align-justify\">1 paquete de literatura<\/li>\n<\/ul>\n<p class=\"ql-align-justify\"><strong>Nota: Probador DS1110i Glassbreak<\/strong><\/p>\n<p class=\"ql-align-justify\"><strong>Se utiliza para probar DS1101i, DS1102i, DS1103i y DS1108i Detectores de rotura de cristales.<\/strong><\/p>\n<p class=\"ql-align-justify\"><strong>N\u00famero de pedido: DS1110i<\/strong><\/p>\n<p class=\"ql-align-justify\"><strong>Principales caracter\u00edsticas<\/strong><\/p>\n<ul>\n<li class=\"ql-align-justify\">Funciones de prueba manuales y autom\u00e1ticas.<\/li>\n<li class=\"ql-align-justify\">Identifica la ubicaci\u00f3n de montaje adecuada.<\/li>\n<\/ul>\n<p class=\"ql-align-justify\"><strong>Especificaciones<\/strong><\/p>\n<ul>\n<li class=\"ql-align-justify\">Peso 0.199 kg (0.4 lb.).<\/li>\n<li class=\"ql-align-justify\">Bater\u00eda alcalina de 9 V (suministrada).<\/li>\n<\/ul>\n<p><img decoding=\"async\" class=\"overview-center-img-web\" src=\"https:\/\/tvc.mx\/media\/33018\/Logoopaginas-oficial-1920x400.png\" alt=\"\" \/><\/p>\n","protected":false},"excerpt":{"rendered":"<p>Probador DS1110i Glassbreak El DS1110i Glassbreak Tester se utiliza para probar DS1101i, DS1102i, DS1103i y DS1108i Rotura de cristal Detectores.\u00a0Est\u00e1 alimentado por una bater\u00eda alcalina de 9 V (suministrado). Certificaciones y aprobaciones Certificaci\u00f3n de regi\u00f3n Europa CE DS1110i USA UL ANSR: Unidades de detecci\u00f3n de&hellip;<\/p>\n","protected":false},"featured_media":3796,"comment_status":"open","ping_status":"closed","template":"","meta":{"om_disable_all_campaigns":false,"_monsterinsights_skip_tracking":false,"_monsterinsights_sitenote_active":false,"_monsterinsights_sitenote_note":"","_monsterinsights_sitenote_category":0},"product_brand":[],"product_cat":[281],"product_tag":[212,211,151],"class_list":{"0":"post-3797","1":"product","2":"type-product","3":"status-publish","4":"has-post-thumbnail","6":"product_cat-sensores-de-alarma-alarmas-bosch","7":"product_tag-alarmas","8":"product_tag-alarmas-e-intrusion","9":"product_tag-seguridad","11":"first","12":"instock","13":"sale","14":"taxable","15":"shipping-taxable","16":"purchasable","17":"product-type-simple"},"aioseo_notices":[],"_links":{"self":[{"href":"https:\/\/tecsecmty.com\/index.php\/wp-json\/wp\/v2\/product\/3797","targetHints":{"allow":["GET"]}}],"collection":[{"href":"https:\/\/tecsecmty.com\/index.php\/wp-json\/wp\/v2\/product"}],"about":[{"href":"https:\/\/tecsecmty.com\/index.php\/wp-json\/wp\/v2\/types\/product"}],"replies":[{"embeddable":true,"href":"https:\/\/tecsecmty.com\/index.php\/wp-json\/wp\/v2\/comments?post=3797"}],"version-history":[{"count":0,"href":"https:\/\/tecsecmty.com\/index.php\/wp-json\/wp\/v2\/product\/3797\/revisions"}],"wp:featuredmedia":[{"embeddable":true,"href":"https:\/\/tecsecmty.com\/index.php\/wp-json\/wp\/v2\/media\/3796"}],"wp:attachment":[{"href":"https:\/\/tecsecmty.com\/index.php\/wp-json\/wp\/v2\/media?parent=3797"}],"wp:term":[{"taxonomy":"product_brand","embeddable":true,"href":"https:\/\/tecsecmty.com\/index.php\/wp-json\/wp\/v2\/product_brand?post=3797"},{"taxonomy":"product_cat","embeddable":true,"href":"https:\/\/tecsecmty.com\/index.php\/wp-json\/wp\/v2\/product_cat?post=3797"},{"taxonomy":"product_tag","embeddable":true,"href":"https:\/\/tecsecmty.com\/index.php\/wp-json\/wp\/v2\/product_tag?post=3797"}],"curies":[{"name":"wp","href":"https:\/\/api.w.org\/{rel}","templated":true}]}}