{"id":3799,"date":"2023-02-23T00:25:49","date_gmt":"2023-02-23T06:25:49","guid":{"rendered":"https:\/\/tecsecmty.com\/index.php\/producto\/bosch-i_ds936-detector-pir-panoramico-de-bajo-perfil-360-grados-compatible-con-bosch-risco-dsc-ihorn\/"},"modified":"2023-03-22T23:21:21","modified_gmt":"2023-03-23T05:21:21","slug":"bosch-i_ds936-detector-pir-panoramico-de-bajo-perfil-360-grados-compatible-con-bosch-risco-dsc-ihorn","status":"publish","type":"product","link":"https:\/\/tecsecmty.com\/index.php\/producto\/bosch-i_ds936-detector-pir-panoramico-de-bajo-perfil-360-grados-compatible-con-bosch-risco-dsc-ihorn\/","title":{"rendered":"BOSCH I_DS936 &#8211; Detector PIR panoramico de bajo perfil 360 grados \/ Compatible con BOSCH \/ RISCO \/ DSC \/ IHORN"},"content":{"rendered":"<div class=\"row aling-items-center padding-bottom-2x\">\n<div class=\"col-lg-12\">\n<h5 class=\"card-title text-center\">Detector PIR panor\u00e1mico de bajo perfil DS936<\/h5>\n<p>&nbsp;<\/p>\n<p><img decoding=\"async\" class=\"overview-center-img-web\" src=\"https:\/\/tvc.mx\/media\/94481\/Logoopaginas-oficial-1920x400.png\" alt=\"\" \/><\/p>\n<\/div>\n<\/div>\n<div class=\"row align-items-center padding-bottom-2x\">\n<div class=\"col-md-5\"><img decoding=\"async\" class=\"d-block m-auto img-thumbnail\" src=\"https:\/\/tvc.mx\/media\/94485\/DS936config6.png\" alt=\" \" \/><\/div>\n<div class=\"col-md-7 text-md-left text-center\">\n<h2>Resumen del sistema<\/h2>\n<p class=\"ql-align-justify\">El detector PIR panor\u00e1mico de bajo perfil y montaje en techo DS936 emplea un recuento de impulsos de polaridad alterna. Tambi\u00e9n emplea una lente Fresnel orientable que proporciona hasta 7,5 m (24 pies) de cobertura y se puede montar en superficie o semiempotrada en un techo o en una caja el\u00e9ctrica octogonal est\u00e1ndar.<\/p>\n<hr class=\"padding-bottom-2x\" \/>\n<div class=\"row align-items-center padding-bottom-2x\">\n<div class=\"col-md-5 order-md-2\"><img decoding=\"async\" class=\"d-block m-auto img-thumbnail\" src=\"https:\/\/tvc.mx\/media\/94489\/DS936config5.png\" alt=\" \" \/><\/div>\n<div class=\"col-md-7 order-md-1 text-md-left text-center\">\n<h2>Funciones b\u00e1sicas<\/h2>\n<p><strong>Procesamiento mejorado de se\u00f1ales<\/strong><\/p>\n<p>Campo seleccionable para sensibilidad est\u00e1ndar, intermedia o alta.<\/p>\n<p><strong>Caracter\u00edsticas de prueba<\/strong><\/p>\n<p>LED de alarma externo visible. Las clavijas de prueba de la tensi\u00f3n del sonido interno proporcionan una evaluaci\u00f3n de incidentes de fondo y una ubicaci\u00f3n de patrones precisas gracias a un medidor anal\u00f3gico est\u00e1ndar.<\/p>\n<hr class=\"padding-bottom-2x\" \/>\n<div class=\"row align-items-center padding-bottom-2x\">\n<div class=\"col-md-5\"><img decoding=\"async\" class=\"d-block m-auto img-thumbnail\" src=\"https:\/\/tvc.mx\/media\/94493\/DS936config8.png\" alt=\" \" \/><\/div>\n<div class=\"col-md-7 text-md-left text-center\">\n<h2>Certificados y homologaciones<\/h2>\n<p>Europa DS936 cumple con EN50131-1, grado 2<\/p>\n<p><strong>Regi\u00f3n<\/strong><\/p>\n<p><strong>Certificaci\u00f3n<\/strong><\/p>\n<ul>\n<li>Europa CE EMC, LVD, RoHS [DS936] Rusia GOST EAC.<\/li>\n<li>EE.UU. UL [DS936] UL UL 639 &#8211; Standard for Intrusion Detection Units.<\/li>\n<li>China CCC 2009031901000548<br \/>\n<h2>Caracter\u00edsticas y Especificaciones<\/h2>\n<p class=\"ql-align-justify\"><strong>Nota: Detector PIR panor\u00e1mico de bajo perfil DS936<\/strong><\/p>\n<p class=\"ql-align-justify\"><strong>Proporciona un procesamiento mejorado de se\u00f1ales, patr\u00f3n de 360\u00b0 x 7,5 m (24 pies) y se monta en superficie o semiempotrado en un techo.<\/strong><\/p>\n<p class=\"ql-align-justify\">\n<\/li>\n<\/ul>\n<\/div>\n<\/div>\n<\/div>\n<\/div>\n<\/div>\n<\/div>\n","protected":false},"excerpt":{"rendered":"<p>Detector PIR panor\u00e1mico de bajo perfil DS936 &nbsp; Resumen del sistema El detector PIR panor\u00e1mico de bajo perfil y montaje en techo DS936 emplea un recuento de impulsos de polaridad alterna. Tambi\u00e9n emplea una lente Fresnel orientable que proporciona hasta 7,5 m (24 pies) de&hellip;<\/p>\n","protected":false},"featured_media":3798,"comment_status":"open","ping_status":"closed","template":"","meta":{"om_disable_all_campaigns":false,"_monsterinsights_skip_tracking":false,"_monsterinsights_sitenote_active":false,"_monsterinsights_sitenote_note":"","_monsterinsights_sitenote_category":0},"product_brand":[],"product_cat":[281],"product_tag":[212,211,151],"class_list":{"0":"post-3799","1":"product","2":"type-product","3":"status-publish","4":"has-post-thumbnail","6":"product_cat-sensores-de-alarma-alarmas-bosch","7":"product_tag-alarmas","8":"product_tag-alarmas-e-intrusion","9":"product_tag-seguridad","11":"first","12":"instock","13":"sale","14":"taxable","15":"shipping-taxable","16":"purchasable","17":"product-type-simple"},"aioseo_notices":[],"_links":{"self":[{"href":"https:\/\/tecsecmty.com\/index.php\/wp-json\/wp\/v2\/product\/3799","targetHints":{"allow":["GET"]}}],"collection":[{"href":"https:\/\/tecsecmty.com\/index.php\/wp-json\/wp\/v2\/product"}],"about":[{"href":"https:\/\/tecsecmty.com\/index.php\/wp-json\/wp\/v2\/types\/product"}],"replies":[{"embeddable":true,"href":"https:\/\/tecsecmty.com\/index.php\/wp-json\/wp\/v2\/comments?post=3799"}],"version-history":[{"count":0,"href":"https:\/\/tecsecmty.com\/index.php\/wp-json\/wp\/v2\/product\/3799\/revisions"}],"wp:featuredmedia":[{"embeddable":true,"href":"https:\/\/tecsecmty.com\/index.php\/wp-json\/wp\/v2\/media\/3798"}],"wp:attachment":[{"href":"https:\/\/tecsecmty.com\/index.php\/wp-json\/wp\/v2\/media?parent=3799"}],"wp:term":[{"taxonomy":"product_brand","embeddable":true,"href":"https:\/\/tecsecmty.com\/index.php\/wp-json\/wp\/v2\/product_brand?post=3799"},{"taxonomy":"product_cat","embeddable":true,"href":"https:\/\/tecsecmty.com\/index.php\/wp-json\/wp\/v2\/product_cat?post=3799"},{"taxonomy":"product_tag","embeddable":true,"href":"https:\/\/tecsecmty.com\/index.php\/wp-json\/wp\/v2\/product_tag?post=3799"}],"curies":[{"name":"wp","href":"https:\/\/api.w.org\/{rel}","templated":true}]}}