{"id":3801,"date":"2023-02-23T00:25:51","date_gmt":"2023-02-23T06:25:51","guid":{"rendered":"https:\/\/tecsecmty.com\/index.php\/producto\/bosch-i_ds9360-detector-movimiento-360-techo18m\/"},"modified":"2023-03-22T23:21:22","modified_gmt":"2023-03-23T05:21:22","slug":"bosch-i_ds9360-detector-movimiento-360-techo18m","status":"publish","type":"product","link":"https:\/\/tecsecmty.com\/index.php\/producto\/bosch-i_ds9360-detector-movimiento-360-techo18m\/","title":{"rendered":"BOSCH I_DS9360- Detector movimiento, 360\u00b0 techo,18m"},"content":{"rendered":"<div class=\"row aling-items-center padding-bottom-2x\">\n<div class=\"col-lg-12\">\n<h5 class=\"card-title text-center\">DS9360 Detector movimiento, 360\u00b0 techo, 18m<\/h5>\n<p>&nbsp;<\/p>\n<p><img decoding=\"async\" class=\"overview-center-img-web\" src=\"https:\/\/tvc.mx\/media\/102225\/Logoopaginas-oficial-1920x400.png\" alt=\"\" \/><\/div>\n<\/div>\n<div class=\"row align-items-center padding-bottom-2x\">\n<div class=\"col-md-5\"><img decoding=\"async\" class=\"d-block m-auto img-thumbnail\" src=\"https:\/\/tvc.mx\/media\/102229\/DS9360config5.png\" alt=\" \" \/><\/div>\n<div class=\"col-md-7 text-md-left text-center\">\n<h2>Resumen del sistema<\/h2>\n<p class=\"text-muted\">\n<p class=\"ql-align-justify\">El detector TriTech\u00ae PIR\/microondas panor\u00e1mico de montaje en techo DS9360 utiliza varias t\u00e9cnicas de procesamiento patentadas para proporcionar un excelente nivel de detecci\u00f3n sin falsas alarmas. Los sistemas de supervisi\u00f3n, tanto del PIR como del microondas, aseguran un trabajo fiable del detector. La \u00f3ptica de espejos reemplazable en el campo permite montarlo en techos de 2.4 m a 5.5 m (de 8 pies a 18 pies) de altura.<\/p>\n<h2>Funciones b\u00e1sicas<\/h2>\n<p class=\"text-muted\">\n<p class=\"ql-align-justify\"><strong>Procesamiento de se\u00f1ales<\/strong><\/p>\n<p class=\"ql-align-justify\">Utiliza tecnolog\u00edas por infrarrojos pasivos y microondas para proporcionar una condici\u00f3n de alarma cuando se activan ambos campos de protecci\u00f3n simult\u00e1neamente. Las se\u00f1ales de alarma deben cumplir con los requisitos de se\u00f1alizaci\u00f3n de ambas tecnolog\u00edas para disparar una alarma. Sensibilidad de PIR y microondas regulable.\u00a0<strong>Procesamiento de se\u00f1ales PIR<\/strong><\/p>\n<p class=\"ql-align-justify\">Motion Analyzer II utiliza m\u00faltiples umbrales y ventanas de tiempo para analizar la frecuencia, amplitud, duraci\u00f3n y polaridad de las se\u00f1ales para tomar la decisi\u00f3n de un disparo de alarma. No disparar\u00e1 la alarma con incidentes con niveles extremos de iluminaci\u00f3n y t\u00e9rmicos causados por calentadores y aire acondicionado, corrientes de aire caliente y fr\u00edo, luz solar, rayos y luces de veh\u00edculos en movimiento. Se proporcionan dos ajustes de sensibilidad.\u00a0<strong>Procesamiento de se\u00f1ales de microondas<\/strong><\/p>\n<p class=\"ql-align-justify\">El procesamiento adaptable se ajusta a los incidentes de fondo. Esto ayuda a reducir falsas alarmas mientras mantiene el nivel de detecci\u00f3n. Caracter\u00edsticas de prueba Se proporcionan dos LED de alarma tricolores de salida de alta luminosidad para una clara visualizaci\u00f3n desde cualquier \u00e1ngulo y que parpadean para indicar una condici\u00f3n de problema.<\/p>\n<h2>Caracter\u00edsticas y Especificaciones<\/h2>\n<p class=\"text-muted\">\n<p class=\"ql-align-justify\"><strong>Nota: DS9360 Detector movimiento, 360\u00b0 techo, 18m<\/strong><\/p>\n<p class=\"ql-align-justify\"><strong>Proporciona detecci\u00f3n por infrarrojos pasivos y microondas, alcance de 360\u00b0 x 18 m (60 pies) de di\u00e1metro y una altura de montaje de 2.4 m a 5.5 m (de 8 pies a 18 pies).<\/strong><\/p>\n<p class=\"ql-align-justify\"><strong>N\u00famero de pedido: DS9360<\/strong><\/p>\n<p class=\"ql-align-justify\"><strong>Piezas incluidas<\/strong><\/p>\n<ul>\n<li class=\"ql-align-justify\">1 Detector.<\/li>\n<li class=\"ql-align-justify\">1 Soporte con r\u00f3tula de montaje giratorio B334.<\/li>\n<li class=\"ql-align-justify\">1 Espejo de cobertura de ancho est\u00e1ndar, etiquetado OA90.<\/li>\n<li class=\"ql-align-justify\">1 Espejo de cobertura de largo alcance, etiquetado OA300.<\/li>\n<\/ul>\n<p class=\"ql-align-justify\"><strong>Principales caracter\u00edsticas<\/strong><\/p>\n<ul>\n<li class=\"ql-align-justify\">Procesamiento Motion Analyzer II.<\/li>\n<li class=\"ql-align-justify\">Procesamiento adaptable de microondas.<\/li>\n<li class=\"ql-align-justify\">Sistemas de supervisi\u00f3n de autoprueba.<\/li>\n<li class=\"ql-align-justify\">Espejos reemplazables (dos espejos suministrados).<\/li>\n<\/ul>\n<p class=\"ql-align-justify\"><strong>Especificaciones<\/strong><\/p>\n<p class=\"ql-align-justify\"><strong>Dise\u00f1o de la caja de protecci\u00f3n<\/strong><\/p>\n<ul>\n<li class=\"ql-align-justify\">Dise\u00f1o: La cabeza electr\u00f3nica modular ABS a prueba de fuertes impactos y el dise\u00f1o de la base de montaje\/cableado con una b\u00f3veda de polietileno proporcionan un acceso f\u00e1cil a los interruptores de ajuste en campo.<\/li>\n<li class=\"ql-align-justify\">Dimensiones: 8,5 cm x 13,3 cm (3.5 pulg. x 5.25 pulg.)<\/li>\n<li class=\"ql-align-justify\">Material: Caja de protecci\u00f3n de pl\u00e1stico ABS a prueba de fuertes impactos.<\/li>\n<\/ul>\n<p class=\"ql-align-justify\"><strong>Medioambientales<\/strong><\/p>\n<ul>\n<li class=\"ql-align-justify\">Temperatura de funcionamiento: De -40 \u00b0C a 49 \u00b0C (de -40 \u00b0F a 120 \u00b0F) Para instalaciones certificadas UL, de 0 \u00b0C a +49 \u00b0C (de +32 \u00b0F a +120 \u00b0F).<\/li>\n<li class=\"ql-align-justify\">Inmunidad contra interferencias por radiofrecuencia (RFI): Ninguna alarma o sistema en el rango de frecuencias cr\u00edticas de 26 MHz a 950 MHz a 50 V\/m.<\/li>\n<\/ul>\n<p class=\"ql-align-justify\"><strong>Montaje<\/strong><\/p>\n<ul>\n<li class=\"ql-align-justify\">Rango de altura: 2.4 m a 5.5 m (8 pies a 18 pies) recomendado.<\/li>\n<li class=\"ql-align-justify\">Ubicaci\u00f3n: Se monta directamente en el techo o en una caja el\u00e9ctrica octagonal est\u00e1ndar de 10.2 cm (4 pulg.).<\/li>\n<\/ul>\n<p class=\"ql-align-justify\"><strong>Salidas<\/strong><\/p>\n<ul>\n<li class=\"ql-align-justify\">Alarma: Rel\u00e9 de l\u00e1minas tipo C preparado para 3 W, 125 mA a 28 VCC para cargas resistivas.<\/li>\n<li class=\"ql-align-justify\">Sabotaje: Interruptor antisabotaje normalmente cerrado (con la cubierta colocada). Contactos preparados para un m\u00e1ximo de 28 VCC, 125 mA.<\/li>\n<\/ul>\n<p class=\"ql-align-justify\"><strong>Alimentaci\u00f3n<\/strong><\/p>\n<ul>\n<li class=\"ql-align-justify\">Corriente: 18 mA en reposo; 75 mA durante la alarma<\/li>\n<li class=\"ql-align-justify\">Tensi\u00f3n: De 6 V CC a 15 V CC.<\/li>\n<\/ul>\n<\/div>\n<\/div>\n","protected":false},"excerpt":{"rendered":"<p>DS9360 Detector movimiento, 360\u00b0 techo, 18m &nbsp; Resumen del sistema El detector TriTech\u00ae PIR\/microondas panor\u00e1mico de montaje en techo DS9360 utiliza varias t\u00e9cnicas de procesamiento patentadas para proporcionar un excelente nivel de detecci\u00f3n sin falsas alarmas. Los sistemas de supervisi\u00f3n, tanto del PIR como del&hellip;<\/p>\n","protected":false},"featured_media":3800,"comment_status":"open","ping_status":"closed","template":"","meta":{"om_disable_all_campaigns":false,"_monsterinsights_skip_tracking":false,"_monsterinsights_sitenote_active":false,"_monsterinsights_sitenote_note":"","_monsterinsights_sitenote_category":0},"product_brand":[],"product_cat":[281],"product_tag":[212,211,151],"class_list":{"0":"post-3801","1":"product","2":"type-product","3":"status-publish","4":"has-post-thumbnail","6":"product_cat-sensores-de-alarma-alarmas-bosch","7":"product_tag-alarmas","8":"product_tag-alarmas-e-intrusion","9":"product_tag-seguridad","11":"first","12":"instock","13":"sale","14":"taxable","15":"shipping-taxable","16":"purchasable","17":"product-type-simple"},"aioseo_notices":[],"_links":{"self":[{"href":"https:\/\/tecsecmty.com\/index.php\/wp-json\/wp\/v2\/product\/3801","targetHints":{"allow":["GET"]}}],"collection":[{"href":"https:\/\/tecsecmty.com\/index.php\/wp-json\/wp\/v2\/product"}],"about":[{"href":"https:\/\/tecsecmty.com\/index.php\/wp-json\/wp\/v2\/types\/product"}],"replies":[{"embeddable":true,"href":"https:\/\/tecsecmty.com\/index.php\/wp-json\/wp\/v2\/comments?post=3801"}],"version-history":[{"count":0,"href":"https:\/\/tecsecmty.com\/index.php\/wp-json\/wp\/v2\/product\/3801\/revisions"}],"wp:featuredmedia":[{"embeddable":true,"href":"https:\/\/tecsecmty.com\/index.php\/wp-json\/wp\/v2\/media\/3800"}],"wp:attachment":[{"href":"https:\/\/tecsecmty.com\/index.php\/wp-json\/wp\/v2\/media?parent=3801"}],"wp:term":[{"taxonomy":"product_brand","embeddable":true,"href":"https:\/\/tecsecmty.com\/index.php\/wp-json\/wp\/v2\/product_brand?post=3801"},{"taxonomy":"product_cat","embeddable":true,"href":"https:\/\/tecsecmty.com\/index.php\/wp-json\/wp\/v2\/product_cat?post=3801"},{"taxonomy":"product_tag","embeddable":true,"href":"https:\/\/tecsecmty.com\/index.php\/wp-json\/wp\/v2\/product_tag?post=3801"}],"curies":[{"name":"wp","href":"https:\/\/api.w.org\/{rel}","templated":true}]}}