{"id":3805,"date":"2023-02-23T00:25:54","date_gmt":"2023-02-23T06:25:54","guid":{"rendered":"https:\/\/tecsecmty.com\/index.php\/producto\/bosch-i_en1249-detector-especial-para-caja-registradora-detecta-retirada-de-billete-inalambrico\/"},"modified":"2023-03-22T23:21:22","modified_gmt":"2023-03-23T05:21:22","slug":"bosch-i_en1249-detector-especial-para-caja-registradora-detecta-retirada-de-billete-inalambrico","status":"publish","type":"product","link":"https:\/\/tecsecmty.com\/index.php\/producto\/bosch-i_en1249-detector-especial-para-caja-registradora-detecta-retirada-de-billete-inalambrico\/","title":{"rendered":"BOSCH I_EN1249- DETECTOR ESPECIAL PARA CAJA REGISTRADORA\/DETECTA RETIRADA DE BILLETE\/INALAMBRICO"},"content":{"rendered":"<h5 class=\"card-title text-center\">EN1249 Pinza de billetes inalambrica<\/h5>\n<p class=\"ql-align-justify\"><strong>El transmisor Billtrap EN1249 ofrece lo mejor gama y confiabilidad disponibles hoy con el mismo perfil y robustez como trampa para cables. Puede ser utilizado en cualquier entorno financiero o minorista.<\/strong><\/p>\n<p class=\"ql-align-justify\"><strong>Resumen del sistema<\/strong><\/p>\n<p class=\"ql-align-justify\"><strong>Desarrollado por Inovonics<\/strong><\/p>\n<p class=\"ql-align-justify\">La plataforma Inovonics EchoStream, impulsada por la tecnolog\u00eda de red de malla inal\u00e1mbrica Inovonics, asegura rango superior, confiabilidad y escalabilidad para<\/p>\n<p class=\"ql-align-justify\">aplicaciones comerciales. Usando una amplia gama de transmisores y repetidores, esta tecnolog\u00eda probada proporciona flexibilidad y rendimiento para cumplir al m\u00e1ximo<\/p>\n<p class=\"ql-align-justify\">estrictos requisitos. Este protocolo exclusivo es disponible solo en productos Inovonics EchoStream.<\/p>\n<p class=\"ql-align-justify\"><strong>Banda inal\u00e1mbrica de 900 MHz<\/strong><\/p>\n<p class=\"ql-align-justify\">La plataforma Inovonics EchoStream env\u00eda redundantes informaci\u00f3n sobre varios canales multifrecuencia dentro la banda FCC Part 15 900 MHz, que proporciona una calidad superior<\/p>\n<p class=\"ql-align-justify\">rango y fiabilidad. En comparaci\u00f3n, los sistemas que usan la tecnolog\u00eda de frecuencia \u00fanica solo puede enviar informaci\u00f3n en un canal de banda estrecha. Cualquier interferencia dentro<\/p>\n<p class=\"ql-align-justify\">la banda puede causar se\u00f1ales perdidas. Con conexi\u00f3n inal\u00e1mbrica registro, es f\u00e1cil agregar esta tecnolog\u00eda a cualquier solicitud.<\/p>\n<p class=\"ql-align-justify\"><strong>Funciones B\u00e1sicas<\/strong><\/p>\n<p class=\"ql-align-justify\"><strong>Supervisi\u00f3n<\/strong><\/p>\n<p class=\"ql-align-justify\">La actividad de la bater\u00eda y el enlace de radio son supervisados. El monitoreo ayuda a garantizar un funcionamiento confiable y salvaguardas contra la p\u00e9rdida de servicio no detectada debido a da\u00f1os al usuario final, como dejar caer la trampa repetidamente, exponi\u00e9ndolo a temperaturas extremas, mojar la trampa, u otros eventos similares.<\/p>\n<p class=\"ql-align-justify\"><strong>Certificaciones y aprobaciones<\/strong><\/p>\n<ul>\n<li class=\"ql-align-justify\">Inovonics Wireless Corporation posee las siguientes aprobaciones:<\/li>\n<li class=\"ql-align-justify\">FCC cumple con las regulaciones de la Parte 15 de la FCC<\/li>\n<\/ul>\n<p class=\"ql-align-justify\"><strong>Notas de instalaci\u00f3n \/ configuraci\u00f3n<\/strong><\/p>\n<p class=\"ql-align-justify\"><strong>Informaci\u00f3n de compatibilidad<\/strong><\/p>\n<p class=\"ql-align-justify\">El transmisor Billtrap EN1249 es compatible con los siguientes productos:<\/p>\n<p class=\"ql-align-justify\"><strong>Receptores<\/strong><\/p>\n<ul>\n<li class=\"ql-align-justify\">Receptor de encuesta EN4016SK.<\/li>\n<li class=\"ql-align-justify\">Receptor serial EN4200.<\/li>\n<li class=\"ql-align-justify\">Receptor LED EN4204R.<\/li>\n<li class=\"ql-align-justify\">Repetidor de alta potencia EN5040-T.<\/li>\n<\/ul>\n<p class=\"ql-align-justify\"><strong>Partes incluidas<\/strong><\/p>\n<p class=\"ql-align-justify\"><strong>Componente de cantidad<\/strong><\/p>\n<ul>\n<li class=\"ql-align-justify\">1 Pinza de billetes.<\/li>\n<li class=\"ql-align-justify\">1 bater\u00eda.<\/li>\n<\/ul>\n<p class=\"ql-align-justify\"><strong>Nota: EN1249 Pinza de billetes<\/strong><\/p>\n<p class=\"ql-align-justify\"><strong>Proporciona el alcance y la confiabilidad de las trampas de cable.<\/strong><\/p>\n<p class=\"ql-align-justify\"><strong>N\u00famero de pedido: EN1249<\/strong><\/p>\n<p class=\"ql-align-justify\"><strong>Principales caracter\u00edsticas<\/strong><\/p>\n<ul>\n<li class=\"ql-align-justify\">Comunicaci\u00f3n confiable a trav\u00e9s de una difusi\u00f3n de 900 MHz tecnolog\u00eda de espectro con salto de frecuencia.<\/li>\n<li class=\"ql-align-justify\">Reducci\u00f3n de falsas alarmas mediante comunicaci\u00f3n de 56 bits protocolo y procesamiento de se\u00f1al avanzado.<\/li>\n<li class=\"ql-align-justify\">Supervisado por completo con el registro del transmisor una vez por minuto.<\/li>\n<li class=\"ql-align-justify\">Confirmaci\u00f3n armada a trav\u00e9s de 2 y 10 segundos inteligente LED de cebo Perfil delgado.<\/li>\n<\/ul>\n<p class=\"ql-align-justify\"><strong>Especificaciones<\/strong><\/p>\n<p class=\"ql-align-justify\"><strong>El\u00e9ctricas<\/strong><\/p>\n<ul>\n<li class=\"ql-align-justify\">Potencia: 3.0 VDC, 60 mA.<\/li>\n<li class=\"ql-align-justify\">Reemplazo de la bater\u00eda: Duracell DL123A, PanasonicCR123A o equivalente aprobado No todas las marcas son equivalente. Use las marcas especificadas.<\/li>\n<li class=\"ql-align-justify\">Duraci\u00f3n de la bater\u00eda (promedio): 3 a 4 a\u00f1os. La duraci\u00f3n t\u00edpica de la bater\u00eda que se muestra es para operaci\u00f3n supervisada.<\/li>\n<\/ul>\n<p class=\"ql-align-justify\"><strong>Mec\u00e1nico<\/strong><\/p>\n<ul>\n<li class=\"ql-align-justify\">Dimensiones: 15,7 cm x 8,9 cm x 2,3 cm (6.2 pulg. X 3.5 pulg. X 0.9 pulg.)<\/li>\n<\/ul>\n<p class=\"ql-align-justify\"><strong>Ambiental<\/strong><\/p>\n<ul>\n<li class=\"ql-align-justify\">Humedad relativa: hasta 90%, sin condensaci\u00f3n.<\/li>\n<li class=\"ql-align-justify\">Temperatura (en funcionamiento): 0 \u00b0 C a + 60 \u00b0 C (-4 \u00b0 F a + 140 \u00b0 F).<\/li>\n<\/ul>\n<p class=\"ql-align-justify\"><strong>Caracter\u00edsticas de transmisi\u00f3n<\/strong><\/p>\n<ul>\n<li class=\"ql-align-justify\">Frecuencia: 902 MHz a 928 MHz.<\/li>\n<\/ul>\n<p><img decoding=\"async\" class=\"overview-center-img-web\" src=\"https:\/\/tvc.mx\/media\/37542\/Logoopaginas-oficial-1920x400.png\" alt=\"\" \/><\/p>\n","protected":false},"excerpt":{"rendered":"<p>EN1249 Pinza de billetes inalambrica El transmisor Billtrap EN1249 ofrece lo mejor gama y confiabilidad disponibles hoy con el mismo perfil y robustez como trampa para cables. Puede ser utilizado en cualquier entorno financiero o minorista. Resumen del sistema Desarrollado por Inovonics La plataforma Inovonics&hellip;<\/p>\n","protected":false},"featured_media":3804,"comment_status":"open","ping_status":"closed","template":"","meta":{"om_disable_all_campaigns":false,"_monsterinsights_skip_tracking":false,"_monsterinsights_sitenote_active":false,"_monsterinsights_sitenote_note":"","_monsterinsights_sitenote_category":0},"product_brand":[],"product_cat":[281],"product_tag":[212,211,151],"class_list":{"0":"post-3805","1":"product","2":"type-product","3":"status-publish","4":"has-post-thumbnail","6":"product_cat-sensores-de-alarma-alarmas-bosch","7":"product_tag-alarmas","8":"product_tag-alarmas-e-intrusion","9":"product_tag-seguridad","11":"first","12":"instock","13":"sale","14":"taxable","15":"shipping-taxable","16":"purchasable","17":"product-type-simple"},"aioseo_notices":[],"_links":{"self":[{"href":"https:\/\/tecsecmty.com\/index.php\/wp-json\/wp\/v2\/product\/3805","targetHints":{"allow":["GET"]}}],"collection":[{"href":"https:\/\/tecsecmty.com\/index.php\/wp-json\/wp\/v2\/product"}],"about":[{"href":"https:\/\/tecsecmty.com\/index.php\/wp-json\/wp\/v2\/types\/product"}],"replies":[{"embeddable":true,"href":"https:\/\/tecsecmty.com\/index.php\/wp-json\/wp\/v2\/comments?post=3805"}],"version-history":[{"count":0,"href":"https:\/\/tecsecmty.com\/index.php\/wp-json\/wp\/v2\/product\/3805\/revisions"}],"wp:featuredmedia":[{"embeddable":true,"href":"https:\/\/tecsecmty.com\/index.php\/wp-json\/wp\/v2\/media\/3804"}],"wp:attachment":[{"href":"https:\/\/tecsecmty.com\/index.php\/wp-json\/wp\/v2\/media?parent=3805"}],"wp:term":[{"taxonomy":"product_brand","embeddable":true,"href":"https:\/\/tecsecmty.com\/index.php\/wp-json\/wp\/v2\/product_brand?post=3805"},{"taxonomy":"product_cat","embeddable":true,"href":"https:\/\/tecsecmty.com\/index.php\/wp-json\/wp\/v2\/product_cat?post=3805"},{"taxonomy":"product_tag","embeddable":true,"href":"https:\/\/tecsecmty.com\/index.php\/wp-json\/wp\/v2\/product_tag?post=3805"}],"curies":[{"name":"wp","href":"https:\/\/api.w.org\/{rel}","templated":true}]}}