{"id":3809,"date":"2023-02-23T00:26:00","date_gmt":"2023-02-23T06:26:00","guid":{"rendered":"https:\/\/tecsecmty.com\/index.php\/producto\/bosch-i_iscbdl2wp12g-detector-de-movimiento-tritech-identificacion-de-mascotas-cobertura-de-12x12m\/"},"modified":"2023-03-22T23:21:22","modified_gmt":"2023-03-23T05:21:22","slug":"bosch-i_iscbdl2wp12g-detector-de-movimiento-tritech-identificacion-de-mascotas-cobertura-de-12x12m","status":"publish","type":"product","link":"https:\/\/tecsecmty.com\/index.php\/producto\/bosch-i_iscbdl2wp12g-detector-de-movimiento-tritech-identificacion-de-mascotas-cobertura-de-12x12m\/","title":{"rendered":"BOSCH I_ISCBDL2WP12G &#8211; Detector de movimiento TRITECH \/ Identificacion de mascotas \/ Cobertura de 12X12M"},"content":{"rendered":"<div class=\"row aling-items-center padding-bottom-2x\">\n<div class=\"col-lg-12\">\n<h5 class=\"card-title text-center\">Detectores de Movimiento TriTech Blue Line Gen2<\/h5>\n<p>&nbsp;<\/p>\n<p><img decoding=\"async\" class=\"overview-center-img-web\" src=\"https:\/\/tvc.mx\/media\/94605\/Logoopaginas-oficial-1920x400.png\" alt=\"\" \/><\/div>\n<\/div>\n<div class=\"row align-items-center padding-bottom-2x\">\n<div class=\"col-md-5\"><img decoding=\"async\" class=\"d-block m-auto img-thumbnail\" src=\"https:\/\/tvc.mx\/media\/94609\/ISC-BDL2-WP12Gconfig5.png\" alt=\" \" \/><\/div>\n<div class=\"col-md-7 text-md-left text-center\">\n<h2>Resumen del sistema<\/h2>\n<p class=\"text-muted\">\n<p class=\"ql-align-justify\">Los detectores de movimiento TriTech Blue Line Gen2 (ISC-BDL2) utilizan una combinaci\u00f3n de detecci\u00f3n por infrarrojos pasivos (PIR) y radar Doppler de microondas con procesamiento avanzado de se\u00f1ales. Los modelos con identificaci\u00f3n de mascotas (\u2011WP) generan alarmas para intrusos humanos sin originar falsas alarmas por mascotas. Estos peque\u00f1os y discretos detectores se instalan f\u00e1cilmente y no necesitan ajustes in situ.<\/p>\n<h2>Funciones b\u00e1sicas<\/h2>\n<p class=\"text-muted\">\n<p class=\"ql-align-justify\"><strong>Procesamiento First Step (FSP)<\/strong><\/p>\n<p class=\"ql-align-justify\">El procesamiento First Step (FSP) responde de forma casi instant\u00e1nea ante objetivos humanos sin emitir falsas alarmas desde otras fuentes. El procesamiento FSP ajusta la sensibilidad del detector en funci\u00f3n de la amplitud, polaridad, pendiente y frecuencia de la se\u00f1al. De esta forma, el instalador no necesita ajustar el nivel de sensibilidad, lo que aumenta la facilidad de instalaci\u00f3n y la fiabilidad.\u00a0<strong>Selecci\u00f3n de inmunidad de mascotas (s\u00f3lo modelos \u2011WP)<\/strong><\/p>\n<p class=\"ql-align-justify\">El instalador puede activar o desactivar la inmunidad frente a mascotas seg\u00fan las necesidades de la aplicaci\u00f3n. Cuando la inmunidad frente a mascotas est\u00e1 desactivada, el detector ofrece el mismo nivel de detecci\u00f3n superior que los modelos que no incluyen la identificaci\u00f3n de mascotas. Cuando la inmunidad frente a mascotas est\u00e1 activada, el detector distingue las se\u00f1ales causadas por los humanos de las causadas por mascotas, ignorando las provocadas por una o dos mascotas de hasta 45 kg (100 libras) o por varios roedores.<\/p>\n<p class=\"ql-align-justify\"><strong>Procesamiento adaptable de ruido por microondas<\/strong><\/p>\n<p class=\"ql-align-justify\">El procesamiento adaptable de ruido por microondas se ajusta a los valores del fondo, lo que disminuye el n\u00famero de falsas alarmas sin sacrificar el nivel de detecci\u00f3n de intrusos.<\/p>\n<p class=\"ql-align-justify\"><strong>Compensaci\u00f3n din\u00e1mica de temperatura<\/strong><\/p>\n<p class=\"ql-align-justify\">El detector ajusta su sensibilidad de forma inteligente, de modo que puede identificar intrusos humanos en pr\u00e1cticamente cualquier temperatura.<\/p>\n<p class=\"ql-align-justify\"><strong>Cobertura de pared a pared<\/strong><\/p>\n<p class=\"ql-align-justify\">Una zona de \u00e1ngulo cero y un alcance de cobertura de 12 x 12 m (40 x 40 pies) brindan cobertura de pared a pared.<\/p>\n<p class=\"ql-align-justify\"><strong>Carcasa con autocierre<\/strong><\/p>\n<p class=\"ql-align-justify\">La carcasa con autocierre deslizante cuenta con una burbuja de nivel incorporada y bloques de terminales tipo trampilla, sin huecos y personalizables que facilitan la instalaci\u00f3n.<\/p>\n<p class=\"ql-align-justify\"><strong>\u00d3ptica y sistemas electr\u00f3nicos sellados<\/strong><\/p>\n<p class=\"ql-align-justify\">La \u00f3ptica y los sistemas electr\u00f3nicos est\u00e1n ensamblados en la parte frontal de la carcasa y sellados con una cubierta protectora para evitar da\u00f1os durante la instalaci\u00f3n. La c\u00e1mara \u00f3ptica sellada tambi\u00e9n evita que el detector se vea afectado por corrientes e insectos.<\/p>\n<p class=\"ql-align-justify\"><strong>Caracter\u00edsticas de prueba<\/strong><\/p>\n<p class=\"ql-align-justify\">El LED de alarma visible desde el exterior se puede desactivar tras la instalaci\u00f3n.<\/p>\n<p class=\"ql-align-justify\"><strong>Inmunidad frente a las interferencias de radiofrecuencia (RFI) y los impactos<\/strong><\/p>\n<p class=\"ql-align-justify\">Los modelos de la serie E ofrecen inmunidad mejorada contra las falsas alarmas procedentes de fuentes externas, lo que incluye las interferencias de radiofrecuencia, el \u201cruido de palomitas\u201d y los impactos f\u00edsicos. Mediante el uso de un pirosensor (infrarrojos) de alto rendimiento con filtrado de se\u00f1ales integrado, componentes el\u00e9ctricos de la m\u00e1xima calidad, un dise\u00f1o que produce la mejor relaci\u00f3n se\u00f1al\/ruido de su categor\u00eda y procesamiento avanzado de se\u00f1ales, estos detectores ofrecen una eficacia sin precedentes contra las falsas alarmas.<\/p>\n<p class=\"ql-align-justify\"><strong>Resistencia mejorada al sabotaje<\/strong><\/p>\n<p class=\"ql-align-justify\">Los detectores del modelo E se han probado y aprobado seg\u00fan los requisitos de EN50131-5-3 para la inmunidad ante las interferencias causadas por fuentes de radiofrecuencia externas. El rendimiento de la detecci\u00f3n y la inmunidad contra falsas alarmas est\u00e1n garantizados en presencia de fuentes que pueden degradar el rendimiento de los detectores no aprobados seg\u00fan este est\u00e1ndar.<\/p>\n<\/div>\n<\/div>\n","protected":false},"excerpt":{"rendered":"<p>Detectores de Movimiento TriTech Blue Line Gen2 &nbsp; Resumen del sistema Los detectores de movimiento TriTech Blue Line Gen2 (ISC-BDL2) utilizan una combinaci\u00f3n de detecci\u00f3n por infrarrojos pasivos (PIR) y radar Doppler de microondas con procesamiento avanzado de se\u00f1ales. Los modelos con identificaci\u00f3n de mascotas&hellip;<\/p>\n","protected":false},"featured_media":3808,"comment_status":"open","ping_status":"closed","template":"","meta":{"om_disable_all_campaigns":false,"_monsterinsights_skip_tracking":false,"_monsterinsights_sitenote_active":false,"_monsterinsights_sitenote_note":"","_monsterinsights_sitenote_category":0},"product_brand":[],"product_cat":[281],"product_tag":[212,211,151],"class_list":{"0":"post-3809","1":"product","2":"type-product","3":"status-publish","4":"has-post-thumbnail","6":"product_cat-sensores-de-alarma-alarmas-bosch","7":"product_tag-alarmas","8":"product_tag-alarmas-e-intrusion","9":"product_tag-seguridad","11":"first","12":"instock","13":"sale","14":"taxable","15":"shipping-taxable","16":"purchasable","17":"product-type-simple"},"aioseo_notices":[],"_links":{"self":[{"href":"https:\/\/tecsecmty.com\/index.php\/wp-json\/wp\/v2\/product\/3809","targetHints":{"allow":["GET"]}}],"collection":[{"href":"https:\/\/tecsecmty.com\/index.php\/wp-json\/wp\/v2\/product"}],"about":[{"href":"https:\/\/tecsecmty.com\/index.php\/wp-json\/wp\/v2\/types\/product"}],"replies":[{"embeddable":true,"href":"https:\/\/tecsecmty.com\/index.php\/wp-json\/wp\/v2\/comments?post=3809"}],"version-history":[{"count":0,"href":"https:\/\/tecsecmty.com\/index.php\/wp-json\/wp\/v2\/product\/3809\/revisions"}],"wp:featuredmedia":[{"embeddable":true,"href":"https:\/\/tecsecmty.com\/index.php\/wp-json\/wp\/v2\/media\/3808"}],"wp:attachment":[{"href":"https:\/\/tecsecmty.com\/index.php\/wp-json\/wp\/v2\/media?parent=3809"}],"wp:term":[{"taxonomy":"product_brand","embeddable":true,"href":"https:\/\/tecsecmty.com\/index.php\/wp-json\/wp\/v2\/product_brand?post=3809"},{"taxonomy":"product_cat","embeddable":true,"href":"https:\/\/tecsecmty.com\/index.php\/wp-json\/wp\/v2\/product_cat?post=3809"},{"taxonomy":"product_tag","embeddable":true,"href":"https:\/\/tecsecmty.com\/index.php\/wp-json\/wp\/v2\/product_tag?post=3809"}],"curies":[{"name":"wp","href":"https:\/\/api.w.org\/{rel}","templated":true}]}}