{"id":3811,"date":"2023-02-23T00:26:03","date_gmt":"2023-02-23T06:26:03","guid":{"rendered":"https:\/\/tecsecmty.com\/index.php\/producto\/bosch-i_iscbpq2w12-detector-de-movimiento-tritech-infrarrojos-pasivo-con-una-cobertura-de-12-x-12m-compatible-con-pan\/"},"modified":"2023-03-22T23:21:22","modified_gmt":"2023-03-23T05:21:22","slug":"bosch-i_iscbpq2w12-detector-de-movimiento-tritech-infrarrojos-pasivo-con-una-cobertura-de-12-x-12m-compatible-con-pan","status":"publish","type":"product","link":"https:\/\/tecsecmty.com\/index.php\/producto\/bosch-i_iscbpq2w12-detector-de-movimiento-tritech-infrarrojos-pasivo-con-una-cobertura-de-12-x-12m-compatible-con-pan\/","title":{"rendered":"BOSCH I_ISCBPQ2W12 &#8211; Detector de movimiento TRITECH \/ Infrarrojos pasivo con una cobertura de 12 x 12M \/ Compatible con pan"},"content":{"rendered":"<div class=\"row aling-items-center padding-bottom-2x\">\n<div class=\"col-lg-12\">\n<h5 class=\"card-title text-center\">ISC-BPQ2-W12 Detector movimiento PIR, 12m<\/h5>\n<p>&nbsp;<\/p>\n<p><img decoding=\"async\" class=\"overview-center-img-web\" src=\"https:\/\/tvc.mx\/media\/94701\/Logoopaginas-oficial-1920x400.png\" alt=\"\" \/><\/p>\n<\/div>\n<\/div>\n<div class=\"row align-items-center padding-bottom-2x\">\n<div class=\"col-md-5\"><img decoding=\"async\" class=\"d-block m-auto img-thumbnail\" src=\"https:\/\/tvc.mx\/media\/94705\/ISC-BPQ2-W12config5.png\" alt=\" \" \/><\/div>\n<div class=\"col-md-7 text-md-left text-center\">\n<h2>Resumen del sistema<\/h2>\n<p class=\"ql-align-justify\">El detector por infrarrojos pasivos (PIR) Quad Blue Line Gen2 (ISC-BPQ2\u2011W12) utiliza dos sensores individuales que funcionan como dos dispositivos PIR en un mismo detector. Cada sensor procesa las se\u00f1ales de forma independiente, por lo que ambos se deben activar para que se genere una se\u00f1al de alarma. Esto mejora la inmunidad ante falsas alarmas en comparaci\u00f3n con un dispositivo por infrarrojos pasivos est\u00e1ndar, ya que se ignoran las fuentes de falsas alarmas como picos de ruido y animales peque\u00f1os. Adem\u00e1s, los detectores Quad ofrecen unos niveles superiores de detecci\u00f3n frente a los detectores PIR est\u00e1ndar o con tecnolog\u00eda dual. Estos detectores son especialmente recomendables para situaciones en las que la instalaci\u00f3n es complicada; por ejemplo, en aquellos casos en los que no se puede garantizar la detecci\u00f3n de intrusos cuando cruzan el patr\u00f3n de detecci\u00f3n, o en los que \u00e9stos pueden cruzarlo muy r\u00e1pidamente.<\/p>\n<h2>Funciones b\u00e1sicas<\/h2>\n<p><strong>Procesamiento First Step (FSP)<\/strong><\/p>\n<p>El procesamiento First Step (FSP) responde de forma casi instant\u00e1nea ante objetivos humanos sin emitir falsas alarmas desde otras fuentes. El procesamiento FSP ajusta la sensibilidad del detector en funci\u00f3n de la amplitud, la polaridad, la pendiente y la frecuencia de la se\u00f1al. De esta forma, el instalador no necesita ajustar el nivel de sensibilidad, lo que aumenta la facilidad de instalaci\u00f3n y la fiabilidad.<\/p>\n<p><strong>Compensaci\u00f3n din\u00e1mica de temperatura<\/strong><\/p>\n<p>El detector ajusta su sensibilidad de forma inteligente para mantener la capacidad de identificar intrusos humanos a pr\u00e1cticamente cualquier temperatura.<\/p>\n<p><strong>Cobertura de pared a pared<\/strong><\/p>\n<p>Una zona de \u00e1ngulo cero y un alcance de cobertura de 12 x 12 m (40 x 40 pies) brindan cobertura de pared a pared.<\/p>\n<p><strong>Carcasa con autocierre<\/strong><\/p>\n<p>La carcasa con autocierre deslizante cuenta con una burbuja de nivel incorporada y bloques de terminales tipo trampilla, customizados sin espacios que facilitan la instalaci\u00f3n.<\/p>\n<p><strong>\u00d3ptica y sistemas electr\u00f3nicos sellados<\/strong><\/p>\n<p>La \u00f3ptica y los sistemas electr\u00f3nicos est\u00e1n ensamblados en la parte frontal de la carcasa y sellados con una cubierta protectora para evitar da\u00f1os durante la instalaci\u00f3n. La c\u00e1mara \u00f3ptica sellada tambi\u00e9n evita que el detector se vea afect ado por corrientes e insectos.<\/p>\n<p><strong>Caracter\u00edsticas de prueba<\/strong><\/p>\n<p>El LED de alarma visible desde el exterior se puede desactivar tras la instalaci\u00f3n.<\/p>\n<\/div>\n<\/div>\n","protected":false},"excerpt":{"rendered":"<p>ISC-BPQ2-W12 Detector movimiento PIR, 12m &nbsp; Resumen del sistema El detector por infrarrojos pasivos (PIR) Quad Blue Line Gen2 (ISC-BPQ2\u2011W12) utiliza dos sensores individuales que funcionan como dos dispositivos PIR en un mismo detector. Cada sensor procesa las se\u00f1ales de forma independiente, por lo que&hellip;<\/p>\n","protected":false},"featured_media":3810,"comment_status":"open","ping_status":"closed","template":"","meta":{"om_disable_all_campaigns":false,"_monsterinsights_skip_tracking":false,"_monsterinsights_sitenote_active":false,"_monsterinsights_sitenote_note":"","_monsterinsights_sitenote_category":0},"product_brand":[],"product_cat":[281],"product_tag":[212,211,151],"class_list":{"0":"post-3811","1":"product","2":"type-product","3":"status-publish","4":"has-post-thumbnail","6":"product_cat-sensores-de-alarma-alarmas-bosch","7":"product_tag-alarmas","8":"product_tag-alarmas-e-intrusion","9":"product_tag-seguridad","11":"first","12":"instock","13":"sale","14":"taxable","15":"shipping-taxable","16":"purchasable","17":"product-type-simple"},"aioseo_notices":[],"_links":{"self":[{"href":"https:\/\/tecsecmty.com\/index.php\/wp-json\/wp\/v2\/product\/3811","targetHints":{"allow":["GET"]}}],"collection":[{"href":"https:\/\/tecsecmty.com\/index.php\/wp-json\/wp\/v2\/product"}],"about":[{"href":"https:\/\/tecsecmty.com\/index.php\/wp-json\/wp\/v2\/types\/product"}],"replies":[{"embeddable":true,"href":"https:\/\/tecsecmty.com\/index.php\/wp-json\/wp\/v2\/comments?post=3811"}],"version-history":[{"count":0,"href":"https:\/\/tecsecmty.com\/index.php\/wp-json\/wp\/v2\/product\/3811\/revisions"}],"wp:featuredmedia":[{"embeddable":true,"href":"https:\/\/tecsecmty.com\/index.php\/wp-json\/wp\/v2\/media\/3810"}],"wp:attachment":[{"href":"https:\/\/tecsecmty.com\/index.php\/wp-json\/wp\/v2\/media?parent=3811"}],"wp:term":[{"taxonomy":"product_brand","embeddable":true,"href":"https:\/\/tecsecmty.com\/index.php\/wp-json\/wp\/v2\/product_brand?post=3811"},{"taxonomy":"product_cat","embeddable":true,"href":"https:\/\/tecsecmty.com\/index.php\/wp-json\/wp\/v2\/product_cat?post=3811"},{"taxonomy":"product_tag","embeddable":true,"href":"https:\/\/tecsecmty.com\/index.php\/wp-json\/wp\/v2\/product_tag?post=3811"}],"curies":[{"name":"wp","href":"https:\/\/api.w.org\/{rel}","templated":true}]}}