{"id":3817,"date":"2023-02-23T00:26:10","date_gmt":"2023-02-23T06:26:10","guid":{"rendered":"https:\/\/tecsecmty.com\/index.php\/producto\/bosch-i_iscfpb1w60qf-barrera-de-infrarrojos-de-haz-cuadruple-photebeam-60-mts-exterior-120-metros-interior\/"},"modified":"2023-03-22T23:21:23","modified_gmt":"2023-03-23T05:21:23","slug":"bosch-i_iscfpb1w60qf-barrera-de-infrarrojos-de-haz-cuadruple-photebeam-60-mts-exterior-120-metros-interior","status":"publish","type":"product","link":"https:\/\/tecsecmty.com\/index.php\/producto\/bosch-i_iscfpb1w60qf-barrera-de-infrarrojos-de-haz-cuadruple-photebeam-60-mts-exterior-120-metros-interior\/","title":{"rendered":"BOSCH I_ISCFPB1W60QF- BARRERA DE INFRARROJOS DE HAZ CUADRUPLE\/ PHOTEBEAM\/ 60 MTS EXTERIOR\/ 120 METROS INTERIOR"},"content":{"rendered":"<h5 class=\"card-title text-center\">Barrera de infrarrojos ISC-FPB1-W60QS<\/h5>\n<p class=\"ql-align-justify\"><strong>Photobeam 5000 Series consta del haz quad monocanal ISC-FPB1-W60QS, ISC-FPB1-W120QS, ISC- -FPB1-W200QS y el haz quad de cuatro canales ISC- -FPB1-W60QF, ISC-FPB1-W120QF y ISC-FPB1-W200QF barreras con transmisores y receptores independientes.<\/strong><\/p>\n<p class=\"ql-align-justify\">La serie de barreras utiliza cuatro haces infrarrojos de impulsos que han sido dise\u00f1ados para activar una alarma solo cuando est\u00e1n interrumpidos simult\u00e1neamente los cuatro haces. La inmunidad contra falsas alarmas se incrementa mediante la utilizaci\u00f3n de cuatro haces en comparaci\u00f3n con modelos de haz simple o doble. La serie de barreras tambi\u00e9n presenta haces superiores e inferiores interbloqueados, un LED de se\u00f1alizaci\u00f3n de tensi\u00f3n y un circuito de discriminaci\u00f3n ambiental opcional.<\/p>\n<p class=\"ql-align-justify\"><strong>Resumen del sistema<\/strong><\/p>\n<p class=\"ql-align-justify\">Consiste en un transmisor y un receptor separados entre s\u00ed y se ha dise\u00f1ado para activar una alarma cada vez que el haz emitido es interrumpido por el paso de un intruso.<\/p>\n<p class=\"ql-align-justify\"><strong>Funciones b\u00e1sicas<\/strong><\/p>\n<p class=\"ql-align-justify\"><strong>Caracter\u00edsticas de montaje<\/strong><\/p>\n<p class=\"ql-align-justify\">Montar e instalar la barrera es ahora m\u00e1s f\u00e1cil que nunca. Inst\u00e1lela gracias a los orificios de montaje f\u00e1ciles de usar que proporcionan un mayor tama\u00f1o del punto de acceso que permite usar conjuntos de varios cables o cables individuales de diferentes tama\u00f1os. Las ubicaciones de los tornillos eliminan la necesidad de agacharse durante la instalaci\u00f3n.<\/p>\n<p class=\"ql-align-justify\"><strong>Funcionamiento de canales m\u00faltiples (solo para modelos de cuatro canales)<\/strong><\/p>\n<p class=\"ql-align-justify\">Configure las barreras para un m\u00e1ximo de cuatro canales distintos. Esto permite el uso de m\u00faltiples unidades colocadas cerca unas de otras sin que se generen interferencias en el receptor. Esto es particularmente \u00fatil cuando se instalan m\u00faltiples juegos de haces.<\/p>\n<p class=\"ql-align-justify\"><strong>Modo de alta densidad (solo para modelos de cuatro canales)<\/strong><\/p>\n<p class=\"ql-align-justify\">El modo de alta densidad permite agregar zonas de protecci\u00f3n adicionales para detectar objetos m\u00e1s grandes que solo interrumpen parcialmente los haces de dispositivos individuales. Esta funci\u00f3n permite la generaci\u00f3n de un estado de alarma si se interrumpen dos haces en dispositivos adyacentes, pero no los cuatro haces en un dispositivo.<\/p>\n<p class=\"ql-align-justify\"><strong>Modo de Y\/O controlable (solo para modelos de cuatro canales)<\/strong><\/p>\n<p class=\"ql-align-justify\">Esta funci\u00f3n permite un nivel de detecci\u00f3n superior generando una alarma al bloquearse simult\u00e1neamente cuatro haces de dos unidades. Las condiciones ambientales requieren una mayor tolerancia a falsas alarmas frente al pase de objetos m\u00e1s peque\u00f1os por la l\u00ednea de visi\u00f3n de la barrera. Para ello, establezca la opci\u00f3n de Y\/O controlable en modo de Y controlable que solo da lugar a un estado de alarma si los cuatro haces infrarrojos se interrumpen de forma simult\u00e1nea. Las aplicaciones de alta seguridad podr\u00edan requerir la detecci\u00f3n del pase de objetos m\u00e1s peque\u00f1os por la l\u00ednea de visi\u00f3n de la barrera. Para ello, establezca la opci\u00f3n de Y\/O controlable en modo de O controlable que da lugar a un estado de alarma si se interrumpen los dos haces superiores o los dos inferiores.<\/p>\n<p class=\"ql-align-justify\"><strong>Funciones de protecci\u00f3n ante polvo\/insectos<\/strong><\/p>\n<p class=\"ql-align-justify\">La junta de espuma incluida garantiza que la barrera est\u00e9 protegida frente a insectos y otros elementos ambientales como las fluctuaciones de temperatura y humedad. El dise\u00f1o mejorado de la cubierta incluye canales para evitar que el agua y los residuos se acumulen delante de los componentes de la lente y evita tener que usar otras soluciones de protecci\u00f3n medioambiental.<\/p>\n<p class=\"ql-align-justify\"><strong>Circuito de discriminaci\u00f3n ambiental<\/strong><\/p>\n<p class=\"ql-align-justify\">Controla las p\u00e9rdidas graduales de se\u00f1al provocadas por polvo, niebla, lluvia y nieve. La salida normalmente cerrada se abre cuando la p\u00e9rdida de se\u00f1al alcanza el 90%. Se puede configurar en campo para anular el rel\u00e9 de alarma cuando se dispara.<\/p>\n<p class=\"ql-align-justify\"><strong>Control de la potencia de los haces<\/strong><\/p>\n<p class=\"ql-align-justify\">La salida de alimentaci\u00f3n del transmisor se puede ajustar en campo, permitiendo al usuario eliminar reflejos y cruce de interferencias de otras unidades. Esta funci\u00f3n mejora el nivel de detecci\u00f3n y la inmunidad contra falsas alarmas, y permite una instalaci\u00f3n fiable en la mayor\u00eda de las aplicaciones.<\/p>\n<p class=\"ql-align-justify\"><strong>Caracter\u00edsticas de prueba<\/strong><\/p>\n<p class=\"ql-align-justify\">El LED de nivel de recepci\u00f3n de alta visibilidad mejora la facilidad de instalaci\u00f3n. La velocidad de parpadeo aumenta al mejorar la alineaci\u00f3n de la instalaci\u00f3n. Asimismo, los terminales de salida de tensi\u00f3n permiten una precisi\u00f3n de la alineaci\u00f3n mejorada. La alineaci\u00f3n de m\u00f3dulos \u00f3pticos cambia para permitir un ajuste independiente de dos haces superiores e inferiores.<\/p>\n<p class=\"ql-align-justify\"><strong>Haz modulado doble<\/strong><\/p>\n<p class=\"ql-align-justify\">El haz modulado doble elimina la interferencia de fuentes de ruido externas como, por ejemplo, la luz solar, los faros de un coche, la interferencia el\u00e9ctrica, etc.<\/p>\n<p class=\"ql-align-justify\"><strong>Certificados y homologaciones<\/strong><\/p>\n<p class=\"ql-align-justify\"><strong>Regi\u00f3n<\/strong><\/p>\n<p class=\"ql-align-justify\"><strong>Europa<\/strong><\/p>\n<ul>\n<li class=\"ql-align-justify\">CE EMC, RoHS [ISC-FPB1-W60QF, ISC- -FPB1-W120QF, ISC-FPB1-W200QF with or wihout BH12T heater].<\/li>\n<li class=\"ql-align-justify\">CE EMC, RoHS [ISC-FPB1-W60QS, ISC- -FPB1-W120QS, ISC-FPB1-W200QS with or without BH12T heater].<\/li>\n<\/ul>\n<p class=\"ql-align-justify\"><strong>China<\/strong><\/p>\n<ul>\n<li class=\"ql-align-justify\">CCC 2016031901000033 -W60QS, &#8211; -W120QS, -W200QS.<\/li>\n<\/ul>\n<p class=\"ql-align-justify\"><strong>Nota: Barrera de infrarrojos ISC-FPB1-W60QS<\/strong><\/p>\n<p class=\"ql-align-justify\"><strong>Barrera de infrarrojos de haz quad monocanal dise\u00f1ada para aplicaciones interiores y exteriores. Consiste en un transmisor y un receptor separados entre s\u00ed. Alcance m\u00e1ximo en exteriores de 60 m (196 pies) y alcance m\u00e1ximo en interiores de 120 m (393 pies).<\/strong><\/p>\n<p class=\"ql-align-justify\"><strong>N\u00famero de pedido: ISC-FPB1-W60QS<\/strong><\/p>\n<p class=\"ql-align-justify\"><strong>Principales caracter\u00edsticas<\/strong><\/p>\n<ul>\n<li class=\"ql-align-justify\">Detecci\u00f3n por haz quad.<\/li>\n<li class=\"ql-align-justify\">Circuito de discriminaci\u00f3n ambiental.<\/li>\n<li class=\"ql-align-justify\">Control de la potencia de los haces para reducir las interferencias.<\/li>\n<\/ul>\n<p class=\"ql-align-justify\"><strong>Especificaciones<\/strong><\/p>\n<p class=\"ql-align-justify\"><strong>Barrera fotoel\u00e9ctrica\u00a0<\/strong><\/p>\n<p class=\"ql-align-justify\"><strong>ISC-FPB1-W60QS<\/strong><\/p>\n<ul>\n<li class=\"ql-align-justify\">Distancia m\u00e1xima en interiores: 120 m (393 pies).<\/li>\n<li class=\"ql-align-justify\">Distancia m\u00e1xima en exteriores: 60 m (196 pies).<\/li>\n<\/ul>\n<p class=\"ql-align-justify\"><strong>Medioambientales<\/strong><\/p>\n<ul>\n<li class=\"ql-align-justify\">Temperatura de funcionamiento: De -25 \u00b0C a +60 \u00b0C (de -13 \u00b0F a +140 \u00b0F) (96% o menos).<\/li>\n<li class=\"ql-align-justify\">Humedad\/temperatura de almacenamiento: De -30 \u00b0C a +70 \u00b0C (de -22 \u00b0F a +158 \u00b0F)<\/li>\n<li class=\"ql-align-justify\">Humedad relativa:\u00a0Del 96%.<\/li>\n<li class=\"ql-align-justify\">\u00cdndice IP (interiores): IP66.<\/li>\n<\/ul>\n<p class=\"ql-align-justify\"><strong>Consideraciones para el montaje<\/strong><\/p>\n<ul>\n<li class=\"ql-align-justify\">Ubicaci\u00f3n: Montaje en postes o montaje en superficie<\/li>\n<li class=\"ql-align-justify\">Rango de ajuste horizontal:De \u00b190\u00b0<\/li>\n<li class=\"ql-align-justify\">Rango de ajuste vertical: De \u00b110\u00b0.<\/li>\n<li class=\"ql-align-justify\">Distancia entre lente superior e inferior 245 mm (9,64 pulg.)<\/li>\n<\/ul>\n<p class=\"ql-align-justify\"><strong>Dimensiones<\/strong><\/p>\n<ul>\n<li class=\"ql-align-justify\">Dimensiones: 103 mm x 398 mm x 99 mm (4,05 pulg. x 15,66 pulg. x 3,89 pulg.)<\/li>\n<\/ul>\n<p class=\"ql-align-justify\"><strong>Requisitos de alimentaci\u00f3n ISC-FPB1-W60QS<\/strong><\/p>\n<ul>\n<li class=\"ql-align-justify\">Consumo de corriente: 90 mA.<\/li>\n<li class=\"ql-align-justify\">Tensi\u00f3n De 10,5 V CC a 28 V CC.\n<p class=\"ql-align-justify\"><strong>Salida de alarma\u00a0<\/strong><\/p>\n<ul>\n<li class=\"ql-align-justify\">Rel\u00e9 de tipo C (COM, NC, NO) (contacto en seco).<\/li>\n<li class=\"ql-align-justify\">Duraci\u00f3n \u2013 2 seg.<\/li>\n<li class=\"ql-align-justify\">Capacidad de contacto \u2013 30 V CC, 0,2 A (carga resistiva)<\/li>\n<li class=\"ql-align-justify\">Resistencia \u2013 3,0 \u03a9 o menos.<\/li>\n<\/ul>\n<p class=\"ql-align-justify\"><strong>Salida antisabotaje\u00a0<\/strong><\/p>\n<ul>\n<li class=\"ql-align-justify\">Rel\u00e9 de tipo B, por lo general cerrado (contacto en seco)<\/li>\n<li class=\"ql-align-justify\">Duraci\u00f3n \u2013 Se abre cuando est\u00e1 abierta la cubierta<\/li>\n<li class=\"ql-align-justify\">Capacidad de contacto \u2013 30 V CC, 0,1 A (carga resistiva)<\/li>\n<li class=\"ql-align-justify\">Resistencia &#8211; 3,0 \u03a9 o menos.<\/li>\n<\/ul>\n<p class=\"ql-align-justify\"><strong>Salida de EDC<\/strong><\/p>\n<ul>\n<li class=\"ql-align-justify\">Rel\u00e9 de tipo B, por lo general cerrado (contacto en seco)<\/li>\n<li class=\"ql-align-justify\">Duraci\u00f3n \u2013 Se abre cuando est\u00e1 activo el EDC<\/li>\n<li class=\"ql-align-justify\">Capacidad de contacto &#8211; 30 V CC, 0,2 A (carga resistiva)<\/li>\n<li class=\"ql-align-justify\">Resistencia &#8211; 3,0 \u03a9 o menos<img decoding=\"async\" src=\"https:\/\/tvc.mx\/media\/37569\/Logoopaginas-oficial-1920x400.png\" \/><\/li>\n<\/ul>\n<\/li>\n<\/ul>\n","protected":false},"excerpt":{"rendered":"<p>Barrera de infrarrojos ISC-FPB1-W60QS Photobeam 5000 Series consta del haz quad monocanal ISC-FPB1-W60QS, ISC-FPB1-W120QS, ISC- -FPB1-W200QS y el haz quad de cuatro canales ISC- -FPB1-W60QF, ISC-FPB1-W120QF y ISC-FPB1-W200QF barreras con transmisores y receptores independientes. La serie de barreras utiliza cuatro haces infrarrojos de impulsos que&hellip;<\/p>\n","protected":false},"featured_media":3816,"comment_status":"open","ping_status":"closed","template":"","meta":{"om_disable_all_campaigns":false,"_monsterinsights_skip_tracking":false,"_monsterinsights_sitenote_active":false,"_monsterinsights_sitenote_note":"","_monsterinsights_sitenote_category":0},"product_brand":[],"product_cat":[281],"product_tag":[212,211,151],"class_list":{"0":"post-3817","1":"product","2":"type-product","3":"status-publish","4":"has-post-thumbnail","6":"product_cat-sensores-de-alarma-alarmas-bosch","7":"product_tag-alarmas","8":"product_tag-alarmas-e-intrusion","9":"product_tag-seguridad","11":"first","12":"instock","13":"sale","14":"taxable","15":"shipping-taxable","16":"purchasable","17":"product-type-simple"},"aioseo_notices":[],"_links":{"self":[{"href":"https:\/\/tecsecmty.com\/index.php\/wp-json\/wp\/v2\/product\/3817","targetHints":{"allow":["GET"]}}],"collection":[{"href":"https:\/\/tecsecmty.com\/index.php\/wp-json\/wp\/v2\/product"}],"about":[{"href":"https:\/\/tecsecmty.com\/index.php\/wp-json\/wp\/v2\/types\/product"}],"replies":[{"embeddable":true,"href":"https:\/\/tecsecmty.com\/index.php\/wp-json\/wp\/v2\/comments?post=3817"}],"version-history":[{"count":0,"href":"https:\/\/tecsecmty.com\/index.php\/wp-json\/wp\/v2\/product\/3817\/revisions"}],"wp:featuredmedia":[{"embeddable":true,"href":"https:\/\/tecsecmty.com\/index.php\/wp-json\/wp\/v2\/media\/3816"}],"wp:attachment":[{"href":"https:\/\/tecsecmty.com\/index.php\/wp-json\/wp\/v2\/media?parent=3817"}],"wp:term":[{"taxonomy":"product_brand","embeddable":true,"href":"https:\/\/tecsecmty.com\/index.php\/wp-json\/wp\/v2\/product_brand?post=3817"},{"taxonomy":"product_cat","embeddable":true,"href":"https:\/\/tecsecmty.com\/index.php\/wp-json\/wp\/v2\/product_cat?post=3817"},{"taxonomy":"product_tag","embeddable":true,"href":"https:\/\/tecsecmty.com\/index.php\/wp-json\/wp\/v2\/product_tag?post=3817"}],"curies":[{"name":"wp","href":"https:\/\/api.w.org\/{rel}","templated":true}]}}