{"id":3819,"date":"2023-02-23T00:26:11","date_gmt":"2023-02-23T06:26:11","guid":{"rendered":"https:\/\/tecsecmty.com\/index.php\/producto\/bosch-i_iscpdl1w18g-sensor-con-tecnologia-de-optica-trifocal-cobertura-18-x-25-mts-tritech-compatible-con-bosch-risco-dsc-ihorn\/"},"modified":"2023-03-22T23:21:23","modified_gmt":"2023-03-23T05:21:23","slug":"bosch-i_iscpdl1w18g-sensor-con-tecnologia-de-optica-trifocal-cobertura-18-x-25-mts-tritech-compatible-con-bosch-risco-dsc-ihorn","status":"publish","type":"product","link":"https:\/\/tecsecmty.com\/index.php\/producto\/bosch-i_iscpdl1w18g-sensor-con-tecnologia-de-optica-trifocal-cobertura-18-x-25-mts-tritech-compatible-con-bosch-risco-dsc-ihorn\/","title":{"rendered":"BOSCH I_ISCPDL1W18G &#8211; Sensor con tecnologia de optica TRIFOCAL \/ Cobertura 18 x 25 Mts \/ TRITECH \/ Compatible con BOSCH \/ RISCO \/ DSC \/ IHORN \/"},"content":{"rendered":"<h5 class=\"card-title text-center\">ISCPDL1W18G &#8211; Sensor con tecnologia de optica TRIFOCAL<\/h5>\n<ul>\n<li>Cobertura de 18 m x 25 m (60 pies x 80 pies), campo seleccionable de 8 m x 10 m (25 pies x 33 pies) Tecnolog\u00eda de fusi\u00f3n de datos de los sensores<\/li>\n<li>Tecnolog\u00eda de \u00f3ptica trifocal<\/li>\n<li>Radar de alcance adaptable<\/li>\n<li>Tecnolog\u00eda de detecci\u00f3n de ocultaci\u00f3n y camuflaje (C2DT)<\/li>\n<\/ul>\n<div class=\"row aling-items-center padding-bottom-2x\">\n<div class=\"col-lg-12\"><img decoding=\"async\" class=\"overview-center-img-web\" src=\"https:\/\/tvc.mx\/media\/240575\/BANNER-INTRUSION-%282%29-%281%29-%281%29.png\" alt=\"\" \/><\/div>\n<\/div>\n<div class=\"row align-items-center padding-bottom-2x\">\n<div class=\"col-md-5 order-md-2\"><img decoding=\"async\" class=\"d-block m-auto img-thumbnail\" src=\"https:\/\/tvc.mx\/media\/240579\/RBM018017-BOSCH-I-ISCPDL1W18G-Sensor-con-tecnologia-de-optica-TRIFOCAL-Cobertura-18x25-Mts-TRITECH-Compatible-BOSCH-RISCO-DSC-IHORN.png\" alt=\" \" \/><\/div>\n<div class=\"col-md-7 order-md-1 text-md-left text-center\">\n<h2>Descripci\u00f3n general<\/h2>\n<p class=\"text-muted\">\n<p>Este dispositivo es excepcionalmente adecuado para aplicaciones comerciales en interiores. La tecnolog\u00eda antienmascaramiento MANTIS hace que resulte casi imposible que los intrusos entorpezcan la visi\u00f3n del detector. La tecnolog\u00eda de fusi\u00f3n de datos de los sensores garantiza que los detectores env\u00eden condiciones de alarma basadas en informaci\u00f3n precisa. La tecnolog\u00eda \u00f3ptica trifocal elimina los espacios sin cobertura y responde de forma eficaz contra los intrusos. La potente combinaci\u00f3n de caracter\u00edsticas \u00fanicas de la l\u00ednea Professional Series proporciona un nivel de detecci\u00f3n superior y elimina pr\u00e1cticamente las falsas alarmas. La caja de protecci\u00f3n en dos piezas con autobloqueo, la burbuja de nivel orientable integrada, la altura de montaje flexible y los tres soportes de montaje opcionales simplifican la instalaci\u00f3n y reducen el tiempo de las tareas de mantenimiento.<\/p>\n<\/div>\n<\/div>\n","protected":false},"excerpt":{"rendered":"<p>ISCPDL1W18G &#8211; Sensor con tecnologia de optica TRIFOCAL Cobertura de 18 m x 25 m (60 pies x 80 pies), campo seleccionable de 8 m x 10 m (25 pies x 33 pies) Tecnolog\u00eda de fusi\u00f3n de datos de los sensores Tecnolog\u00eda de \u00f3ptica trifocal&hellip;<\/p>\n","protected":false},"featured_media":3818,"comment_status":"open","ping_status":"closed","template":"","meta":{"om_disable_all_campaigns":false,"_monsterinsights_skip_tracking":false,"_monsterinsights_sitenote_active":false,"_monsterinsights_sitenote_note":"","_monsterinsights_sitenote_category":0},"product_brand":[],"product_cat":[281],"product_tag":[212,211,151],"class_list":{"0":"post-3819","1":"product","2":"type-product","3":"status-publish","4":"has-post-thumbnail","6":"product_cat-sensores-de-alarma-alarmas-bosch","7":"product_tag-alarmas","8":"product_tag-alarmas-e-intrusion","9":"product_tag-seguridad","11":"first","12":"instock","13":"sale","14":"taxable","15":"shipping-taxable","16":"purchasable","17":"product-type-simple"},"aioseo_notices":[],"_links":{"self":[{"href":"https:\/\/tecsecmty.com\/index.php\/wp-json\/wp\/v2\/product\/3819","targetHints":{"allow":["GET"]}}],"collection":[{"href":"https:\/\/tecsecmty.com\/index.php\/wp-json\/wp\/v2\/product"}],"about":[{"href":"https:\/\/tecsecmty.com\/index.php\/wp-json\/wp\/v2\/types\/product"}],"replies":[{"embeddable":true,"href":"https:\/\/tecsecmty.com\/index.php\/wp-json\/wp\/v2\/comments?post=3819"}],"version-history":[{"count":0,"href":"https:\/\/tecsecmty.com\/index.php\/wp-json\/wp\/v2\/product\/3819\/revisions"}],"wp:featuredmedia":[{"embeddable":true,"href":"https:\/\/tecsecmty.com\/index.php\/wp-json\/wp\/v2\/media\/3818"}],"wp:attachment":[{"href":"https:\/\/tecsecmty.com\/index.php\/wp-json\/wp\/v2\/media?parent=3819"}],"wp:term":[{"taxonomy":"product_brand","embeddable":true,"href":"https:\/\/tecsecmty.com\/index.php\/wp-json\/wp\/v2\/product_brand?post=3819"},{"taxonomy":"product_cat","embeddable":true,"href":"https:\/\/tecsecmty.com\/index.php\/wp-json\/wp\/v2\/product_cat?post=3819"},{"taxonomy":"product_tag","embeddable":true,"href":"https:\/\/tecsecmty.com\/index.php\/wp-json\/wp\/v2\/product_tag?post=3819"}],"curies":[{"name":"wp","href":"https:\/\/api.w.org\/{rel}","templated":true}]}}