{"id":3823,"date":"2023-02-23T00:26:14","date_gmt":"2023-02-23T06:26:14","guid":{"rendered":"https:\/\/tecsecmty.com\/index.php\/producto\/bosch-i_iscsk10-sensor-de-impacto-deteccion-de-ataques-mecanicos-isc-sk10\/"},"modified":"2023-03-22T23:21:23","modified_gmt":"2023-03-23T05:21:23","slug":"bosch-i_iscsk10-sensor-de-impacto-deteccion-de-ataques-mecanicos-isc-sk10","status":"publish","type":"product","link":"https:\/\/tecsecmty.com\/index.php\/producto\/bosch-i_iscsk10-sensor-de-impacto-deteccion-de-ataques-mecanicos-isc-sk10\/","title":{"rendered":"BOSCH I_ISCSK10 &#8211; Sensor de impacto \/ Deteccion de ataques mecanicos-ISC-SK10"},"content":{"rendered":"<h5 class=\"card-title text-center\">BOSCH I_ISCSK10 &#8211; Sensor de impacto \/ Deteccion de ataques mecanicos ISC-SK10<\/h5>\n<ul>\n<li>Detecci\u00f3n de vibraci\u00f3n inteligente de 3 ejes<\/li>\n<li>Modo de autoaprendizaje<\/li>\n<li>Indicador LED de dos colores<\/li>\n<li>Sensibilidad ajustable<\/li>\n<li>Dise\u00f1o delgado para una f\u00e1cil instalaci\u00f3n<\/li>\n<\/ul>\n<p><img decoding=\"async\" class=\"overview-center-img-web\" src=\"https:\/\/tvc.mx\/media\/256523\/BANNER-INTRUSION-%282%29-%281%29-%281%29.png\" alt=\"\" \/><\/p>\n<div class=\"col-md-5\"><img decoding=\"async\" class=\"d-block m-auto img-thumbnail\" src=\"https:\/\/tvc.mx\/media\/256543\/BOSCH-I_ISCSK10-Sensor-de-impacto-Deteccion-de-ataques-mecanicos-ISC-SK10-1.png\" alt=\" \" \/><\/div>\n<div class=\"col-md-7 text-md-left text-center\">\n<h2>Descripci\u00f3n general<\/h2>\n<p>El ISC-SK10 es un sensor de impactos avanzado dise\u00f1ado para detectar y supervisar ataques mec\u00e1nicos. Una caracter\u00edstica exclusiva del ISC-SK10 es el modo de autoaprendizaje. Durante la instalaci\u00f3n, el modo de autoaprendizaje utiliza el comportamiento del LED del sensor como gu\u00eda para configurar el nivel de sensibilidad<\/p>\n<div class=\"col-md-5\"><img decoding=\"async\" class=\"d-block m-auto img-thumbnail\" src=\"https:\/\/tvc.mx\/media\/256547\/BOSCH-I_ISCSK10-Sensor-de-impacto-Deteccion-de-ataques-mecanicos-ISC-SK10-2.png\" alt=\" \" \/><\/div>\n<div class=\"col-md-7 text-md-left text-center\">\n<h2>Funciones b\u00e1sicas<\/h2>\n<p><strong>Modo de autoaprendizaje<\/strong><\/p>\n<p>En modo de autoaprendizaje, el sensor registra y analiza datos de vibraci\u00f3n simulados en un intervalo de 3 minutos. Sobre la base de los datos simulados, el sensor proporciona asistencia para configurar un nivel de sensibilidad adecuado para la instalaci\u00f3n.<\/p>\n<p><strong>Sensibilidad ajustable<\/strong><\/p>\n<p>La sensibilidad deseada se consigue seleccionando cualquiera de los cuatro interruptores de nivel de sensibilidad y un ajuste fino de la sensibilidad mediante un potenci\u00f3metro.<\/p>\n<p><strong>Indicador LED de dos colores<\/strong><\/p>\n<p>El LED verde indica la presencia de vibraciones y el LED rojo indica alarmas. En el modo de autoaprendizaje, la configuraci\u00f3n de nivel de sensibilidad recomendada se indica mediante el comportamiento del LED.<\/p>\n<p><strong>Activaci\u00f3n de detecci\u00f3n de perforaci\u00f3n y aserrado<\/strong><\/p>\n<p>Seg\u00fan la instalaci\u00f3n, se puede configurar la sensibilidad para detectar vibraciones debidas a taladros o sierras o cualquier otra similar.<\/p>\n<hr class=\"padding-bottom-2x\" \/>\n<div class=\"row align-items-center padding-bottom-2x\">\n<div class=\"col-md-5 order-md-2\"><\/div>\n<\/div>\n<\/div>\n<\/div>\n","protected":false},"excerpt":{"rendered":"<p>BOSCH I_ISCSK10 &#8211; Sensor de impacto \/ Deteccion de ataques mecanicos ISC-SK10 Detecci\u00f3n de vibraci\u00f3n inteligente de 3 ejes Modo de autoaprendizaje Indicador LED de dos colores Sensibilidad ajustable Dise\u00f1o delgado para una f\u00e1cil instalaci\u00f3n Descripci\u00f3n general El ISC-SK10 es un sensor de impactos avanzado&hellip;<\/p>\n","protected":false},"featured_media":3822,"comment_status":"open","ping_status":"closed","template":"","meta":{"om_disable_all_campaigns":false,"_monsterinsights_skip_tracking":false,"_monsterinsights_sitenote_active":false,"_monsterinsights_sitenote_note":"","_monsterinsights_sitenote_category":0},"product_brand":[],"product_cat":[281],"product_tag":[212,211,151],"class_list":{"0":"post-3823","1":"product","2":"type-product","3":"status-publish","4":"has-post-thumbnail","6":"product_cat-sensores-de-alarma-alarmas-bosch","7":"product_tag-alarmas","8":"product_tag-alarmas-e-intrusion","9":"product_tag-seguridad","11":"first","12":"instock","13":"sale","14":"taxable","15":"shipping-taxable","16":"purchasable","17":"product-type-simple"},"aioseo_notices":[],"_links":{"self":[{"href":"https:\/\/tecsecmty.com\/index.php\/wp-json\/wp\/v2\/product\/3823","targetHints":{"allow":["GET"]}}],"collection":[{"href":"https:\/\/tecsecmty.com\/index.php\/wp-json\/wp\/v2\/product"}],"about":[{"href":"https:\/\/tecsecmty.com\/index.php\/wp-json\/wp\/v2\/types\/product"}],"replies":[{"embeddable":true,"href":"https:\/\/tecsecmty.com\/index.php\/wp-json\/wp\/v2\/comments?post=3823"}],"version-history":[{"count":0,"href":"https:\/\/tecsecmty.com\/index.php\/wp-json\/wp\/v2\/product\/3823\/revisions"}],"wp:featuredmedia":[{"embeddable":true,"href":"https:\/\/tecsecmty.com\/index.php\/wp-json\/wp\/v2\/media\/3822"}],"wp:attachment":[{"href":"https:\/\/tecsecmty.com\/index.php\/wp-json\/wp\/v2\/media?parent=3823"}],"wp:term":[{"taxonomy":"product_brand","embeddable":true,"href":"https:\/\/tecsecmty.com\/index.php\/wp-json\/wp\/v2\/product_brand?post=3823"},{"taxonomy":"product_cat","embeddable":true,"href":"https:\/\/tecsecmty.com\/index.php\/wp-json\/wp\/v2\/product_cat?post=3823"},{"taxonomy":"product_tag","embeddable":true,"href":"https:\/\/tecsecmty.com\/index.php\/wp-json\/wp\/v2\/product_tag?post=3823"}],"curies":[{"name":"wp","href":"https:\/\/api.w.org\/{rel}","templated":true}]}}